{"id":9678,"date":"2024-03-06T17:06:01","date_gmt":"2024-03-06T09:06:01","guid":{"rendered":"https:\/\/dealpify.com\/?post_type=product&#038;p=9678"},"modified":"2025-06-18T17:12:30","modified_gmt":"2025-06-18T09:12:30","slug":"ein-unternehmen-mit-einer-million-mitarbeitern-grunden","status":"publish","type":"product","link":"https:\/\/dealpify.com\/de\/product\/ein-unternehmen-mit-einer-million-mitarbeitern-grunden\/","title":{"rendered":"Schaffen Sie ein Millionengesch\u00e4ft: 4 Tools zur Automatisierung Ihres Imperiums"},"content":{"rendered":"<h4><span style=\"font-family: helvetica, arial, sans-serif;\"><strong><br \/>\n<\/strong><span style=\"font-size: 14pt;\"><strong>Hey, zuk\u00fcnftiger CEO eines Millionenunternehmens! \ud83d\udc4b<\/strong><\/span><\/span><\/h4>\n<p><span style=\"font-family: helvetica, arial, sans-serif;\">Vergessen wir die Motivationsfloskeln und reden wir \u00fcber das Wesentliche. Sie lesen das hier, weil:<\/span><\/p>\n<ul>\n<li><span style=\"font-family: helvetica, arial, sans-serif;\"><strong>Funnel-Strategien<\/strong>\u00a0Lust, IKEA-M\u00f6bel zusammenzubauen\u00a0<em>ohne Anleitung<\/em>\u2014frustrierend und sinnlos.<\/span><\/li>\n<li><span style=\"font-family: helvetica, arial, sans-serif;\"><strong>\u201cGurus\u201d<\/strong>\u00a0Sie verkaufen weiterhin $2000-Kurse, die Ihnen Fachjargon statt Ergebnisse liefern.<\/span><\/li>\n<li><span style=\"font-family: helvetica, arial, sans-serif;\">Du bist\u00a0<strong>ein schlechter Tag<\/strong> Ich werde nicht aufgeben, weil sich das Erklimmen anf\u00fchlt, als w\u00fcrde man einen Felsbrocken in Flip-Flops einen Berg hinaufschieben.<\/span><\/li>\n<\/ul>\n<p><span style=\"font-family: helvetica, arial, sans-serif;\">Ich bin\u00a0<strong>Sean Mize<\/strong>. Kein aalglatter \u201cExperte\u201d mit Lamborghini-Fingerabdruck \u2013 nur ein ganz normaler Typ, der sich umentwickelt hat. <strong><span class=\"katex\"><span class=\"katex-html\" aria-hidden=\"true\"><span class=\"base\"><span class=\"mord\">125\/<\/span><span class=\"mord mathnormal\">m<\/span><span class=\"mord mathnormal\">o<\/span><span class=\"mord mathnormal\">n<\/span><span class=\"mord mathnormal\">t<\/span><span class=\"mord mathnormal\">h <\/span><\/span><span class=\"base\"><span class=\"mord mathnormal\">In<\/span><span class=\"mord mathnormal\">t<\/span><span class=\"mord mathnormal\">o <\/span><\/span><\/span><\/span>40.000\/Monat<\/strong>\u00a0von\u00a0<em>ignorieren<\/em>\u00a0jede \u201cRegel\u201d, die der Marketingkult predigt.<\/span><\/p>\n<h4><span style=\"font-family: helvetica, arial, sans-serif;\"><strong><br \/>\nWarum das funktioniert, wenn <em>Alles<\/em>\u00a0Andernfalls fehlgeschlagen<\/strong><\/span><\/h4>\n<p><span style=\"font-family: helvetica, arial, sans-serif;\">Traditionelle Gesch\u00e4ftsmodelle sind gescheitert. Sie lehren dich, auszuquetschen\u00a0<strong>$1,000<\/strong>\u00a0aus\u00a0<strong>100 Personen<\/strong>\u00a0mit aggressiven Zusatzverk\u00e4ufen, unlauteren Methoden und zerm\u00fcrbenden Arbeitszeiten. Aber was w\u00e4re, wenn Sie das \u00e4ndern k\u00f6nnten?<\/span><\/p>\n<p><span style=\"font-family: helvetica, arial, sans-serif;\"><strong>Stellen Sie sich stattdessen Folgendes vor:<\/strong><\/span><\/p>\n<ul>\n<li><span style=\"font-family: helvetica, arial, sans-serif;\">Verdienen\u00a0<strong>$1<\/strong>\u00a0aus\u00a0<strong>1.000.000 Menschen<\/strong>\u2014<em>m\u00fchelos<\/em>.<\/span><\/li>\n<li><span style=\"font-family: helvetica, arial, sans-serif;\">Bauen Sie ein wachsendes Unternehmen auf.\u00a0<em>w\u00e4hrend<\/em>\u00a0Du schl\u00e4fst, reist oder spielst mit deinen Kindern.<\/span><\/li>\n<li><span style=\"font-family: helvetica, arial, sans-serif;\">Werde der\u00a0<strong>\u201cWalmart\u201d Ihrer Nische<\/strong>\u2014dominierend durch\u00a0<em>Volumen<\/em>, keine oberfl\u00e4chlichen Kennzahlen.<\/span><\/li>\n<\/ul>\n<h4><span style=\"font-family: helvetica, arial, sans-serif;\">\ud83d\udca1\u00a0<strong>Fallstudie: Meine \u201cArtikelw\u00e4chter\u201d-Revolution (1 TP4T1\/Monat)<\/strong><\/span><\/h4>\n<ul>\n<li><span style=\"font-family: helvetica, arial, sans-serif;\"><strong>Problem:<\/strong> Blogger (wie ich) haben Jahre damit verschwendet, 25.000 Artikel zu schreiben\u2026 nur um dann mitansehen zu m\u00fcssen, wie sie von Web-Scrapern gestohlen werden.<\/span><\/li>\n<li><span style=\"font-family: helvetica, arial, sans-serif;\"><strong>L\u00f6sung:<\/strong>\u00a0A\u00a0<strong>$1\/Monat-Service<\/strong>\u00a0Das blockiert automatisch Content-Diebe (die Entwicklung dauerte 3 Stunden).<\/span><\/li>\n<li><span style=\"font-family: helvetica, arial, sans-serif;\"><strong>Ergebnis:<\/strong>\u00a0<strong>14.000 Abonnenten<\/strong> in 6 Monaten\u2192\u00a0<strong>$14k\/Monat<\/strong> auf Autopilot. <em>Null<\/em> Kundenanrufe. <em>Null<\/em>\u00a0Anzeigen.<\/span><\/li>\n<\/ul>\n<p><span style=\"font-family: helvetica, arial, sans-serif;\"><strong>Das Geheimnis?<\/strong>\u00a0Ich h\u00f6rte auf, dem \u201chochpreisigen\u201d Gesch\u00e4ft hinterherzujagen und konzentrierte mich stattdessen auf das\u00a0<strong>Macht des Kleinen<\/strong>.<\/span><\/p>\n<h4><span style=\"font-family: helvetica, arial, sans-serif;\"><strong><br \/>\nIhr 5-Schritte-Plan zur Weltherrschaft \u00fcber Millionen von Menschen<\/strong><\/span><\/h4>\n<p><span style=\"font-family: helvetica, arial, sans-serif;\">Das ist keine Theorie \u2013 das ist die Realit\u00e4t.\u00a0<em>genau<\/em>\u00a0Strategie, die ich nutzte, um mein Einkommen zu ersetzen\u00a0<strong>15 Stunden\/Woche<\/strong>.<\/span><\/p>\n<h4><span style=\"font-family: helvetica, arial, sans-serif; font-size: 11.80pt;\">1\ufe0f\u20e3\u00a0<strong>Finde den \u201cJuckreiz\u201d (Werkzeuge inklusive)<\/strong><\/span><\/h4>\n<p><span style=\"font-family: helvetica, arial, sans-serif;\">Nutze mein\u00a0<strong>\u201cGrind vs. Glory\u201d-Rahmenwerk<\/strong>\u00a0um unterversorgte M\u00e4rkte aufzusp\u00fcren.<\/span><br \/>\n<span style=\"font-family: helvetica, arial, sans-serif;\"><strong>Beispiel:<\/strong>\u00a0Ein Hausmann entdeckte\u00a0<strong>350.000 Wohnmobilbesitzer<\/strong> verzweifelt nach dem <span class=\"katex\"><span class=\"katex-html\" aria-hidden=\"true\"><span class=\"base\"><span class=\"mord\">5-<\/span><span class=\"mord mathnormal\">m<\/span><span class=\"mord mathnormal\">o<\/span><span class=\"mord mathnormal\">n<\/span><span class=\"mord mathnormal\">t<\/span><span class=\"mord mathnormal\">h <\/span><span class=\"mord\">\u201c<\/span><span class=\"mord mathnormal\">D<\/span><span class=\"mord mathnormal\">u<\/span><span class=\"mord mathnormal\">m<\/span><span class=\"mord mathnormal\">p St<\/span><span class=\"mord mathnormal\">a<\/span><span class=\"mord mathnormal\">t<\/span><span class=\"mord mathnormal\">i<\/span><span class=\"mord mathnormal\">o<\/span><span class=\"mord mathnormal\">n <\/span><span class=\"mord mathnormal\">F<\/span><span class=\"mord mathnormal\">In<\/span><span class=\"mord mathnormal\">d<\/span><span class=\"mord mathnormal\">er<\/span><span class=\"mord\">\u201d <\/span><span class=\"mord mathnormal\">a<\/span><span class=\"mord mathnormal\">S.<\/span><span class=\"mord\">. <\/span><span class=\"mord mathnormal\">N<\/span><span class=\"mord mathnormal\">o<\/span><span class=\"mord mathnormal\">w <\/span><span class=\"mord mathnormal\">h<\/span><span class=\"mord mathnormal\">ee<\/span><span class=\"mord mathnormal\">a<\/span><span class=\"mord mathnormal\">r<\/span><span class=\"mord mathnormal\">n<\/span><span class=\"mord mathnormal\">s <\/span><\/span><\/span><\/span>17.000 Pfund pro Monat f\u00fcr die Anweisung von Rentnern, Badezimmer zu reinigen.<\/span><\/p>\n<h4><span style=\"font-family: helvetica, arial, sans-serif; font-size: 11.80pt;\">2\ufe0f\u20e3\u00a0<strong>Preis f\u00fcr\u00a0<em>Viralit\u00e4t<\/em><\/strong><\/span><\/h4>\n<p><span style=\"font-family: helvetica, arial, sans-serif;\">Warum\u00a0<strong><span class=\"katex\"><span class=\"katex-html\" aria-hidden=\"true\"><span class=\"base\"><span class=\"mord\">1<\/span><span class=\"mord\">\u2212<\/span><\/span><\/span><\/span>10\/Monat<\/strong>\u00a0Schl\u00e4gt $97-Produkte jedes Mal:<\/span><\/p>\n<ul>\n<li><span style=\"font-family: helvetica, arial, sans-serif;\"><strong>Psychologie-Hack:<\/strong>\u00a0Kunden f\u00fchlen\u00a0<em>keine Schuldgef\u00fchle<\/em>\u00a0Melden Sie sich an (es ist g\u00fcnstiger als Netflix!).<\/span><\/li>\n<li><span style=\"font-family: helvetica, arial, sans-serif;\"><strong>Automatische Verl\u00e4ngerungsmagie:<\/strong>\u00a092% bleiben mindestens 12 Monate lang verf\u00fcgbar\u00a0<em>ohne<\/em>\u00a0Erinnerungen.<\/span><\/li>\n<li><span style=\"font-family: helvetica, arial, sans-serif;\"><strong>Virales Material:<\/strong>\u00a0Nutzer empfehlen das Angebot gerne ihren Freunden weiter, weil es einfach \u201cnur $1\u201d ist!\u201d<\/span><\/li>\n<\/ul>\n<h4><span style=\"font-family: helvetica, arial, sans-serif; font-size: 11.80pt;\">3\ufe0f\u20e3\u00a0<strong>Automatisiertes Liefersystem<\/strong><\/span><\/h4>\n<p><span style=\"font-family: helvetica, arial, sans-serif;\">3 No-Code-Tools, die ich zur Bearbeitung verwende\u00a0<strong>Mehr als 10.000 Nutzer<\/strong>\u00a0(<em>NEIN<\/em>\u00a0Erforderliche technische Kenntnisse:<\/span><\/p>\n<ul>\n<li><span style=\"font-family: helvetica, arial, sans-serif;\"><strong>Werkzeug #1: Sofort<\/strong>\u00a0Zahlungs- und Mitgliederportal (Einrichtung in 11 Minuten).<\/span><\/li>\n<li><span style=\"font-family: helvetica, arial, sans-serif;\"><strong>Werkzeug #2:<\/strong>\u00a0KI-Chatbot, der 80% Supportfragen beantwortet.<\/span><\/li>\n<li><span style=\"font-family: helvetica, arial, sans-serif;\"><strong>Werkzeug #3:<\/strong>\u00a0\u201cEinmal einrichten und vergessen\u201d-Inhaltsbereitstellungssystem (funktioniert mit E-Mail\/SMS\/WhatsApp).<\/span><\/li>\n<\/ul>\n<h4><span style=\"font-family: helvetica, arial, sans-serif; font-size: 11.80pt;\">4\ufe0f\u20e3\u00a0<strong>Anti-Churn-Ma\u00dfnahmen<\/strong><\/span><\/h4>\n<p><span style=\"font-family: helvetica, arial, sans-serif;\">Halte meine Abonnenten mit meinen\u00a0<strong>\u201cFormel f\u00fcr \u201dtr\u00e4ges Engagement\u201c<\/strong>:<\/span><\/p>\n<ul>\n<li><span style=\"font-family: helvetica, arial, sans-serif;\">W\u00f6chentliche \u201cErfolgs\u201d-E-Mails, die die Wirkung ihrer $1-Projekte aufzeigen (<em>\u201cSie haben gerade einen Regenwaldbaum finanziert!\u201d<\/em>).<\/span><\/li>\n<li><span style=\"font-family: helvetica, arial, sans-serif;\">\u00dcberraschende \u201cBonus\u201d-Monate f\u00fcr das Teilen in sozialen Medien.<\/span><\/li>\n<li><span style=\"font-family: helvetica, arial, sans-serif;\"><strong>Null<\/strong>\u00a0Zusatzverk\u00e4ufe.\u00a0<strong>Null<\/strong>\u00a0komplizierte Funktionen.<\/span><\/li>\n<\/ul>\n<h4><span style=\"font-family: helvetica, arial, sans-serif; font-size: 11.80pt;\">5\ufe0f\u20e3\u00a0<strong>Skalieren mit Bots<\/strong><\/span><\/h4>\n<p><span style=\"font-family: helvetica, arial, sans-serif;\">Mein Geheimnis\u00a0<strong>Telegram-\/WhatsApp-Integration<\/strong>\u00a0verwandelt Kunden in kostenlose Vertriebsteams:<\/span><\/p>\n<ul>\n<li><span style=\"font-family: helvetica, arial, sans-serif;\">Nutzer erhalten automatisch Pr\u00e4mien f\u00fcr Weiterempfehlungen.<\/span><\/li>\n<li><span style=\"font-family: helvetica, arial, sans-serif;\">Bots \u00fcbernehmen 100% der Einarbeitung und Fehlerbehebung.<\/span><\/li>\n<li><span style=\"font-family: helvetica, arial, sans-serif;\"><strong>Beispiel:<\/strong>\u00a0Eine vegane B\u00e4ckerin hat ihren Rezeptclub vergr\u00f6\u00dfert.\u00a0<strong>22.000 Nutzer<\/strong>\u00a0w\u00e4hrend einer Rucksackreise durch Thailand.<\/span><\/li>\n<\/ul>\n<h4><span style=\"font-family: helvetica, arial, sans-serif;\"><strong><br \/>\nMal ehrlich: Das ist nichts f\u00fcr Leute, die schnell reich werden wollen.<\/strong><\/span><\/h4>\n<p><span style=\"font-family: helvetica, arial, sans-serif; font-size: 11.80pt;\">\u26a0\ufe0f\u00a0<strong>Vermeiden Sie dies, wenn:<\/strong><\/span><\/p>\n<ul>\n<li><span style=\"font-family: helvetica, arial, sans-serif;\">Du willst\u00a0<strong>Lambo-Geld bis Dienstag<\/strong>.<\/span><\/li>\n<li><span style=\"font-family: helvetica, arial, sans-serif;\">Du w\u00fcrdest lieber verkaufen\u00a0<strong>$997 Masterminds<\/strong> an egozentrische \u201cUnternehmer\u201d.\u201d<\/span><\/li>\n<li><span style=\"font-family: helvetica, arial, sans-serif;\"><strong>\u201cPassives Einkommen\u201d<\/strong>\u00a0Das klingt f\u00fcr Sie nach Betrug.<\/span><\/li>\n<\/ul>\n<p><span style=\"font-family: helvetica, arial, sans-serif; font-size: 11.80pt;\"><strong>Aber wenn Sie\u2026<\/strong><\/span><\/p>\n<ul>\n<li><span style=\"font-family: helvetica, arial, sans-serif;\">Ich sehne mich nach einem Unternehmen, das\u00a0<strong>l\u00e4uft selbst<\/strong> w\u00e4hrend du Machu Picchu wanderst oder die Little League trainierst.<\/span><\/li>\n<li><span style=\"font-family: helvetica, arial, sans-serif;\">Verstehen <strong><span class=\"katex\"><span class=\"katex-html\" aria-hidden=\"true\"><span class=\"base\"><span class=\"mord\">10<\/span><span class=\"mord mathnormal\">k<\/span><span class=\"mord\">\/<\/span><span class=\"mord mathnormal\">m<\/span><span class=\"mord mathnormal\">o<\/span><span class=\"mord mathnormal\">n<\/span><span class=\"mord mathnormal\">t<\/span><span class=\"mord mathnormal\">h <\/span><span class=\"mord mathnormal\">f<\/span><span class=\"mord mathnormal\">oder <\/span><span class=\"mord mathnormal\">l<\/span><span class=\"mord mathnormal\">i<\/span><span class=\"mord mathnormal\">f<\/span><span class=\"mord mathnormal\">e <\/span><\/span><span class=\"base\"><span class=\"mord mathnormal\">b<\/span><span class=\"mord mathnormal\">e<\/span><span class=\"mord mathnormal\">a<\/span><span class=\"mord mathnormal\">t<\/span><span class=\"mord mathnormal\">s <\/span><\/span><\/span><\/span>100.000 einmalig\u2026<\/strong><\/span><\/li>\n<li><span style=\"font-family: helvetica, arial, sans-serif;\">Bist du bereit f\u00fcr <strong>Gr\u00f6\u00dfer denken<\/strong> als Guru-Mathe?<\/span><\/li>\n<\/ul>\n<h4><span style=\"font-family: helvetica, arial, sans-serif;\"><strong><br \/>\nErfolgsgeschichte: Sarah J., alleinerziehende Mutter aus Ohio<\/strong><\/span><\/h4>\n<p><span style=\"font-family: helvetica, arial, sans-serif;\"><em>\u201cIch habe Seans Tool \u2018Millionen-Personen-Audit\u2019 verwendet und Folgendes festgestellt:\u00a0<strong>480.000 Katzenbesitzer<\/strong> gestresst wegen des Geruchs der Katzentoilette. Startete ein <strong><span class=\"katex\"><span class=\"katex-mathml\">3-monatiger SMS-Erinnerungsdienst f\u00fcr die Katzentoilette \u2013 jetzt 8.400 zahlende Nutzer <\/span><span class=\"katex-html\" aria-hidden=\"true\"><span class=\"base\"><span class=\"mrel\">= <\/span><\/span><\/span><\/span>25.000\/Monat<\/strong>. Meine Kinder sehen mich endlich bei Fu\u00dfballspielen \u2013 und ich arbeite\u00a0<strong>4 Stunden pro Woche<\/strong>!\u201d<\/em><\/span><\/p>\n<h4><span style=\"font-family: helvetica, arial, sans-serif;\"><strong><br \/>\nJetzt sind Sie an der Reihe zu gewinnen<\/strong><\/span><\/h4>\n<p><span style=\"font-family: helvetica, arial, sans-serif;\">Innen\u00a0<strong>Schaffen Sie ein Unternehmen mit einer Million Mitarbeitern<\/strong>, Sie erhalten:<\/span><\/p>\n<ul>\n<li><span style=\"font-family: helvetica, arial, sans-serif;\"><strong>Aufzeichnungen von Live-Schulungen:<\/strong>\u00a0Schau mir beim Bauen zu\u00a0<strong>neues Millionen-Personen-Unternehmen<\/strong>\u00a0von Grund auf (du wirst jede Taktik stehlen).<\/span><\/li>\n<li><span style=\"font-family: helvetica, arial, sans-serif;\"><strong>Fehlerfreie Checklisten:<\/strong>\u00a0Vermeide mich\u00a0<strong>$217k in fehlgeschlagenen Experimenten<\/strong>\u00a0(erspart jahrelanges Ausprobieren).<\/span><\/li>\n<li><span style=\"font-family: helvetica, arial, sans-serif;\"><strong>Preisrechner (f\u00fcr Sie vorbereitet): <\/strong>Finde deine Nische \u2192 siehe\u00a0<em>genau<\/em>\u00a0wie man trifft\u00a0<strong>$10k\/Monat<\/strong>.<\/span><\/li>\n<\/ul>\n<p><span style=\"font-family: helvetica, arial, sans-serif;\"><strong>Limitierter Bonus: Der Tech-Stack f\u00fcr den \u201cLazy CEO\u201d<\/strong><\/span><\/p>\n<ul>\n<li><span style=\"font-family: helvetica, arial, sans-serif;\"><strong>7 Werkzeuge<\/strong>\u00a0Ich habe fr\u00fcher verwaltet\u00a0<strong>60.000 Nutzer<\/strong>\u00a0In\u00a0<strong>15 Stunden\/Woche<\/strong>\u00a0(kostenlose Demos inklusive).<\/span><\/li>\n<li><span style=\"font-family: helvetica, arial, sans-serif;\"><strong>Kostenloser Zugang<\/strong>\u00a0an meine \u201cAuto-Scale\u201d-Discord-Community \u2013 ein Netzwerk mit \u00fcber 2.300 CEOs, die auf die gleiche Weise skalieren.<\/span><\/li>\n<\/ul>\n<h4><span style=\"font-family: helvetica, arial, sans-serif;\"><strong><br \/>\nGef\u00e4llt dir das? Teile es!<\/strong><\/span><\/h4>\n<p><span style=\"font-family: helvetica, arial, sans-serif;\"><strong>\u201cBehaltet bahnbrechende Ideen nicht f\u00fcr euch \u2013 klickt auf ein beliebiges Social-Media-Symbol unten, um die Revolution, die Millionen von Menschen erreichen soll, zu verbreiten!\u201c<\/strong><\/span><br \/>\n<span style=\"font-family: helvetica, arial, sans-serif;\"><strong>#BusinessFreedom | #MillionPersonBewegung | #PassiveEmpires<\/strong><\/span><\/p>\n<p>&nbsp;<\/p>","protected":false},"excerpt":{"rendered":"<h4><span style=\"font-family: helvetica, arial, sans-serif;\"><strong><br \/>\n\ud83d\udea8 Haben Sie es satt, Centbetr\u00e4gen hinterherzujagen, w\u00e4hrend Gurus Tausende einstreichen?<\/strong><\/span><\/h4>\n<p><span style=\"font-family: helvetica, arial, sans-serif;\"><br \/>\nDies ist kein weiterer Betrug, bei dem man schnell reich werden will. <em>Schaffen Sie ein Unternehmen mit einer Million Mitarbeitern<\/em>\u00a0enth\u00fcllt die\u00a0<strong>kontraintuitive Strategie<\/strong>\u00a0damit Sie verdienen k\u00f6nnen\u00a0<em>mehr<\/em>\u00a0durch Aufladen\u00a0<em>weniger-<\/em>Direkt von Sean Mize, dem Unternehmer, der aus 25.000 Artikeln ein Imperium mit einem Jahresumsatz von 1.400.000 US-Dollar aufgebaut hat.<\/span><\/p>\n<p><span style=\"font-family: helvetica, arial, sans-serif; font-size: 12.80pt;\">\ud83d\udca5\u00a0<strong>Hier ist der Kickstarter<\/strong>:<\/span><\/p>\n<ul>\n<li><span style=\"font-family: helvetica, arial, sans-serif;\"><strong>Der Finder des \u201cMillionen-Personen-Problems\u201d<\/strong>: Finde hungrige M\u00e4rkte in 10 Minuten (funktioniert auch, wenn du pleite bist)<\/span><\/li>\n<li><span style=\"font-family: helvetica, arial, sans-serif;\"><strong>$1\/Monat Goldmine-Blaupause<\/strong>Warum kleine Zahlungen besser sind als hohe Zahlungen (Hinweis:\u00a0<em>Schlafen<\/em>\u00a0Kunden zahlen am besten)<\/span><\/li>\n<li><span style=\"font-family: helvetica, arial, sans-serif;\"><strong>Viral-Traffic-Hacks<\/strong>: Medien und Partner rei\u00dfen sich darum, f\u00fcr Sie zu werben (kein Werbebudget erforderlich)<\/span><\/li>\n<li><span style=\"font-family: helvetica, arial, sans-serif;\"><strong>Seans diesj\u00e4hriges Preismodell<\/strong>: Den Preis von 90% senken\u2026 und den Preis von 300% erh\u00f6hen (psychologischer Trick inklusive)<\/span><\/li>\n<\/ul>\n<p><span style=\"font-family: helvetica, arial, sans-serif; font-size: 13pt;\">\u26a0\ufe0f\u00a0<strong>Warnung<\/strong>Das funktioniert\u00a0<em>zu<\/em>\u00a0Nun, wenn Sie es satt haben, 80-Stunden-Wochen f\u00fcr ein paar Kr\u00f6ten zu arbeiten.<\/span><\/p>","protected":false},"featured_media":9679,"comment_status":"open","ping_status":"closed","template":"","meta":{"rs_blank_template":"","rs_page_bg_color":"","slide_template_v7":""},"etheme_brands":[],"product_brand":[],"product_cat":[79,267],"product_tag":[255,253,251,254,252],"class_list":{"0":"post-9678","1":"product","2":"type-product","3":"status-publish","4":"has-post-thumbnail","6":"product_cat-audio-music","7":"product_cat-buy-1-get-1","8":"product_tag-automated-entrepreneurship","9":"product_tag-low-price-high-volume","10":"product_tag-million-person-business","11":"product_tag-passive-income-systems","12":"product_tag-scalable-business-model","13":"product_shipping_class-free-shipping","15":"first","16":"instock","17":"sale","18":"downloadable","19":"purchasable","20":"product-type-simple"},"bundled_by":[],"bundle_stock_status":"instock","bundle_stock_quantity":null,"bundle_virtual":false,"bundle_layout":"","bundle_add_to_cart_form_location":"","bundle_editable_in_cart":false,"bundle_sold_individually_context":"","bundle_item_grouping":"","bundle_min_size":"","bundle_max_size":"","bundle_price":[],"bundled_items":[],"bundle_sell_ids":[],"group_of_quantity":0,"min_quantity":1,"max_quantity":"","exclude_order_quantity_value_rules":"no","exclude_category_quantity_rules":"no","combine_variations":"no","exclude_global_add_ons":[],"addons":[],"_links":{"self":[{"href":"https:\/\/dealpify.com\/de\/wp-json\/wp\/v2\/product\/9678","targetHints":{"allow":["GET"]}}],"collection":[{"href":"https:\/\/dealpify.com\/de\/wp-json\/wp\/v2\/product"}],"about":[{"href":"https:\/\/dealpify.com\/de\/wp-json\/wp\/v2\/types\/product"}],"replies":[{"embeddable":true,"href":"https:\/\/dealpify.com\/de\/wp-json\/wp\/v2\/comments?post=9678"}],"version-history":[{"count":9,"href":"https:\/\/dealpify.com\/de\/wp-json\/wp\/v2\/product\/9678\/revisions"}],"predecessor-version":[{"id":9684,"href":"https:\/\/dealpify.com\/de\/wp-json\/wp\/v2\/product\/9678\/revisions\/9684"}],"wp:featuredmedia":[{"embeddable":true,"href":"https:\/\/dealpify.com\/de\/wp-json\/wp\/v2\/media\/9679"}],"wp:attachment":[{"href":"https:\/\/dealpify.com\/de\/wp-json\/wp\/v2\/media?parent=9678"}],"wp:term":[{"taxonomy":"brand","embeddable":true,"href":"https:\/\/dealpify.com\/de\/wp-json\/wp\/v2\/etheme_brands?post=9678"},{"taxonomy":"product_brand","embeddable":true,"href":"https:\/\/dealpify.com\/de\/wp-json\/wp\/v2\/product_brand?post=9678"},{"taxonomy":"product_cat","embeddable":true,"href":"https:\/\/dealpify.com\/de\/wp-json\/wp\/v2\/product_cat?post=9678"},{"taxonomy":"product_tag","embeddable":true,"href":"https:\/\/dealpify.com\/de\/wp-json\/wp\/v2\/product_tag?post=9678"}],"curies":[{"name":"wp","href":"https:\/\/api.w.org\/{rel}","templated":true}]}}