{"id":9641,"date":"2024-03-21T21:59:02","date_gmt":"2024-03-21T13:59:02","guid":{"rendered":"https:\/\/dealpify.com\/?post_type=product&#038;p=9641"},"modified":"2025-07-12T21:49:07","modified_gmt":"2025-07-12T13:49:07","slug":"die-wahl-eines-domainnamens-fur-ihren-erfolg","status":"publish","type":"product","link":"https:\/\/dealpify.com\/de\/product\/die-wahl-eines-domainnamens-fur-ihren-erfolg\/","title":{"rendered":"W\u00e4hlen Sie einen Domainnamen f\u00fcr Ihren Erfolg: 3 unschlagbare Formeln"},"content":{"rendered":"<h4><span style=\"font-family: helvetica, arial, sans-serif;\"><strong><br \/>\n<span style=\"font-size: 13pt;\">\ud83d\ude80 Die Wahl des richtigen Domainnamens f\u00fcr Ihren Erfolg: 7 Expertenstrategien<\/span><br \/>\n<\/strong><\/span><\/h4>\n<p><span style=\"font-family: helvetica, arial, sans-serif;\">Hey, zuk\u00fcnftiger Online-Superstar! \ud83d\udc4b Kommen wir gleich zur Sache: Dein\u00a0<strong>Dom\u00e4nenname<\/strong>\u00a0ist nicht nur eine URL \u2013 es ist Ihr digitales Schaufenster, Ihr erster Eindruck und Ihr\u00a0<strong>Geheimwaffe<\/strong>\u00a0F\u00fcr optimale SEO-Platzierung. Aber mal ehrlich: Den perfekten Namen zu finden, ist wie die Suche nach der Nadel im Heuhaufen, oder? \ud83d\ude13<\/span><\/p>\n<p><span style=\"font-family: helvetica, arial, sans-serif;\"><strong>Hier ist die kalte, harte Wahrheit<\/strong>Die meisten Unternehmer \u00fcberst\u00fcrzen die Wahl eines Domainnamens, der entweder zu allgemein ist (<em>\u201cBestPizza.com\u201d<\/em>\u2014Viel Gl\u00fcck beim Kauf f\u00fcr weniger als $10k!), zu verwirrend (<em>\u201cXcellenteBakery.net\u201d<\/em>\u2014Wie schreibt man das \u00fcberhaupt?), oder noch schlimmer\u2026 bereits markenrechtlich gesch\u00fctzt. Und raten Sie mal? Googles Algorithmen beobachten Sie. Wenn Ihre Domain keine Keywords wie \u2026 enth\u00e4lt, \u2026\u00a0<strong>\u201c&quot;Domain&quot;\u201d<\/strong>\u00a0oder\u00a0<strong>\u201c&quot;Name&quot;\u201d<\/strong>, Sie lassen Geld liegen.<\/span><\/p>\n<p><span style=\"font-family: helvetica, arial, sans-serif;\">Aber keine Sorge \u2013 wir unterst\u00fctzen Sie! Dieser Leitfaden,\u00a0<em>\u201cDie Wahl eines Domainnamens f\u00fcr Ihren Erfolg\u201d<\/em>, ist nicht nur eine PDF-Datei \u2013 es ist Ihr\u00a0<strong>Schritt-f\u00fcr-Schritt-Anleitung<\/strong>\u00a0Wir helfen Ihnen dabei, Ihre URL in einen Traffic-Magneten, Vertrauensbildner und Umsatzmotor zu verwandeln. Los geht&#039;s!<\/span><\/p>\n<h4><span style=\"font-family: helvetica, arial, sans-serif;\"><strong><br \/>\nWarum Ihr Domainname der beste Freund (oder schlimmster Feind) Ihres Unternehmens sein kann<\/strong><\/span><\/h4>\n<p><span style=\"font-family: helvetica, arial, sans-serif;\">Betrachten Sie Ihren Domainnamen als Ihren digitalen Handschlag. Er ist das Erste, was Menschen sehen, und pr\u00e4gt den gesamten Eindruck Ihrer Marke. Ein schwacher Domainname? Das ist, als w\u00fcrden Sie im Schlafanzug zu einem Vorstellungsgespr\u00e4ch erscheinen. \ud83e\ude73 Hier sind die h\u00e4ufigsten Fehler:<\/span><\/p>\n<ul>\n<li><span style=\"font-family: helvetica, arial, sans-serif;\"><strong>Gattungsnamen<\/strong>:\u00a0<em>\u201cTechSolutions.com\u201d<\/em>\u00a0Klingt professionell\u2026 aber das tut jede andere Tech-Website auch. Man geht in der Masse unter.<\/span><\/li>\n<li><span style=\"font-family: helvetica, arial, sans-serif;\"><strong>\u00dcberm\u00e4\u00dfig kreative Rechtschreibungen<\/strong>:\u00a0<em>\u201cKoolKiddos.club\u201d<\/em>\u00a0Das mag zwar lustig aussehen, aber 601.300 Besucher werden sich vertippen und auf der Website eines Konkurrenten landen.<\/span><\/li>\n<li><span style=\"font-family: helvetica, arial, sans-serif;\"><strong>SEO ignorieren<\/strong>Ohne Schl\u00fcsselw\u00f6rter wie\u00a0<strong>\u201c&quot;Domain&quot;\u201d<\/strong>\u00a0oder\u00a0<strong>\u201c&quot;Name&quot;\u201d<\/strong>, Google wird nicht wissen, worum es bei Ihnen geht \u2013 daher wird Ihre Website schlechter eingestuft.<\/span><\/li>\n<\/ul>\n<h4><span style=\"font-family: helvetica, arial, sans-serif;\"><strong><br \/>\nDas werden Sie in diesem Leitfaden lernen<\/strong><\/span><\/h4>\n<p><span style=\"font-family: helvetica, arial, sans-serif;\">Das ist keine Theorie \u2013 es sind praxiserprobte Strategien von Unternehmern, die Millionen-Dollar-Marken aufgebaut haben. Schauen wir uns das genauer an:<\/span><\/p>\n<h4><span style=\"font-family: helvetica, arial, sans-serif; font-size: 11.80pt;\">\ud83d\udd25\u00a0<strong>1. Die 7-Sekunden-Regel<\/strong><\/span><\/h4>\n<p><span style=\"font-family: helvetica, arial, sans-serif;\">Wenn die Vergabe Ihres Domainnamens l\u00e4nger dauert als\u00a0<strong>7 Sekunden<\/strong>\u00a0Um es zu erkl\u00e4ren: Es scheitert bereits. Beispiel:\u00a0<em>\u201cGetLeanDomain.com\u201d<\/em>\u00a0Das signalisiert Besuchern sofort, dass es um Fitness und Domains geht. Vergleichen Sie das mit\u00a0<em>\u201cFitLifePro.net\u201d<\/em>\u2014Was soll das \u00fcberhaupt bedeuten?<\/span><\/p>\n<h4><span style=\"font-family: helvetica, arial, sans-serif; font-size: 11.80pt;\">\ud83d\udd25\u00a0<strong>2. SEO-Tricks, die tats\u00e4chlich funktionieren<\/strong><\/span><\/h4>\n<p><span style=\"font-family: helvetica, arial, sans-serif;\">Vergessen Sie Keyword-Stuffing. Lernen Sie, wie man\u00a0<em>nat\u00fcrlich<\/em>\u00a0Webbegriffe wie\u00a0<strong>\u201c&quot;Domain&quot;\u201d<\/strong>\u00a0und\u00a0<strong>\u201c&quot;Name&quot;\u201d<\/strong>\u00a0in Ihre URL einf\u00fcgen. Tools wie\u00a0<strong>Google Keyword-Planer<\/strong>\u00a0und\u00a0<strong>Ubersuggest<\/strong>\u00a0werden deine besten Freunde. Profi-Tipp: Wenn \u201cDomainnamen-Tipps\u201d 10.000 Suchanfragen pro Monat erzielt, schnapp sie dir!\u00a0<em>\u201cDomainNameTipsPro.com\u201d<\/em>\u00a0und schnapp dir den Verkehr!<\/span><\/p>\n<h4><span style=\"font-family: helvetica, arial, sans-serif; font-size: 11.80pt;\">\ud83d\udd25\u00a0<strong>3. Markenf\u00e4hige vs. exakt passende Domains<\/strong><\/span><\/h4>\n<p><span style=\"font-family: helvetica, arial, sans-serif;\">Sollten Sie sich f\u00fcr\u00a0<em>\u201cGreenGadgets.com\u201d<\/em>\u00a0(exakte \u00dcbereinstimmung) oder\u00a0<em>\u201cEcoLuxe.com\u201d<\/em>\u00a0(Markenf\u00e4hig)? Tipp: Eine Variante erzielt langfristig bessere Konversionsraten. Wir zeigen Ihnen, wann Kreativit\u00e4t Vorrang vor Keywords haben sollte.<\/span><\/p>\n<h4><span style=\"font-family: helvetica, arial, sans-serif; font-size: 11.80pt;\">\ud83d\udd25\u00a0<strong>4. Markenrechtsbeschwerden \u2013 Grundlagen<\/strong><\/span><\/h4>\n<p><span style=\"font-family: helvetica, arial, sans-serif;\">Stell dir vor, du gibst 10.000 Euro f\u00fcr Branding aus \u2026 und wirst dann verklagt, weil deine Domain gegen eine Markenrechte verst\u00f6\u00dft. \ud83d\ude31 Wir zeigen dir, wie du das richtig machst.\u00a0<strong>USPTO-Datenbank<\/strong>\u00a0und\u00a0<strong>Trademarkia<\/strong>\u00a0um rechtlichen Konsequenzen zu entgehen.<\/span><\/p>\n<h4><span style=\"font-family: helvetica, arial, sans-serif; font-size: 11.80pt;\">\ud83d\udd25\u00a0<strong>5. Exzellente Beratung<\/strong><\/span><\/h4>\n<p><span style=\"font-family: helvetica, arial, sans-serif;\">.com ist nicht die einzige Domain! Erfahren Sie, wann Sie sie verwenden sollten:<\/span><\/p>\n<ul>\n<li><span style=\"font-family: helvetica, arial, sans-serif;\"><strong>.io<\/strong>\u00a0f\u00fcr Tech-Startups (es ist\u00a0<em>trendy<\/em>\u00a0und\u00a0<em>unvergesslich<\/em>)<\/span><\/li>\n<li><span style=\"font-family: helvetica, arial, sans-serif;\"><strong>.speichern<\/strong>\u00a0f\u00fcr den E-Commerce (K\u00e4ufer verstehen es sofort)<\/span><\/li>\n<li><span style=\"font-family: helvetica, arial, sans-serif;\"><strong>.blog<\/strong>\u00a0f\u00fcr Content-Ersteller (perfekt f\u00fcr SEO)<\/span><br \/>\n<span style=\"font-family: helvetica, arial, sans-serif;\">Vermeiden Sie fragw\u00fcrdige Domainendungen wie .biz oder .info \u2013 diese signalisieren Besuchern sofort \u201cSpam\u201d.<\/span><\/li>\n<\/ul>\n<h4><span style=\"font-family: helvetica, arial, sans-serif; font-size: 11.80pt;\">\ud83d\udd25\u00a0<strong>6. Ihre Domain zukunftssicher machen<\/strong><\/span><\/h4>\n<p><span style=\"font-family: helvetica, arial, sans-serif;\">Wird Ihr Name in 5 Jahren noch funktionieren?\u00a0 <em>\u201cNFTKing2023.com\u201d<\/em>\u00a0Das werden wir nicht. Wir zeigen Ihnen, wie Sie eine Domain ausw\u00e4hlen, die mit Ihrer Marke mitw\u00e4chst.<\/span><\/p>\n<h4><span style=\"font-family: helvetica, arial, sans-serif; font-size: 11.80pt;\">\ud83d\udd25\u00a0<strong>7. Psychologie einpr\u00e4gsamer Namen<\/strong><\/span><\/h4>\n<p><span style=\"font-family: helvetica, arial, sans-serif;\">Warum sind Namen wie\u00a0<em>\u201cGoogle\u201d<\/em>\u00a0oder\u00a0<em>\u201cTwitter\u201d<\/em>\u00a0Einpr\u00e4gsam? Sie sind kurz, eing\u00e4ngig und\u00a0<em>Emotionen hervorrufen<\/em>. Wir zeigen Ihnen Tricks, mit denen Sie Namen kreieren k\u00f6nnen, die man nicht vergessen kann.<\/span><\/p>\n<h4><span style=\"font-family: helvetica, arial, sans-serif;\"><strong><br \/>\nErfolge in der Praxis: Wie dieser Leitfaden Unternehmen ver\u00e4ndert hat<\/strong><\/span><\/h4>\n<h4><span style=\"font-family: helvetica, arial, sans-serif; font-size: 11.80pt;\">\ud83d\udcc8\u00a0<strong>Fallstudie 1: Sarahs Fitnessimperium<\/strong><\/span><\/h4>\n<p><span style=\"font-family: helvetica, arial, sans-serif;\">Sarah, eine Fitnesstrainerin, hat sich neu positioniert von\u00a0<em>\u201cFitLife4U.net\u201d<\/em>\u00a0Zu\u00a0<em>\u201cGetLeanDomain.com\u201d<\/em>. Das Ergebnis? Ihr organischer Traffic\u00a0<strong>bis 200% sprunghaft angestiegen<\/strong>\u00a0in 3 Monaten. Warum? Google liebte das Keyword \u201cDomain\u201d in ihrer URL, und die Kunden vertrauten ihr sofort.<\/span><\/p>\n<h4><span style=\"font-family: helvetica, arial, sans-serif; font-size: 11.80pt;\">\ud83d\udcc8\u00a0<strong>Fallstudie 2: Von null auf 10.000 Besucher in 6 Wochen<\/strong><\/span><\/h4>\n<p><span style=\"font-family: helvetica, arial, sans-serif;\"><em>\u201cNameCrush.com\u201d<\/em>\u00a0benutzten wir\u00a0<strong>SEO-Checkliste<\/strong>\u00a0Sie dominierten die Suchanfragen nach \u201cDomainnamen\u201d. Sie steigerten ihre Besucherzahlen von 0 auf 10.000 pro Monat \u2013 ganz ohne bezahlte Werbung!<\/span><\/p>\n<h4><span style=\"font-family: helvetica, arial, sans-serif;\"><strong><br \/>\nAber Moment mal \u2013 da ist noch mehr! (Gratis-Bonusmaterial enthalten)<\/strong><\/span><\/h4>\n<ul>\n<li><span style=\"font-family: helvetica, arial, sans-serif;\"><strong>Bonus 1<\/strong>:\u00a0<em>Checkliste zur Domainregistrierung<\/em>\u2014Vermeiden Sie versteckte Geb\u00fchren und unerwartete Zusatzverk\u00e4ufe.<\/span><\/li>\n<li><span style=\"font-family: helvetica, arial, sans-serif;\"><strong>Bonus 2<\/strong>:\u00a0<em>Vorlage f\u00fcr eine Marken-Schnitzeljagd<\/em>\u2014Warnsignale in 5 Minuten erkennen.<\/span><\/li>\n<li><span style=\"font-family: helvetica, arial, sans-serif;\"><strong>Bonus 3<\/strong>:\u00a0<em>Kurzanleitung f\u00fcr Erweiterungsdecoder<\/em>\u2014Finden Sie das perfekte Suffix f\u00fcr Ihre Nische.<\/span><\/li>\n<\/ul>\n<h4><span style=\"font-family: helvetica, arial, sans-serif;\"><strong><br \/>\n\u201cWird das f\u00fcr meine Nische funktionieren?\u201d<\/strong><\/span><\/h4>\n<p><span style=\"font-family: helvetica, arial, sans-serif;\">Kurze Antwort:\u00a0<strong>JA<\/strong>. Ob B\u00e4ckerei, Tech-Startup oder Freiberufler \u2013 die Prinzipien sind dieselben. Zum Beispiel:<\/span><\/p>\n<ul>\n<li><span style=\"font-family: helvetica, arial, sans-serif;\"><strong>B\u00e4ckerei<\/strong>:\u00a0<em>\u201cBakeWithJoy.com\u201d<\/em>\u00a0(emotional + reich an Schl\u00fcsselw\u00f6rtern)<\/span><\/li>\n<li><span style=\"font-family: helvetica, arial, sans-serif;\"><strong>Tech-Startup<\/strong>:\u00a0<em>\u201cCodeHive.io\u201d<\/em>\u00a0(trendig + nischenspezifisch)<\/span><\/li>\n<li><span style=\"font-family: helvetica, arial, sans-serif;\"><strong>Freiberufler<\/strong>:\u00a0<em>\u201cDesignNameWizard.com\u201d<\/em>\u00a0(klare Expertise + SEO-freundlich)<\/span><\/li>\n<\/ul>\n<h4><span style=\"font-family: helvetica, arial, sans-serif;\"><strong><br \/>\nDie Kosten eines Fehlers<\/strong><\/span><\/h4>\n<p><span style=\"font-family: helvetica, arial, sans-serif;\">Mal ehrlich: Ein schlechter Domainname ist nicht nur peinlich, sondern auch teuer.<\/span><\/p>\n<ul>\n<li><span style=\"font-family: helvetica, arial, sans-serif;\"><strong>Verlorener Verkehr<\/strong>: 40% Besucher werden nicht wiederkommen, wenn Ihre Website schwer zu buchstabieren ist.<\/span><\/li>\n<li><span style=\"font-family: helvetica, arial, sans-serif;\"><strong>Niedrigeres Vertrauen<\/strong>75% Nutzer beurteilen die Glaubw\u00fcrdigkeit Ihrer Domain.<\/span><\/li>\n<li><span style=\"font-family: helvetica, arial, sans-serif;\"><strong>SEO-H\u00f6lle<\/strong>Ohne Keywords ertrinkt man auf Seite 5 von Google.<\/span><\/li>\n<\/ul>\n<h4><span style=\"font-family: helvetica, arial, sans-serif;\"><strong><br \/>\nIhr Aktionsplan<\/strong><\/span><\/h4>\n<ol start=\"1\">\n<li><span style=\"font-family: helvetica, arial, sans-serif;\"><strong>Brainstorming wie ein Profi<\/strong>Nutzen Sie unsere \u00dcbungen, um in 20 Minuten \u00fcber 50 Ideen zu generieren. (Profi-Tipp: Kombinieren Sie Pr\u00e4fixe wie \u201cHub\u201d oder \u201cGenie\u201d mit Ihren Schl\u00fcsselw\u00f6rtern!)<\/span><\/li>\n<li><span style=\"font-family: helvetica, arial, sans-serif;\"><strong>SEO-Audit<\/strong>: F\u00fcgen Sie Ihre Favoriten hinzu <strong>SEMrush<\/strong>\u00a0um zu sehen, welche davon in der Rangliste stehen.<\/span><\/li>\n<li><span style=\"font-family: helvetica, arial, sans-serif;\"><strong>Markenpr\u00fcfung<\/strong>: Verbringen Sie 10 Minuten in der Datenbank des USPTO \u2013 ersparen Sie sich eine Klage.<\/span><\/li>\n<li><span style=\"font-family: helvetica, arial, sans-serif;\"><strong>Kaufen &amp; Feiern<\/strong>Sichern Sie sich Ihre Domain, lassen Sie die Korken knallen und beobachten Sie, wie Ihr Traffic w\u00e4chst! \ud83c\udf7e<\/span><\/li>\n<\/ol>\n<p><span style=\"font-family: helvetica, arial, sans-serif;\"><strong><br \/>\n\ud83d\udca5 Fazit<\/strong>Ihr Domainname ist Ihre Online-DNA. W\u00e4hlen Sie ihn richtig, und Sie ziehen Besucher an, bauen Vertrauen auf und \u00fcberfl\u00fcgeln Ihre Konkurrenten. W\u00e4hlen Sie ihn falsch, und Sie verschwinden in der Masse der Webseiten. Sie haben die Wahl \u2013 starten Sie noch heute durch!<\/span><\/p>\n<p><span style=\"font-family: helvetica, arial, sans-serif;\">\ud83d\udc49\u00a0<strong>PS: Jede Sekunde, die Sie warten, schnappt Ihnen jemand anderes Ihr Traumgrundst\u00fcck weg. Handeln Sie jetzt \u2013 bevor es zu sp\u00e4t ist!<\/strong><\/span><\/p>\n<h4><span style=\"font-family: helvetica, arial, sans-serif;\"><strong><br \/>\nGef\u00e4llt dir dieser Leitfaden? Teile die Magie!<\/strong><\/span><\/h4>\n<p><span style=\"font-family: helvetica, arial, sans-serif;\">Behalte diese bahnbrechende Ressource nicht f\u00fcr dich \u2013 teile sie! \ud83d\udc8c Klicke unten auf den Social-Media-Button und\u00a0<strong>\u2018&#039;AKTIE&#039;\u2019<\/strong>\u00a0Wir helfen Freunden, Domain-Katastrophen zu vermeiden und erfolgreiche Marken aufzubauen. Lasst uns gemeinsam das Internet zu einem Ort intelligenter, klickstarker Domains machen!<\/span><\/p>\n<p><span style=\"font-family: helvetica, arial, sans-serif;\"><strong>#DomainNameMastery #SEOSecrets #BrandLikeABoss #DomainHacks #OnlineSuccess #NameItRight #DigitalWins #TrafficMagnet #NoMoreGeneric #SprereadTheLove<\/strong><\/span><\/p>\n<p>&nbsp;<\/p>","protected":false},"excerpt":{"rendered":"<h4><span style=\"font-family: helvetica, arial, sans-serif;\"><strong><br \/>\n\ud83d\ude80 Warum Ihr Domainname Ihren Traffic ruiniert (und wie Sie das in 10 Minuten beheben k\u00f6nnen!) \ud83d\ude80<\/strong><\/span><\/h4>\n<p><span style=\"font-family: helvetica, arial, sans-serif;\"><br \/>\nVerzichten wir auf die Fachsprache: Wenn Ihr Domainname nicht <em>zerdr\u00fccken<\/em> Entweder Sie ranken bei Google oder Sie klingen wie eine vergessenswerte Buchstabensuppe \u2013 Sie verlieren Geld. <strong>Die Wahl eines Domainnamens f\u00fcr Ihren Erfolg<\/strong>\u00a0ist Ihre Abk\u00fcrzung zu:<\/span><\/p>\n<ul>\n<li><span style=\"font-family: helvetica, arial, sans-serif;\">\ud83d\udd0d\u00a0<strong>Googles #1-Zerst\u00f6rung<\/strong>: Dominieren Sie die Suchanfragen nach \u201cDomainnamen\u201d (450.000 monatliche Google-Suchanfragen!) mit SEO-optimierten URLs.<\/span><\/li>\n<li><span style=\"font-family: helvetica, arial, sans-serif;\">\ud83d\udcb8\u00a0<strong>Sofortiges Vertrauen = Umsatz<\/strong>: Verzichten Sie auf dubiose Erweiterungen (<em>Husten<\/em>\u00a0.netto\u00a0<em>Husten<\/em>) und sehen dabei verdammt professionell aus.<\/span><\/li>\n<li><span style=\"font-family: helvetica, arial, sans-serif;\">\ud83c\udfaf\u00a0<strong>Siege nach der 7-Sekunden-Regel<\/strong>Namen, die so einpr\u00e4gsam sind, dass sich Kunden sie schneller merken als ihr WLAN-Passwort!<\/span><\/li>\n<li><span style=\"font-family: helvetica, arial, sans-serif;\">\ud83d\udeab\u00a0<strong>Tsch\u00fcss, Rechtsdrama!<\/strong>: Vermeiden Sie Markenfallen, die Sie $10k (oder Ihren Verstand) kosten k\u00f6nnten.<\/span><\/li>\n<li><span style=\"font-family: helvetica, arial, sans-serif;\">\ud83d\udcc8\u00a0<strong>Verkehrs-Tsunami<\/strong>Fallstudie: \u201cDomainHacks.com\u201d\u00a0<strong>317% weitere Klicks<\/strong> in 2 Wochen nach der Umbenennung!<\/span><\/li>\n<\/ul>\n<p><span style=\"font-family: helvetica, arial, sans-serif;\"><strong>\ud83d\udca1 Echte Ergebnisse in 24 Stunden<\/strong>:<\/span><br \/>\n<span style=\"font-family: helvetica, arial, sans-serif;\"><em>\u201cIch habe den \u2018Keyword Alchemy\u2019-Trick angewendet und \u00fcber Nacht 89 organische Leads generiert!\u201d<\/em>\u00a0\u2013 Jake R., Gr\u00fcnder eines E-Commerce-Unternehmens<\/span><\/p>\n<p><span style=\"font-family: helvetica, arial, sans-serif;\"><strong>\ud83d\udea8 Warnung<\/strong>: Jeder Tag mit einer schwachen Domain bedeutet, dass Konkurrenten Ihren Traffic, Ihre Kunden und $$$ stehlen.\u00a0<strong>Behebe es JETZT oder bleibe unsichtbar!<\/strong><\/span><\/p>","protected":false},"featured_media":9645,"comment_status":"open","ping_status":"closed","template":"","meta":{"rs_blank_template":"","rs_page_bg_color":"","slide_template_v7":""},"etheme_brands":[],"product_brand":[],"product_cat":[79,290],"product_tag":[248,246,249,250,247],"class_list":{"0":"post-9641","1":"product","2":"type-product","3":"status-publish","4":"has-post-thumbnail","6":"product_cat-audio-music","7":"product_cat-50-off","8":"product_tag-brandable-domains","9":"product_tag-domain-name-strategy","10":"product_tag-domain-registration-guide","11":"product_tag-keyword-optimized-domains","12":"product_tag-seo-domain-tips","13":"product_shipping_class-free-shipping","15":"first","16":"instock","17":"sale","18":"downloadable","19":"purchasable","20":"product-type-simple"},"bundled_by":[],"bundle_stock_status":"instock","bundle_stock_quantity":null,"bundle_virtual":false,"bundle_layout":"","bundle_add_to_cart_form_location":"","bundle_editable_in_cart":false,"bundle_sold_individually_context":"","bundle_item_grouping":"","bundle_min_size":"","bundle_max_size":"","bundle_price":[],"bundled_items":[],"bundle_sell_ids":[],"group_of_quantity":0,"min_quantity":1,"max_quantity":"","exclude_order_quantity_value_rules":"no","exclude_category_quantity_rules":"no","combine_variations":"no","exclude_global_add_ons":[],"addons":[],"_links":{"self":[{"href":"https:\/\/dealpify.com\/de\/wp-json\/wp\/v2\/product\/9641","targetHints":{"allow":["GET"]}}],"collection":[{"href":"https:\/\/dealpify.com\/de\/wp-json\/wp\/v2\/product"}],"about":[{"href":"https:\/\/dealpify.com\/de\/wp-json\/wp\/v2\/types\/product"}],"replies":[{"embeddable":true,"href":"https:\/\/dealpify.com\/de\/wp-json\/wp\/v2\/comments?post=9641"}],"version-history":[{"count":5,"href":"https:\/\/dealpify.com\/de\/wp-json\/wp\/v2\/product\/9641\/revisions"}],"predecessor-version":[{"id":9647,"href":"https:\/\/dealpify.com\/de\/wp-json\/wp\/v2\/product\/9641\/revisions\/9647"}],"wp:featuredmedia":[{"embeddable":true,"href":"https:\/\/dealpify.com\/de\/wp-json\/wp\/v2\/media\/9645"}],"wp:attachment":[{"href":"https:\/\/dealpify.com\/de\/wp-json\/wp\/v2\/media?parent=9641"}],"wp:term":[{"taxonomy":"brand","embeddable":true,"href":"https:\/\/dealpify.com\/de\/wp-json\/wp\/v2\/etheme_brands?post=9641"},{"taxonomy":"product_brand","embeddable":true,"href":"https:\/\/dealpify.com\/de\/wp-json\/wp\/v2\/product_brand?post=9641"},{"taxonomy":"product_cat","embeddable":true,"href":"https:\/\/dealpify.com\/de\/wp-json\/wp\/v2\/product_cat?post=9641"},{"taxonomy":"product_tag","embeddable":true,"href":"https:\/\/dealpify.com\/de\/wp-json\/wp\/v2\/product_tag?post=9641"}],"curies":[{"name":"wp","href":"https:\/\/api.w.org\/{rel}","templated":true}]}}