{"id":9620,"date":"2024-02-13T16:29:11","date_gmt":"2024-02-13T08:29:11","guid":{"rendered":"https:\/\/dealpify.com\/?post_type=product&#038;p=9620"},"modified":"2025-06-18T17:26:58","modified_gmt":"2025-06-18T09:26:58","slug":"content-marketing-blueprint-video-upgrade","status":"publish","type":"product","link":"https:\/\/dealpify.com\/de\/product\/content-marketing-blueprint-video-upgrade\/","title":{"rendered":"Content Marketing Blueprint Video Upgrade: 5X Ihre Autorit\u00e4t in 30 Tagen"},"content":{"rendered":"<h4><span style=\"font-family: helvetica, arial, sans-serif;\"><strong><br \/>\n<span style=\"font-size: 13pt;\">\ud83d\ude80 Unlock the Content Marketing Blueprint Video Upgrade - Ihr Ticket zur Online-Dominanz (auch wenn Sie bei Null anfangen!) \ud83d\ude80<\/span><br \/>\n<\/strong><\/span><\/h4>\n<p><span style=\"font-family: helvetica, arial, sans-serif;\">Seien wir ehrlich: Das Lesen eines 50-seitigen Leitfadens f\u00fchlt sich an wie die Besteigung des Mount Everest in Flipflops. Ihre Augen werden glasig, Ihr Gehirn schaltet ab und pl\u00f6tzlich scrollen Sie durch TikTok, anstatt Ihr Imperium aufzubauen. Was w\u00e4re, wenn Sie\u00a0<strong>Uhr<\/strong>\u00a0anstatt zu lesen,\u00a0<strong>implementieren<\/strong> statt zu theoretisieren, und\u00a0<strong>Gewinn<\/strong> statt zu prokrastinieren? Das ist der Punkt, an dem die\u00a0<em>Content Marketing Blueprint Video Upgrade<\/em>\u00a0eine visuelle, einfache Roadmap, um Ihre Inhalte in eine Lead-generierende, verkaufsf\u00f6rdernde Maschine zu verwandeln. Und wissen Sie was? Sie brauchen kein Marketingstudium, kein schickes Team und nicht einmal Kaffee, um das zu schaffen.<\/span><\/p>\n<h4><span style=\"font-family: helvetica, arial, sans-serif;\"><strong><br \/>\nWarum das funktioniert (Die Schmerzpunkte, die wir \u00fcberwinden)<\/strong><\/span><\/h4>\n<h4><span style=\"font-family: helvetica, arial, sans-serif; font-size: 11.80pt;\"><strong>Problem 1<\/strong>: \u201cIch ertrinke in Texten - ich brauche jemanden, der\u00a0<strong>ANZEIGE<\/strong>\u00a0Ich will wissen, wie das funktioniert!\u201d<\/span><\/h4>\n<p><span style=\"font-family: helvetica, arial, sans-serif;\">\u2192\u00a0<em>L\u00f6sung<\/em>:\u00a0<strong>10 HD-Videoanleitungen<\/strong>\u00a0die Verwirrung durch Klarheit ersetzen.<\/span><\/p>\n<ul>\n<li><span style=\"font-family: helvetica, arial, sans-serif;\"><strong>Screencasts<\/strong>: Schauen Sie uns \u00fcber die Schulter, wenn wir stichwortreiche Blogs erstellen, Affiliate-Links optimieren und Leser in K\u00e4ufer verwandeln.<\/span><\/li>\n<li><span style=\"font-family: helvetica, arial, sans-serif;\"><strong>Echte Beispiele<\/strong>: Siehe\u00a0<em>genau<\/em>\u00a0wie ein kleiner Blog unsere \u201cBlaupause\u201d nutzte, um 100.000 monatliche Besucher zu erreichen (Spoiler: sie begannen mit 3 Followern).<\/span><\/li>\n<li><span style=\"font-family: helvetica, arial, sans-serif;\"><strong>Handlungsf\u00e4hige Checklisten<\/strong>: Halten Sie inne, gehen Sie Schritt f\u00fcr Schritt vor und feiern Sie kleine Erfolge (wie eine Platzierung auf der ersten Seite von Google).<\/span><\/li>\n<\/ul>\n<h4><span style=\"font-family: helvetica, arial, sans-serif; font-size: 11.80pt;\"><strong>Problem 2<\/strong>: \u201cWas ist, wenn ich Mist baue und Monate vergeude?\u201d<\/span><\/h4>\n<p><span style=\"font-family: helvetica, arial, sans-serif;\">\u2192\u00a0<em>L\u00f6sung<\/em>: Wir haben\u00a0<strong>markierte jeden kritischen Fehler, <\/strong>damit Sie das nicht tun m\u00fcssen.<\/span><\/p>\n<ul>\n<li><span style=\"font-family: helvetica, arial, sans-serif;\"><strong>Keyword Stuffing?<\/strong>\u00a0N\u00f6. Wir lehren Sie\u00a0<em>nat\u00fcrlich<\/em>\u00a0SEO-Tricks, die Google sch\u00e4tzt.<\/span><\/li>\n<li><span style=\"font-family: helvetica, arial, sans-serif;\"><strong>Schwache CTAs?<\/strong>\u00a0Vorbei. Sie werden klickw\u00fcrdige Handlungsaufforderungen erstellen, die 3x schneller konvertieren.<\/span><\/li>\n<li><span style=\"font-family: helvetica, arial, sans-serif;\"><strong>Langweiliger Inhalt?<\/strong>\u00a0Nicht hier. Lernen Sie, wie Sie Ihren Beitr\u00e4gen Pers\u00f6nlichkeit verleihen, damit die Leser das Gef\u00fchl haben, dass Sie bei einem Kaffee mit ihnen plaudern.<\/span><\/li>\n<\/ul>\n<h4><span style=\"font-family: helvetica, arial, sans-serif; font-size: 11.80pt;\"><strong>Problem 3<\/strong>: \u201cIch bin kein Techniker - kann ich das \u00fcberhaupt machen?\u201d<\/span><\/h4>\n<p><span style=\"font-family: helvetica, arial, sans-serif;\">\u2192\u00a0<em>L\u00f6sung<\/em>:\u00a0<strong>Wir sprechen HUMAN, nicht Jargon<\/strong>.<\/span><\/p>\n<ul>\n<li><span style=\"font-family: helvetica, arial, sans-serif;\"><strong>SEO Vereinfacht<\/strong>: Keine Verwirrung mehr durch \u201cMeta-Tags\u201d oder \u201cAlt-Text\u201d - wir bringen es mit Memes und Metaphern auf den Punkt.<\/span><\/li>\n<li><span style=\"font-family: helvetica, arial, sans-serif;\"><strong>Affiliate Linking leicht gemacht<\/strong>: Binden Sie Links so nahtlos ein, dass Ihr Publikum gar nicht merkt, dass es etwas kauft (aber Ihr Geldbeutel schon!).<\/span><\/li>\n<li><span style=\"font-family: helvetica, arial, sans-serif;\"><strong>Analytik f\u00fcr Nicht-Nerds<\/strong>: Verfolgen Sie, worauf es ankommt (Traffic, Conversions, $$$), ohne in Tabellenkalkulationen zu versinken.<\/span><\/li>\n<\/ul>\n<h4><span style=\"font-family: helvetica, arial, sans-serif;\"><strong><br \/>\nWas Sie beherrschen werden (Hinweis: Es geht um mehr als nur das \u201cPosten von Dingen\u201d)<\/strong><\/span><\/h4>\n<h4><span style=\"font-family: helvetica, arial, sans-serif; font-size: 11.80pt;\"><strong>1. Aufbau von Autorit\u00e4t: Vom \u201cWer ist das?\u201d zum \u201cExperten der ersten Wahl\u201d<\/strong><\/span><\/h4>\n<ul>\n<li><span style=\"font-family: helvetica, arial, sans-serif;\"><strong>0 bis 10k Follower<\/strong>: Nutzen Sie unsere \u201cVertrauenstrichter\u201d-Strategie, um Skeptiker in Superfans zu verwandeln.<\/span><\/li>\n<li><span style=\"font-family: helvetica, arial, sans-serif;\"><strong>Social Proof Hacks<\/strong>: Nutzen Sie Zeugnisse, Fallstudien und\u00a0<em>subtil<\/em>\u00a0Prahlerei zum Aufbau von Glaubw\u00fcrdigkeit.<\/span><\/li>\n<li><span style=\"font-family: helvetica, arial, sans-serif;\"><strong>S\u00e4ule Inhalt Geheimnisse<\/strong>: Erstellen Sie wichtige Artikel, die Google nicht ignorieren kann (und um die Sie Ihre Konkurrenten insgeheim beneiden).<\/span><\/li>\n<\/ul>\n<h4><span style=\"font-family: helvetica, arial, sans-serif; font-size: 11.80pt;\"><strong>2. Traffic Hacks: Dominieren Sie die Suchmaschinen, ohne Ihre Seele zu verkaufen<\/strong><\/span><\/h4>\n<ul>\n<li><span style=\"font-family: helvetica, arial, sans-serif;\"><strong>Blueprint-Schl\u00fcsselwort-Strategie<\/strong>: Zielen Sie auf die Begriffe \u201cMarketing\u201d und \u201cBlueprint\u201d, um Ihre Nische zu besetzen.<\/span><\/li>\n<li><span style=\"font-family: helvetica, arial, sans-serif;\"><strong>Langschwanz-Magie<\/strong>: Mit minimalem Aufwand k\u00f6nnen Sie f\u00fcr Begriffe wie \u201cContent Marketing f\u00fcr Anf\u00e4nger\u201d oder \u201cSEO Blueprint 2024\u201d ranken.<\/span><\/li>\n<li><span style=\"font-family: helvetica, arial, sans-serif;\"><strong>Virale Ausl\u00f6ser<\/strong>: Schreiben Sie Schlagzeilen, bei denen die Leser denken: \u201cIch muss das JETZT anklicken\u201d.\u201d<\/span><\/li>\n<\/ul>\n<h4><span style=\"font-family: helvetica, arial, sans-serif; font-size: 11.80pt;\"><strong>3. Monetarisierungsmagie: Worte in Reichtum verwandeln<\/strong><\/span><\/h4>\n<ul>\n<li><span style=\"font-family: helvetica, arial, sans-serif;\"><strong>Affiliate Ninja Moves<\/strong>: Produkte anpreisen, ohne wie ein Gebrauchtwagenverk\u00e4ufer zu klingen.<\/span><\/li>\n<li><span style=\"font-family: helvetica, arial, sans-serif;\"><strong>E-Mail-Liste Goldmine<\/strong>: Umwandlung von Gelegenheitslesern in Abonnenten (und von Abonnenten in K\u00e4ufer).<\/span><\/li>\n<li><span style=\"font-family: helvetica, arial, sans-serif;\"><strong>Upselling ohne Bel\u00e4stigung<\/strong>: B\u00fcndelangebote, die so unwiderstehlich sind, dass Ihr Publikum darum bettelt, mehr zu bezahlen.<\/span><\/li>\n<\/ul>\n<h4><span style=\"font-family: helvetica, arial, sans-serif; font-size: 11.80pt;\"><strong>4. Wachstum des Publikums: Von der Geisterstadt zur bl\u00fchenden Gemeinschaft<\/strong><\/span><\/h4>\n<ul>\n<li><span style=\"font-family: helvetica, arial, sans-serif;\"><strong>Kommentarbereich Alchemie<\/strong>: Verwandeln Sie \u201cNetter Beitrag!\u201d in engagierte Unterhaltungen (und treue Fans).<\/span><\/li>\n<li><span style=\"font-family: helvetica, arial, sans-serif;\"><strong>Inhalte, die geteilt werden k\u00f6nnen<\/strong>: Erstellen Sie Beitr\u00e4ge, die so wertvoll sind, dass die Leser Freunde markieren und schneller auf \u201cTeilen\u201d klicken, als Sie \u201cviral\u201d sagen k\u00f6nnen.\u201d<\/span><\/li>\n<li><span style=\"font-family: helvetica, arial, sans-serif;\"><strong>Umfunktionieren wie ein Profi<\/strong>: Verwandle ein Video in 10 TikTok-Clips, 5 Blog-Schnipsel und 3 E-Mail-Newsletter (arbeite intelligenter, nicht h\u00e4rter).<\/span><\/li>\n<\/ul>\n<h4><span style=\"font-family: helvetica, arial, sans-serif;\"><strong><br \/>\nBoni, die Sie lieben werden (denn wer liebt keine Gratisartikel?)<\/strong><\/span><\/h4>\n<h4><span style=\"font-family: helvetica, arial, sans-serif; font-size: 11.80pt;\"><strong>1. Fast-Action MP3-Pack: Lernen Sie beim W\u00e4schewaschen<\/strong><\/span><\/h4>\n<ul>\n<li><span style=\"font-family: helvetica, arial, sans-serif;\"><strong>10 Audio-Dateien<\/strong>: H\u00f6ren Sie sich den gesamten Kurs an, w\u00e4hrend Sie pendeln, joggen oder so tun, als w\u00fcrden Sie arbeiten.<\/span><\/li>\n<li><span style=\"font-family: helvetica, arial, sans-serif;\"><strong>Die wichtigsten Erkenntnisse hervorgehoben<\/strong>: \u00dcberspringen Sie die Floskeln - wir kennzeichnen die\u00a0<em>Muss man wissen<\/em>\u00a0Tipps, damit Sie nichts verpassen.<\/span><\/li>\n<\/ul>\n<h4><span style=\"font-family: helvetica, arial, sans-serif; font-size: 11.80pt;\"><strong>2. 30-Tage-Verantwortlichkeitskalender: Ihr pers\u00f6nlicher Drill-Sergeant<\/strong><\/span><\/h4>\n<ul>\n<li><span style=\"font-family: helvetica, arial, sans-serif;\"><strong>T\u00e4gliche Aufgaben<\/strong>: Winzige, mundgerechte Aktionen (z. B. \u201c5-Minuten-Keyword-Recherche\u201d oder \u201ceinen CTA schreiben\u201d).<\/span><\/li>\n<li><span style=\"font-family: helvetica, arial, sans-serif;\"><strong>Progress Tracker<\/strong>: Beobachte, wie deine Autorit\u00e4tspunkte in die H\u00f6he schie\u00dfen, wenn du Gewinne abhakst.<\/span><\/li>\n<li><span style=\"font-family: helvetica, arial, sans-serif;\"><strong>E-Mail-Erinnerungen<\/strong>: Wir stupsen dich an, wenn du nachl\u00e4ssig bist (keine Sorge, wir sind nett).<\/span><\/li>\n<\/ul>\n<h4><span style=\"font-family: helvetica, arial, sans-serif; font-size: 11.80pt;\"><strong>3. Fertige Vorlagen f\u00fcr Sie: Kopieren, Einf\u00fcgen, Profitieren<\/strong><\/span><\/h4>\n<ul>\n<li><span style=\"font-family: helvetica, arial, sans-serif;\"><strong>Blog Post Entw\u00fcrfe<\/strong>: Ausf\u00fcllbare Strukturen f\u00fcr Rezensionen, Anleitungen und Artikel.<\/span><\/li>\n<li><span style=\"font-family: helvetica, arial, sans-serif;\"><strong>E-Mail-Swipes<\/strong>: Betreffzeilen, die ge\u00f6ffnet werden, CTAs, die angeklickt werden.<\/span><\/li>\n<li><span style=\"font-family: helvetica, arial, sans-serif;\"><strong>Bildunterschriften in sozialen Medien<\/strong>: Beitr\u00e4ge, die den Daumen mitten im Bildlauf anhalten.<\/span><\/li>\n<\/ul>\n<h4><span style=\"font-family: helvetica, arial, sans-serif;\"><strong><br \/>\nEchte Geschichten, echte Ergebnisse (kein Photoshop n\u00f6tig)<\/strong><\/span><\/h4>\n<p><span style=\"font-family: helvetica, arial, sans-serif;\"><em>\u201cIch habe die Blaupause verwendet, um meine E-Mail-Liste um 500% in 3 Wochen zu vergr\u00f6\u00dfern. Die Videos haben es SO einfach gemacht - kein R\u00e4tselraten mehr!\u201d<\/em>\u00a0\u2014\u00a0<strong>Sarah T., Bloggerin<\/strong><\/span><br \/>\n<span style=\"font-family: helvetica, arial, sans-serif;\"><em>\u201cEndlich ein Kurs, der mich nicht einschlafen l\u00e4sst. Ich habe mein Affiliate-Einkommen in 60 Tagen verdoppelt. Jeden Pfennig wert!\u201d<\/em>\u00a0\u2014\u00a0<strong>Mark R., Unternehmer<\/strong><\/span><br \/>\n<span style=\"font-family: helvetica, arial, sans-serif;\"><em>\u201cIch bin ein totaler Neuling, aber die MP3s haben mir geholfen, zu lernen, w\u00e4hrend ich meine Kinder zum Fu\u00dfball gefahren habe. Lebensver\u00e4ndernd!\u201d<\/em>\u00a0\u2014\u00a0<strong>Lisa M., Mama-Unternehmerin<\/strong><\/span><\/p>\n<h4><span style=\"font-family: helvetica, arial, sans-serif;\"><strong><br \/>\nIhre risikofreie Chance (denn wir sind keine Betr\u00fcger mit Kapuzen)<\/strong><\/span><\/h4>\n<p><span style=\"font-family: helvetica, arial, sans-serif;\">Versuchen Sie die\u00a0<em>Content Marketing Blueprint Video Upgrade<\/em>\u00a0f\u00fcr\u00a0<strong>30 Tage<\/strong>. Wenn Sie von Ihren Fortschritten nicht besessen sind - wenn Ihr Traffic nicht in die H\u00f6he geschnellt ist, Ihre E-Mails nicht konvertieren oder Sie immer noch von SEO verwirrt sind - schicken Sie uns eine E-Mail. Wir erstatten Ihnen jeden Penny zur\u00fcck, ohne Fragen zu stellen.<\/span><\/p>\n<p><span style=\"font-family: helvetica, arial, sans-serif;\"><strong>Aber jetzt kommt der Knackpunkt<\/strong>: Im Moment erhalten Sie <strong>40% AUS<\/strong>\u00a0den regul\u00e4ren Preis\u00a0<em>plus<\/em>\u00a0kostenlose Boni im Wert von $297. Dieses Angebot ist nicht nur gut - es ist \u201cwarum zum Teufel habe ich noch nicht geklickt?\u201d Ebenen des Wahnsinns.<\/span><\/p>\n<p><span style=\"font-family: helvetica, arial, sans-serif;\"><strong><br \/>\nSie lieben unser Produkt? Behalten Sie es nicht f\u00fcr sich - teilen Sie es mit Freunden und Familie!<\/strong><\/span><br \/>\n<span style=\"font-family: helvetica, arial, sans-serif;\">Verbreiten Sie die Nachricht, und lassen Sie uns gemeinsam noch mehr Herzen inspirieren. Klicken Sie auf die soziale Schaltfl\u00e4che unten und \u2018TEILEN\u2019, um etwas zu bewirken! #SpreadTheLove #MakeAnImpact<\/span><\/p>\n<p><span style=\"font-family: helvetica, arial, sans-serif;\"><strong><br \/>\nPS.<\/strong> Z\u00f6gern Sie noch? Stellen Sie sich Folgendes vor: In einem Jahr k\u00f6nnten Sie derjenige sein, der einen Erfahrungsbericht dar\u00fcber schreibt, wie dieses Konzept Ihr Unternehmen ver\u00e4ndert hat. Oder... du k\u00f6nntest damit besch\u00e4ftigt sein, einen weiteren 50-seitigen Leitfaden zu lesen. Du bist am Zug \ud83d\ude09 .<\/span><\/p>\n<p>&nbsp;<\/p>","protected":false},"excerpt":{"rendered":"<h4><span style=\"font-family: helvetica, arial, sans-serif;\"><strong><br \/>\n\ud83d\ude80 Content Marketing Blueprint Video Upgrade: Ihre Abk\u00fcrzung zu Autorit\u00e4t und explosivem Wachstum!<\/strong><\/span><\/h4>\n<p><span style=\"font-family: helvetica, arial, sans-serif;\"><br \/>\nHaben Sie es satt zu raten, wie Sie Inhalte zu Geld machen k\u00f6nnen? Die <strong>Content Marketing Blueprint Video Upgrade<\/strong>\u00a0spart sich die Floskeln und zeigt Ihnen\u00a0<em>genau<\/em>\u00a0wie Sie ein treues Publikum aufbauen, SEO dominieren und den Umsatz in die H\u00f6he treiben k\u00f6nnen - selbst wenn Sie bei Null anfangen!<\/span><\/p>\n<ul>\n<li><span style=\"font-family: helvetica, arial, sans-serif;\">\u2705\u00a0<strong>Sofortige Klarheit<\/strong>: In 10 HD-Videos werden komplexe Strategien in mundgerechte Schritte zerlegt.<\/span><\/li>\n<li><span style=\"font-family: helvetica, arial, sans-serif;\">\u2705\u00a0<strong>Vermeiden Sie \u201cOops\u201d-Momente<\/strong>: Verpassen Sie nie ein wichtiges Detail (wir heben hervor, was die meisten Reisef\u00fchrer ignorieren!).<\/span><\/li>\n<li><span style=\"font-family: helvetica, arial, sans-serif;\">\u2705\u00a0<strong>Passive Einkommensmaschine<\/strong>: Binden Sie Ihre Affiliate-Links ein und sehen Sie zu, wie die Provisionen flie\u00dfen.<\/span><\/li>\n<li><span style=\"font-family: helvetica, arial, sans-serif;\">\u2705\u00a0<strong>Aufgeladene SEO<\/strong>: Zielen Sie auf die Schl\u00fcsselw\u00f6rter \u201cMarketing\u201d und \u201cBlaupause\u201d, um Ihre Konkurrenten auszustechen.<\/span><\/li>\n<li><span style=\"font-family: helvetica, arial, sans-serif;\">\u2705\u00a0<strong>Kl\u00fcger arbeiten<\/strong>: Mit den MP3-Boni k\u00f6nnen Sie beim Autofahren, Kochen oder Entspannen lernen!<\/span><\/li>\n<\/ul>\n<p><span style=\"font-family: helvetica, arial, sans-serif;\"><strong>\ud83d\udd25 Top-Angebot<\/strong>: Greifen <strong>40% AUS<\/strong>\u00a0+ a\u00a0<strong>kostenloses MP3-Paket<\/strong>\u00a0- aber beeilen Sie sich, dieser Preis verschwindet bald!<\/span><\/p>","protected":false},"featured_media":9632,"comment_status":"open","ping_status":"closed","template":"","meta":{"rs_blank_template":"","rs_page_bg_color":"","slide_template_v7":""},"etheme_brands":[],"product_brand":[],"product_cat":[79,267,43,72,47],"product_tag":[245,243,241,244,242],"class_list":{"0":"post-9620","1":"product","2":"type-product","3":"status-publish","4":"has-post-thumbnail","6":"product_cat-audio-music","7":"product_cat-buy-1-get-1","8":"product_cat-publication","9":"product_cat-tutorials-courses","10":"product_cat-video","11":"product_tag-affiliate-monetization-training","12":"product_tag-authority-building-course","13":"product_tag-content-marketing-mastery","14":"product_tag-digital-marketing-video-guide","15":"product_tag-seo-blueprint-strategy","16":"product_shipping_class-free-shipping","18":"first","19":"instock","20":"sale","21":"downloadable","22":"purchasable","23":"product-type-simple"},"bundled_by":[],"bundle_stock_status":"instock","bundle_stock_quantity":null,"bundle_virtual":false,"bundle_layout":"","bundle_add_to_cart_form_location":"","bundle_editable_in_cart":false,"bundle_sold_individually_context":"","bundle_item_grouping":"","bundle_min_size":"","bundle_max_size":"","bundle_price":[],"bundled_items":[],"bundle_sell_ids":[],"group_of_quantity":0,"min_quantity":1,"max_quantity":"","exclude_order_quantity_value_rules":"no","exclude_category_quantity_rules":"no","combine_variations":"no","exclude_global_add_ons":[],"addons":[],"_links":{"self":[{"href":"https:\/\/dealpify.com\/de\/wp-json\/wp\/v2\/product\/9620","targetHints":{"allow":["GET"]}}],"collection":[{"href":"https:\/\/dealpify.com\/de\/wp-json\/wp\/v2\/product"}],"about":[{"href":"https:\/\/dealpify.com\/de\/wp-json\/wp\/v2\/types\/product"}],"replies":[{"embeddable":true,"href":"https:\/\/dealpify.com\/de\/wp-json\/wp\/v2\/comments?post=9620"}],"version-history":[{"count":5,"href":"https:\/\/dealpify.com\/de\/wp-json\/wp\/v2\/product\/9620\/revisions"}],"predecessor-version":[{"id":9633,"href":"https:\/\/dealpify.com\/de\/wp-json\/wp\/v2\/product\/9620\/revisions\/9633"}],"wp:featuredmedia":[{"embeddable":true,"href":"https:\/\/dealpify.com\/de\/wp-json\/wp\/v2\/media\/9632"}],"wp:attachment":[{"href":"https:\/\/dealpify.com\/de\/wp-json\/wp\/v2\/media?parent=9620"}],"wp:term":[{"taxonomy":"brand","embeddable":true,"href":"https:\/\/dealpify.com\/de\/wp-json\/wp\/v2\/etheme_brands?post=9620"},{"taxonomy":"product_brand","embeddable":true,"href":"https:\/\/dealpify.com\/de\/wp-json\/wp\/v2\/product_brand?post=9620"},{"taxonomy":"product_cat","embeddable":true,"href":"https:\/\/dealpify.com\/de\/wp-json\/wp\/v2\/product_cat?post=9620"},{"taxonomy":"product_tag","embeddable":true,"href":"https:\/\/dealpify.com\/de\/wp-json\/wp\/v2\/product_tag?post=9620"}],"curies":[{"name":"wp","href":"https:\/\/api.w.org\/{rel}","templated":true}]}}