{"id":9490,"date":"2024-01-02T21:01:55","date_gmt":"2024-01-02T13:01:55","guid":{"rendered":"https:\/\/dealpify.com\/?post_type=product&#038;p=9490"},"modified":"2025-06-18T20:41:50","modified_gmt":"2025-06-18T12:41:50","slug":"zielsetzung-video-site-builder-software","status":"publish","type":"product","link":"https:\/\/dealpify.com\/de\/product\/zielsetzung-video-site-builder-software\/","title":{"rendered":"Goal Setting Video Site Builder Software: Erstellen Sie eine 7-stellige Video-Website in 120 Sekunden"},"content":{"rendered":"<h4><span style=\"font-family: helvetica, arial, sans-serif;\"><strong><br \/>\n\ud83d\ude80 Goal Setting Video Site Builder Software: Build a 7-Figure Video Website in 120 Seconds \ud83d\ude80<br \/>\n<\/strong><\/span><\/h4>\n<p><span style=\"font-family: helvetica, arial, sans-serif;\">Bringen wir es auf den Punkt: Sie wollen eine\u00a0<strong>videobasiertes Gesch\u00e4ft<\/strong>\u00a0die Geld druckt, w\u00e4hrend Sie schlafen. Aber im Moment steckst du fest. Vielleicht haben Sie es mit YouTube versucht, nur um zu sehen, dass Ihre hart verdienten Aufrufe nur ein paar Cent wert sind. Oder vielleicht haben Sie sich mit Website-Bauk\u00e4sten herumgeschlagen, die Programmierkenntnisse, SEO-Hacks und endlose Stunden des Optimierens erfordern. Kommt Ihnen das bekannt vor?<\/span><\/p>\n<p><span style=\"font-family: helvetica, arial, sans-serif;\"><strong>Das ist die Wahrheit<\/strong>: Aufbau einer profitablen Video-Website\u00a0<em>sollte nicht<\/em>\u00a0f\u00fchlen sich an, als w\u00fcrde man einen Rubik's Cube mit verbundenen Augen l\u00f6sen. Aber die meisten Tools? Sie sind f\u00fcr Technikfreaks gedacht, nicht f\u00fcr echte Menschen. Der Algorithmus von YouTube \u00e4ndert sich wie das Wetter, und \u201cSEO-freundliche\u201d Plattformen? Das sind nur verherrlichte Vorlagen, die Ihnen doppelte Inhalte liefern, die Google ignoriert.<\/span><\/p>\n<p><span style=\"font-family: helvetica, arial, sans-serif;\"><strong>Aber wissen Sie was?<\/strong><\/span><br \/>\n<span style=\"font-family: helvetica, arial, sans-serif;\">Der\u00a0<em>Zielvorgabe Video Site Builder Software<\/em>\u00a0ist dein\u00a0<strong>Abk\u00fcrzung zu einem 6-stelligen Video-Imperium<\/strong>-keine technischen Kenntnisse, kein Warten und NULL R\u00e4tselraten. Das ist keine Magie, das ist intelligente Arbeit. Schauen wir uns das mal an:<\/span><\/p>\n<h4><span style=\"font-family: helvetica, arial, sans-serif;\"><strong><br \/>\nWie es funktioniert (in einfachem Englisch): Kein Doktortitel erforderlich!<\/strong><\/span><\/h4>\n<ol start=\"1\">\n<li><span style=\"font-family: helvetica, arial, sans-serif;\"><strong>Klicken Sie auf die Software<\/strong>: \u00d6ffnen Sie es. Keine Downloads, keine verwirrenden Installationen. Nur eine einfache Schnittstelle, die sogar Ihre Oma bedienen k\u00f6nnte.<\/span><\/li>\n<li><span style=\"font-family: helvetica, arial, sans-serif;\"><strong>F\u00fcllen Sie 3 L\u00fccken aus<\/strong>:<\/span>\n<ul>\n<li><span style=\"font-family: helvetica, arial, sans-serif;\"><strong>Ihr Name<\/strong>: Setzen Sie es in die Kopfzeile, um Ihre Website zu kennzeichnen.<\/span><\/li>\n<li><span style=\"font-family: helvetica, arial, sans-serif;\"><strong>Adsense\/Amazon-IDs<\/strong>: F\u00fcgen Sie sie einmal ein. Die Software erledigt den Rest, das Verputzen\u00a0<em>dein<\/em>\u00a0Anzeigen auf jeder Videoseite.<\/span><\/li>\n<li><span style=\"font-family: helvetica, arial, sans-serif;\"><strong>Schl\u00fcsselwort<\/strong>: Geben Sie eine Nische wie \u201cSelbsthilfe\u201d oder \u201cFitness\u201d ein. Das Tool durchsucht YouTube nach den\u00a0<strong>120+ die meisten viralen Videos<\/strong>\u00a0in Ihrer Nische.<\/span><\/li>\n<\/ul>\n<\/li>\n<li><span style=\"font-family: helvetica, arial, sans-serif;\"><strong>Klicken Sie auf \u201cBauen\u201d.\u201d<\/strong>: Bumm! In nur 2 Minuten ist Ihre Website automatisch generiert:<\/span>\n<ul>\n<li><span style=\"font-family: helvetica, arial, sans-serif;\"><strong>120+ Video-Seiten<\/strong>\u00a0mit Miniaturansichten, Titeln und Beschreibungen.<\/span><\/li>\n<li><span style=\"font-family: helvetica, arial, sans-serif;\"><strong>Einzigartige Artikel<\/strong>\u00a0aus 20 privaten PLR-Beitr\u00e4gen zusammengestellt (keine Strafen f\u00fcr doppelte Inhalte!).<\/span><\/li>\n<li><span style=\"font-family: helvetica, arial, sans-serif;\"><strong>Adsense + Amazon-Anzeigenpl\u00e4tze<\/strong>\u00a0bereit, Ihnen Provisionen zu bringen.<\/span><\/li>\n<li><span style=\"font-family: helvetica, arial, sans-serif;\"><strong>SEO-freundliche Querverlinkungen<\/strong>\u00a0die Googles Bots sabbern lassen.<\/span><\/li>\n<\/ul>\n<\/li>\n<\/ol>\n<h4><span style=\"font-family: helvetica, arial, sans-serif;\"><strong><br \/>\nWarum dies nicht nur ein \u201cweiterer Website-Builder\u201d ist (Spoiler: Es ist eine Geldmaschine)<\/strong><\/span><\/h4>\n<h4><span style=\"font-family: helvetica, arial, sans-serif; font-size: 11.5pt;\">\ud83d\udcb8\u00a0<strong>Adsense &amp; Amazon-Anzeigen auf Autopilot<\/strong><\/span><\/h4>\n<p><span style=\"font-family: helvetica, arial, sans-serif;\">Vergessen Sie das Betteln um Klicks. Sobald Sie Ihre IDs eingegeben haben, wird jede Videoseite ein\u00a0<strong>24\/7-Verk\u00e4ufer<\/strong>. Adsense zeigt kontextbezogene Anzeigen an ($$$), w\u00e4hrend Amazon f\u00fcr Produkte wirbt, die mit Ihren Videos zusammenh\u00e4ngen (<em>Cha-ching!<\/em>). Noch besser: Tauschen Sie Adsense gegen\u00a0<strong>Partner-Links<\/strong>\u00a0in Sekundenschnelle. Verkaufen Sie Keto-Erg\u00e4nzungen? Erziehungskurse? Bearbeiten Sie einfach eine Textdatei - ohne Kodierung!<\/span><\/p>\n<h4><span style=\"font-family: helvetica, arial, sans-serif; font-size: 11.5pt;\">\ud83d\udd0d\u00a0<strong>SEO, das Google BRAUCHT<\/strong><\/span><\/h4>\n<p><span style=\"font-family: helvetica, arial, sans-serif;\">Die meisten Ersteller von Videoseiten sind faul. Sie kopieren die Beschreibungen von YouTube und lassen Sie mit Inhalten zur\u00fcck, die Google als \u201cdoppelt\u201d (auch unsichtbar) einstuft. Unsere Software? Sie ist eine\u00a0<strong>zufriedener K\u00fcchenchef<\/strong>. Es vereint 20 private Artikel in\u00a0<em>einzigartig<\/em>\u00a0Textschnipsel f\u00fcr jede Videoseite. Das Ergebnis? Google stuft Sie h\u00f6her ein, der Verkehr str\u00f6mt herein, und die Konkurrenten schreien in ihre Tastaturen.<\/span><\/p>\n<h4><span style=\"font-family: helvetica, arial, sans-serif; font-size: 11.5pt;\">\u270f\ufe0f\u00a0<strong>Bearbeitbar wie ein Word-Dokument<\/strong><\/span><\/h4>\n<p><span style=\"font-family: helvetica, arial, sans-serif;\">Hassen Sie Begriffe wie \u201cCSS\u201d, \u201cHTML\u201d oder \u201cdiv class\u201d? Auch nicht. Deshalb k\u00f6nnen Sie die\u00a0<em>alles<\/em>-Kopfzeilen, Farben, Anzeigenlayouts - in einem <strong>einfache Textdatei<\/strong>. \u00c4ndern Sie in 10 Sekunden \u201cMotivationsvideos\u201d in \u201cTipps zum Reichwerden\u201d. Kein technisches Kopfzerbrechen, keine Einstellung von Entwicklern.<\/span><\/p>\n<h4><span style=\"font-family: helvetica, arial, sans-serif;\"><strong><br \/>\nErgebnisse aus dem wirklichen Leben (von Benutzern wie Ihnen!)<\/strong><\/span><\/h4>\n<h4><span style=\"font-family: helvetica, arial, sans-serif; font-size: 11.5pt;\">\ud83c\udfc6\u00a0<strong>Sarah, 34: Von Broke Blogger zu $3k\/Monat passiv<\/strong><\/span><\/h4>\n<p><span style=\"font-family: helvetica, arial, sans-serif;\">\u201cIch habe an einem Tag 10 Websites erstellt. Eine war innerhalb eines Monats auf Platz #1 f\u00fcr \u2018Motivationsvideos\u2019. Jetzt bringt sie $3k\/Monat allein durch Adsense ein. Ich \u00fcberpr\u00fcfe buchst\u00e4blich meine Einnahmen, w\u00e4hrend ich am Strand Margaritas schl\u00fcrfe.\u201d<\/span><\/p>\n<h4><span style=\"font-family: helvetica, arial, sans-serif; font-size: 11.5pt;\">\ud83d\udd7a\u00a0<strong>Mike, 28: Ersetzte sein 9-to-5 in 3 Monaten<\/strong><\/span><\/h4>\n<p><span style=\"font-family: helvetica, arial, sans-serif;\">\u201cIch folgte dem Leitfaden \u2018Finanznische\u2019, integrierte Affiliate-Links f\u00fcr Investitionskurse und BOOM-$8k im dritten Monat. Habe meinen Job gek\u00fcndigt, und jetzt sehen mich meine Kinder tats\u00e4chlich beim Abendessen. Unbezahlbar.\u201d<\/span><\/p>\n<h4><span style=\"font-family: helvetica, arial, sans-serif;\"><strong><br \/>\nAber Moment - es gibt einen Haken...<\/strong><\/span><\/h4>\n<p><span style=\"font-family: helvetica, arial, sans-serif;\">Dies ist nichts f\u00fcr Tagtr\u00e4umer, die schnell reich werden wollen. Das m\u00fcssen Sie tun:<\/span><\/p>\n<ol start=\"1\">\n<li><span style=\"font-family: helvetica, arial, sans-serif;\"><strong>Hochladen der Website<\/strong>: Verwenden Sie kostenlose Tools wie FileZilla (wir senden Ihnen eine Anleitung zu).<\/span><\/li>\n<li><span style=\"font-family: helvetica, arial, sans-serif;\"><strong>W\u00e4hlen Sie eine Nische<\/strong>: Selbsthilfe, Fitness, Finanzen - gehen Sie dorthin, wo das Geld flie\u00dft. (Profi-Tipp: \u201cOnline-Geld verdienen\u201d-Videos konvertieren wie VERR\u00dcCKT).<\/span><\/li>\n<li><span style=\"font-family: helvetica, arial, sans-serif;\"><strong>Lass es laufen<\/strong>: Adsense + Amazon \u00fcbernehmen die schwere Arbeit. \u00dcberpr\u00fcfen Sie die Einnahmen monatlich, optimieren Sie die Schl\u00fcsselw\u00f6rter und bauen Sie die Seiten f\u00fcr frische Inhalte um.<\/span><\/li>\n<\/ol>\n<h4><span style=\"font-family: helvetica, arial, sans-serif;\"><strong><br \/>\nFAQs (Weil wir Ihre Gedanken lesen)<\/strong><\/span><\/h4>\n<h4><span style=\"font-family: helvetica, arial, sans-serif; font-size: 11.5pt;\">\u2753 \u201cWas, wenn ich keinen Webhoster habe?\u201d<\/span><\/h4>\n<p><span style=\"font-family: helvetica, arial, sans-serif;\">Nutzen Sie kostenlose Testversionen wie Bluehost (wir erkl\u00e4ren es Ihnen). Gesamtkosten? Weniger als ein Milchkaffee bei Starbucks.<\/span><\/p>\n<h4><span style=\"font-family: helvetica, arial, sans-serif; font-size: 11.5pt;\">\u2753 \u201cKann ich die Videos sp\u00e4ter \u00e4ndern?\u201d<\/span><\/h4>\n<p><span style=\"font-family: helvetica, arial, sans-serif;\">Ihre Website neu aufbauen\u00a0<em>Jederzeit<\/em>. Neue Videos werden automatisch geladen, damit Ihre Inhalte frischer sind als ein TikTok-Trend.<\/span><\/p>\n<h4><span style=\"font-family: helvetica, arial, sans-serif; font-size: 11.5pt;\">\u2753 \u201cWo ist der Haken?\u201d<\/span><\/h4>\n<p><span style=\"font-family: helvetica, arial, sans-serif;\">Wir profitieren, wenn SIE es tun. Unser Team ist besessen von Updates, SEO-Tricks und neuen Funktionen - damit Sie vorne bleiben.<\/span><\/p>\n<h4><span style=\"font-family: helvetica, arial, sans-serif;\"><strong><br \/>\n\ud83d\udea8 Achtung: YouTube hat gerade die Werbeeinnahmen gesenkt... schon wieder<\/strong><\/span><\/h4>\n<p><span style=\"font-family: helvetica, arial, sans-serif;\">Letzte Woche hat YouTube im Stillen die Geb\u00fchren f\u00fcr Urheber gesenkt.<em>wieder<\/em>. Aber Ihre Videoseite? <strong>immun.<\/strong>\u00a0Sie kontrollieren die Anzeigen, den Verkehr und die Gewinne. Keine Algorithmus-Bosse. Keine Demonetisierung. Nur reines, passives Einkommen.<\/span><\/p>\n<p><span style=\"font-family: helvetica, arial, sans-serif;\"><strong><br \/>\nGef\u00e4llt Ihnen unser Produkt? <\/strong>Behalten Sie es nicht f\u00fcr sich - teilen Sie es mit Freunden und Familie! Verbreiten Sie die Nachricht, und lassen Sie uns gemeinsam noch mehr Herzen inspirieren. Klicken Sie auf die soziale Schaltfl\u00e4che unten und\u00a0<strong>\u2018&#039;AKTIE&#039;\u2019<\/strong>\u00a0Um etwas zu bewirken! #SpreadTheLove #MakeAnImpact<\/span><\/p>\n<p>&nbsp;<\/p>","protected":false},"excerpt":{"rendered":"<h4><span style=\"font-family: helvetica, arial, sans-serif;\"><strong><br \/>\n\ud83d\udd25 Warum Ihre Videoseiten floppen (und wie Sie die Gewinne in 2 Minuten in die H\u00f6he treiben!) \ud83d\udd25<\/strong><\/span><\/h4>\n<p><span style=\"font-family: helvetica, arial, sans-serif;\"><br \/>\nSeien wir ehrlich: Wenn Ihre Video-Website kein passives Einkommen einbringt oder bei Google nicht gut platziert ist, entgehen Ihnen folgende Vorteile <strong>leichtes Geld<\/strong>. Unser\u00a0<em>Zielvorgabe Video Site Builder Software<\/em>\u00a0ist Ihre Abk\u00fcrzung zu:<\/span><\/p>\n<ul>\n<li><span style=\"font-family: helvetica, arial, sans-serif;\">\ud83d\ude80\u00a0<strong>Schneller starten<\/strong>: Erstellen Sie eine geldbringende Video-Website in\u00a0<strong>2 Minuten<\/strong>-Null Kodierung, null Stress.<\/span><\/li>\n<li><span style=\"font-family: helvetica, arial, sans-serif;\">\ud83d\udd04\u00a0<strong>Autopilot-Inhalt<\/strong>: 120+ aktuelle Videos werden st\u00fcndlich automatisch geladen (Google liebt frische Seiten!).<\/span><\/li>\n<li><span style=\"font-family: helvetica, arial, sans-serif;\">\ud83d\udcb0\u00a0<strong>Bargeldflut<\/strong>: Adsense + Amazon-Anzeigen auf jeder Seite einbetten - verdienen Sie im Schlaf.<\/span><\/li>\n<li><span style=\"font-family: helvetica, arial, sans-serif;\">\ud83d\udcc8\u00a0<strong>SEO-Dominanz<\/strong>: Einzigartige Artikel + Cross-Linking lassen die Rankings der Konkurrenten sinken.<\/span><\/li>\n<li><span style=\"font-family: helvetica, arial, sans-serif;\">\ud83c\udfaf\u00a0<strong>Bearbeiten wie ein Profi<\/strong>: Passen Sie Kopfzeilen, Farben und Anzeigen in einfachem Englisch an (kein HTML-Albtraum!).<\/span><\/li>\n<\/ul>\n<p><span style=\"font-family: helvetica, arial, sans-serif;\">\ud83d\udca1\u00a0<strong>Echte Ergebnisse, kein Hype<\/strong>:<\/span><br \/>\n<span style=\"font-family: helvetica, arial, sans-serif;\"><em>\u201cIch habe 10 Websites an einem Tag erstellt - eine rangiert #1 f\u00fcr \u2018Motivationsvideos\u2019 und verdient $3k\/Monat PASSIV!\u201d<\/em><\/span><br \/>\n<span style=\"font-family: helvetica, arial, sans-serif;\">\u2013\u00a0<strong>Sarah, 34<\/strong>, Ehemaliger erfolgloser Blogger<\/span><\/p>\n<p><span style=\"font-family: helvetica, arial, sans-serif;\">\ud83d\udea8\u00a0<strong>Seien Sie nicht der Letzte, der es erf\u00e4hrt<\/strong>: YouTube hat gerade wieder die Werbeeinnahmen gek\u00fcrzt.\u00a0<em>Ihr<\/em>\u00a0Video-Website?\u00a0<strong>Unempfindlich. Profitabel. Deins.<\/strong><\/span><\/p>","protected":false},"featured_media":9493,"comment_status":"open","ping_status":"closed","template":"","meta":{"rs_blank_template":"","rs_page_bg_color":"","slide_template_v7":""},"etheme_brands":[],"product_brand":[],"product_cat":[132,291,42],"product_tag":[214,216,213,215,212],"class_list":{"0":"post-9490","1":"product","2":"type-product","3":"status-publish","4":"has-post-thumbnail","6":"product_cat-software-scripts","7":"product_cat-70-off","8":"product_cat-digital-software","9":"product_tag-adsense-monetization","10":"product_tag-automated-website-software","11":"product_tag-passive-income-tools","12":"product_tag-seo-video-content","13":"product_tag-video-site-builder","14":"product_shipping_class-free-shipping","16":"first","17":"instock","18":"sale","19":"downloadable","20":"purchasable","21":"product-type-simple"},"bundled_by":[],"bundle_stock_status":"instock","bundle_stock_quantity":null,"bundle_virtual":false,"bundle_layout":"","bundle_add_to_cart_form_location":"","bundle_editable_in_cart":false,"bundle_sold_individually_context":"","bundle_item_grouping":"","bundle_min_size":"","bundle_max_size":"","bundle_price":[],"bundled_items":[],"bundle_sell_ids":[],"group_of_quantity":0,"min_quantity":1,"max_quantity":"","exclude_order_quantity_value_rules":"no","exclude_category_quantity_rules":"no","combine_variations":"no","exclude_global_add_ons":[],"addons":[],"_links":{"self":[{"href":"https:\/\/dealpify.com\/de\/wp-json\/wp\/v2\/product\/9490","targetHints":{"allow":["GET"]}}],"collection":[{"href":"https:\/\/dealpify.com\/de\/wp-json\/wp\/v2\/product"}],"about":[{"href":"https:\/\/dealpify.com\/de\/wp-json\/wp\/v2\/types\/product"}],"replies":[{"embeddable":true,"href":"https:\/\/dealpify.com\/de\/wp-json\/wp\/v2\/comments?post=9490"}],"version-history":[{"count":13,"href":"https:\/\/dealpify.com\/de\/wp-json\/wp\/v2\/product\/9490\/revisions"}],"predecessor-version":[{"id":9495,"href":"https:\/\/dealpify.com\/de\/wp-json\/wp\/v2\/product\/9490\/revisions\/9495"}],"wp:featuredmedia":[{"embeddable":true,"href":"https:\/\/dealpify.com\/de\/wp-json\/wp\/v2\/media\/9493"}],"wp:attachment":[{"href":"https:\/\/dealpify.com\/de\/wp-json\/wp\/v2\/media?parent=9490"}],"wp:term":[{"taxonomy":"brand","embeddable":true,"href":"https:\/\/dealpify.com\/de\/wp-json\/wp\/v2\/etheme_brands?post=9490"},{"taxonomy":"product_brand","embeddable":true,"href":"https:\/\/dealpify.com\/de\/wp-json\/wp\/v2\/product_brand?post=9490"},{"taxonomy":"product_cat","embeddable":true,"href":"https:\/\/dealpify.com\/de\/wp-json\/wp\/v2\/product_cat?post=9490"},{"taxonomy":"product_tag","embeddable":true,"href":"https:\/\/dealpify.com\/de\/wp-json\/wp\/v2\/product_tag?post=9490"}],"curies":[{"name":"wp","href":"https:\/\/api.w.org\/{rel}","templated":true}]}}