{"id":9475,"date":"2024-01-19T14:49:40","date_gmt":"2024-01-19T06:49:40","guid":{"rendered":"https:\/\/dealpify.com\/?post_type=product&#038;p=9475"},"modified":"2025-06-18T17:35:46","modified_gmt":"2025-06-18T09:35:46","slug":"instagram-stories-goldgrube","status":"publish","type":"product","link":"https:\/\/dealpify.com\/de\/product\/instagram-stories-goldgrube\/","title":{"rendered":"Instagram Stories Goldmine: 4 Taktiken, um Fans zu K\u00e4ufern zu machen"},"content":{"rendered":"<h4><span style=\"font-family: helvetica, arial, sans-serif;\"><strong><br \/>\n\ud83d\ude80 Instagram Stories: Dein direkter Weg zum Erfolg\u00a0<em>Go-To<\/em> Marke des Jahres \ud83d\ude80<br \/>\n<\/strong><\/span><\/h4>\n<p><span style=\"font-family: helvetica, arial, sans-serif;\"><em>Dominiere Instagram Stories mit unserem 7-teiligen Leitfaden: virale Vorlagen, Swipe-up-Skripte und Hashtag-Tricks, um Zuschauer in K\u00e4ufer zu verwandeln. Perfekt f\u00fcr Marken, die dieses Jahr ganz nach oben wollen!<\/em><\/span><\/p>\n<p>Mal ehrlich: Instagram besteht l\u00e4ngst nicht mehr nur aus Selfies und Latte Art.\u00a0<strong>500 Millionen t\u00e4gliche Nutzer<\/strong>\u00a0Sie kleben an Stories (und 58% von ihnen geben zu, dass sie Stories checken).\u00a0<em>vor<\/em>\u00a0(ihren Feed), das ist Ihr\u00a0<strong>letzte Chance<\/strong>\u00a0Um ihre Aufmerksamkeit zu erregen, bevor es die Konkurrenz tut. Betrachten Sie Instagram Stories als Ihre 24\/7-Werbetafel \u2013 nur dass sie kostenlos, interaktiv und \u2026\u00a0<em>algorithmisch gesegnet<\/em>\u00a0Um genau die Zielgruppe zu erreichen, die Sie erreichen m\u00f6chten. Aber jetzt kommt der Clou:\u00a0<strong>301 % der Kleinunternehmen nutzen Stories immer noch nicht.<\/strong>. Das ist deine Chance, die Oberhand zu gewinnen.<\/p>\n<h4><span style=\"font-family: helvetica, arial, sans-serif;\"><strong><br \/>\nHier ist das Problem<\/strong><\/span><\/h4>\n<p><span style=\"font-family: helvetica, arial, sans-serif;\">Du investierst Stunden in Instagram Stories, aber\u2026<\/span><\/p>\n<ul>\n<li><span style=\"font-family: helvetica, arial, sans-serif;\">\u274c\u00a0<strong>Beitr\u00e4ge verschwinden nach 24 Stunden.<\/strong>\u00a0(Als ob Ihre M\u00fche nie stattgefunden h\u00e4tte). Sie erstellen die perfekte Story, nur um sie im digitalen Nichts verschwinden zu lassen. W\u00e4hrenddessen nutzen Konkurrenten\u00a0<em>Story-Highlights<\/em>\u00a0um fl\u00fcchtige Inhalte in dauerhafte Lead-Magneten zu verwandeln.<\/span><\/li>\n<li><span style=\"font-family: helvetica, arial, sans-serif;\">\u274c\u00a0<strong>Ihre Follower scrollen vorbei, ohne auf Ihren Link zu klicken.<\/strong>. Selbst mit der \u201cSwipe Up\u201d-Funktion werden 921.300 Zuschauer nicht aktiv, es sei denn, Sie\u00a0<em>Kraft<\/em>\u00a0sie zu k\u00fcmmern.<\/span><\/li>\n<li><span style=\"font-family: helvetica, arial, sans-serif;\">\u274c\u00a0<strong>Ich habe absolut keine Ahnung, warum manche Geschichten floppen, w\u00e4hrend andere durchstarten.<\/strong>. Ohne Tracking\u00a0<em>Abschlussquoten<\/em>\u00a0oder\u00a0<em>Durchsteckanschl\u00fcsse<\/em>, Du wirfst Spaghetti an die Wand.<\/span><\/li>\n<\/ul>\n<h4><span style=\"font-family: helvetica, arial, sans-serif;\"><strong><br \/>\nDie L\u00f6sung? Dieser Leitfaden <em>7-teiliges Instagram-Stories-Framework<\/em>\u2014Wird von Top-Influencern genutzt, um monatlich 10.000 US-Dollar im Autopilot-Modus zu verdienen.<\/strong><\/span><\/h4>\n<p><span style=\"font-family: helvetica, arial, sans-serif;\">Dies ist keine weitere Anleitung nach dem Motto \u201cRegelm\u00e4\u00dfig posten und auf das Beste hoffen\u201d. Dies ist ein\u00a0<strong>kampferprobter Entwurf<\/strong>\u00a0Wird von Marken wie @GlowSkincare (die innerhalb von 6 Monaten von 2.000 auf 200.000 Follower wuchsen) und @FitFamJourney (die allein \u00fcber Stories Affiliate-Verk\u00e4ufe im Wert von 1.044.270 US-Dollar erzielten) genutzt.<\/span><\/p>\n<h4><span style=\"font-family: helvetica, arial, sans-serif;\"><strong><br \/>\n<span style=\"font-size: 13pt;\">Kapitel 1: Warum Instagram Stories &gt; Alles andere<\/span><\/strong><\/span><\/h4>\n<ul>\n<li><span style=\"font-family: helvetica, arial, sans-serif;\">\ud83d\udcca\u00a0<strong>Datenbombe<\/strong>Geschichten erhalten\u00a0<strong>4x mehr Aufrufe<\/strong>\u00a0als Feed-Posts (Instagram-Statistiken von 2024) \u2013 weil der Algorithmus\u00a0<em>Belohnungen<\/em>\u00a0H\u00e4ufige Story-Poster mit prominenten Platzierungen im Feed.<\/span><\/li>\n<li><span style=\"font-family: helvetica, arial, sans-serif;\">\ud83e\udde0\u00a0<strong>Gehirnhacke<\/strong>Unser Gehirn verarbeitet Geschichten\u00a0<strong>60% schneller<\/strong>\u00a0als Text (Hallo, Impulsk\u00e4ufe!). Verwenden Sie\u00a0<em>Vollbilddarstellung<\/em>\u00a0und\u00a0<em>fettgedruckter Text<\/em>\u00a0um sofortige Entscheidungen auszul\u00f6sen.<\/span><\/li>\n<li><span style=\"font-family: helvetica, arial, sans-serif;\">\ud83d\udcb8\u00a0<strong>Geldtransfer<\/strong>351.030 Nutzer kontaktieren Marken per Direktnachricht, nachdem sie ein Produkt in den Stories gesehen haben.\u00a0<em>Direktvertrieb<\/em>\u00a0ohne bezahlte Werbung.<\/span><\/li>\n<\/ul>\n<h4><span style=\"font-family: helvetica, arial, sans-serif;\"><strong><br \/>\n<span style=\"font-size: 13pt;\">Kapitel 2: Die 3-Sekunden-Hakenformel<\/span><\/strong><\/span><\/h4>\n<p><span style=\"font-family: helvetica, arial, sans-serif;\">Vergesst die \u201cHallo Leute!\u201d-Begr\u00fc\u00dfungen. Ihr habt\u00a0<strong>3 Sekunden<\/strong>\u00a0um Zuschauer zu\u00a0<em>Mitten im Scrollen einfrieren<\/em>. So geht&#039;s:<\/span><\/p>\n<ul>\n<li><span style=\"font-family: helvetica, arial, sans-serif;\">\ud83c\udfa3\u00a0<strong>Klau die Vorlage \u201cPause &amp; Starren\u201d.<\/strong>Beginnen Sie mit einem\u00a0<em>umstrittene Statistik<\/em>\u00a0(\u201c92% von Geschichten scheitern deswegen\u2026\u201d), gefolgt von einer kurzen Pause mit einem\u00a0<em>schockierendes Bild<\/em>\u00a0(z. B. eine brennende Uhr als Zeichen der Dringlichkeit).<\/span><\/li>\n<li><span style=\"font-family: helvetica, arial, sans-serif;\">\ud83d\udca1\u00a0<strong>Fallstudie<\/strong>@DigitalDreams nutzte in seinen Stories \u201cSchockstatistiken\u201d (\u201cDieser Fehler kostet Sie 1.200 TP4T\/Monat\u201d), um Aufmerksamkeit zu erregen.\u00a0<strong>50.000 Follower in einer Woche<\/strong>. Ihr Geheimnis? Jede Geschichte mit einem\u00a0<em>Teaser<\/em>\u00a0(\u201cSchickt mir eine Direktnachricht mit dem Hinweis &#039;BEWEIS&#039;, dann k\u00f6nnen wir das Problem beheben.\u2018).<\/span><\/li>\n<\/ul>\n<h4><span style=\"font-family: helvetica, arial, sans-serif;\"><strong><br \/>\n<span style=\"font-size: 13pt;\">Kapitel 3: Hashtag-Tricks f\u00fcr explosive Reichweite<\/span><\/strong><\/span><\/h4>\n<ul>\n<li><span style=\"font-family: helvetica, arial, sans-serif;\">\ud83d\udd11\u00a0<strong>Der verbotene Trick<\/strong>: F\u00fcge 15 Hashtags hinzu\u00a0<em>EIN Aufkleber<\/em>\u00a0(Ohne dass es wie Spam wirkt). Verwende eine Mischung aus Nischen-Tags (#MompreneurHustle) und Trend-Tags (#Viral2024), verkleinere dann den Sticker auf Stecknadelkopfgr\u00f6\u00dfe und verstecke ihn hinter einem Emoji.<\/span><\/li>\n<li><span style=\"font-family: helvetica, arial, sans-serif;\">\ud83d\udcc8\u00a0<strong>Ergebnisse<\/strong>Sarah, eine 23-j\u00e4hrige Mutter und Unternehmerin, steigerte die Aufrufe ihrer Story.\u00a0<strong>von 200 auf 27.000 \u00fcber Nacht<\/strong> Sie nutzte diesen Trick. Ihre Direktnachrichten wurden mit Nachrichten wie \u201cWie hast du das gemacht?!\u201d \u00fcberschwemmt \u2013 die sie in ein Coaching-Angebot im Wert von $497 umwandelte.<\/span><\/li>\n<\/ul>\n<h4><span style=\"font-family: helvetica, arial, sans-serif;\"><strong><br \/>\n<span style=\"font-size: 13pt;\">Kapitel 4: Die \u201cSwipe-Up\u201d-Geldskripte<\/span><\/strong><\/span><\/h4>\n<p><span style=\"font-family: helvetica, arial, sans-serif;\">Selbst mit 10.000 Followern liegt die durchschnittliche Swipe-Up-Rate bei erb\u00e4rmlichen 2%. Abhilfe schaffen:<\/span><\/p>\n<ul>\n<li><span style=\"font-family: helvetica, arial, sans-serif;\">\ud83e\udd11\u00a0<strong>Die \u201cNeugierl\u00fccke\u201d<\/strong>: \u201cWischen Sie, wenn Sie jemals\u2026\u201d + ein nachvollziehbares Problem (z. B. \u201cWischen Sie, wenn Sie jemals $500 f\u00fcr Anzeigen verschwendet haben, die gefloppt sind\u201d).<\/span><\/li>\n<li><span style=\"font-family: helvetica, arial, sans-serif;\">\ud83d\udea8\u00a0<strong>FOMO-Ausl\u00f6ser<\/strong>\u201cNur noch 3 St\u00fcck zu diesem Preis!\u201d\u00a0<em>Live-Countdown<\/em>\u00a0Aufkleber. Fitness-Influencer @GymGuru nutzte diesen, um einen $997-Kurs in 43 Minuten auszuverkaufen.<\/span><\/li>\n<\/ul>\n<h4><span style=\"font-family: helvetica, arial, sans-serif;\"><strong><br \/>\n<span style=\"font-size: 13pt;\">Kapitel 5: Mit Story-Analyse aus Flops Erfolge machen<\/span><\/strong><\/span><\/h4>\n<ul>\n<li><span style=\"font-family: helvetica, arial, sans-serif;\">\ud83d\udd0d\u00a0<strong>Gleis-Abholpunkte<\/strong>Wenn 70% der Zuschauer bei Folie 3 abspringen, ist Ihr Aufh\u00e4nger zu schwach.\u00a0<em>Instagram Insights<\/em>\u00a0um A\/B-Tests f\u00fcr Einleitungen durchzuf\u00fchren.<\/span><\/li>\n<li><span style=\"font-family: helvetica, arial, sans-serif;\">\ud83c\udfaf\u00a0<strong>Heatmap-Taktiken<\/strong>Platzieren Sie anklickbare Sticker (Umfragen, Quizze) in \u201cHotspot\u201d-Bereichen, wo die Betrachter am l\u00e4ngsten hinschauen (normalerweise in der oberen linken Ecke).<\/span><\/li>\n<\/ul>\n<h4><span style=\"font-family: helvetica, arial, sans-serif;\"><strong><br \/>\n<span style=\"font-size: 13pt;\">Kapitel 6: Zeitlose Inhalte mit Story-Highlights<\/span><\/strong><\/span><\/h4>\n<p><span style=\"font-family: helvetica, arial, sans-serif;\">Lass Stories nicht nach 24 Stunden in Vergessenheit geraten. Verwende sie stattdessen f\u00fcr Folgendes:<\/span><\/p>\n<ul>\n<li><span style=\"font-family: helvetica, arial, sans-serif;\">\ud83c\udf1f\u00a0<strong>FAQ-Highlights<\/strong>: Beantwortet h\u00e4ufig gestellte Fragen (spart \u00fcber 30 Direktnachrichten pro Tag).<\/span><\/li>\n<li><span style=\"font-family: helvetica, arial, sans-serif;\">\ud83c\udfc6\u00a0<strong>Testimonial-Videos<\/strong>Kundenerfolge werden mit \u201cVorher &amp; Nachher\u201d-Bildunterschriften dokumentiert. @EcoFashion nutzt dies, um die Produktr\u00fcckgabequote um 601 % zu senken.<\/span><\/li>\n<\/ul>\n<h4><span style=\"font-family: helvetica, arial, sans-serif;\"><strong><br \/>\n<span style=\"font-size: 13pt;\">Kapitel 7: Geld verdienen wie ein Profi<\/span><\/strong><\/span><\/h4>\n<ul>\n<li><span style=\"font-family: helvetica, arial, sans-serif;\">\ud83e\udd1d\u00a0<strong>Affiliate-Links<\/strong>: Betten Sie sie ein in\u00a0<em>\u201cWische, um das genaue Werkzeug zu sehen, das ich benutze.\u201d<\/em>\u00a0Geschichten. Profi-Tipp: Verwenden Sie einen URL-K\u00fcrzer, um den Affiliate-Code zu verbergen.<\/span><\/li>\n<li><span style=\"font-family: helvetica, arial, sans-serif;\">\ud83d\udce6\u00a0<strong>Shoutout-Austausch<\/strong>: Kooperationen mit nicht konkurrierenden Marken eingehen, um Stories gegenseitig zu bewerben (z. B. arbeitet ein Keto-B\u00e4cker mit einem Fitnesstrainer zusammen).<\/span><\/li>\n<\/ul>\n<h4><span style=\"font-family: helvetica, arial, sans-serif;\"><strong><br \/>\n\u201cAber funktioniert das tats\u00e4chlich?\u201d<\/strong><\/span><\/h4>\n<p><span style=\"font-family: helvetica, arial, sans-serif;\">Fragen Sie @TravelTribe, die mithilfe der Swipe-Up-Skripte aus Kapitel 4 \u00fcber Stories 14.000 Gruppenreisen f\u00fcr $14k gebucht haben. Oder @VeganEats, deren \u2019Story Recipe Tutorials\u201c ihnen einen Kochbuchvertrag einbrachten.<\/span><\/p>\n<p><span style=\"font-family: helvetica, arial, sans-serif;\"><strong>Warum das funktioniert<\/strong>:<\/span><\/p>\n<ul>\n<li><span style=\"font-family: helvetica, arial, sans-serif;\">\u2705\u00a0<strong>Probleml\u00f6sung<\/strong>: Behebt\u00a0<em>genau<\/em>\u00a0Warum deine Stories floppen (keine vagen Ratschl\u00e4ge).<\/span><\/li>\n<li><span style=\"font-family: helvetica, arial, sans-serif;\">\u2705\u00a0<strong>Datengest\u00fctzt<\/strong>Die Statistiken und Fallstudien aus dem Jahr 2024 beweisen, dass es sich nicht nur um Theorie handelt.<\/span><\/li>\n<li><span style=\"font-family: helvetica, arial, sans-serif;\">\u2705\u00a0<strong>Handlungsbed\u00fcrftige AF<\/strong>: Vorlagen, Skripte und Hacks einfach kopieren und einf\u00fcgen \u2013 kein R\u00e4tselraten mehr.<\/span><\/li>\n<\/ul>\n<h4><span style=\"font-family: helvetica, arial, sans-serif;\"><strong><br \/>\nBegeistert von unserem Produkt? Teilen Sie die Magie!<\/strong><\/span><\/h4>\n<p><span style=\"font-family: helvetica, arial, sans-serif;\">Behalten Sie diese bahnbrechende Innovation nicht f\u00fcr sich!<strong>Deine Freunde haben es auch verdient, richtig abzur\u00e4umen.<\/strong>Klicken Sie unten auf die Schaltfl\u00e4che \u201eSoziale Medien\u201c und\u00a0<em>AKTIE<\/em>\u00a0Dieser Leitfaden hilft dir dabei, Instagram Stories von einer Zeitfalle in ein praktisches Erlebnis zu verwandeln.\u00a0<strong>Gelddruckmaschine<\/strong>\u00a0f\u00fcr alle.<\/span><\/p>\n<p><span style=\"font-family: helvetica, arial, sans-serif;\">#InstagramStoriesMastery #SocialMediaDomination #ViralStoriesBlueprint #DigitalMarketingWins #StoryHacks2024 #SwipeUpSecrets #FOMOFactory #InstagramGrowthHacks #ContentCreationPros #InfluenceWithStories<\/span><\/p>\n<p>&nbsp;<\/p>","protected":false},"excerpt":{"rendered":"<h4><span style=\"font-family: helvetica, arial, sans-serif;\"><strong><br \/>\n\ud83d\udd25 Warum deine Instagram-Stories floppen (und wie du das f\u00fcr immer \u00e4ndern kannst) \ud83d\udd25<\/strong><\/span><\/h4>\n<p><span style=\"font-family: helvetica, arial, sans-serif;\"><br \/>\nSchluss mit dem Gerede: Wenn deine Instagram-Stories nicht die gew\u00fcnschten Ergebnisse erzielen <em>Mehr als 1.000 Aufrufe<\/em>\u00a0oder\u00a0<em>10% Swipe-Ups<\/em>, Du l\u00e4sst bares Geld liegen.\u00a0 <strong>Instagram Stories<\/strong>\u00a0ist dein\u00a0<strong>goldene Eintrittskarte<\/strong>\u00a0Zu:<\/span><\/p>\n<ul>\n<li><span style=\"font-family: helvetica, arial, sans-serif;\">\ud83e\udd11\u00a0<strong>Erweitere deine Reichweite<\/strong>Nutze die M\u00f6glichkeiten von Instagram\u00a0<em>500 Millionen t\u00e4gliche Nutzer<\/em>\u00a0mit trendigen Vorlagen.<\/span><\/li>\n<li><span style=\"font-family: helvetica, arial, sans-serif;\">\ud83e\udd1d\u00a0<strong>Schnell Vertrauen aufbauen<\/strong>: Geschichten hinter den Kulissen geben den Fans das Gef\u00fchl, VIP-Insider zu sein.<\/span><\/li>\n<li><span style=\"font-family: helvetica, arial, sans-serif;\">\ud83d\udcc8\u00a0<strong>SEO-Power-Move<\/strong>Dominieren die Suchanfragen nach \u201cInstagram Stories\u201d (1,2 Millionen monatliche Google-Suchanfragen!).<\/span><\/li>\n<li><span style=\"font-family: helvetica, arial, sans-serif;\">\ud83d\udea8\u00a0<strong>Dringlichkeitsausl\u00f6ser<\/strong>: Zeitlich begrenzte Angebote, die Follower gewinnen\u00a0<em>Panikklick<\/em>\u00a0zu kaufen.<\/span><\/li>\n<\/ul>\n<p><span style=\"font-family: helvetica, arial, sans-serif;\"><strong>\ud83d\udca1 Echte Ergebnisse in 3 Tagen<\/strong>:<\/span><br \/>\n<span style=\"font-family: helvetica, arial, sans-serif;\">\u201cIch habe diese Swipe-up-Tricks angewendet und innerhalb von 72 Stunden 427 Affiliate-Verk\u00e4ufe erzielt!\u201d \u2013 Sarah T., Fitness-Influencerin<\/span><\/p>","protected":false},"featured_media":9477,"comment_status":"open","ping_status":"closed","template":"","meta":{"rs_blank_template":"","rs_page_bg_color":"","slide_template_v7":""},"etheme_brands":[],"product_brand":[],"product_cat":[43,267,64,72],"product_tag":[],"class_list":{"0":"post-9475","1":"product","2":"type-product","3":"status-publish","4":"has-post-thumbnail","6":"product_cat-publication","7":"product_cat-buy-1-get-1","8":"product_cat-reports","9":"product_cat-tutorials-courses","10":"product_shipping_class-free-shipping","12":"first","13":"instock","14":"sale","15":"downloadable","16":"purchasable","17":"product-type-simple"},"bundled_by":[],"bundle_stock_status":"instock","bundle_stock_quantity":null,"bundle_virtual":false,"bundle_layout":"","bundle_add_to_cart_form_location":"","bundle_editable_in_cart":false,"bundle_sold_individually_context":"","bundle_item_grouping":"","bundle_min_size":"","bundle_max_size":"","bundle_price":[],"bundled_items":[],"bundle_sell_ids":[],"group_of_quantity":0,"min_quantity":1,"max_quantity":"","exclude_order_quantity_value_rules":"no","exclude_category_quantity_rules":"no","combine_variations":"no","exclude_global_add_ons":[],"addons":[],"_links":{"self":[{"href":"https:\/\/dealpify.com\/de\/wp-json\/wp\/v2\/product\/9475","targetHints":{"allow":["GET"]}}],"collection":[{"href":"https:\/\/dealpify.com\/de\/wp-json\/wp\/v2\/product"}],"about":[{"href":"https:\/\/dealpify.com\/de\/wp-json\/wp\/v2\/types\/product"}],"replies":[{"embeddable":true,"href":"https:\/\/dealpify.com\/de\/wp-json\/wp\/v2\/comments?post=9475"}],"version-history":[{"count":2,"href":"https:\/\/dealpify.com\/de\/wp-json\/wp\/v2\/product\/9475\/revisions"}],"predecessor-version":[{"id":9486,"href":"https:\/\/dealpify.com\/de\/wp-json\/wp\/v2\/product\/9475\/revisions\/9486"}],"wp:featuredmedia":[{"embeddable":true,"href":"https:\/\/dealpify.com\/de\/wp-json\/wp\/v2\/media\/9477"}],"wp:attachment":[{"href":"https:\/\/dealpify.com\/de\/wp-json\/wp\/v2\/media?parent=9475"}],"wp:term":[{"taxonomy":"brand","embeddable":true,"href":"https:\/\/dealpify.com\/de\/wp-json\/wp\/v2\/etheme_brands?post=9475"},{"taxonomy":"product_brand","embeddable":true,"href":"https:\/\/dealpify.com\/de\/wp-json\/wp\/v2\/product_brand?post=9475"},{"taxonomy":"product_cat","embeddable":true,"href":"https:\/\/dealpify.com\/de\/wp-json\/wp\/v2\/product_cat?post=9475"},{"taxonomy":"product_tag","embeddable":true,"href":"https:\/\/dealpify.com\/de\/wp-json\/wp\/v2\/product_tag?post=9475"}],"curies":[{"name":"wp","href":"https:\/\/api.w.org\/{rel}","templated":true}]}}