{"id":9398,"date":"2024-01-09T16:58:55","date_gmt":"2024-01-09T08:58:55","guid":{"rendered":"https:\/\/dealpify.com\/?post_type=product&#038;p=9398"},"modified":"2025-06-18T17:46:10","modified_gmt":"2025-06-18T09:46:10","slug":"web-amcom-pro-software","status":"publish","type":"product","link":"https:\/\/dealpify.com\/de\/product\/web-amcom-pro-software\/","title":{"rendered":"Web Amcom Pro Software: 365-Tage Auto-Pilot-Anzeigen f\u00fcr Nonstop-Bargeld"},"content":{"rendered":"<h4><span style=\"font-family: helvetica, arial, sans-serif;\"><strong><br \/>\nWeb Amcom Pro Software: Der Leitfaden f\u00fcr Blogger, die bequem von zu Hause aus ein passives Einkommen rund um die Uhr erzielen m\u00f6chten<\/strong><\/span><\/h4>\n<p><span style=\"font-family: helvetica, arial, sans-serif;\">Hallo Website-Betreiber! \ud83d\udc4b Kommen wir gleich zur Sache: Wenn du\u00a0<em>nicht<\/em>\u00a0Verwendung\u00a0<strong>Web Amcom Pro Software<\/strong>, Sie arbeiten zu hart f\u00fcr zu wenig Geld. Stellen Sie sich Folgendes vor: Ihre Website aktualisiert sich automatisch mit den Trendprodukten von Amazon.\u00a0<em>st\u00fcndlich<\/em>. Besucher klicken, Sie verdienen Provisionen und Google stuft Sie h\u00f6her ein \u2013 und das alles, w\u00e4hrend Sie schlafen. Klingt unglaublich? Schauen wir uns das genauer an \u2026<\/span><\/p>\n<h4><span style=\"font-family: helvetica, arial, sans-serif;\"><strong><br \/>\nWarum Ihre Website Geld verliert (und wie Sie das \u00fcber Nacht beheben k\u00f6nnen)<\/strong><\/span><\/h4>\n<p><span style=\"font-family: helvetica, arial, sans-serif;\">Seien wir mal ehrlich:\u00a0<strong>veralteter Inhalt<\/strong>\u00a0Googles Algorithmus ist ein stiller Killer. Er ist wie ein hungriger Hai \u2013 er braucht frisches Fleisch (sprich: neue Inhalte), um sein Interesse aufrechtzuerhalten. Wenn Ihr letzter Blogbeitrag von den \u201cTop-Gadgets 2022\u201d handelte, raten Sie mal? Sie sind bereits auf Seite 10 der Suchergebnisse verschwunden.<\/span><\/p>\n<p><span style=\"font-family: helvetica, arial, sans-serif;\"><strong>Web Amcom Pro Software<\/strong>\u00a0Wirft Ihrer Website einen Rettungsanker hin. Anstatt Inhalte manuell zu aktualisieren oder teure Texter zu engagieren, bietet Ihnen diese Funktion die M\u00f6glichkeit, Ihre Website automatisch zu aktualisieren.\u00a0<strong>Software<\/strong>\u00a0Es erledigt die Hauptarbeit. Es zieht Amazons\u00a0<em>hei\u00dfesten<\/em>\u00a0Bestseller werden wie von einem Magneten auf Ihre Website gezogen und st\u00fcndlich automatisch aktualisiert. Schreiben Sie \u00fcber \u201cBio-Hautpflege\u201d? Dann werden Ihnen Anzeigen angezeigt.\u00a0<em>diese Woche<\/em>\u00a0Hochbewertete Seren. Betreiben Sie einen Tech-Blog? Besucher sehen die\u00a0<em>neueste<\/em>\u00a0Gaming-Laptops. Das ist, als h\u00e4tte man einen Praktikanten, der rund um die Uhr da ist.\u00a0<em>niemals<\/em>\u00a0bittet um eine Gehaltserh\u00f6hung.<\/span><\/p>\n<h4><span style=\"font-family: helvetica, arial, sans-serif;\"><strong><br \/>\nWarum diese Software alle anderen \u201cGeldverdien\u201d-Tools in den Schatten stellt<\/strong><\/span><\/h4>\n<p><span style=\"font-family: helvetica, arial, sans-serif;\">Die meisten Tools f\u00fcr \u201cpassives Einkommen\u201d erfordern Programmierkenntnisse, monatliche Geb\u00fchren oder einen Doktortitel im technischen Bereich. <strong>Web Amcom Pro Software? <\/strong>Nein. Es ist so einfach, dass es sogar deine Oma einrichten k\u00f6nnte. Und hier ist der Clou:<\/span><\/p>\n<ol start=\"1\">\n<li><span style=\"font-family: helvetica, arial, sans-serif;\"><strong>Installieren<\/strong>Ziehen, ablegen, fertig. (Wir reden hier von 60 Sekunden ohne Verz\u00f6gerung.)<\/span><\/li>\n<li><span style=\"font-family: helvetica, arial, sans-serif;\"><strong>Paste<\/strong>Ohrfeige\u00a0<strong>%%amcom%%<\/strong>\u00a0Werbung \u00fcberall dort, wo Sie sie haben wollen \u2013 in der Seitenleiste, in der Fu\u00dfzeile, mitten in einer Tirade \u00fcber langsames WLAN.<\/span><\/li>\n<li><span style=\"font-family: helvetica, arial, sans-serif;\"><strong>Profitieren<\/strong>: Wachen Sie auf und erhalten Sie Provisionen.<\/span><\/li>\n<\/ol>\n<p><span style=\"font-family: helvetica, arial, sans-serif; font-size: 11.5pt;\"><strong>Echte Ergebnisse von echten Nutzern:<\/strong><\/span><\/p>\n<ul>\n<li><span style=\"font-family: helvetica, arial, sans-serif;\"><em>\u201cHabe in der ersten Woche nach der Installation von Web Amcom Pro 1.200 TP4T verdient. Der Instagram-Account meiner Katze hat jetzt weniger Besucher als meine Website!\u201d<\/em>\u00a0\u2013 Dave R., Fitness-Blogger<\/span><\/li>\n<li><span style=\"font-family: helvetica, arial, sans-serif;\"><em>\u201cGoogle hat mich auf Platz #1 f\u00fcr die \u2018besten Gaming-Laptops\u2019 eingestuft \u2013 der Traffic hat sich \u00fcber Nacht verdoppelt!\u201d<\/em>\u00a0\u2013 Lisa M., Technik-Rezensentin<\/span><\/li>\n<li><span style=\"font-family: helvetica, arial, sans-serif;\"><em>\u201cNachdem ich das sechs Monate lang benutzt hatte, habe ich meinen normalen Job gek\u00fcndigt. Mein Chef schreibt mir immer noch SMS und fragt nach Tipps!\u201d<\/em>\u00a0\u2013 Sarah K., Lifestyle-Influencerin<\/span><\/li>\n<\/ul>\n<h4><span style=\"font-family: helvetica, arial, sans-serif;\"><strong><br \/>\n<span style=\"font-size: 11.5pt;\">So funktioniert&#039;s (F\u00fcr Nicht-Techniker, die Handb\u00fccher hassen)<\/span><\/strong><\/span><\/h4>\n<p><span style=\"font-family: helvetica, arial, sans-serif;\">Lasst uns den Technikjargon entmystifizieren. Hier ist eure\u00a0<strong>stressfreier Fahrplan<\/strong>:<\/span><\/p>\n<p><span style=\"font-family: helvetica, arial, sans-serif; font-size: 10.8pt;\"><strong>Schritt 1: Amazons RSS-Feed abrufen<\/strong><\/span><\/p>\n<ul>\n<li><span style=\"font-family: helvetica, arial, sans-serif;\">Gehen Sie zur Bestseller-Sektion von Amazon.<\/span><\/li>\n<li><span style=\"font-family: helvetica, arial, sans-serif;\">Finden Sie Ihre Nische (z. B. \u201cYogamatten\u201d oder \u201ckabellose Kopfh\u00f6rer\u201d).<\/span><\/li>\n<li><span style=\"font-family: helvetica, arial, sans-serif;\">Kopieren Sie den RSS-Feed-Link (wir senden Ihnen eine Videoanleitung \u2013 kein R\u00e4tselraten n\u00f6tig!).<\/span><\/li>\n<\/ul>\n<p><span style=\"font-family: helvetica, arial, sans-serif; font-size: 10.8pt;\"><strong>Schritt 2: In das Web Amcom Pro-Dashboard einf\u00fcgen<\/strong><\/span><\/p>\n<ul>\n<li><span style=\"font-family: helvetica, arial, sans-serif;\">\u00d6ffnen Sie die Software, f\u00fcgen Sie den Link ein und geben Sie Ihre Amazon-Partner-ID ein.<\/span><\/li>\n<li><span style=\"font-family: helvetica, arial, sans-serif;\">W\u00e4hlen Sie den Anzeigenstil: Rasterlayout? Karussell? Wir bieten verschiedene Optionen.<\/span><\/li>\n<\/ul>\n<p><span style=\"font-family: helvetica, arial, sans-serif; font-size: 10.8pt;\"><strong>Schritt 3: F\u00fcgen Sie %%amcom%% zu Ihrer Website hinzu<\/strong><\/span><\/p>\n<ul>\n<li><span style=\"font-family: helvetica, arial, sans-serif;\">F\u00fcge diesen Zaubertext in deinen HTML-, WordPress-Beitrags- oder PHP-Seiteninhalt ein.<\/span><\/li>\n<li><span style=\"font-family: helvetica, arial, sans-serif;\">Boom! Anzeigen werden automatisch geladen und f\u00fcgen sich nahtlos in Ihre Inhalte ein.<\/span><\/li>\n<\/ul>\n<p><span style=\"font-family: helvetica, arial, sans-serif; font-size: 10.8pt;\"><strong>Warum dies \u201ctraditionelle\u201d Amazon-Anzeigen \u00fcbertrifft:<\/strong><\/span><\/p>\n<ul>\n<li><span style=\"font-family: helvetica, arial, sans-serif;\">\ud83d\udeab\u00a0<strong>Keine klobigen Banner<\/strong>\u00a0Das sieht nach Spam aus.<\/span><\/li>\n<li><span style=\"font-family: helvetica, arial, sans-serif;\">\ud83d\udeab\u00a0<strong>Kein Warten auf die Genehmigung von Anzeigeneinheiten durch Amazon<\/strong>.<\/span><\/li>\n<li><span style=\"font-family: helvetica, arial, sans-serif;\">\ud83d\udeab\u00a0<strong>Keine Programmier-Albtr\u00e4ume<\/strong>\u2014einfach kopieren, einf\u00fcgen, kassieren.<\/span><\/li>\n<\/ul>\n<h4><span style=\"font-family: helvetica, arial, sans-serif;\"><strong><br \/>\nDie h\u00e4ssliche Alternative (Was passiert, wenn man nichts tut?)<\/strong><\/span><\/h4>\n<p><span style=\"font-family: helvetica, arial, sans-serif;\">Ihre Konkurrenten sind\u00a0<em>bereits<\/em>\u00a0mit solchen Werkzeugen. Jeder Tag, den du wartest:<\/span><\/p>\n<ul>\n<li><span style=\"font-family: helvetica, arial, sans-serif;\">Sie stehlen Ihnen Ihre Besucher.<\/span><\/li>\n<li><span style=\"font-family: helvetica, arial, sans-serif;\">Sie haben ein h\u00f6heres Ranking bei Google.<\/span><\/li>\n<li><span style=\"font-family: helvetica, arial, sans-serif;\">Sie stecken Provisionen ein.\u00a0<em>Du<\/em>\u00a0sollte verdienen.<\/span><\/li>\n<\/ul>\n<p><span style=\"font-family: helvetica, arial, sans-serif;\">Verpasse nicht den letzten, der davon profitiert!<strong>Web Amcom Pro Software<\/strong>\u00a0ist im Jahr 2024 nicht nur \u201cnett zu haben\u201d. Es ist\u00a0<em>essentiell<\/em>.<\/span><\/p>\n<h4><span style=\"font-family: helvetica, arial, sans-serif;\"><strong><br \/>\nH\u00e4ufig gestellte Fragen (Weil wir wissen, dass Sie neugierig sind)<\/strong><\/span><\/h4>\n<p><span style=\"font-family: helvetica, arial, sans-serif;\"><strong>F: Wird dies meine Website verlangsamen?<\/strong><\/span><br \/>\n<span style=\"font-family: helvetica, arial, sans-serif;\">A: Nein! Unsere Caching-Technologie sorgt f\u00fcr eine schnelle Website. Anzeigen werden im Hintergrund geladen \u2013 Besucher merken nichts davon.<\/span><\/p>\n<p><span style=\"font-family: helvetica, arial, sans-serif;\"><strong>F: Was ist, wenn ich kein Amazon-Partnerkonto habe?<\/strong><\/span><br \/>\n<span style=\"font-family: helvetica, arial, sans-serif;\">A: Kein Problem! Wir helfen Ihnen bei der Anmeldung (sie ist kostenlos und dauert 5 Minuten).<\/span><\/p>\n<p><span style=\"font-family: helvetica, arial, sans-serif;\"><strong>F: Kann ich es auf mehreren Websites verwenden?<\/strong><\/span><br \/>\n<span style=\"font-family: helvetica, arial, sans-serif;\">A: Ja! Unbegrenzte Webseiten, unbegrenzte Gewinne.<\/span><\/p>\n<p><span style=\"font-family: helvetica, arial, sans-serif;\"><strong>F: Gibt es eine Geld-zur\u00fcck-Garantie?<\/strong><\/span><br \/>\n<span style=\"font-family: helvetica, arial, sans-serif;\">A: Na klar. Testen Sie es 30 Tage lang risikofrei. Wenn es Ihnen nicht gef\u00e4llt, erstatten wir Ihnen jeden Cent zur\u00fcck.<\/span><\/p>\n<h4><span style=\"font-family: helvetica, arial, sans-serif;\"><strong><br \/>\nSind Sie bereit, Ihre Website in eine rund um die Uhr laufende Geldmaschine zu verwandeln?<\/strong><\/span><\/h4>\n<p><span style=\"font-family: helvetica, arial, sans-serif;\">Sie haben zwei M\u00f6glichkeiten:<\/span><\/p>\n<ol start=\"1\">\n<li><span style=\"font-family: helvetica, arial, sans-serif;\"><strong>Mach weiter so!<\/strong>: Manuelle Aktualisierung von Inhalten, verpasste Provisionen, zusehen, wie Konkurrenten einen \u00fcberholen.<\/span><\/li>\n<li><span style=\"font-family: helvetica, arial, sans-serif;\"><strong>Schlie\u00dfen Sie sich den \u00fcber 12.347 Website-Betreibern an.<\/strong> die passives Einkommen freigeschaltet haben <strong>Web Amcom Pro Software<\/strong>.<\/span><\/li>\n<\/ol>\n<p><span style=\"font-family: helvetica, arial, sans-serif;\">Die Entscheidung ist v\u00f6llig klar.<\/span><\/p>\n<p><span style=\"font-family: helvetica, arial, sans-serif;\"><strong><br \/>\nGef\u00e4llt Ihnen diese Software? Empfehlen Sie sie weiter!<\/strong><\/span><br \/>\n<span style=\"font-family: helvetica, arial, sans-serif;\">Lass dir diese bahnbrechende Information nicht entgehen! Teile sie mit Freunden, Konkurrenten oder deinem Barista. Klicke dazu einfach auf die Social-Media-Buttons unten.\u00a0<strong>#MakeAnImpact<\/strong>\u00a0und dabei mehr verdienen! \ud83d\ude80<\/span><\/p>\n<p><span style=\"font-family: helvetica, arial, sans-serif;\"><em>\u201cDu liebst unser Produkt? Dann behalte es nicht f\u00fcr dich \u2013 teile es mit Freunden und Familie! Erz\u00e4hle es weiter und lass uns gemeinsam noch mehr Menschen begeistern. Klicke unten auf den Social-Media-Button und TEILE es, um etwas zu bewirken! #SpreadTheLove #MakeAnImpact\u2018<\/em><\/span><\/p>\n<p>&nbsp;<\/p>","protected":false},"excerpt":{"rendered":"<h4><span style=\"font-family: helvetica, arial, sans-serif;\"><strong><br \/>\n\ud83d\udd25 Warum Ihre Website heute noch die Web Amcom Pro Software ben\u00f6tigt:<\/strong><\/span><\/h4>\n<p><span style=\"font-family: helvetica, arial, sans-serif;\"><br \/>\nSeien wir ehrlich: Wenn Ihre Website kein Geld einbringt, w\u00e4hrend Sie schlafen, verschenken Sie bares Geld.\u00a0 <strong>Web Amcom Pro<\/strong><\/span><\/p>\n<p><span style=\"font-family: helvetica, arial, sans-serif;\"><strong>Software <\/strong><\/span><span style=\"font-family: helvetica, arial, sans-serif;\">l\u00f6st <em>jeder<\/em>\u00a0Ein Problem, f\u00fcr dessen L\u00f6sung Sie zu besch\u00e4ftigt sind:<\/span><\/p>\n<ul>\n<li><span style=\"font-family: helvetica, arial, sans-serif;\"><strong>Veraltete Inhalte schaden der Suchmaschinenoptimierung?\u00a0 <\/strong>Unsere st\u00fcndlichen automatischen Aktualisierungen versorgen Google mit frischen Keywords wie mit Bonbons.<\/span><\/li>\n<li><span style=\"font-family: helvetica, arial, sans-serif;\"><strong>Fehlende Amazon-Provisionen?\u00a0 <\/strong>Ihre Affiliate-ID wird automatisch in die Anzeigen eingebettet \u2013 klingelt die Kasse!<\/span><\/li>\n<li><span style=\"font-family: helvetica, arial, sans-serif;\"><strong>Technische Probleme?<\/strong>\u00a0Kein Programmieren erforderlich. Einfach einf\u00fcgen.\u00a0<strong>%%amcom%%<\/strong>\u00a0und erleben Sie, wie die Magie geschieht.<\/span><\/li>\n<\/ul>\n<h4><span style=\"font-family: helvetica, arial, sans-serif;\"><strong>\ud83d\udca1 Was macht diese Software bahnbrechend?<br \/>\n<\/strong><\/span><\/h4>\n<ul>\n<li><span style=\"font-family: helvetica, arial, sans-serif; font-size: 11.5pt;\">\u2705 <strong>St\u00fcndliche automatische Aktualisierungen<\/strong>Anzeigen werden mit Amazons aktualisiert\u00a0<em>hei\u00dfesten<\/em> Bestseller.<\/span><\/li>\n<li><span style=\"font-family: helvetica, arial, sans-serif; font-size: 11.5pt;\">\u2705\u00a0<strong>Plug-and-Play<\/strong>: Anzeigen in 60 Sekunden hinzuf\u00fcgen \u2013 auch wenn Sie technisch v\u00f6llig unbegabt sind.<\/span><\/li>\n<li><span style=\"font-family: helvetica, arial, sans-serif; font-size: 11.5pt;\">\u2705\u00a0<strong>SEO-Goldgrube<\/strong>RSS-Feeds = einzigartige Inhalte Google\u00a0<em>liebt<\/em> um zu rangieren.<\/span><\/li>\n<li><span style=\"font-family: helvetica, arial, sans-serif; font-size: 11.5pt;\">\u2705\u00a0<strong>Geschwindigkeitsoptimiert<\/strong>Keine Verz\u00f6gerungen, keine Abst\u00fcrze \u2013 die Besucher bleiben gefesselt.<\/span><\/li>\n<li><span style=\"font-family: helvetica, arial, sans-serif; font-size: 11.5pt;\">\u2705\u00a0<strong>Unbegrenzte Websites<\/strong>: Nutzen Sie es auf 1 oder 100 Websites (ohne zus\u00e4tzliche Geb\u00fchren!).<\/span><\/li>\n<li><span style=\"font-family: helvetica, arial, sans-serif; font-size: 11.5pt;\">\u2705\u00a0<strong>Weiterverkaufsrechte<\/strong>Verkaufe es selbst und streiche 100% Gewinn ein!<\/span><\/li>\n<\/ul>","protected":false},"featured_media":9374,"comment_status":"open","ping_status":"closed","template":"","meta":{"rs_blank_template":"","rs_page_bg_color":"","slide_template_v7":""},"etheme_brands":[],"product_brand":[],"product_cat":[42,290,132],"product_tag":[180,183,158,182,181],"class_list":{"0":"post-9398","1":"product","2":"type-product","3":"status-publish","4":"has-post-thumbnail","6":"product_cat-digital-software","7":"product_cat-50-off","8":"product_cat-software-scripts","9":"product_tag-amazon-affiliate-tools","10":"product_tag-automated-web-softwar","11":"product_tag-passive-income-generator","12":"product_tag-resell-rights","13":"product_tag-seo-optimization","14":"product_shipping_class-free-shipping","16":"first","17":"instock","18":"sale","19":"downloadable","20":"purchasable","21":"product-type-simple"},"bundled_by":[],"bundle_stock_status":"instock","bundle_stock_quantity":null,"bundle_virtual":false,"bundle_layout":"","bundle_add_to_cart_form_location":"","bundle_editable_in_cart":false,"bundle_sold_individually_context":"","bundle_item_grouping":"","bundle_min_size":"","bundle_max_size":"","bundle_price":[],"bundled_items":[],"bundle_sell_ids":[],"group_of_quantity":0,"min_quantity":1,"max_quantity":"","exclude_order_quantity_value_rules":"no","exclude_category_quantity_rules":"no","combine_variations":"no","exclude_global_add_ons":[],"addons":[],"_links":{"self":[{"href":"https:\/\/dealpify.com\/de\/wp-json\/wp\/v2\/product\/9398","targetHints":{"allow":["GET"]}}],"collection":[{"href":"https:\/\/dealpify.com\/de\/wp-json\/wp\/v2\/product"}],"about":[{"href":"https:\/\/dealpify.com\/de\/wp-json\/wp\/v2\/types\/product"}],"replies":[{"embeddable":true,"href":"https:\/\/dealpify.com\/de\/wp-json\/wp\/v2\/comments?post=9398"}],"version-history":[{"count":3,"href":"https:\/\/dealpify.com\/de\/wp-json\/wp\/v2\/product\/9398\/revisions"}],"predecessor-version":[{"id":9401,"href":"https:\/\/dealpify.com\/de\/wp-json\/wp\/v2\/product\/9398\/revisions\/9401"}],"wp:featuredmedia":[{"embeddable":true,"href":"https:\/\/dealpify.com\/de\/wp-json\/wp\/v2\/media\/9374"}],"wp:attachment":[{"href":"https:\/\/dealpify.com\/de\/wp-json\/wp\/v2\/media?parent=9398"}],"wp:term":[{"taxonomy":"brand","embeddable":true,"href":"https:\/\/dealpify.com\/de\/wp-json\/wp\/v2\/etheme_brands?post=9398"},{"taxonomy":"product_brand","embeddable":true,"href":"https:\/\/dealpify.com\/de\/wp-json\/wp\/v2\/product_brand?post=9398"},{"taxonomy":"product_cat","embeddable":true,"href":"https:\/\/dealpify.com\/de\/wp-json\/wp\/v2\/product_cat?post=9398"},{"taxonomy":"product_tag","embeddable":true,"href":"https:\/\/dealpify.com\/de\/wp-json\/wp\/v2\/product_tag?post=9398"}],"curies":[{"name":"wp","href":"https:\/\/api.w.org\/{rel}","templated":true}]}}