{"id":9334,"date":"2024-02-14T15:15:22","date_gmt":"2024-02-14T07:15:22","guid":{"rendered":"https:\/\/dealpify.com\/?post_type=product&#038;p=9334"},"modified":"2025-06-18T17:23:35","modified_gmt":"2025-06-18T09:23:35","slug":"website-vorlage-der-behorde","status":"publish","type":"product","link":"https:\/\/dealpify.com\/de\/product\/website-vorlage-der-behorde\/","title":{"rendered":"Autorit\u00e4t Website Blueprint: 3 Geheimnisse zum Ranking #1 ohne bezahlte Werbung"},"content":{"rendered":"<p><span style=\"font-family: helvetica, arial, sans-serif;\"><strong><br \/>\n<span style=\"font-size: 13.5pt;\">\ud83d\ude80 Leitfaden f\u00fcr eine erfolgreiche Autorit\u00e4tsseite: 3 Geheimnisse f\u00fcr ein Top-Ranking von #1 ohne bezahlte Anzeigen \ud83d\ude80<\/span><\/strong><\/span><\/p>\n<p><span style=\"font-family: helvetica, arial, sans-serif;\"><strong>\ud83c\udf1f Warum Ihre Website nicht funktioniert (und wie dieser Leitfaden das Problem behebt) \ud83c\udf1f<\/strong><\/span><br \/>\n<span style=\"font-family: helvetica, arial, sans-serif;\">Schluss mit dem Gerede: Wenn Ihre Website keine guten Platzierungen in den Suchergebnissen hat, liegt das nicht daran, dass Google Sie nicht mag. Es liegt daran, dass\u2026\u00a0<strong>99% der \u201cAutorisierungsseiten\u201d verfehlen die 3 S\u00e4ulen.<\/strong>\u00a0die im Jahr 2024 tats\u00e4chlich funktionieren:\u00a0<strong>Inhalte, die konvertieren<\/strong>,\u00a0<strong>SEO, das nachhaltig wirkt<\/strong>, Und\u00a0<strong>Vertrauen, das verkauft<\/strong>.<\/span><\/p>\n<p><span style=\"font-family: helvetica, arial, sans-serif;\">Sie haben wahrscheinlich schon Stunden mit allgemeinen Ratschl\u00e4gen wie \u201cSchreiben Sie hochwertige Inhalte\u201d oder \u201cBauen Sie Backlinks auf\u201d verschwendet. Aber jetzt kommt der Clou:\u00a0<em>Qualitativ hochwertige Inhalte allein werden dich nicht retten.<\/em>. Ohne die\u00a0<strong>Blaupause f\u00fcr das Gel\u00e4nde der Beh\u00f6rde<\/strong>, Du bist nur ein weiterer Blogger, der im algorithmischen Abgrund verloren gegangen ist.<\/span><\/p>\n<p><span style=\"font-family: helvetica, arial, sans-serif;\">Das ist kein weiterer Kurs \u2013 es ist dein\u00a0<strong>im Feld erprobter Schlachtplan<\/strong>, verfeinert, nachdem \u00fcber 1.200 Studenten im Bereich SEO erfolgreich waren. Und wissen Sie was?\u00a0<strong>Keine bezahlten Anzeigen erforderlich<\/strong>. So drehen wir den Spie\u00df um:<\/span><\/p>\n<h4><span style=\"font-family: helvetica, arial, sans-serif;\"><strong><br \/>\n<span style=\"font-size: 12pt;\">\ud83d\udcc8 Modul 1: Die \u201cBlueprint\u201d-Grundlage (Schluss mit dem Schie\u00dfen im Dunkeln!)<\/span><\/strong><\/span><\/h4>\n<p><span style=\"font-family: helvetica, arial, sans-serif;\"><strong>Mythenj\u00e4ger<\/strong>\u201cEinfach regelm\u00e4\u00dfig posten\u201d ist ein schrecklicher Ratschlag.\u00a0<strong>93% von Standorten fallen aus<\/strong>\u00a0weil sie diese 4 fatalen Fehler begehen:<\/span><\/p>\n<ol start=\"1\">\n<li><span style=\"font-family: helvetica, arial, sans-serif;\"><strong>Fehler #1<\/strong>: Targeting-Keywords\u00a0<em>alle<\/em>\u00a0sonst k\u00e4mpft man um (Spoiler: Du wirst niemals in der Rangliste aufsteigen).<\/span><\/li>\n<li><span style=\"font-family: helvetica, arial, sans-serif;\"><strong>Fehler #2<\/strong>: Missachtung der EEAT-Richtlinien von Google (Erfahrung, Expertise, Autorit\u00e4t, Vertrauensw\u00fcrdigkeit).<\/span><\/li>\n<li><span style=\"font-family: helvetica, arial, sans-serif;\"><strong>Fehler #3<\/strong>Behandeln Sie Ihre Website wie einen Blog anstatt wie einen\u00a0<em>Einnahmemaschine<\/em>.<\/span><\/li>\n<li><span style=\"font-family: helvetica, arial, sans-serif;\"><strong>Fehler #4<\/strong>: Die Verwendung veralteter SEO-Plugins, die Ihre Website extrem verlangsamen.<\/span><\/li>\n<\/ol>\n<p><span style=\"font-family: helvetica, arial, sans-serif;\"><strong>Wie der Bauplan das Problem behebt<\/strong>:<\/span><\/p>\n<ul>\n<li><span style=\"font-family: helvetica, arial, sans-serif;\"><strong>Fallstudie<\/strong>\u201cNicheNutrition.com\u201d ging von\u00a0<strong>0 bis 100.000 monatliche Besucher<\/strong>\u00a0in 6 Monaten durch die Nutzung unseres\u00a0<strong>\u201cLong-Tail Keyword Laser\u201d-Strategie<\/strong>. Anstatt um \u201cTipps zum Abnehmen\u201d zu k\u00e4mpfen, zielten sie ab\u00a0<em>\u201cFODMAP-arme Rezepte zur Linderung von Reizdarmbeschwerden\u201d<\/em>\u2014eine Nische voller hungriger Leser (und Affiliate-M\u00f6glichkeiten).<\/span><\/li>\n<li><span style=\"font-family: helvetica, arial, sans-serif;\"><strong>Ihr n\u00e4chster Handlungsschritt<\/strong>Nutzen Sie unsere\u00a0<strong>\u201cTool zur Erkennung von Schl\u00fcsselwortschwierigkeiten<\/strong>\u00a0(inklusive!) um verborgene Sch\u00e4tze mit geringem Wettbewerb zu finden\u00a0<em>in 10 Sekunden<\/em>.<\/span><\/li>\n<\/ul>\n<h4><span style=\"font-family: helvetica, arial, sans-serif;\"><strong><br \/>\n<span style=\"font-size: 12pt;\">\ud83d\udd0d Modul 2: Inhalte, die Google liebt (Tipp: Es ist nicht das, was Sie denken)<\/span><\/strong><\/span><\/h4>\n<p><span style=\"font-family: helvetica, arial, sans-serif;\">Vergessen Sie \u201cSkyscraper Content\u201d. Im Jahr 2024 belohnt Google\u00a0<strong>Kontext vor L\u00e4nge<\/strong>. So \u00fcberlisten Sie KI-generierten M\u00fcll:<\/span><\/p>\n<p><span style=\"font-family: helvetica, arial, sans-serif;\"><strong>Die \u201cWolkenkratzer 2.0\u201d-Methode<\/strong>:<\/span><\/p>\n<ol start=\"1\">\n<li><span style=\"font-family: helvetica, arial, sans-serif;\"><strong>Schritt 1<\/strong>: Finde einen Beitrag eines Konkurrenten, der f\u00fcr dein Zielkeyword auf Platz #1 rangiert.<\/span><\/li>\n<li><span style=\"font-family: helvetica, arial, sans-serif;\"><strong>Schritt 2<\/strong>Nutzen Sie unsere\u00a0<strong>\u201cContent Gap Analyzer\u201d<\/strong>\u00a0zu entdecken\u00a0<em>genau<\/em>\u00a0was ihnen fehlt.<\/span><\/li>\n<li><span style=\"font-family: helvetica, arial, sans-serif;\"><strong>Schritt 3<\/strong>: Hinzuf\u00fcgen\u00a0<strong>3-facher Wert<\/strong>\u00a0mit praktischen Schritten, Video-Tutorials und herunterladbaren Vorlagen.<\/span><\/li>\n<\/ol>\n<p><span style=\"font-family: helvetica, arial, sans-serif;\"><strong>Reales Beispiel<\/strong>Ein Student aus dem Fitnessbereich nahm einen allgemeinen Beitrag \u00fcber \u201cHIIT-Workouts\u201d und f\u00fcgte Folgendes hinzu:<\/span><\/p>\n<ul>\n<li><span style=\"font-family: helvetica, arial, sans-serif;\">A\u00a0<strong>druckbarer 30-Tage-Kalender<\/strong><\/span><\/li>\n<li><span style=\"font-family: helvetica, arial, sans-serif;\"><strong>Zeitlupen-Videodemos<\/strong>\u00a0(direkt im Artikel eingebettet)<\/span><\/li>\n<li><span style=\"font-family: helvetica, arial, sans-serif;\">A\u00a0<strong>\u201cHIIT oder Schaden?\u201d-Quiz<\/strong>\u00a0um Leser zu fesseln<\/span><\/li>\n<\/ul>\n<p><span style=\"font-family: helvetica, arial, sans-serif;\"><strong>Ergebnis<\/strong>Ihr Beitrag eroberte innerhalb von 3 Wochen den #1-Platz.<em>ohne<\/em>\u00a0ein einzelner Backlink.<\/span><\/p>\n<p><span style=\"font-family: helvetica, arial, sans-serif;\"><strong>\ud83d\udc49 Im Bauplan enthalten<\/strong>: Unser\u00a0<strong>\u201c10x Content-Checkliste\u201d<\/strong>\u00a0stellt sicher, dass jeder Beitrag, den Sie ver\u00f6ffentlichen,\u00a0<em>besser<\/em>\u00a0als die Top 10 Ergebnisse zusammen.<\/span><\/p>\n<h4><span style=\"font-family: helvetica, arial, sans-serif;\"><strong><br \/>\n<span style=\"font-size: 12pt;\">\u26a1 Modul 3: Technik leicht gemacht (Nein, Sie brauchen keinen Entwickler)<\/span><\/strong><\/span><\/h4>\n<p><span style=\"font-family: helvetica, arial, sans-serif;\">Seien wir ehrlich: Fachbegriffe wie \u201cSSL-Zertifikate\u201d und \u201cWebsite-Geschwindigkeitsoptimierung\u201d lassen die meisten Content-Ersteller die Schlummertaste dr\u00fccken. Aber die Wahrheit ist:\u00a0<strong>Googles Bots sind w\u00e4hlerisch.<\/strong>. Wenn Ihre Website 5 Sekunden zum Laden ben\u00f6tigt, befinden Sie sich bereits auf Seite 5.<\/span><\/p>\n<p><span style=\"font-family: helvetica, arial, sans-serif;\"><strong>Die \u201cBequemen technischen L\u00f6sungen\u201d des Blueprints\u201d<\/strong>:<\/span><\/p>\n<ul>\n<li><span style=\"font-family: helvetica, arial, sans-serif;\"><strong>20-Minuten-Geschwindigkeitsschub<\/strong>Installieren Sie unsere vorab gepr\u00fcften\u00a0<strong>\u201cSite Turbo Pack\u201d<\/strong>\u00a0(Nur kostenlose Plugins) zur drastischen Verk\u00fcrzung der Ladezeiten.<\/span><\/li>\n<li><span style=\"font-family: helvetica, arial, sans-serif;\"><strong>SSL-Einrichtung ohne Programmierung<\/strong>Folgen Sie uns\u00a0<em>Video-Anleitung<\/em>\u00a0Das \u201cHTTPS\u201d-Vorh\u00e4ngeschloss in 7 Minuten erhalten.<\/span><\/li>\n<li><span style=\"font-family: helvetica, arial, sans-serif;\"><strong>Backup-Autopilot<\/strong>: T\u00e4gliche Datensicherungen planen mit\u00a0<strong>1 Klick<\/strong>\u00a0(damit Sie niemals Daten verlieren).<\/span><\/li>\n<\/ul>\n<p><span style=\"font-family: helvetica, arial, sans-serif;\"><strong>Wissenswertes<\/strong>Websites mit HTTPS-Rang\u00a0<strong>12% h\u00f6her<\/strong>\u00a0im Durchschnitt. Unsere Sch\u00fcler beheben das.\u00a0<em>w\u00e4hrend des Mittagessens<\/em>.<\/span><\/p>\n<h4><span style=\"font-family: helvetica, arial, sans-serif;\"><strong><br \/>\n<span style=\"font-size: 12pt;\">\ud83d\udcb8 Modul 4: Monetarisieren wie ein Profi (Verwandle Traffic in Geld)<\/span><\/strong><\/span><\/h4>\n<p><span style=\"font-family: helvetica, arial, sans-serif;\">Hier die traurige Wahrheit: Die meisten \u201cAutorit\u00e4tsseiten\u201d verdienen nur ein paar Cent, weil sie auf AdSense angewiesen sind.\u00a0<strong>Entwurf<\/strong>\u00a0lehrt dich\u00a0<strong>Verkaufen Sie, bevor Sie Ihr Ranking verbessern<\/strong>\u00a0mit diesen Guerilla-Taktiken:<\/span><\/p>\n<p><span style=\"font-family: helvetica, arial, sans-serif;\"><strong>Taktik #1<\/strong>: Der\u00a0<strong>\u201cAffiliate Bridge\u201d-Methode<\/strong><\/span><\/p>\n<ul>\n<li><span style=\"font-family: helvetica, arial, sans-serif;\">Affiliate-Links einbetten\u00a0<em>innen<\/em>\u00a0Ihre kostenlosen Vorlagen\/Checklisten (z. B. \u201cLaden Sie diesen Keto-Speiseplan herunter \u2192 beinhaltet unsere Lieblings-K\u00fcchenutensilien von Amazon\u201d).<\/span><\/li>\n<li><span style=\"font-family: helvetica, arial, sans-serif;\"><strong>Reales Ergebnis<\/strong>Sarah, eine Yogalehrerin, verdient\u00a0<strong>$12k\/Monat<\/strong>\u00a0indem sie in ihren Posenanleitungen auf Yogamatten verlinkt.<\/span><\/li>\n<\/ul>\n<p><span style=\"font-family: helvetica, arial, sans-serif;\"><strong>Taktik #2<\/strong>:\u00a0<strong>Digitale Produkte, die sich von selbst verkaufen<\/strong><\/span><\/p>\n<ul>\n<li><span style=\"font-family: helvetica, arial, sans-serif;\">Verwenden Sie Ihre besten Inhalte wieder.\u00a0<strong>PDF-Anleitungen<\/strong>\u00a0oder\u00a0<strong>Audiokurse<\/strong>\u00a0(Wir stellen Ihnen Canva-Vorlagen zur Verf\u00fcgung!).<\/span><\/li>\n<li><span style=\"font-family: helvetica, arial, sans-serif;\"><strong>Beispiel<\/strong>Eine Gartenwebsite verkauft ein\u00a0<strong>\u201cSaatgutkalender\u201d<\/strong>\u00a0f\u00fcr $47 \u2013 erstellt in 2 Stunden aus alten Blogbeitr\u00e4gen.<\/span><\/li>\n<\/ul>\n<h4><span style=\"font-family: helvetica, arial, sans-serif;\"><strong><br \/>\n<span style=\"font-size: 12pt;\">\ud83c\udfaf Bonus: Der \u201cAutorit\u00e4tsbeschleuniger\u201d (Erscheinen Sie auf Forbes \u2013 kein PR-Team erforderlich)<\/span><\/strong><\/span><\/h4>\n<p><span style=\"font-family: helvetica, arial, sans-serif;\">Sie m\u00f6chten Ihre Glaubw\u00fcrdigkeit schnell steigern? Dieses Bonusmodul zeigt Ihnen, wie:<\/span><\/p>\n<ol start=\"1\">\n<li><span style=\"font-family: helvetica, arial, sans-serif;\"><strong>Land Podcast-Interviews<\/strong>Nutzen Sie unsere\u00a0<strong>\u201cSkript f\u00fcr eine Kaltpr\u00e4sentation\u201d<\/strong>\u00a0um Auftritte in deiner Nische zu bekommen.<\/span><\/li>\n<li><span style=\"font-family: helvetica, arial, sans-serif;\"><strong>Verfassen Sie virale Gastbeitr\u00e4ge<\/strong>: Unser\u00a0<strong>\u201cSchlagzeilen-Hacks\u201d<\/strong>\u00a0Die Vorlage garantiert die Antworten des Editors.<\/span><\/li>\n<li><span style=\"font-family: helvetica, arial, sans-serif;\"><strong>Presseartikel<\/strong>: Fallstudien umwandeln in\u00a0<strong>berichtenswerte Blickwinkel<\/strong>\u00a0(z. B. \u201cWie eine Hausfrau eine Fitness-Website mit 14.000 US-Dollar Umsatz pro Monat aufgebaut hat\u201d).<\/span><\/li>\n<\/ol>\n<h4><span style=\"font-family: helvetica, arial, sans-serif;\"><strong><br \/>\n<span style=\"font-size: 12pt;\">\ud83d\udea8 Warum das funktioniert (Der Beweis liegt im Ergebnis) \ud83d\udea8<\/span><\/strong><\/span><\/h4>\n<ul>\n<li><span style=\"font-family: helvetica, arial, sans-serif;\"><strong>Studentenerfolg<\/strong>Mark, ein freiberuflicher Autor, ging von <strong>0 bis 8.000\/Monat<\/strong> Verwendung\u00a0<strong>Blueprints Affiliate-Strategien<\/strong>.<\/span><\/li>\n<li><span style=\"font-family: helvetica, arial, sans-serif;\"><strong>Googles G\u00fctesiegel<\/strong>Websites, die unsere\u00a0<strong>\u201cAutorit\u00e4tsverst\u00e4rker\u201d-Rahmenwerk<\/strong>\u00a03x schneller im Ranking (Daten von \u00fcber 500 Nutzern).<\/span><\/li>\n<li><span style=\"font-family: helvetica, arial, sans-serif;\"><strong>Niemals Flaum<\/strong>Wir lassen die Theorie weg und geben Ihnen\u00a0<strong>Plug-and-Play-Swipe-Dateien<\/strong>, Skripte und Checklisten.<\/span><\/li>\n<\/ul>\n<h4><span style=\"font-family: helvetica, arial, sans-serif;\"><strong><br \/>\n<span style=\"font-size: 12pt;\">\ud83d\udcdd Sind Sie bereit, dem R\u00e4tselraten ein Ende zu setzen?<\/span><\/strong><\/span><\/h4>\n<p><span style=\"font-family: helvetica, arial, sans-serif;\">Der\u00a0<strong>Blaupause f\u00fcr das Gel\u00e4nde der Beh\u00f6rde<\/strong>\u00a0Es geht nicht nur um das Ranking \u2013 es geht darum, eine Website aufzubauen, die\u00a0<em>Druckt Geld, w\u00e4hrend Sie schlafen<\/em>. Mit\u00a0<strong>5 Audiomodule<\/strong>,\u00a0<strong>Mehr als 30 Vorlagen<\/strong>, Und\u00a0<strong>Lebenslange Updates<\/strong>, Sie werden nie wieder einen Dollar an dubiose SEO-&quot;Gurus&quot; verschwenden.<\/span><\/p>\n<p><span style=\"font-family: helvetica, arial, sans-serif;\"><strong>\ud83d\udc49 Klicken Sie jetzt auf \u201cIn den Warenkorb\u201d \u2013 Ihr zuk\u00fcnftiges #1-Ranking beginnt HEUTE.<\/strong><\/span><\/p>\n<p>&nbsp;<\/p>\n<h4><span style=\"font-family: helvetica, arial, sans-serif; font-size: 12pt;\"><strong>\u2764\ufe0f Gef\u00e4llt dir dieser Leitfaden? Teile deine Erfolge! \u2764\ufe0f<\/strong><\/span><\/h4>\n<p><span style=\"font-family: helvetica, arial, sans-serif;\">Behalten Sie diese bahnbrechende Innovation nicht f\u00fcr sich!\u00a0 <strong>Klicken Sie unten auf die Social-Media-Buttons.<\/strong>\u00a0Teile den Leitfaden f\u00fcr die Autorit\u00e4tsseite mit Freunden, Familie oder dem gestressten Blogger in deinen Direktnachrichten. Lasst uns eine Community aufbauen!\u00a0<strong>Betreiber von Websites, die den Traffic ersticken und Google den Garaus machen<\/strong>\u00a0zusammen!<\/span><\/p>\n<p><span style=\"font-family: helvetica, arial, sans-serif;\">#SpreadTheLove #MakeAnImpact #AuthoritySiteSecrets #BlueprintToSuccess #SEODomination2024<\/span><\/p>\n<p><span style=\"font-family: helvetica, arial, sans-serif;\"><strong>\u00a0<\/strong><\/span><\/p>","protected":false},"excerpt":{"rendered":"<h4><span style=\"font-family: helvetica, arial, sans-serif;\"><strong><br \/>\n<span style=\"font-size: 11.8pt;\">\ud83d\udd25 \u201cIch habe 7 Kurse zum Thema \u2018Autorit\u00e4tsseiten\u2019 ausprobiert \u2013 dieser Leitfaden hat Google endlich auf mich aufmerksam gemacht!\u201d \ud83d\udd25<\/span><\/strong><\/span><\/h4>\n<p><span style=\"font-family: helvetica, arial, sans-serif;\"><br \/>\nHaben Sie Schwierigkeiten, Besucher auf Ihre Website zu locken? Wirkt Ihre Website wie eine Geisterstadt? <strong>Blaupause f\u00fcr das Gel\u00e4nde der Beh\u00f6rde<\/strong>\u00a0ist keine weitere vage \u201cAnleitung\u201d \u2013 es ist Ihre\u00a0<strong>Schritt-f\u00fcr-Schritt-Anleitung<\/strong>\u00a0eine Website erstellen, die\u00a0<em>dominiert<\/em>\u00a0Suchmaschinen und\u00a0<em>Befehle<\/em>\u00a0Respekt. \ud83d\udcaa<\/span><\/p>\n<p><span style=\"font-family: helvetica, arial, sans-serif;\">\ud83d\udc49\u00a0<strong>Das ist die Wahrheit<\/strong>Die meisten \u201cSEO-Tipps\u201d sind veraltet.\u00a0<strong>Entwurf<\/strong>\u00a0gibt Ihnen die\u00a0<strong>Strategien f\u00fcr 2024<\/strong>\u00a0Zu:<\/span><\/p>\n<ul>\n<li><span style=\"font-family: helvetica, arial, sans-serif;\">\u2705\u00a0<strong>Reduzieren Sie Ihre Arbeitsbelastung<\/strong>Automatisieren Sie Inhaltsaktualisierungen mit unserem\u00a0<strong>\u201cEvergreen RSS\u201d-Taktik<\/strong>\u00a0(Keine technischen Vorkenntnisse erforderlich).<\/span><\/li>\n<li><span style=\"font-family: helvetica, arial, sans-serif;\">\u2705\u00a0<strong>\u00dcbertreffen Sie die Konkurrenz<\/strong>Verwenden Sie die\u00a0<strong>\u201c3-Klick-Keyword-Formel\u201d<\/strong>\u00a0um die #1-Rangliste zu stehlen.<\/span><\/li>\n<li><span style=\"font-family: helvetica, arial, sans-serif;\"><span style=\"font-family: helvetica, arial, sans-serif;\">\u2705\u00a0<strong>Besucher in K\u00e4ufer verwandeln<\/strong>: Unser\u00a0<strong>\u201cExperten-Funnel\u201d<\/strong>\u00a0Blueprint verdoppelt die E-Mail-Anmeldungen.<\/span><\/span><\/li>\n<\/ul>\n<p><span style=\"font-family: helvetica, arial, sans-serif;\"><strong>\ud83c\udfaf Warum das funktioniert<\/strong>Wir lehren nicht nur \u2013 wir geben Ihnen\u00a0<strong>Plug-and-Play-Vorlagen<\/strong>, Audio-Anleitungen und ein\u00a0<strong>Checkliste f\u00fcr die Standortpr\u00fcfung<\/strong>\u00a0um Fehler zu beheben\u00a0<em>schnell<\/em>. H\u00f6r auf zu raten \u2013 fang an!\u00a0<em>gewinnen<\/em>.<\/span><\/p>","protected":false},"featured_media":9548,"comment_status":"open","ping_status":"closed","template":"","meta":{"rs_blank_template":"","rs_page_bg_color":"","slide_template_v7":""},"etheme_brands":[],"product_brand":[],"product_cat":[79,267,72],"product_tag":[174,177,178,175,176],"class_list":{"0":"post-9334","1":"product","2":"type-product","3":"status-publish","4":"has-post-thumbnail","6":"product_cat-audio-music","7":"product_cat-buy-1-get-1","8":"product_cat-tutorials-courses","9":"product_tag-authority-website-strategy","10":"product_tag-content-dominance-toolkit","11":"product_tag-niche-authority-builder","12":"product_tag-seo-blueprint-guide","13":"product_tag-site-ranking-course","14":"product_shipping_class-free-shipping","16":"first","17":"instock","18":"sale","19":"downloadable","20":"purchasable","21":"product-type-simple"},"bundled_by":[],"bundle_stock_status":"instock","bundle_stock_quantity":null,"bundle_virtual":false,"bundle_layout":"","bundle_add_to_cart_form_location":"","bundle_editable_in_cart":false,"bundle_sold_individually_context":"","bundle_item_grouping":"","bundle_min_size":"","bundle_max_size":"","bundle_price":[],"bundled_items":[],"bundle_sell_ids":[],"group_of_quantity":0,"min_quantity":1,"max_quantity":"","exclude_order_quantity_value_rules":"no","exclude_category_quantity_rules":"no","combine_variations":"no","exclude_global_add_ons":[],"addons":[],"_links":{"self":[{"href":"https:\/\/dealpify.com\/de\/wp-json\/wp\/v2\/product\/9334","targetHints":{"allow":["GET"]}}],"collection":[{"href":"https:\/\/dealpify.com\/de\/wp-json\/wp\/v2\/product"}],"about":[{"href":"https:\/\/dealpify.com\/de\/wp-json\/wp\/v2\/types\/product"}],"replies":[{"embeddable":true,"href":"https:\/\/dealpify.com\/de\/wp-json\/wp\/v2\/comments?post=9334"}],"version-history":[{"count":31,"href":"https:\/\/dealpify.com\/de\/wp-json\/wp\/v2\/product\/9334\/revisions"}],"predecessor-version":[{"id":9339,"href":"https:\/\/dealpify.com\/de\/wp-json\/wp\/v2\/product\/9334\/revisions\/9339"}],"wp:featuredmedia":[{"embeddable":true,"href":"https:\/\/dealpify.com\/de\/wp-json\/wp\/v2\/media\/9548"}],"wp:attachment":[{"href":"https:\/\/dealpify.com\/de\/wp-json\/wp\/v2\/media?parent=9334"}],"wp:term":[{"taxonomy":"brand","embeddable":true,"href":"https:\/\/dealpify.com\/de\/wp-json\/wp\/v2\/etheme_brands?post=9334"},{"taxonomy":"product_brand","embeddable":true,"href":"https:\/\/dealpify.com\/de\/wp-json\/wp\/v2\/product_brand?post=9334"},{"taxonomy":"product_cat","embeddable":true,"href":"https:\/\/dealpify.com\/de\/wp-json\/wp\/v2\/product_cat?post=9334"},{"taxonomy":"product_tag","embeddable":true,"href":"https:\/\/dealpify.com\/de\/wp-json\/wp\/v2\/product_tag?post=9334"}],"curies":[{"name":"wp","href":"https:\/\/api.w.org\/{rel}","templated":true}]}}