{"id":9249,"date":"2024-01-02T14:51:43","date_gmt":"2024-01-02T06:51:43","guid":{"rendered":"https:\/\/dealpify.com\/?post_type=product&#038;p=9249"},"modified":"2025-06-18T20:05:42","modified_gmt":"2025-06-18T12:05:42","slug":"vegane-kriegerdiat","status":"publish","type":"product","link":"https:\/\/dealpify.com\/de\/product\/vegane-kriegerdiat\/","title":{"rendered":"Vegan Warrior Diet Guide : 10 Rezepte f\u00fcr mehr Energie und Fettverbrennung"},"content":{"rendered":"<h4><span style=\"font-family: helvetica, arial, sans-serif;\"><strong><br \/>\n\ud83c\udf31 Veganer Warrior-Di\u00e4t-Guide: 10 Rezepte f\u00fcr mehr Energie und Fettverbrennung | Deine pflanzenbasierte Fitnessrevolution<\/strong><\/span><\/h4>\n<p><span style=\"font-family: helvetica, arial, sans-serif;\">Hey, zuk\u00fcnftiger Vegan-Krieger! \ud83d\udc4b Kommen wir gleich zur Sache: Du bist hier, weil du die Nase voll hast von dem endlosen Kreislauf aus Modedi\u00e4ten, verwirrenden Ern\u00e4hrungspl\u00e4nen und Fitnessprogrammen, die dich nur auslaugen, anstatt dir Kraft zu geben. Du willst fit werden, dich gro\u00dfartig f\u00fchlen und alles schaffen.\u00a0<em>ohne<\/em>\u00a0Ihre Werte \u2013 oder Ihre Liebe zu gutem Essen \u2013 kompromittieren. Vielleicht haben Sie schon von den Mythen geh\u00f6rt (<em>\u201cVeganer k\u00f6nnen keine Muskeln aufbauen!\u201d<\/em>\u00a0oder\u00a0<em>\u201cPflanzliche Ern\u00e4hrungsweisen enthalten zu wenig Protein!\u201d<\/em>und Gedanken,\u00a0<em>\u201cIst das \u00fcberhaupt m\u00f6glich?\u201d\u00a0 <\/em><strong>Spoilerwarnung!<\/strong>Es ist nicht nur m\u00f6glich \u2013 es ist\u00a0<em>lebensver\u00e4ndernd<\/em>. Und raten Sie mal? Wir haben die Belege.<\/span><\/p>\n<h4><span style=\"font-family: helvetica, arial, sans-serif;\"><strong><br \/>\nWarum vegane Ern\u00e4hrung im Jahr 2025 den Fitnessmarkt dominieren wird (und warum Sie es nie bereuen werden)<\/strong><\/span><\/h4>\n<p><span style=\"font-family: helvetica, arial, sans-serif;\">Von NFL-Stars wie\u00a0<strong>David Carter<\/strong>\u00a0(auch bekannt als \u201cDer 136-Kilo-Veganer\u201d) zum olympischen Gewichtheber\u00a0<strong>Kendrick Farris<\/strong>, Pflanzenbasierte Athleten brechen Rekorde und definieren die Regeln der Fitness neu. Aber jetzt kommt der Clou:\u00a0<strong>Man muss kein Profisportler sein, um Ergebnisse zu sehen.<\/strong>. Der\u00a0<em>Leitfaden zur veganen Krieger-Di\u00e4t<\/em> ist Ihre Schritt-f\u00fcr-Schritt-Anleitung, um eine schlankere, st\u00e4rkere und energiegeladenere Version Ihrer selbst zu werden \u2013 und das alles, w\u00e4hrend Sie schuldbewusste und umweltfreundliche Mahlzeiten genie\u00dfen.<\/span><\/p>\n<p><span style=\"font-family: helvetica, arial, sans-serif;\">Das bietet Ihnen dieser Leitfaden:<\/span><\/p>\n<ul>\n<li><span style=\"font-family: helvetica, arial, sans-serif;\"><strong>\ud83d\udd25 Hartn\u00e4ckiges Fett verbrennen<\/strong>Schluss mit dem Kalorienz\u00e4hlen! Unser\u00a0<strong>10 Rezepte zur Stoffwechselanregung<\/strong>\u00a0(Denken Sie an w\u00fcrzige, mit Linsen gef\u00fcllte S\u00fc\u00dfkartoffeln und Erdnussbutter-Chia-Energiebomben) und verwandeln Sie Ihren K\u00f6rper in eine Fettverbrennungsmaschine.<\/span><\/li>\n<li><span style=\"font-family: helvetica, arial, sans-serif;\"><strong>\ud83d\udca5 Aufbau fettfreier Muskelmasse<\/strong>Kein Fitnessstudio? Kein Problem! Entdecken Sie\u00a0<strong>Workouts ohne Ger\u00e4te<\/strong> Ger\u00e4te, die mit dem eigenen K\u00f6rpergewicht Arme, Beine und Bauchmuskeln formen, die man auch wirklich gerne zeigt.<\/span><\/li>\n<li><span style=\"font-family: helvetica, arial, sans-serif;\"><strong>\ud83e\uddd8 Energietiefs beheben<\/strong>Verabschieden Sie sich von den Unf\u00e4llen um 15 Uhr. Unser\u00a0<strong>Pflanzenbasierte Ern\u00e4hrungspl\u00e4ne stabilisieren<\/strong>\u00a0Blutzucker mit langsam freisetzenden Kohlenhydraten und eisenreichem Gem\u00fcse.<\/span><\/li>\n<li><span style=\"font-family: helvetica, arial, sans-serif;\"><strong>\ud83d\uded1 Kritiker f\u00fcr immer zum Schweigen bringen<\/strong>Bewaffne dich mit\u00a0<strong>kalte, harte Wissenschaft<\/strong>\u00a0um Mythen wie diese zu entlarven\u00a0<em>\u201cVegane Ern\u00e4hrung ist proteinarm.\u201d<\/em>\u00a0(Spoiler: Quinoa und Hanfsamen haben es in sich).<\/span><\/li>\n<\/ul>\n<h4><span style=\"font-family: helvetica, arial, sans-serif;\"><strong><br \/>\nDas werden Sie lernen (kein Doktortitel erforderlich!)<\/strong><\/span><\/h4>\n<h4><span style=\"font-family: helvetica, arial, sans-serif;\"><strong>1. Das 7-Tage-Protein-Power-Up<\/strong><\/span><\/h4>\n<p><span style=\"font-family: helvetica, arial, sans-serif;\">Vergessen Sie langweiligen Tofu und Soja! Wir stellen Ihnen vor:\u00a0<strong>15 untersch\u00e4tzte vegane Proteinquellen<\/strong>\u00a0Das wird Ihre Geschmacksknospen verw\u00f6hnen. Schon mal probiert?\u00a0<strong>Tempeh-Speck<\/strong>\u00a0oder\u00a0<strong>Brownies mit schwarzen Bohnen<\/strong>Wie w\u00e4re es mit?\u00a0<strong>N\u00e4hrhefe-\u201cK\u00e4se\u201d-Sauce<\/strong>\u00a0Ist das wirklich s\u00fcchtig machend? Unsere Ern\u00e4hrungspl\u00e4ne sind so konzipiert, dass Sie satt und zufrieden bleiben.\u00a0<em>aufgeregt<\/em>\u00a0zum Essen.<\/span><\/p>\n<h4><span style=\"font-family: helvetica, arial, sans-serif;\"><strong>2. Workouts ohne Fitnessstudio, die wirklich funktionieren<\/strong><\/span><\/h4>\n<p><span style=\"font-family: helvetica, arial, sans-serif;\">Verwandeln Sie Ihr Wohnzimmer in ein Fettverbrennungs-Dojo mit\u00a0<strong>20-Minuten-Routinen<\/strong>\u00a0Das kann man tun, w\u00e4hrend man Netflix-Serien schaut.\u00a0<strong>Hochintensives Intervalltraining (HIIT)<\/strong>\u00a0Zu\u00a0<strong>Yoga-Flows zur Muskelregeneration<\/strong>, Diese Workouts passen sich deinem Fitnesslevel an. Au\u00dferdem zeigen wir dir, wie du Haushaltsgegenst\u00e4nde (zum Beispiel leere Kanister!) als selbstgemachte Gewichte verwenden kannst.<\/span><\/p>\n<h4><span style=\"font-family: helvetica, arial, sans-serif;\"><strong>3. Vegane Mahlzeiten-Hacks f\u00fcr den Alltag<\/strong><\/span><\/h4>\n<p><span style=\"font-family: helvetica, arial, sans-serif;\">Voller Terminkalender? Knappes Budget? Wir helfen Ihnen. Erfahren Sie, wie es geht:<\/span><\/p>\n<ul>\n<li><span style=\"font-family: helvetica, arial, sans-serif;\"><strong>Essensvorbereitung: 7 Tage Mittagessen in 1 Stunde<\/strong>\u00a0(mit $50 oder weniger!).<\/span><\/li>\n<li><span style=\"font-family: helvetica, arial, sans-serif;\"><strong>Aus Resten Gourmetgerichte zaubern<\/strong>\u00a0(Denken Sie an Kichererbsen-Curry \u2192 Kichererbsen-Tacos \u2192 Kichererbsen-Salat).<\/span><\/li>\n<li><span style=\"font-family: helvetica, arial, sans-serif;\"><strong>Snack clever<\/strong>\u00a0mit Optionen zum Mitnehmen wie\u00a0<strong>Energieb\u00e4llchen mit Mandelbutter<\/strong>\u00a0und\u00a0<strong>ger\u00f6stete Algenchips<\/strong>.<\/span><\/li>\n<\/ul>\n<h4><span style=\"font-family: helvetica, arial, sans-serif;\"><strong>4. Strategien zum sozialen \u00dcberleben<\/strong><\/span><\/h4>\n<p><span style=\"font-family: helvetica, arial, sans-serif;\">Familienessen oder Fast-Food-Fallen? Wir helfen Ihnen dabei. <strong>Skripte zur Bew\u00e4ltigung unangenehmer Fragen<\/strong>\u00a0(<em>\u201cWoher beziehst du dein Eiwei\u00df?\u201d<\/em>) Und\u00a0<strong>Fast-Food-Tricks<\/strong>\u00a0(Ja, du)\u00a0<em>d\u00fcrfen<\/em>\u00a0(Diese Taco Bell-Bestellung veganisieren).<\/span><\/p>\n<h4><span style=\"font-family: helvetica, arial, sans-serif;\"><strong><br \/>\nEhrlich gesagt: Warum die meisten Veganer scheitern (und wie DU es nicht schaffen wirst)<\/strong><\/span><\/h4>\n<p><span style=\"font-family: helvetica, arial, sans-serif;\">Mal ganz ehrlich: Vegan zu leben kann anfangs echt \u00e4tzend sein. Hei\u00dfhunger? Klar. Verwirrung? Absolut. Aber die\u00a0<em>Leitfaden zur veganen Krieger-Di\u00e4t<\/em>\u00a0dreht den Spie\u00df um mit:<\/span><\/p>\n<ul>\n<li><span style=\"font-family: helvetica, arial, sans-serif;\"><strong>\ud83d\uded1 Die L\u00f6sung f\u00fcr den \u201cSchummeltag\u201d<\/strong>Lust auf Pizza? Unsere\u00a0<strong>Blumenkohlboden-Rezept<\/strong>\u00a0Mit Cashew-Mozzarella werden Sie vergessen, dass es Domino&#039;s \u00fcberhaupt gibt.<\/span><\/li>\n<li><span style=\"font-family: helvetica, arial, sans-serif;\"><strong>\ud83e\udde9 Ratgeber zur Aufkl\u00e4rung von Mythen<\/strong>Entlarven Sie L\u00fcgen wie\u00a0<em>\u201cSoja bringt den Hormonhaushalt durcheinander.\u201d<\/em>\u00a0(Zur Info: Die Wissenschaft sagt, Soja\u00a0<em>reduziert<\/em>\u00a0Brustkrebsrisiko).<\/span><\/li>\n<li><span style=\"font-family: helvetica, arial, sans-serif;\"><strong>\ud83d\udcca Fortschrittsverfolgung<\/strong>: Bleiben Sie motiviert mit ausdruckbaren Tabellen zum Protokollieren von Mahlzeiten, Trainingseinheiten und Meilensteinen.<\/span><\/li>\n<\/ul>\n<h4><span style=\"font-family: helvetica, arial, sans-serif;\"><strong><br \/>\nErfolgsgeschichten, die Sie zu Tr\u00e4nen r\u00fchren werden (Freudentr\u00e4nen!).<\/strong><\/span><\/h4>\n<p><span style=\"font-family: helvetica, arial, sans-serif;\"><strong>Lernen Sie Sarah kennen<\/strong>Eine zweifache Mutter, die 18 Kilo abnahm, ihren ersten Marathon lief und endlich ihre Limonadensucht \u00fcberwand \u2013<em>und das alles bei veganer Ern\u00e4hrung.<\/em>. Ihr Geheimnis? Unser\u00a0<strong>7-Tage-Kickstart-Ern\u00e4hrungsplan<\/strong>\u00a0und\u00a0<strong>HIIT-Routinen<\/strong>\u00a0Das k\u00f6nnte sie w\u00e4hrend des Mittagsschlafs tun.<\/span><\/p>\n<p><span style=\"font-family: helvetica, arial, sans-serif;\"><strong>Und dann ist da noch Jake.<\/strong>Ein Student, der durch Essen 15 Pfund Muskelmasse zugenommen hat\u00a0<strong>Kichererbsen-Pfannengerichte<\/strong>\u00a0und\u00a0<strong>Haferflocken-Protein-Pfannkuchen<\/strong>. Er ist jetzt das Aush\u00e4ngeschild f\u00fcr \u201cvegane Erfolge\u201d auf dem Campus.<\/span><\/p>\n<p><span style=\"font-family: helvetica, arial, sans-serif;\"><strong>Und vergiss Maria nicht.<\/strong>Eine vielbesch\u00e4ftigte Krankenschwester, die unseren Service nutzte\u00a0<strong>$50\/Woche Mahlzeitenvorbereitungsstrategie<\/strong>\u00a0um Zeit, Geld und ihre Energie w\u00e4hrend 12-Stunden-Schichten zu sparen.<\/span><\/p>\n<h4><span style=\"font-family: helvetica, arial, sans-serif;\"><strong><br \/>\nIhre Fragen zur veganen Ern\u00e4hrung\u2026 BEANTWORTET!<\/strong><\/span><\/h4>\n<ul>\n<li><span style=\"font-family: helvetica, arial, sans-serif;\"><strong>\u2753 \u201cWo bekomme ich Vitamin B12?\u201d<\/strong> \u2192 Wir erkl\u00e4ren Ihnen angereicherte Lebensmittel und Nahrungserg\u00e4nzungsmittel, die Ihre Energie auf einem H\u00f6chststand halten.<\/span><\/li>\n<li><span style=\"font-family: helvetica, arial, sans-serif;\"><strong>\u2753 \u201cWie bereite ich meine Mahlzeiten f\u00fcr $50\/Woche vor?\u201d<\/strong> \u2192 Holen Sie sich unser <strong>Vorlage f\u00fcr Einkaufsliste<\/strong>\u00a0und 5 gelingsichere Rezepte.<\/span><\/li>\n<li><span style=\"font-family: helvetica, arial, sans-serif;\"><strong>\u2753 \u201cWas, wenn ich Gr\u00fcnkohl hasse?\u201d\u00a0 <\/strong>\u2192 Tausche es aus! Wir haben 10 Alternativen f\u00fcr dich (wir meinen dich, Rucola und Pak Choi).<\/span><\/li>\n<li><span style=\"font-family: helvetica, arial, sans-serif;\"><strong>\u2753 \u201cWerde ich an Kraft verlieren?\u201d<\/strong> \u2192 Nein! Erfahren Sie, wie <strong>pflanzliches Kreatin<\/strong>\u00a0(Hallo, Waln\u00fcsse!) f\u00f6rdert das Muskelwachstum.<\/span><\/li>\n<\/ul>\n<h4><span style=\"font-family: helvetica, arial, sans-serif;\"><strong><br \/>\nBereit, sich der pflanzenbasierten Revolution anzuschlie\u00dfen?<\/strong><\/span><\/h4>\n<p><span style=\"font-family: helvetica, arial, sans-serif;\">Das ist nicht einfach nur ein E-Book \u2013 es ist dein\u00a0<strong>Fitness-Fee<\/strong>. Egal ob du ein veganer Neuling oder ein erfahrener Pflanzenesser bist, der an seine Grenzen st\u00f6\u00dft, <em>Der Leitfaden zur veganen Kriegerdi\u00e4t gibt<\/em>\u00a0Sie erhalten die Werkzeuge, um:<\/span><\/p>\n<ul>\n<li><span style=\"font-family: helvetica, arial, sans-serif;\"><strong>\u2705 Leckeres Essen genie\u00dfen<\/strong>\u00a0das Ihren K\u00f6rper mit Energie versorgt\u00a0<em>und<\/em>\u00a0deine Seele.<\/span><\/li>\n<li><span style=\"font-family: helvetica, arial, sans-serif;\"><strong>\u2705 Geld sparen<\/strong>\u00a0mit preisg\u00fcnstigen Rezepten.<\/span><\/li>\n<li><span style=\"font-family: helvetica, arial, sans-serif;\"><strong>\u2705 Sei stolz<\/strong>\u00a0zur Reduzierung Ihres CO2-Fu\u00dfabdrucks.<\/span><\/li>\n<\/ul>\n<p><span style=\"font-family: helvetica, arial, sans-serif;\"><strong>Gef\u00e4llt Ihnen unser Produkt? Dann behalten Sie es nicht f\u00fcr sich \u2013 teilen Sie es mit Freunden und Familie! <\/strong>Teilt es weiter und lasst uns gemeinsam noch mehr Herzen inspirieren. Klickt auf den Social-Media-Button unten und\u00a0<em>AKTIE<\/em>\u00a0Um etwas zu bewegen! \ud83c\udf0d\ud83d\udc9a #SpreadTheLove #MakeAnImpact #VeganDietWin #PlantBasedRevolution<\/span><\/p>\n<p><span style=\"font-family: helvetica, arial, sans-serif;\"><strong><br \/>\nPS.<\/strong>\u00a0Deine Reise beginnt in dem Moment, in dem du diesen Leitfaden \u00f6ffnest. Keine Ausreden mehr. Keine Verwirrung mehr. Einfach\u00a0<em>Ergebnisse<\/em>. Auf geht&#039;s, Krieger! \ud83e\udd66\ud83d\udcaa<\/span><\/p>\n<p>&nbsp;<\/p>","protected":false},"excerpt":{"rendered":"<h4><span style=\"font-family: helvetica, arial, sans-serif; font-size: 12.50pt;\"><br \/>\n\ud83c\udf1f\u00a0<strong>Vegan Warrior: Dein ultimativer pflanzenbasierter Fitness- und Ern\u00e4hrungsplan!<\/strong> \ud83c\udf1f<\/span><\/h4>\n<p>Sie haben Schwierigkeiten, Veganismus und Fitness unter einen Hut zu bringen? <strong>bahnbrechendes E-Book<\/strong>\u00a0\u00fcbergibt Ihnen die Schl\u00fcssel zu einem schlankeren K\u00f6rper, unb\u00e4ndiger Energie und genussvollen Mahlzeiten ohne Reue \u2013<em>ohne<\/em>\u00a0auf Gewinne verzichten. Vollgepackt mit\u00a0<strong>7 von Experten entwickelte Trainingspl\u00e4ne<\/strong>,\u00a0<strong>\u00dcber 30 proteinreiche Rezepte<\/strong>, Und\u00a0<strong>Verbl\u00fcffende Erfolgstricks<\/strong>,\u00a0<em>Veganer Krieger<\/em>\u00a0ist dein direkter Weg zu einem gesunden Leben mit einer pflanzlichen Ern\u00e4hrung. \ud83e\udd51\ud83d\udca5\u00a0<strong>Kein Schnickschnack, nur ERGEBNISSE!<\/strong><\/p>\n<h4><span style=\"font-family: helvetica, arial, sans-serif;\"><strong>\ud83d\udd25 Verwandle deinen K\u00f6rper und dein Leben: Der revolution\u00e4re vegane Fitness-Trend, den du nicht verpassen darfst!<br \/>\n<\/strong><\/span><br \/>\n<span style=\"font-family: helvetica, arial, sans-serif; font-size: 12.5pt;\">\u2705\u00a0<strong>Warum sollten Sie sich f\u00fcr dieses Produkt entscheiden?<\/strong><\/span><\/h4>\n<ul>\n<li><span style=\"font-family: helvetica, arial, sans-serif;\">\ud83e\udd57\u00a0<strong>Steigert die Energie und baut Muskeln auf<\/strong>\u00a0auf einer 100%-Pflanzenbasis.<\/span><\/li>\n<li><span style=\"font-family: helvetica, arial, sans-serif;\">\ud83c\udfcb\ufe0f\u00a0<strong>Bew\u00e4hrte Trainingsprogramme<\/strong>\u00a0Speziell f\u00fcr Veganer entwickelt (kein Fitnessstudio erforderlich!).<\/span><\/li>\n<li><span style=\"font-family: helvetica, arial, sans-serif;\">\ud83d\udcaa\u00a0<strong>Proteinmythen entlarven<\/strong>\u00a0mit wissenschaftlich fundierten Ern\u00e4hrungspl\u00e4nen.<\/span><\/li>\n<li><span style=\"font-family: helvetica, arial, sans-serif;\">\ud83c\udf31\u00a0<strong>Leitfaden f\u00fcr einen einfachen \u00dcbergang<\/strong>\u00a0Hei\u00dfhungerattacken bek\u00e4mpfen und motiviert bleiben.<\/span><\/li>\n<li><span style=\"font-family: helvetica, arial, sans-serif;\">\ud83c\udfc6\u00a0<strong>Echte Erfolgsgeschichten<\/strong>\u00a0von Athleten, die Ziele \u00fcbertroffen haben\u00a0<em>ohne<\/em>\u00a0Tierische Produkte.<\/span><\/li>\n<\/ul>","protected":false},"featured_media":9535,"comment_status":"open","ping_status":"closed","template":"","meta":{"rs_blank_template":"","rs_page_bg_color":"","slide_template_v7":""},"etheme_brands":[],"product_brand":[],"product_cat":[43,85,64,45],"product_tag":[161,160,127,163,162],"class_list":{"0":"post-9249","1":"product","2":"type-product","3":"status-publish","4":"has-post-thumbnail","6":"product_cat-publication","7":"product_cat-graphics-designs","8":"product_cat-reports","9":"product_cat-template","10":"product_tag-plant-based-diet-plan","11":"product_tag-vegan-fitness-guide","12":"product_tag-vegan-muscle-building","13":"product_tag-vegan-nutrition-handbook","14":"product_tag-vegan-workout-program","15":"product_shipping_class-free-shipping","17":"first","18":"instock","19":"sale","20":"downloadable","21":"purchasable","22":"product-type-simple"},"bundled_by":[],"bundle_stock_status":"instock","bundle_stock_quantity":null,"bundle_virtual":false,"bundle_layout":"","bundle_add_to_cart_form_location":"","bundle_editable_in_cart":false,"bundle_sold_individually_context":"","bundle_item_grouping":"","bundle_min_size":"","bundle_max_size":"","bundle_price":[],"bundled_items":[],"bundle_sell_ids":[],"group_of_quantity":0,"min_quantity":1,"max_quantity":"","exclude_order_quantity_value_rules":"no","exclude_category_quantity_rules":"no","combine_variations":"no","exclude_global_add_ons":[],"addons":[],"_links":{"self":[{"href":"https:\/\/dealpify.com\/de\/wp-json\/wp\/v2\/product\/9249","targetHints":{"allow":["GET"]}}],"collection":[{"href":"https:\/\/dealpify.com\/de\/wp-json\/wp\/v2\/product"}],"about":[{"href":"https:\/\/dealpify.com\/de\/wp-json\/wp\/v2\/types\/product"}],"replies":[{"embeddable":true,"href":"https:\/\/dealpify.com\/de\/wp-json\/wp\/v2\/comments?post=9249"}],"version-history":[{"count":13,"href":"https:\/\/dealpify.com\/de\/wp-json\/wp\/v2\/product\/9249\/revisions"}],"predecessor-version":[{"id":9257,"href":"https:\/\/dealpify.com\/de\/wp-json\/wp\/v2\/product\/9249\/revisions\/9257"}],"wp:featuredmedia":[{"embeddable":true,"href":"https:\/\/dealpify.com\/de\/wp-json\/wp\/v2\/media\/9535"}],"wp:attachment":[{"href":"https:\/\/dealpify.com\/de\/wp-json\/wp\/v2\/media?parent=9249"}],"wp:term":[{"taxonomy":"brand","embeddable":true,"href":"https:\/\/dealpify.com\/de\/wp-json\/wp\/v2\/etheme_brands?post=9249"},{"taxonomy":"product_brand","embeddable":true,"href":"https:\/\/dealpify.com\/de\/wp-json\/wp\/v2\/product_brand?post=9249"},{"taxonomy":"product_cat","embeddable":true,"href":"https:\/\/dealpify.com\/de\/wp-json\/wp\/v2\/product_cat?post=9249"},{"taxonomy":"product_tag","embeddable":true,"href":"https:\/\/dealpify.com\/de\/wp-json\/wp\/v2\/product_tag?post=9249"}],"curies":[{"name":"wp","href":"https:\/\/api.w.org\/{rel}","templated":true}]}}