{"id":9217,"date":"2023-01-09T15:59:22","date_gmt":"2023-01-09T07:59:22","guid":{"rendered":"https:\/\/dealpify.com\/?post_type=product&#038;p=9217"},"modified":"2025-06-18T20:36:08","modified_gmt":"2025-06-18T12:36:08","slug":"schnellgeld-ninja","status":"publish","type":"product","link":"https:\/\/dealpify.com\/de\/product\/schnellgeld-ninja\/","title":{"rendered":"Fast Cash Ninja: 3-Schritt-System zu $500 t\u00e4glich online"},"content":{"rendered":"<h4><span style=\"font-family: georgia, palatino, serif;\"><br \/>\n<span style=\"font-family: helvetica, arial, sans-serif;\">Fast Cash Ninja: 3-Schritte-System f\u00fcr $500 t\u00e4glich online.\u00a0 \u00a0\u00a0<\/span><\/span><\/h4>\n<p><span style=\"font-family: helvetica, arial, sans-serif;\"><strong><br \/>\n\ud83d\ude80 Fast Cash Ninja: Dein Geldautomat rund um die Uhr in der Gig-Economy<\/strong><\/span><br \/>\n<span style=\"font-family: helvetica, arial, sans-serif;\">Kommen wir gleich zur Sache: Du willst\u00a0<strong>schnelles Geld<\/strong>. Nicht morgen, nicht n\u00e4chste Woche \u2013<em>Heute<\/em>. Der\u00a0<strong>Schnelles Geld Ninja<\/strong> ist nicht einfach nur ein weiteres Werkzeug; es ist Ihr Schl\u00fcssel, um die Gig-Economy in Ihren pers\u00f6nlichen Geldautomaten zu verwandeln. So funktioniert es\u2026<\/span><\/p>\n<p><span style=\"font-family: helvetica, arial, sans-serif;\"><strong>\ud83d\udd25 Das Problem? Zeit ist Geld, aber Ihnen fehlt die Zeit.<\/strong><\/span><br \/>\n<span style=\"font-family: helvetica, arial, sans-serif;\">Die meisten Online-Jobs erfordern stundenlanges Bieten, Verhandeln und Mikromanagement. Bis man endlich einen Auftrag ergattert hat, ist man v\u00f6llig ersch\u00f6pft.\u00a0<strong>Schnelles Geld Ninja<\/strong>\u00a0Es stellt die Spielregeln auf den Kopf. Es automatisiert die Routine, sodass Sie sich auf das Wesentliche konzentrieren k\u00f6nnen:\u00a0<strong>Auszahlung<\/strong>.<\/span><\/p>\n<p><span style=\"font-family: helvetica, arial, sans-serif;\"><strong>\ud83d\udca1 Wie es Ihre Liquidit\u00e4tsprobleme l\u00f6st<\/strong><\/span><\/p>\n<ol start=\"1\">\n<li><span style=\"font-family: helvetica, arial, sans-serif;\"><strong>Finde blitzschnell gut bezahlte Jobs<\/strong><\/span><br \/>\n<span style=\"font-family: helvetica, arial, sans-serif;\">Unsere KI durchsucht \u00fcber 100 Jobb\u00f6rsen (Upwork, Fiverr usw.), um lukrative Auftr\u00e4ge zu finden.\u00a0<strong>$50+\/Stunde<\/strong>. Kein Scrollen mehr \u2013 einfach\u00a0<em>lukrative M\u00f6glichkeiten<\/em>\u00a0Wird direkt in Ihr Dashboard geliefert.<\/span><\/li>\n<li><span style=\"font-family: helvetica, arial, sans-serif;\"><strong>Finde sofort g\u00fcnstige Freelancer<\/strong><\/span><br \/>\n<span style=\"font-family: helvetica, arial, sans-serif;\">Die Datenbank von Ninja umfasst Freiberufler, die bereits ab ... verlangen.\u00a0<strong><span class=\"katex\"><span class=\"katex-mathml\">10 \u20ac\/Stunde f\u00fcr erstklassige Arbeit. Sie behalten die Differenz \u2013 wie beim Verdienen von <\/span><span class=\"katex-html\" aria-hidden=\"true\"><span class=\"base\"><span class=\"mord\">10\/<\/span><span class=\"mord mathnormal\">h<\/span><span class=\"mord mathnormal\">o<\/span><span class=\"mord mathnormal\">u<\/span><span class=\"mord mathnormal\">r <\/span><\/span><span class=\"base\"><span class=\"mord mathnormal\">f<\/span><span class=\"mord mathnormal\">oder <\/span><span class=\"mord mathnormal\">Spitzenklasse<\/span><\/span><span class=\"base\"><span class=\"mord mathnormal\">\u00a0<\/span><span class=\"mord mathnormal\">w<\/span><span class=\"mord mathnormal\">oder<\/span><span class=\"mord mathnormal\">k<\/span><span class=\"mord\">. <\/span><span class=\"mord mathnormal\">Y<\/span><span class=\"mord mathnormal\">o<\/span><span class=\"mord mathnormal\">u <\/span><span class=\"mord mathnormal\">p<\/span><span class=\"mord mathnormal\">oc<\/span><span class=\"mord mathnormal\">k<\/span><span class=\"mord mathnormal\">e<\/span><span class=\"mord mathnormal\">tt<\/span><span class=\"mord mathnormal\">h<\/span><span class=\"mord mathnormal\">e <\/span><span class=\"mord mathnormal\">d<\/span><span class=\"mord mathnormal\">i<\/span><span class=\"mord mathnormal\">ff<\/span><span class=\"mord mathnormal\">ehe<\/span><span class=\"mord mathnormal\">n<\/span><span class=\"mord mathnormal\">ce<\/span><span class=\"mord\">\u2014<\/span><span class=\"mord mathnormal\">l<\/span><span class=\"mord mathnormal\">ich k<\/span><span class=\"mord mathnormal\">ee<\/span><span class=\"mord mathnormal\">a<\/span><span class=\"mord mathnormal\">r<\/span><span class=\"mord mathnormal\">nin<\/span><span class=\"mord mathnormal\">g <\/span><\/span><\/span><\/span>40\/Stunde<\/strong>\u00a0w\u00e4hrenddessen\u00a0<em>absolut nichts<\/em>.<\/span><\/li>\n<li><span style=\"font-family: helvetica, arial, sans-serif;\"><strong>Zahlungen automatisieren &amp; Gewinne verfolgen<\/strong><\/span><br \/>\n<span style=\"font-family: helvetica, arial, sans-serif;\">Richten Sie automatische Zahlungen f\u00fcr Freelancer ein und lassen Sie sich direkt \u00fcber PayPal, Stripe oder Kryptow\u00e4hrung bezahlen. Behalten Sie Ihre\u00a0<strong>schnelles Geld<\/strong> Stapeln in Echtzeit.<\/span><\/li>\n<\/ol>\n<p><span style=\"font-family: helvetica, arial, sans-serif;\"><strong><br \/>\n\ud83d\udcc8 Echte Geschichten, echtes Geld<\/strong><\/span><br \/>\n<span style=\"font-family: helvetica, arial, sans-serif;\">Lernen Sie Sarah kennen, eine Hausfrau, die $3.200 verdiente.<strong><span class=\"katex\"><span class=\"katex-mathml\"> in 14 Tagen mit Hilfe des Ninja Or Mike, ein Student, der seinen Nebenjob k\u00fcndigte, nachdem er $3.200 verdient hatte<\/span><span class=\"katex-html\" aria-hidden=\"true\"><span class=\"base\"><span class=\"mord\">\u00a0<\/span><span class=\"mord mathnormal\">in 14 Tagen mit<\/span><\/span><span class=\"base\"><span class=\"mord mathnormal\">\u00a0<\/span><span class=\"mord mathnormal\">t<\/span><span class=\"mord mathnormal\">h<\/span><span class=\"mord mathnormal\">e <\/span><span class=\"mord mathnormal\">N<\/span><span class=\"mord mathnormal\">inja<\/span><span class=\"mord\">. <\/span><span class=\"mord mathnormal\">O<\/span><span class=\"mord mathnormal\">r <\/span><span class=\"mord mathnormal\">M<\/span><span class=\"mord mathnormal\">ich k<\/span><span class=\"mord mathnormal\">e<\/span><span class=\"mpunct\">, <\/span><span class=\"mord mathnormal\">a <\/span><span class=\"mord mathnormal\">co<\/span><span class=\"mord mathnormal\">ll<\/span><span class=\"mord mathnormal\">e<\/span><span class=\"mord mathnormal\">g<\/span><span class=\"mord mathnormal\">es<\/span><span class=\"mord mathnormal\">t<\/span><span class=\"mord mathnormal\">u<\/span><span class=\"mord mathnormal\">d<\/span><span class=\"mord mathnormal\">e<\/span><span class=\"mord mathnormal\">n<\/span><span class=\"mord mathnormal\">tw<\/span><span class=\"mord mathnormal\">h<\/span><span class=\"mord mathnormal\">o <\/span><span class=\"mord mathnormal\">q<\/span><span class=\"mord mathnormal\">u<\/span><span class=\"mord mathnormal\">i<\/span><span class=\"mord mathnormal\">t <\/span><span class=\"mord mathnormal\">Hi<\/span><span class=\"mord mathnormal\">einen Teilzeitjob annehmen, nachdem man 1.000 TP4T1.000\/Woche passiv verdient hat. <\/span><\/span><\/span><\/span><\/strong><em>Das ist keine Zauberei \u2013 das ist cleveres Arbitrage-Gesch\u00e4ft.<\/em><\/span><\/p>\n<p><span style=\"font-family: helvetica, arial, sans-serif;\"><strong>\ud83d\udcb8 Warum \u201cschnell\u201d und \u201cBargeld\u201d im Namen vorkommen<\/strong><\/span><\/p>\n<ul>\n<li><span style=\"font-family: helvetica, arial, sans-serif;\"><strong>Schnelle Einrichtung<\/strong>: Mit 3 Klicks starten Sie Ihre erste Gewinnquelle.<\/span><\/li>\n<li><span style=\"font-family: helvetica, arial, sans-serif;\"><strong>Schnellere Ergebnisse<\/strong>Die meisten Nutzer erhalten ihr Geld innerhalb von 48 Stunden.<\/span><\/li>\n<li><span style=\"font-family: helvetica, arial, sans-serif;\"><strong>Schnellste Skalierung<\/strong>: Erfolgreiche Gigs duplizieren, um das Einkommen zu verzehnfachen.<\/span><\/li>\n<\/ul>\n<p><span style=\"font-family: helvetica, arial, sans-serif;\"><strong>\ud83d\udd11 Das Geheimnis? Wir \u00fcbernehmen die schwere Arbeit.<\/strong><\/span><br \/>\n<span style=\"font-family: helvetica, arial, sans-serif;\">Sie m\u00fcssen kein Technikgenie oder Marketingexperte sein. Der Ninja k\u00fcmmert sich um Folgendes:<\/span><\/p>\n<ul>\n<li><span style=\"font-family: helvetica, arial, sans-serif;\"><strong>Jobfilterung<\/strong>\u00a0(Keine Billigangebote!)<\/span><\/li>\n<li><span style=\"font-family: helvetica, arial, sans-serif;\"><strong>\u00dcberpr\u00fcfung von Freiberuflern<\/strong>\u00a0(keine leistungsschwachen Arbeiter)<\/span><\/li>\n<li><span style=\"font-family: helvetica, arial, sans-serif;\"><strong>Zahlungsschutz<\/strong>\u00a0(Keine Betr\u00fcgereien)<\/span><\/li>\n<\/ul>\n<p><span style=\"font-family: helvetica, arial, sans-serif;\"><strong>\ud83c\udfaf Perfekt f\u00fcr:<\/strong><\/span><\/p>\n<ul>\n<li><span style=\"font-family: helvetica, arial, sans-serif;\">Nebenjobber, die sich danach sehnen\u00a0<strong>schnelles Geld<\/strong>.<\/span><\/li>\n<li><span style=\"font-family: helvetica, arial, sans-serif;\">Unternehmer wachsen, ohne neue Mitarbeiter einzustellen.<\/span><\/li>\n<li><span style=\"font-family: helvetica, arial, sans-serif;\">Rentner steigern ihr Einkommen passiv.<\/span><\/li>\n<\/ul>\n<p><span style=\"font-family: helvetica, arial, sans-serif;\"><strong>\u26a0\ufe0f Warnung: Dies ist nicht f\u00fcr jeden geeignet<\/strong><\/span><br \/>\n<span style=\"font-family: helvetica, arial, sans-serif;\">Wenn du faul bist oder erwartest\u00a0<span class=\"katex\"><span class=\"katex-mathml\">10.000 \u00fcber Nacht? Vergiss es. Aber wenn du bereit bist, 15 Minuten pro Tag zu investieren, um \u2026 <\/span><span class=\"katex-html\" aria-hidden=\"true\"><span class=\"base\"><span class=\"mord\">$10,000<\/span><span class=\"mord mathnormal\">\u00a0<\/span><span class=\"mord mathnormal\">o<\/span><span class=\"mord mathnormal\">v<\/span><span class=\"mord mathnormal\">er<\/span><span class=\"mord mathnormal\">ni<\/span><span class=\"mord mathnormal\">g<\/span><span class=\"mord mathnormal\">h<\/span><span class=\"mord mathnormal\">t<\/span><span class=\"mpunct\">, weitergehen<\/span><span class=\"mord\">. <\/span><span class=\"mord mathnormal\">B<\/span><span class=\"mord mathnormal\">u<\/span><span class=\"mord mathnormal\">t <\/span><span class=\"mord mathnormal\">i<\/span><span class=\"mord mathnormal\">f <\/span><span class=\"mord mathnormal\">yo<\/span><span class=\"mord mathnormal\">u<\/span><span class=\"mord\">\u2019<\/span><span class=\"mord mathnormal\">re re<\/span><span class=\"mord mathnormal\">a<\/span><span class=\"mord mathnormal\">d<\/span><span class=\"mord mathnormal\">y <\/span><span class=\"mord mathnormal\">t<\/span><span class=\"mord mathnormal\">o <\/span><span class=\"mord mathnormal\">p<\/span><span class=\"mord mathnormal\">u<\/span><span class=\"mord mathnormal\">t <\/span><span class=\"mord mathnormal\">In <\/span><\/span><span class=\"base\"><span class=\"mord\">15 <\/span><span class=\"mord mathnormal\">min<\/span><span class=\"mord mathnormal\">u<\/span><span class=\"mord mathnormal\">t<\/span><span class=\"mord mathnormal\">es<\/span><span class=\"mord\">\/<\/span><span class=\"mord mathnormal\">d<\/span><span class=\"mord mathnormal\">a<\/span><span class=\"mord mathnormal\">y <\/span><\/span><span class=\"base\"><span class=\"mord mathnormal\">t<\/span><span class=\"mord mathnormal\">o unlock $<\/span><\/span><\/span><\/span>500-$5.000\/Monat, jetzt auf \u201cIn den Warenkorb\u201d klicken.<\/span><\/p>\n<p><span style=\"font-family: helvetica, arial, sans-serif;\"><strong>\ud83c\udf08 Gef\u00e4llt dir unser Produkt? Teile deine Begeisterung!<\/strong><\/span><br \/>\n<span style=\"font-family: helvetica, arial, sans-serif;\"><em>\u201cBehaltet diese Geldmaschine nicht f\u00fcr euch \u2013 teilt sie mit Freunden und Familie! Verbreitet die Nachricht und lasst uns gemeinsam noch mehr Menschen inspirieren. Klickt unten auf den Social-Media-Button und \u2018TEILEN\u2019, um etwas zu bewirken! #SpreadTheCash #FastCashRevolution\u201d<\/em><\/span><\/p>\n<p>&nbsp;<\/p>","protected":false},"excerpt":{"rendered":"<h4><span style=\"font-family: helvetica, arial, sans-serif;\"><strong><br \/>\n\ud83c\udf1f Warum Fast Cash Ninja?\u00a0<\/strong><\/span><\/h4>\n<p><span style=\"font-family: helvetica, arial, sans-serif;\">Stellen Sie sich vor, Sie verdienen\u00a0<strong>schnelles Geld<\/strong>\u00a0w\u00e4hrend Sie einen Kaffee trinken oder mit Ihrem Hund spazieren gehen. Die\u00a0<strong>Schnelles Geld Ninja<\/strong>\u00a0ist Ihre Geheimwaffe zum Aufschlie\u00dfen\u00a0<strong>Online-Gewinnm\u00f6glichkeiten<\/strong>\u00a0mit\u00a0<em>Freiberufler-Arbitrage<\/em>-eine geniale Strategie, bei der die Software hochbezahlte Jobs findet und sie mit erschwinglichen Freiberuflern zusammenbringt.\u00a0 <strong>Sie behalten die Differenz - m\u00fchelos!<\/strong><\/span><\/p>\n<h4><span style=\"font-family: helvetica, arial, sans-serif; font-size: 11.50pt;\"><strong>\ud83d\udca1 Kurzer Schnappschuss<\/strong>:<\/span><\/h4>\n<ul>\n<li><span style=\"font-family: helvetica, arial, sans-serif;\">\ud83d\ude80\u00a0<strong>Schnelle Einrichtung<\/strong>: Verdienen Sie in weniger als 10 Minuten.<\/span><\/li>\n<li><span style=\"font-family: helvetica, arial, sans-serif;\">\ud83d\udcb8\u00a0<strong>Garantiertes Bargeld<\/strong>: Keine Wartezeiten - Sie werden t\u00e4glich bezahlt.<\/span><\/li>\n<li><span style=\"font-family: helvetica, arial, sans-serif;\">\ud83d\udd25\u00a0<strong>Bew\u00e4hrte Strategie<\/strong>: Mehr als 12.000 Nutzer nutzen es, um ihr Einkommen zu steigern.<\/span><\/li>\n<\/ul>\n<h4><span style=\"font-family: helvetica, arial, sans-serif; font-size: 11.50pt;\"><strong>\ud83d\ude80 Der Fast Cash Ninja: Verwandle \u201cZeit\u201d in \u201cGeld\u201d in 3 einfachen Klicks!<\/strong><\/span><\/h4>\n<ul>\n<li><span style=\"font-family: helvetica, arial, sans-serif; font-size: 11pt;\">\u2705\u00a0<strong>Schnelles Geld, null Aufwand<\/strong>: Automatisieren Sie die Gewinnerzielung, w\u00e4hrend Sie schlafen.<\/span><\/li>\n<li><span style=\"font-family: helvetica, arial, sans-serif; font-size: 11pt;\">\u2705\u00a0<strong>Verdoppeln Sie Ihr Einkommen<\/strong>: Erschlie\u00dfen Sie hochbezahlte Jobs, die andere verpassen.<\/span><\/li>\n<li><span style=\"font-family: helvetica, arial, sans-serif; font-size: 11pt;\">\u2705\u00a0<strong>Keine technischen Vorkenntnisse erforderlich<\/strong>: Entwickelt f\u00fcr Anf\u00e4nger, beliebt bei Profis.<\/span><\/li>\n<li><span style=\"font-family: helvetica, arial, sans-serif; font-size: 11pt;\">\u2705\u00a0<strong>Risikofreier Cashflow<\/strong>: Verdienen Sie t\u00e4glich ohne Vorlaufkosten.<\/span><\/li>\n<\/ul>","protected":false},"featured_media":9544,"comment_status":"open","ping_status":"closed","template":"","meta":{"rs_blank_template":"","rs_page_bg_color":"","slide_template_v7":""},"etheme_brands":[],"product_brand":[],"product_cat":[42,132],"product_tag":[155,157,159,156,158],"class_list":{"0":"post-9217","1":"product","2":"type-product","3":"status-publish","4":"has-post-thumbnail","6":"product_cat-digital-software","7":"product_cat-software-scripts","8":"product_tag-fast-cash-software","9":"product_tag-freelancer-arbitrage","10":"product_tag-gig-economy-hacks","11":"product_tag-online-profit-tool","12":"product_tag-passive-income-generator","13":"product_shipping_class-free-shipping","15":"first","16":"instock","17":"sale","18":"downloadable","19":"purchasable","20":"product-type-simple"},"bundled_by":[],"bundle_stock_status":"instock","bundle_stock_quantity":null,"bundle_virtual":false,"bundle_layout":"","bundle_add_to_cart_form_location":"","bundle_editable_in_cart":false,"bundle_sold_individually_context":"","bundle_item_grouping":"","bundle_min_size":"","bundle_max_size":"","bundle_price":[],"bundled_items":[],"bundle_sell_ids":[],"group_of_quantity":0,"min_quantity":1,"max_quantity":"","exclude_order_quantity_value_rules":"no","exclude_category_quantity_rules":"no","combine_variations":"no","exclude_global_add_ons":[],"addons":[],"_links":{"self":[{"href":"https:\/\/dealpify.com\/de\/wp-json\/wp\/v2\/product\/9217","targetHints":{"allow":["GET"]}}],"collection":[{"href":"https:\/\/dealpify.com\/de\/wp-json\/wp\/v2\/product"}],"about":[{"href":"https:\/\/dealpify.com\/de\/wp-json\/wp\/v2\/types\/product"}],"replies":[{"embeddable":true,"href":"https:\/\/dealpify.com\/de\/wp-json\/wp\/v2\/comments?post=9217"}],"version-history":[{"count":16,"href":"https:\/\/dealpify.com\/de\/wp-json\/wp\/v2\/product\/9217\/revisions"}],"predecessor-version":[{"id":9223,"href":"https:\/\/dealpify.com\/de\/wp-json\/wp\/v2\/product\/9217\/revisions\/9223"}],"wp:featuredmedia":[{"embeddable":true,"href":"https:\/\/dealpify.com\/de\/wp-json\/wp\/v2\/media\/9544"}],"wp:attachment":[{"href":"https:\/\/dealpify.com\/de\/wp-json\/wp\/v2\/media?parent=9217"}],"wp:term":[{"taxonomy":"brand","embeddable":true,"href":"https:\/\/dealpify.com\/de\/wp-json\/wp\/v2\/etheme_brands?post=9217"},{"taxonomy":"product_brand","embeddable":true,"href":"https:\/\/dealpify.com\/de\/wp-json\/wp\/v2\/product_brand?post=9217"},{"taxonomy":"product_cat","embeddable":true,"href":"https:\/\/dealpify.com\/de\/wp-json\/wp\/v2\/product_cat?post=9217"},{"taxonomy":"product_tag","embeddable":true,"href":"https:\/\/dealpify.com\/de\/wp-json\/wp\/v2\/product_tag?post=9217"}],"curies":[{"name":"wp","href":"https:\/\/api.w.org\/{rel}","templated":true}]}}