{"id":9114,"date":"2024-02-01T11:28:30","date_gmt":"2024-02-01T03:28:30","guid":{"rendered":"https:\/\/dealpify.com\/?post_type=product&#038;p=9114"},"modified":"2025-06-18T17:31:14","modified_gmt":"2025-06-18T09:31:14","slug":"wie-sie-ihre-marke-mit-instagram-bildern-aufbauen","status":"publish","type":"product","link":"https:\/\/dealpify.com\/de\/product\/wie-sie-ihre-marke-mit-instagram-bildern-aufbauen\/","title":{"rendered":"Wie Sie Ihre Marke mit Instagram-Bildern aufbauen und Ihren Umsatz in 90 Tagen verdreifachen"},"content":{"rendered":"<h4><span style=\"font-family: helvetica, arial, sans-serif;\"><strong><br \/>\nWie Sie Ihre Marke mit Instagram-Bildern aufbauen &amp; 3x Umsatz in 90 Tagen<\/strong><\/span><\/h4>\n<p><span style=\"font-family: helvetica, arial, sans-serif;\">Instagram ist nicht nur eine soziale Plattform - es ist eine\u00a0<strong>$24 Milliarden f\u00fcr den Aufbau von Marken<\/strong>, und wenn Sie diese nicht strategisch nutzen, lassen Sie Geld auf dem Tisch liegen. Mit \u00fcber\u00a0<strong>1,4 Milliarden aktive Nutzer<\/strong>\u00a0Beim t\u00e4glichen Scrollen durch die Website muss man mehr als nur sch\u00f6ne Bilder posten, um aufzufallen. Es erfordert eine\u00a0<em>Spielplan<\/em>eine, die aus Gelegenheits-Scrollern treue Kunden macht. Dieser Leitfaden ist keine weitere generische Liste von Tipps. Er ist Ihr\u00a0<strong>7-stufiger, kampferprobter Fahrplan<\/strong>\u00a0um Ihr Instagram in eine Lead-generierende, verkaufsf\u00f6rdernde Maschine zu verwandeln.<em>in nur 90 Tagen<\/em>.<\/span><\/p>\n<p><span style=\"font-family: helvetica, arial, sans-serif;\">Seien wir ehrlich: 95% der Marken auf Instagram scheitern, weil sie es wie ein digitales Fotoalbum behandeln. Aber die besten 1%? Sie nutzen Instagram, um\u00a0<strong>Reiche aufbauen<\/strong>. Denken Sie mal dar\u00fcber nach: W\u00fcrde Nike ein unscharfes iPhone-Foto seiner neuesten Turnschuhe posten? Nein. Sie w\u00fcrden eine visuelle Geschichte entwerfen, die Sie\u00a0<em>f\u00fchlen<\/em>\u00a0wie diese Schuhe Sie in Usain Bolt verwandeln werden. Das ist die Macht der bewussten Markenf\u00fchrung - und in diesem Leitfaden erfahren Sie, wie Sie sie nachahmen k\u00f6nnen.<\/span><\/p>\n<h4><span style=\"font-family: helvetica, arial, sans-serif;\"><strong><br \/>\n\ud83d\ude80 Warum Instagram? Hier ist die harte Wahrheit...<\/strong><\/span><\/h4>\n<p><span style=\"font-family: helvetica, arial, sans-serif;\">Die meisten Marken machen zwei fatale Fehler:<\/span><\/p>\n<ol start=\"1\">\n<li><span style=\"font-family: helvetica, arial, sans-serif;\">Sie posten sporadisch und hoffen auf \u201cViralit\u00e4t\u201d.\u201d<\/span><\/li>\n<li><span style=\"font-family: helvetica, arial, sans-serif;\">Sie geben der \u00c4sthetik den Vorrang vor\u00a0<em>Strategie<\/em>.<\/span><\/li>\n<\/ol>\n<p><span style=\"font-family: helvetica, arial, sans-serif;\">Aber hier ist, was die besten 1% wissen:<\/span><\/p>\n<ul>\n<li><span style=\"font-family: helvetica, arial, sans-serif;\"><strong>Visuelles Storytelling bringt 3x mehr Website-Besucher<\/strong>\u00a0als Facebook.<\/span><\/li>\n<li><span style=\"font-family: helvetica, arial, sans-serif;\"><strong>Emotionale Verbindungen<\/strong>\u00a0(nicht nur h\u00fcbsche Raster) erh\u00f6hen die Kundenbindung um 68%.<\/span><\/li>\n<li><span style=\"font-family: helvetica, arial, sans-serif;\"><strong>Partnerschaften mit Influencern<\/strong>\u00a0Richtig gemacht k\u00f6nnen sie\u00a0<strong>42% h\u00f6herer ROI<\/strong>\u00a0als traditionelle Anzeigen.<\/span><\/li>\n<\/ul>\n<p><span style=\"font-family: helvetica, arial, sans-serif;\">Das Problem? Sie konkurrieren mit\u00a0<strong>500 Millionen Beitr\u00e4ge t\u00e4glich<\/strong>. Um zu gewinnen, braucht man ein System - kein Gl\u00fcck.<\/span><\/p>\n<h4><span style=\"font-family: helvetica, arial, sans-serif;\"><strong><br \/>\n\ud83d\udd25 Strategie 1: Die Regel der \u201cGoldenen Stunde\u201d f\u00fcr virale Posts<\/strong><\/span><\/h4>\n<p><span style=\"font-family: helvetica, arial, sans-serif;\">Am Dienstag um 16 Uhr posten? Das ist\u00a0<em>also<\/em>\u00a02022. Im Jahr 2024,\u00a0<strong>KI-gest\u00fctzte Analytik<\/strong>\u00a0haben den Code geknackt:\u00a0<em>Ihr<\/em>\u00a0Das Publikum ist am aktivsten bei\u00a0<strong>8:32 Uhr sonntags<\/strong>. (Ja, auf die Minute genaues Timing ist wichtig!) Warum? Weil die Leute am Sonntagmorgen Kaffee schl\u00fcrfen, gedankenlos scrollen und\u00a0<em>sich tats\u00e4chlich engagieren<\/em>-nicht nur doppelt tippen und geistern.<\/span><\/p>\n<p><span style=\"font-family: helvetica, arial, sans-serif;\"><strong>So dominieren Sie:<\/strong><\/span><\/p>\n<ul>\n<li><span style=\"font-family: helvetica, arial, sans-serif;\">Verwenden Sie Tools wie\u00a0<em>Sp\u00e4ter<\/em>\u00a0oder\u00a0<em>Puffer<\/em>\u00a0um Beitr\u00e4ge zu planen w\u00e4hrend\u00a0<strong>dein<\/strong>\u00a0die \u201cGoldene Stunde\u201d des Publikums (wir zeigen Ihnen, wie Sie Ihre finden).<\/span><\/li>\n<li><span style=\"font-family: helvetica, arial, sans-serif;\">Getestet\u00a0<strong>kostenlose Vorlagen<\/strong>\u00a0(im Lieferumfang enthalten!) k\u00f6nnen Sie die Inhalte eines Monats in 2 Stunden erstellen.<\/span><\/li>\n<li><span style=\"font-family: helvetica, arial, sans-serif;\"><strong>Profi-Tipp:<\/strong>\u00a0Poste Reels um 7:15 Uhr - Der Algorithmus von Instagram bevorzugt Videoinhalte in den fr\u00fchen Morgenstunden.<\/span><\/li>\n<\/ul>\n<h4><span style=\"font-family: helvetica, arial, sans-serif;\"><strong><br \/>\n\ud83d\udcf8 Strategie 2: Werfen Sie Ihr Telefon weg (ernsthaft!)<\/strong><\/span><\/h4>\n<p><span style=\"font-family: helvetica, arial, sans-serif;\">Ihr iPhone 15 reicht nicht mehr aus. Marken wie Glossier und Gymshark investieren in\u00a0<strong>professionelles Bildmaterial<\/strong>\u00a0denn sie bekommen\u00a0<strong>89% mehr speichern &amp; teilen<\/strong>. Aber Sie brauchen keine $5.000-Kamera.<\/span><\/p>\n<p><span style=\"font-family: helvetica, arial, sans-serif;\"><strong>Hier ist Ihr budgetfreundlicher Leitfaden:<\/strong><\/span><\/p>\n<ul>\n<li><span style=\"font-family: helvetica, arial, sans-serif;\"><strong>Aufnehmen von Bildern in DSLR-Qualit\u00e4t<\/strong>\u00a0mit einer $300 Canon Rebel (wir werden unsere Lieblingsmodelle verlinken).<\/span><\/li>\n<li><span style=\"font-family: helvetica, arial, sans-serif;\"><strong>Bearbeiten wie ein Profi<\/strong>\u00a0mit kostenlosen Lightroom-Voreinstellungen (im Leitfaden enthalten) - ein Klick, und Ihre Bilder werden von \u201cmies\u201d zu\u00a0<em>magazinw\u00fcrdig<\/em>.<\/span><\/li>\n<li><span style=\"font-family: helvetica, arial, sans-serif;\"><strong>Karussell-Hacks:<\/strong>\u00a0Stellen Sie auf der ersten Folie eine Frage (\u201cWelches Outfit w\u00fcrden SIE tragen?\u201d) und beobachten Sie, wie viel Zeit f\u00fcr Ihren Beitrag aufgewendet wird.\u00a0<strong>sprunghaft ansteigen um 300%<\/strong>.<\/span><\/li>\n<\/ul>\n<h4><span style=\"font-family: helvetica, arial, sans-serif;\"><strong><br \/>\n\ud83d\udcac Strategie 3: Untertitel, die <em>Kraft<\/em>\u00a0Verlobung<\/strong><\/span><\/h4>\n<p><span style=\"font-family: helvetica, arial, sans-serif;\">\u201cBildunterschriften wie \u201dSch\u00f6nes Bild!\" sind etwas f\u00fcr Amateure. Ihre Bildunterschriften sollten\u00a0<strong>Bringen Sie Ihre Anh\u00e4nger dazu, mit dem Scrollen aufzuh\u00f6ren und zu handeln<\/strong>.<\/span><\/p>\n<p><span style=\"font-family: helvetica, arial, sans-serif;\"><strong>Die 3-teilige Formel, die jedes Mal funktioniert:<\/strong><\/span><\/p>\n<ol start=\"1\">\n<li><span style=\"font-family: helvetica, arial, sans-serif;\"><strong>Haken:<\/strong>\u00a0\u201cSchreib ein \ud83d\ude0d, ob du das bei deinem n\u00e4chsten Date tragen w\u00fcrdest!\u201d (Emojis = 28% mehr Kommentare.)<\/span><\/li>\n<li><span style=\"font-family: helvetica, arial, sans-serif;\"><strong>Geschichte:<\/strong>\u00a0\u201cDieses Kleid hat meine Ehe gerettet... OK, nicht wirklich - aber es hat mir 3 Freigetr\u00e4nke beschert \ud83d\ude09 \u201d. (Humor st\u00e4rkt das Vertrauen.)<\/span><\/li>\n<li><span style=\"font-family: helvetica, arial, sans-serif;\"><strong>CTA:<\/strong>\u00a0\u201cMarkiere 3 Freunde, die das in ihrem Kleiderschrank brauchen \ud83d\udc47.\u201d (Direkte CTAs erh\u00f6hen das Engagement um das Zweifache.)<\/span><\/li>\n<\/ol>\n<p><span style=\"font-family: helvetica, arial, sans-serif;\"><strong>Ein echtes Beispiel:<\/strong>\u00a0@SustainableChic verwendete diese Formel und gewann\u00a0<strong>12K Follower in 30 Tagen<\/strong>.<\/span><\/p>\n<h4><span style=\"font-family: helvetica, arial, sans-serif;\"><strong><br \/>\n\ud83d\udcc8 Strategie 4: Hashtags = kostenlose Werbung (aber Sie machen es falsch)<\/strong><\/span><\/h4>\n<p><span style=\"font-family: helvetica, arial, sans-serif;\">Verwenden Sie #fashion oder #instagood? Sie sind unter mehr als 100 Millionen Beitr\u00e4gen begraben. Stattdessen,\u00a0<strong>Nischenspezifische Hashtags<\/strong>\u00a0wirken wie ein Magnet f\u00fcr\u00a0<em>dein<\/em>\u00a0ideale Kunden.<\/span><\/p>\n<p><span style=\"font-family: helvetica, arial, sans-serif;\"><strong>Unsere Hashtag-Datenbank umfasst:<\/strong><\/span><\/p>\n<ul>\n<li><span style=\"font-family: helvetica, arial, sans-serif;\"><strong>Gemeinschaft Tags:<\/strong>\u00a0#SustainableFashionLovers (23K Beitr\u00e4ge) = weniger Konkurrenz, mehr gezielte Reichweite.<\/span><\/li>\n<li><span style=\"font-family: helvetica, arial, sans-serif;\"><strong>Branded Tags:<\/strong>\u00a0#YourBrandRevolution (schaffe eine Bewegung, nicht nur einen Tag).<\/span><\/li>\n<li><span style=\"font-family: helvetica, arial, sans-serif;\"><strong>Trend-Jacking Tags:<\/strong>\u00a0#ViralReels2024 (dem Algorithmus auf den Fersen sein).<\/span><\/li>\n<\/ul>\n<p><span style=\"font-family: helvetica, arial, sans-serif;\"><strong>Profi-Tipp:<\/strong>\u00a0Verwenden Sie 8-12 Hashtags pro Beitrag. Mischen Sie 3 gro\u00dfe (500K+ Beitr\u00e4ge), 5 mittlere (50K-500K) und 3 kleine (&lt;50K).<\/span><\/p>\n<h4><span style=\"font-family: helvetica, arial, sans-serif;\"><strong><br \/>\n\ud83e\udd1d Strategie 5: Follower in E-Mail-Abonnenten verwandeln (diesen \u201cBio-Link\u201d-Trick klauen)<\/strong><\/span><\/h4>\n<p><span style=\"font-family: helvetica, arial, sans-serif;\">Warum sollten Sie Ihr Publikum Instagram \u00fcberlassen? Vergr\u00f6\u00dfern Sie Ihre E-Mail-Liste durch\u00a0<strong>200%<\/strong>\u00a0mit:<\/span><\/p>\n<ul>\n<li><span style=\"font-family: helvetica, arial, sans-serif;\"><strong>Unwiderstehliche Freebies:<\/strong>\u00a0\u201cHolen Sie unsere\u00a0<em>Instagram-\u00c4sthetik-Leitfaden<\/em>\u00a0(im Wert von $299) GRATIS, wenn Sie sich anmelden!\u201d<\/span><\/li>\n<li><span style=\"font-family: helvetica, arial, sans-serif;\"><strong>Hoch-konvertierende Landing Pages:<\/strong>\u00a0Entwerfen Sie eine Ein-Klick-Seite (mit kostenlosen Tools wie Carrd), die bei\u00a0<strong>35%+<\/strong>.<\/span><\/li>\n<\/ul>\n<p><span style=\"font-family: helvetica, arial, sans-serif;\"><strong>Fallstudie:<\/strong>\u00a0@HomeBrewCoffee nutzte ein \u201cFree Cold Brew Recipe Book\u201d Angebot und f\u00fcgte hinzu\u00a0<strong>5.000 E-Mails in 2 Wochen<\/strong>.<\/span><\/p>\n<h4><span style=\"font-family: helvetica, arial, sans-serif;\"><strong><br \/>\n\ud83d\udcc6 Strategie 6: Posten <em>Smarter<\/em>, nicht h\u00e4rter<\/strong><\/span><\/h4>\n<p><span style=\"font-family: helvetica, arial, sans-serif;\">Sie posten t\u00e4glich? Du brennst ohne Grund aus.<\/span><\/p>\n<p><span style=\"font-family: helvetica, arial, sans-serif;\"><strong>Das Inhaltskalender-System:<\/strong><\/span><\/p>\n<ul>\n<li><span style=\"font-family: helvetica, arial, sans-serif;\"><strong>Batch-Erstellung von 30 Beitr\u00e4gen in 4 Stunden:<\/strong>\u00a0Verwenden Sie unsere Canva-Vorlagen, um die Inhalte eines Monats in einer Sitzung zu entwerfen.<\/span><\/li>\n<li><span style=\"font-family: helvetica, arial, sans-serif;\"><strong>Top-Performer umfunktionieren:<\/strong>\u00a0Verwandeln Sie ein virales Reel in ein Karussell und dann in einen Blogbeitrag. Verdreifachen Sie den ROI mit einer Idee.<\/span><\/li>\n<li><span style=\"font-family: helvetica, arial, sans-serif;\"><strong>Vermeiden Sie Schattenbanns:<\/strong>\u00a0Verwenden Sie niemals verbotene Hashtags (wir bieten ein Tool zur Echtzeit-\u00dcberpr\u00fcfung).<\/span><\/li>\n<\/ul>\n<h4><span style=\"font-family: helvetica, arial, sans-serif;\"><strong><br \/>\n\ud83d\udce2 Strategie 7: Aufschreie, die <em>Eigentlich<\/em>\u00a0Arbeit<\/strong><\/span><\/h4>\n<p><span style=\"font-family: helvetica, arial, sans-serif;\">Zahlen Sie Influencern nicht mehr $1.000 pro Beitrag. Nutzen Sie stattdessen\u00a0<strong>UGC (Benutzergenerierte Inhalte)<\/strong>\u00a0Zu:<\/span><\/p>\n<ul>\n<li><span style=\"font-family: helvetica, arial, sans-serif;\">Machen Sie Kunden zu Markenbotschaftern (z. B. indem Sie ihre Fotos mit Ihrem Produkt ver\u00f6ffentlichen).<\/span><\/li>\n<li><span style=\"font-family: helvetica, arial, sans-serif;\"><strong>Authentisches Engagement f\u00f6rdern:<\/strong>\u00a0UGC-Beitr\u00e4ge erhalten\u00a0<strong>10x mehr Aktien<\/strong>\u00a0als gebrandete Inhalte.<\/span><\/li>\n<\/ul>\n<p><span style=\"font-family: helvetica, arial, sans-serif;\"><strong>Beispiel:<\/strong>\u00a0@SkincareJunkie hat durch die Ver\u00f6ffentlichung von Vorher\/Nachher-Fotos von Kunden 100.000 Follower erreicht.<\/span><\/p>\n<h4><span style=\"font-family: helvetica, arial, sans-serif;\"><strong><br \/>\n\ud83c\udfaf Bereit, eine Instagram-Markenlegende zu werden?<\/strong><\/span><\/h4>\n<p><span style=\"font-family: helvetica, arial, sans-serif;\">Dies ist nicht nur ein weiterer Leitfaden - es ist Ihr\u00a0<strong>30-Tage-Aktionsplan<\/strong>\u00a0mit:<\/span><br \/>\n<span style=\"font-family: helvetica, arial, sans-serif;\">\u2705\u00a0<strong>Checklisten zum Selbermachen:<\/strong>\u00a0Kein R\u00e4tselraten.<\/span><br \/>\n<span style=\"font-family: helvetica, arial, sans-serif;\">\u2705\u00a0<strong>10 kostenlose Vorlagen:<\/strong>\u00a0Formeln f\u00fcr Bildunterschriften, Hashtag-Listen, Reel-Skripte.<\/span><br \/>\n<span style=\"font-family: helvetica, arial, sans-serif;\">\u2705\u00a0<strong>Live-Beispiele:<\/strong>\u00a0\u00dcbernehmen Sie die Strategien von Marken, die gerade im Kommen sind.<\/span><\/p>\n<p><span style=\"font-family: helvetica, arial, sans-serif;\"><strong>Stellen Sie sich Folgendes vor:<\/strong>\u00a0In 90 Tagen ist Ihr Instagram nicht nur \u201ch\u00fcbsch\u201d - es ist ein\u00a0<strong>Verkaufsmaschine<\/strong>\u00a03x mehr Einnahmen. Keine Frustration mehr, keine Zeitverschwendung. Nur noch Ergebnisse.<\/span><\/p>\n<p><span style=\"font-family: helvetica, arial, sans-serif;\">\ud83d\udc8c Sie lieben unser Produkt? Behalten Sie es nicht f\u00fcr sich - teilen Sie es mit Freunden und Familie! Sagen Sie es weiter, und lassen Sie uns gemeinsam noch mehr Herzen inspirieren. Klicken Sie auf die soziale Schaltfl\u00e4che unten und \u2018TEILEN\u2019, um etwas zu bewirken!<\/span><br \/>\n<span style=\"font-family: helvetica, arial, sans-serif;\">#SpreadTheLove #MakeAnImpact #InstagramBrandMastery #BrandGrowthHacks #SocialMediaSuccess<\/span><\/p>\n<p>&nbsp;<\/p>","protected":false},"excerpt":{"rendered":"<p><span style=\"font-family: helvetica, arial, sans-serif;\"><strong>\ud83c\udf1f Entschl\u00fcsseln Sie die Geheimnisse des Instagram-Markenerfolgs! \ud83d\ude80<br \/>\n<\/strong><\/span><br \/>\n<span style=\"font-family: helvetica, arial, sans-serif;\">M\u00fcde von\u00a0<em>blindlings buchend<\/em>\u00a0auf Instagram? Entdecken Sie\u00a0<strong>7 bew\u00e4hrte Schritte<\/strong>\u00a0um Ihren Feed in eine Maschine zum Markenaufbau zu verwandeln! Dieser Leitfaden ist nicht nur Theorie.<strong>es ist ein kampferprobter Fahrplan<\/strong>\u00a0wird von mehr als 5.000 Unternehmen genutzt, um:<\/span><\/p>\n<ul>\n<li><span style=\"font-family: helvetica, arial, sans-serif;\">\ud83d\udd25 <strong>Engagement in die H\u00f6he treiben<\/strong> mit auff\u00e4lligen Bildern und Erz\u00e4hlungen.<\/span><\/li>\n<li><span style=\"font-family: helvetica, arial, sans-serif;\">\ud83d\udd25\u00a0<strong>Anh\u00e4ngerschaft organisch wachsen lassen<\/strong> (keine Bots, kein Spam!).<\/span><\/li>\n<li><span style=\"font-family: helvetica, arial, sans-serif;\">\ud83d\udd25\u00a0<strong>Scroller in K\u00e4ufer umwandeln<\/strong> die versteckten Funktionen von Instagram zu nutzen.<\/span><\/li>\n<li><span style=\"font-family: helvetica, arial, sans-serif;\"><strong>\ud83c\udf81 BONUS:<\/strong> Erhalten Sie 10 kostenlose Vorlagen und einen 30-Tage-Aktionsplan!<\/span><\/li>\n<\/ul>\n<p><span style=\"font-family: helvetica, arial, sans-serif;\"><strong>\ud83d\ude80 Verwandeln Sie Ihr Instagram in ein markenbildendes Kraftwerk!<br \/>\n<\/strong><\/span><br \/>\n<span style=\"font-family: helvetica, arial, sans-serif;\">\u2705\u00a0<strong>Warum diesen Leitfaden w\u00e4hlen?<\/strong><\/span><\/p>\n<ul>\n<li><span style=\"font-family: helvetica, arial, sans-serif;\"><strong>5.000+ vertrauensw\u00fcrdige Marken:<\/strong>\u00a0Bew\u00e4hrte Strategien, um Follower in treue Kunden zu verwandeln.<\/span><\/li>\n<li><span style=\"font-family: helvetica, arial, sans-serif;\"><strong>Doppeltes Engagement in 30 Tagen:<\/strong>\u00a0Beherrschen Sie virales Bildmaterial, Bildunterschriften und Hashtags.<\/span><\/li>\n<li><span style=\"font-family: helvetica, arial, sans-serif;\"><strong>Kostenlose Vorlagen &amp; Tools:<\/strong>\u00a0Enth\u00e4lt 10+ anpassbare Instagram-Vorlagen.<\/span><\/li>\n<li><span style=\"font-family: helvetica, arial, sans-serif;\"><strong>Schritt-f\u00fcr-Schritt-Aktionspl\u00e4ne:<\/strong>\u00a0Keine Floskeln, nur ergebnisorientierte Taktiken.<\/span><\/li>\n<\/ul>","protected":false},"featured_media":9117,"comment_status":"open","ping_status":"closed","template":"","meta":{"rs_blank_template":"","rs_page_bg_color":"","slide_template_v7":""},"etheme_brands":[],"product_brand":[],"product_cat":[43,85,138,64],"product_tag":[149,145,148,146,147],"class_list":{"0":"post-9114","1":"product","2":"type-product","3":"status-publish","4":"has-post-thumbnail","6":"product_cat-publication","7":"product_cat-graphics-designs","8":"product_cat-image","9":"product_cat-reports","10":"product_tag-brand-building-course","11":"product_tag-instagram-brand-strategy","12":"product_tag-instagram-marketing-guide","13":"product_tag-social-media-growth","14":"product_tag-viral-content-templates","15":"product_shipping_class-free-shipping","17":"first","18":"instock","19":"sale","20":"downloadable","21":"purchasable","22":"product-type-simple"},"bundled_by":[],"bundle_stock_status":"instock","bundle_stock_quantity":null,"bundle_virtual":false,"bundle_layout":"","bundle_add_to_cart_form_location":"","bundle_editable_in_cart":false,"bundle_sold_individually_context":"","bundle_item_grouping":"","bundle_min_size":"","bundle_max_size":"","bundle_price":[],"bundled_items":[],"bundle_sell_ids":[],"group_of_quantity":0,"min_quantity":1,"max_quantity":"","exclude_order_quantity_value_rules":"no","exclude_category_quantity_rules":"no","combine_variations":"no","exclude_global_add_ons":[],"addons":[],"_links":{"self":[{"href":"https:\/\/dealpify.com\/de\/wp-json\/wp\/v2\/product\/9114","targetHints":{"allow":["GET"]}}],"collection":[{"href":"https:\/\/dealpify.com\/de\/wp-json\/wp\/v2\/product"}],"about":[{"href":"https:\/\/dealpify.com\/de\/wp-json\/wp\/v2\/types\/product"}],"replies":[{"embeddable":true,"href":"https:\/\/dealpify.com\/de\/wp-json\/wp\/v2\/comments?post=9114"}],"version-history":[{"count":9,"href":"https:\/\/dealpify.com\/de\/wp-json\/wp\/v2\/product\/9114\/revisions"}],"predecessor-version":[{"id":9120,"href":"https:\/\/dealpify.com\/de\/wp-json\/wp\/v2\/product\/9114\/revisions\/9120"}],"wp:featuredmedia":[{"embeddable":true,"href":"https:\/\/dealpify.com\/de\/wp-json\/wp\/v2\/media\/9117"}],"wp:attachment":[{"href":"https:\/\/dealpify.com\/de\/wp-json\/wp\/v2\/media?parent=9114"}],"wp:term":[{"taxonomy":"brand","embeddable":true,"href":"https:\/\/dealpify.com\/de\/wp-json\/wp\/v2\/etheme_brands?post=9114"},{"taxonomy":"product_brand","embeddable":true,"href":"https:\/\/dealpify.com\/de\/wp-json\/wp\/v2\/product_brand?post=9114"},{"taxonomy":"product_cat","embeddable":true,"href":"https:\/\/dealpify.com\/de\/wp-json\/wp\/v2\/product_cat?post=9114"},{"taxonomy":"product_tag","embeddable":true,"href":"https:\/\/dealpify.com\/de\/wp-json\/wp\/v2\/product_tag?post=9114"}],"curies":[{"name":"wp","href":"https:\/\/api.w.org\/{rel}","templated":true}]}}