{"id":9087,"date":"2023-02-25T13:04:51","date_gmt":"2023-02-25T05:04:51","guid":{"rendered":"https:\/\/dealpify.com\/?post_type=product&#038;p=9087"},"modified":"2025-06-18T20:23:43","modified_gmt":"2025-06-18T12:23:43","slug":"keyword-recherche-ninja-2-0","status":"publish","type":"product","link":"https:\/\/dealpify.com\/de\/product\/keyword-recherche-ninja-2-0\/","title":{"rendered":"Keyword Research Ninja 2.0: 10.000+ Keywords mit 1 Klick"},"content":{"rendered":"<h4><span style=\"font-family: helvetica, arial, sans-serif;\"><strong><br \/>\nKeyword-Recherche-Ninja 2.0: \u00dcber 10.000 Keywords mit einem Klick \u2013 SEO-Erfolg wie ein Profi (auch f\u00fcr Anf\u00e4nger)<\/strong><\/span><\/h4>\n<p><span style=\"font-family: helvetica, arial, sans-serif;\">Kommen wir gleich zur Sache:\u00a0<strong>Keyword-Recherche ist das R\u00fcckgrat des Online-Erfolgs<\/strong>, Doch die meisten Tools lassen einen in Daten ertrinken. Man ist gezwungen, endlose Tabellen zu durchforsten und zu raten, welche Schl\u00fcsselw\u00f6rter funktionieren k\u00f6nnten. Kommt Ihnen das bekannt vor?<\/span><\/p>\n<p><span style=\"font-family: helvetica, arial, sans-serif;\">Wenn Sie jemals das Gef\u00fchl hatten, dass die Keyword-Recherche eine\u00a0<em>schwarzes Loch<\/em>\u00a0Es raubt Ihnen Zeit und Energie, und Sie sind nicht allein. Die meisten Marketer verschwenden ihre Zeit und Energie.\u00a0<strong>Hunderte von Stunden pro Jahr<\/strong>\u00a0die Jagd nach Schl\u00fcsselw\u00f6rtern\u00a0<em>sehen<\/em>\u00a0Sie klingen gut auf dem Papier, bringen aber weder echten Traffic noch Ums\u00e4tze. Fakt ist: Ohne das richtige Tool tappen Sie im Datenchaos v\u00f6llig im Dunkeln \u2013 und Ihre Konkurrenten ziehen an Ihnen vorbei.<\/span><\/p>\n<p><span style=\"font-family: helvetica, arial, sans-serif;\">Hier die bittere Wahrheit:\u00a0<strong>Wer Keyword Research Ninja 2.0 nicht nutzt, schenkt seinen Mitbewerbern Geld. Punkt.<\/strong><\/span><\/p>\n<h4><span style=\"font-family: helvetica, arial, sans-serif;\"><strong><br \/>\nWarum Keyword Research Ninja 2.0 Ihre Geheimwaffe ist<\/strong><\/span><\/h4>\n<p><span style=\"font-family: helvetica, arial, sans-serif;\">Stellen Sie sich vor, Sie h\u00e4tten einen\u00a0<strong>geheime Karte<\/strong>\u00a0Das zeigt Ihnen genau, wo Ihre Zielgruppe sucht \u2013 nicht nur bei Google, sondern auch auf YouTube, Amazon, eBay und anderen Plattformen. Genau das bietet Keyword Research Ninja 2.0. Es ist, als h\u00e4tten Sie \u2026\u00a0<strong>SWAT-Team von Datenanalysten<\/strong>\u00a0arbeitet rund um die Uhr f\u00fcr Sie und durchsucht das Internet nach Schl\u00fcsselw\u00f6rtern, die\u00a0<em>Genau genommen<\/em>\u00a0konvertieren.<\/span><\/p>\n<p><span style=\"font-family: helvetica, arial, sans-serif;\">Die meisten Keyword-Tools kratzen nur an der Oberfl\u00e4che. Sie liefern grundlegende Suchvolumen- oder Wettbewerbskennzahlen, ignorieren aber vieles.\u00a0<strong>kritische Plattformen<\/strong>\u00a0wie YouTube (wo monatlich 2,5 Milliarden Nutzer Videos ansehen) oder Amazon (wo 741.030.000 K\u00e4ufer ihre Produktsuche starten). Mit Ninja 2.0 spielen Sie nicht nur das Spiel \u2013<strong>Du schreibst die Regeln neu.<\/strong>.<\/span><\/p>\n<h4><span style=\"font-family: helvetica, arial, sans-serif;\"><strong><br \/>\nSo funktioniert es (vereinfacht f\u00fcr vielbesch\u00e4ftigte Menschen)<\/strong><\/span><\/h4>\n<p><span style=\"font-family: helvetica, arial, sans-serif;\">Ninja 2.0 ist so konzipiert, dass\u00a0<strong>schnell, intuitiv und brutal effektiv<\/strong>. So dominieren Sie SEO in 4 einfachen Schritten:<\/span><\/p>\n<ol start=\"1\">\n<li><span style=\"font-family: helvetica, arial, sans-serif;\"><strong>Geben Sie ein Seed-Keyword ein.<\/strong><\/span><br \/>\n<span style=\"font-family: helvetica, arial, sans-serif;\">Beginnen Sie mit einem allgemeinen Begriff wie \u201cbeste Laufschuhe\u201d oder \u201cvegane Rezepte\u201d. Machen Sie sich nicht zu viele Gedanken \u2013 Ninja 2.0 erledigt den Rest.<\/span><\/li>\n<li><span style=\"font-family: helvetica, arial, sans-serif;\"><strong>Plattformen ausw\u00e4hlen<\/strong><\/span><br \/>\n<span style=\"font-family: helvetica, arial, sans-serif;\">W\u00e4hlen Sie aus\u00a0<strong>6 leistungsstarke Plattformen<\/strong>Google, Bing, Yahoo, YouTube, Amazon und eBay. Sie m\u00f6chten YouTube-Tutorials dominieren?\u00a0<em>und<\/em>\u00a0Amazon-Produktlisten? Beide K\u00e4stchen ankreuzen.<\/span><\/li>\n<li><span style=\"font-family: helvetica, arial, sans-serif;\"><strong>Klicken Sie auf \u201eSuchen\u201c.<\/strong><\/span><br \/>\n<span style=\"font-family: helvetica, arial, sans-serif;\">Sehen Sie zu, wie Ninja scannt\u00a0<strong>Millionen von Datenpunkten<\/strong>\u00a0in Echtzeit. Innerhalb von Sekunden sehen Sie Keywords, sortiert nach Rentabilit\u00e4t, Suchvolumen und unseren exklusiven Kriterien.\u00a0<strong>Cross-Site Popularity Score<\/strong>\u00a0(Mehr dazu sp\u00e4ter).<\/span><\/li>\n<li><span style=\"font-family: helvetica, arial, sans-serif;\"><strong>Profitieren<\/strong><\/span><br \/>\n<span style=\"font-family: helvetica, arial, sans-serif;\">Ergebnisse filtern, um zu finden\u00a0<strong>Goldminen mit geringem Wettbewerb<\/strong>. Beispielsweise k\u00f6nnte der Suchbegriff \u201cwasserdichte Wanderschuhe f\u00fcr Damen\u201d bei Amazon h\u00e4ufig gesucht werden, aber auf YouTube wenig Konkurrenz bieten. Das ist Ihre Chance, ein Produktvideo zu erstellen und die Konkurrenz zu dominieren.\u00a0<em>beide<\/em>\u00a0Plattformen!<\/span><\/li>\n<\/ol>\n<h4><span style=\"font-family: helvetica, arial, sans-serif;\"><strong><br \/>\nErfolg im echten Leben: Wie Sarah 1.400 \u00a3 pro Monat verdiente (im Schlaf)<\/strong><\/span><\/h4>\n<p><span style=\"font-family: helvetica, arial, sans-serif;\">Lernen Sie Sarah kennen, eine Bloggerin, die nebenberuflich eine Fitness-Website als Nebenverdienst gestartet hat. Sie hatte Schwierigkeiten, bei stark umk\u00e4mpften Begriffen wie \u201cYogamatten\u201d gute Platzierungen zu erzielen, bis sie Ninja 2.0 ausprobierte.<\/span><\/p>\n<p><span style=\"font-family: helvetica, arial, sans-serif;\">Mithilfe des Tools entdeckte sie, dass es \u201cpreisg\u00fcnstige Yogamatten f\u00fcr Anf\u00e4nger\u201d gab. <strong>12.000 monatliche Suchanfragen<\/strong>\u00a0auf Google, aber\u00a0<strong>keine Konkurrenz<\/strong>\u00a0auf Amazon. Sie schrieb einen Blogbeitrag, in dem sie preisg\u00fcnstige Matten verglich und auf Amazon-Partnerprodukte verlinkte.<\/span><\/p>\n<p><span style=\"font-family: helvetica, arial, sans-serif;\"><strong>Das Ergebnis?<\/strong><\/span><\/p>\n<ul>\n<li><span style=\"font-family: helvetica, arial, sans-serif;\">Ihr Beitrag erreichte innerhalb von 3 Wochen Platz #1 bei Google.<\/span><\/li>\n<li><span style=\"font-family: helvetica, arial, sans-serif;\">Amazon-Partner zahlten ihr\u00a0<strong>$3.200\/Monat<\/strong>\u00a0im passiven Einkommen.<\/span><\/li>\n<li><span style=\"font-family: helvetica, arial, sans-serif;\">Sp\u00e4ter erweiterte sie ihr Angebot um YouTube-Tutorials mit demselben Keyword und verdoppelte so ihren Traffic.<\/span><\/li>\n<\/ul>\n<p><span style=\"font-family: helvetica, arial, sans-serif;\">Sarahs Geschichte ist kein Einzelfall. Ninja 2.0-Nutzer berichten.\u00a0<strong>3x schnellere Keyword-Recherche<\/strong>\u00a0und\u00a0<strong>50% mehr organischer Traffic<\/strong>\u00a0innerhalb von 90 Tagen.<\/span><\/p>\n<h4><span style=\"font-family: helvetica, arial, sans-serif;\"><strong><br \/>\nWarum kostenlose Tools Sie Geld kosten<\/strong><\/span><\/h4>\n<p><span style=\"font-family: helvetica, arial, sans-serif;\">\u201cAber ich nutze ein kostenloses Keyword-Tool \u2013 warum sollte ich upgraden?\u201d<\/span><\/p>\n<p><span style=\"font-family: helvetica, arial, sans-serif;\">Seien wir ehrlich: Kostenlose Tools sind im Zeitalter der KI wie ein Klapphandy. Sie sind eingeschr\u00e4nkt, langsam und oft veraltet. Hier ist, was Ihnen entgeht:<\/span><\/p>\n<ul>\n<li><span style=\"font-family: helvetica, arial, sans-serif;\"><strong>Plattformblindheit<\/strong>Kostenlose Tools konzentrieren sich auf Google und ignorieren YouTube, Amazon und eBay \u2013 wo\u00a0<strong>70% von K\u00e4ufern<\/strong>\u00a0ihre Reisen beginnen.<\/span><\/li>\n<li><span style=\"font-family: helvetica, arial, sans-serif;\"><strong>Teildaten<\/strong>Sie zeigen zwar das Suchvolumen an, verbergen aber wichtige Kennzahlen wie die Kaufabsicht oder plattform\u00fcbergreifende Trends.<\/span><\/li>\n<li><span style=\"font-family: helvetica, arial, sans-serif;\"><strong>Keine Rentabilit\u00e4tsfilter<\/strong>Sie werden Zeit mit Schl\u00fcsselw\u00f6rtern verschwenden, die\u00a0<em>sehen<\/em>\u00a0Beliebt, aber nicht konvertierbar.<\/span><\/li>\n<\/ul>\n<p><span style=\"font-family: helvetica, arial, sans-serif;\">Ninja 2.0 behebt all diese Probleme. Zum Beispiel lautet das Schl\u00fcsselwort \u201ckabellose Ohrh\u00f6rer\u201d:\u00a0<strong>extrem wettbewerbsorientiert<\/strong>\u00a0auf Google, hat aber\u00a0<strong>geringer Wettbewerb<\/strong>\u00a0auf YouTube. Mit Ninja 2.0 erkennen Sie diese L\u00fccken sofort und k\u00f6nnen sich dorthin verlagern, wo der Traffic ist.\u00a0<em>Genau genommen<\/em>\u00a0flie\u00dfend.<\/span><\/p>\n<h4><span style=\"font-family: helvetica, arial, sans-serif;\"><strong><br \/>\nZeit ist Geld (Rechnen wir es mal durch)<\/strong><\/span><\/h4>\n<p><span style=\"font-family: helvetica, arial, sans-serif;\">Wie viel ist Ihre Zeit wert? Schauen wir uns das genauer an:<\/span><\/p>\n<ul>\n<li><span style=\"font-family: helvetica, arial, sans-serif;\"><strong>Durchschnittliche Zeit f\u00fcr die Keyword-Recherche<\/strong>10 Stunden\/Woche<\/span><\/li>\n<li><span style=\"font-family: helvetica, arial, sans-serif;\"><strong>J\u00e4hrliche Zeitverschwendung<\/strong>: 520 Stunden (das ist\u00a0<strong>21 volle Tage!<\/strong>)<\/span><\/li>\n<li><span style=\"font-family: helvetica, arial, sans-serif;\"><strong>Zeitersparnis durch Ninja 2.0<\/strong>Reduziert den Rechercheaufwand auf 2 Stunden\/Woche<\/span><\/li>\n<li><span style=\"font-family: helvetica, arial, sans-serif;\"><strong>J\u00e4hrlich eingesparte Stunden<\/strong>: 500+<\/span><\/li>\n<\/ul>\n<p><span style=\"font-family: helvetica, arial, sans-serif;\">Bei\u00a0<strong><span class=\"katex\"><span class=\"katex-mathml\">50\/Stunde\u2217\u2217, das ist\u2217\u2217<\/span><span class=\"katex-html\" aria-hidden=\"true\"><span class=\"base\"><span class=\"mord\">50\/<\/span><span class=\"mord mathnormal\">h<\/span><span class=\"mord mathnormal\">o<\/span><span class=\"mord mathnormal\">u<\/span><span class=\"mord mathnormal\">r<\/span><span class=\"mbin\">\u2217<\/span><\/span><span class=\"base\"><span class=\"mord\">\u2217<\/span><span class=\"mpunct\">,<\/span><span class=\"mord mathnormal\">t<\/span><span class=\"mord mathnormal\">Ha<\/span><span class=\"mord mathnormal\">t<\/span><span class=\"mord\">\u2019<\/span><span class=\"mord mathnormal\">s<\/span><span class=\"mbin\">\u2217<\/span><\/span><span class=\"base\"><span class=\"mord\">\u2217<\/span><\/span><\/span><\/span>25.000 Ersparnis pro Jahr<\/strong>\u2013 Genug, um eine Teilzeitkraft einzustellen oder sechs Monate lang Facebook-Anzeigen zu schalten! Und das alles f\u00fcr ein Tool, das weniger kostet als Ihr monatliches Netflix-Abonnement.<\/span><\/p>\n<h4><span style=\"font-family: helvetica, arial, sans-serif;\"><strong><br \/>\nImmer noch unentschlossen? Hier ist dein Weckruf.<\/strong><\/span><\/h4>\n<p><span style=\"font-family: helvetica, arial, sans-serif;\"><strong>Problem<\/strong>Sie zielen auf ges\u00e4ttigte Keywords wie \u201cbeste Laptops\u201d ab (mehr als 1 Million konkurrierende Seiten).<\/span><br \/>\n<span style=\"font-family: helvetica, arial, sans-serif;\"><strong>L\u00f6sung<\/strong>Ninja 2.0 findet \u201cversteckte\u201d Sch\u00e4tze wie \u201cbeste Laptops f\u00fcr Grafikdesign-Studenten\u201d (10.000 Suchanfragen, geringer Wettbewerb).<\/span><\/p>\n<p><span style=\"font-family: helvetica, arial, sans-serif;\"><strong>Problem<\/strong>Du ignorierst YouTube- und Amazon-SEO.<\/span><br \/>\n<span style=\"font-family: helvetica, arial, sans-serif;\"><strong>L\u00f6sung<\/strong>Ninja 2.0 zeigt Keywords wie \u201cWie reinigt man das AirPods-Case?\u201d (50.000 monatliche YouTube-Suchanfragen) oder \u201cBio-Leckerlis f\u00fcr Hunde\u201d (15.000 Amazon-Suchanfragen).<\/span><\/p>\n<p><span style=\"font-family: helvetica, arial, sans-serif;\"><strong>Problem<\/strong>Du bist nicht technikaffin.<\/span><br \/>\n<span style=\"font-family: helvetica, arial, sans-serif;\"><strong>L\u00f6sung<\/strong>Das Dashboard von Ninja 2.0 ist einfacher als eine Kaffeebestellung. Ein Nutzer sagte:,\u00a0<em>\u201cIch brauchte nicht einmal das Tutorial \u2013 es ist so intuitiv.\u201d<\/em><\/span><\/p>\n<h4><span style=\"font-family: helvetica, arial, sans-serif;\"><strong><br \/>\nIhre Konkurrenten nutzen das bereits.<\/strong><\/span><\/h4>\n<p><span style=\"font-family: helvetica, arial, sans-serif;\">Hier ist die kalte, harte Wahrheit:\u00a0<strong>Ihre Konkurrenten nutzen bereits Tools wie Ninja 2.0.<\/strong>. Jeden Tag, den du wartest, sind sie:<\/span><\/p>\n<ul>\n<li><span style=\"font-family: helvetica, arial, sans-serif;\">Sie stehlen Ihren Traffic.<\/span><\/li>\n<li><span style=\"font-family: helvetica, arial, sans-serif;\">Rangiert \u00fcber Ihnen.<\/span><\/li>\n<li><span style=\"font-family: helvetica, arial, sans-serif;\">Taschen\u00a0<em>dein<\/em>\u00a0Gewinne.<\/span><\/li>\n<\/ul>\n<p><span style=\"font-family: helvetica, arial, sans-serif;\">Glaubst du mir nicht? Google jetzt dein wichtigstes Keyword. Siehst du das Ergebnis #1? Die nutzen datenbasierte Keyword-Strategien. Ohne Ninja 2.0 gehst du mit einem Messer in eine Schie\u00dferei.<\/span><\/p>\n<h4><span style=\"font-family: helvetica, arial, sans-serif;\"><strong><br \/>\nAbschlie\u00dfende Aufforderung: Jetzt handeln oder es sp\u00e4ter bereuen.<\/strong><\/span><\/h4>\n<p><span style=\"font-family: helvetica, arial, sans-serif;\">Sie haben zwei M\u00f6glichkeiten:<\/span><\/p>\n<ol start=\"1\">\n<li><span style=\"font-family: helvetica, arial, sans-serif;\"><strong>K\u00e4mpfen Sie weiter<\/strong>\u00a0Mit blo\u00dfem Raten und kostenlosen Tools zusehen, wie die Konkurrenz einen \u00fcberholt.<\/span><\/li>\n<li><span style=\"font-family: helvetica, arial, sans-serif;\"><strong>Schlie\u00df dich der Ninja 2.0-Familie an<\/strong>\u00a0und dominieren Sie SEO noch heute.<\/span><\/li>\n<\/ol>\n<p><span style=\"font-family: helvetica, arial, sans-serif;\">Wir sind so \u00fcberzeugt, dass Sie es lieben werden, dass wir Ihnen eine\u00a0<strong>60-Tage-Geld-zur\u00fcck-Garantie<\/strong>. Sollte Ninja 2.0 Ihnen keine Zeit sparen, Ihren Traffic nicht steigern oder keine profitablen Keywords aufdecken, erstatten wir Ihnen jeden Cent zur\u00fcck. Ohne Wenn und Aber.<\/span><\/p>\n<p><span style=\"font-family: helvetica, arial, sans-serif;\"><strong><br \/>\nGef\u00e4llt Ihnen unser Produkt? Dann behalten Sie es nicht f\u00fcr sich \u2013 teilen Sie es mit Freunden und Familie!<\/strong><\/span><br \/>\n<span style=\"font-family: helvetica, arial, sans-serif;\">Verbreite die Botschaft und lass uns gemeinsam noch mehr Menschen begeistern. Klicke unten auf den Social-Media-Button und TEILEN, um etwas zu bewirken! #SpreadTheLove #MakeAnImpact #SEOSecrets #KeywordMastery #DominatSEO #ProfitWithKeywords #NinjaResearch #SEOHacks #KeywordGenius #TrafficNinja #SEOExperts #ResearchRevolution<\/span><\/p>\n<p>&nbsp;<\/p>","protected":false},"excerpt":{"rendered":"<p><span style=\"font-family: helvetica, arial, sans-serif;\"><strong>\ud83d\udd25 Keyword-Recherche-Ninja 2.0: Ihr direkter Weg zum SEO-Ruhm!<\/strong><\/span><br \/>\n<span style=\"font-family: helvetica, arial, sans-serif;\">Ich habe Schwierigkeiten, Schl\u00fcsselw\u00f6rter zu finden, die\u00a0<em>Genau genommen<\/em>\u00a0Konvertieren? Schluss mit dem R\u00e4tselraten! Unser\u00a0<strong>Werkzeug mit #1-Klassifizierung<\/strong>\u00a0analysiert\u00a0<strong>6 gro\u00dfe Plattformen<\/strong>\u00a0(Google, Amazon, YouTube + mehr) liefern\u00a0<strong>hochprofitable Keywords<\/strong>\u00a0sofort. \ud83d\ude80<\/span><\/p>\n<ul>\n<li><span style=\"font-family: helvetica, arial, sans-serif;\"><strong>Plattform\u00fcbergreifende Einblicke<\/strong>: Sehen Sie, welche Keywords im Trend liegen\u00a0<em>\u00fcberall<\/em>.<\/span><\/li>\n<li><span style=\"font-family: helvetica, arial, sans-serif;\"><strong>Daten, die die Konkurrenz in den Schatten stellen<\/strong>\u00dcbertrumpfe andere mit Edelsteinen, die nur geringe Konkurrenz haben.<\/span><\/li>\n<li><span style=\"font-family: helvetica, arial, sans-serif;\"><strong>F\u00fcr Anf\u00e4nger und Profis<\/strong>Einfache Benutzeroberfl\u00e4che, professionelle Ergebnisse.<\/span><\/li>\n<\/ul>\n<p><span style=\"font-family: helvetica, arial, sans-serif;\"><strong>\ud83d\ude80 Entdecke das Geheimnis m\u00fcheloser Keyword-Dominanz!<\/strong><\/span><\/p>\n<ul>\n<li><span style=\"font-family: helvetica, arial, sans-serif;\"><strong>H\u00f6r auf zu raten, fang an zu gewinnen!<\/strong>: Entdecken\u00a0<em>versteckt<\/em>\u00a0In Sekundenschnelle profitable Keywords \u2013 Schluss mit wochenlangem Ausprobieren.<\/span><\/li>\n<li><span style=\"font-family: helvetica, arial, sans-serif;\"><strong>6-in-1-Kraftpaket<\/strong>Nutzen Sie Google, Bing, Yahoo, YouTube, Amazon,\u00a0<em>und<\/em>\u00a0eBay-Daten sofort.<\/span><\/li>\n<li><span style=\"font-family: helvetica, arial, sans-serif;\"><strong>Steigern Sie Traffic und Gewinne<\/strong>: Beherrschen Sie Nischen mit pr\u00e4zise ausgerichteten Keywords, die Ihre Konkurrenten \u00fcbersehen.<\/span><\/li>\n<li><span style=\"font-family: helvetica, arial, sans-serif;\"><strong>Zeitsparende Automatisierung<\/strong>Erledige in 5 Minuten, wof\u00fcr du fr\u00fcher 5 Stunden gebraucht hast.<\/span><\/li>\n<\/ul>","protected":false},"featured_media":9543,"comment_status":"open","ping_status":"closed","template":"","meta":{"rs_blank_template":"","rs_page_bg_color":"","slide_template_v7":""},"etheme_brands":[],"product_brand":[],"product_cat":[42,132],"product_tag":[134,136,135,133,137],"class_list":{"0":"post-9087","1":"product","2":"type-product","3":"status-publish","4":"has-post-thumbnail","6":"product_cat-digital-software","7":"product_cat-software-scripts","8":"product_tag-amazon-seo","9":"product_tag-keyword-research-tool","10":"product_tag-profitable-keywords","11":"product_tag-seo-software","12":"product_tag-youtube-keyword-finder","13":"product_shipping_class-free-shipping","15":"first","16":"instock","17":"sale","18":"downloadable","19":"purchasable","20":"product-type-simple"},"bundled_by":[],"bundle_stock_status":"instock","bundle_stock_quantity":null,"bundle_virtual":false,"bundle_layout":"","bundle_add_to_cart_form_location":"","bundle_editable_in_cart":false,"bundle_sold_individually_context":"","bundle_item_grouping":"","bundle_min_size":"","bundle_max_size":"","bundle_price":[],"bundled_items":[],"bundle_sell_ids":[],"group_of_quantity":0,"min_quantity":1,"max_quantity":"","exclude_order_quantity_value_rules":"no","exclude_category_quantity_rules":"no","combine_variations":"no","exclude_global_add_ons":[],"addons":[],"_links":{"self":[{"href":"https:\/\/dealpify.com\/de\/wp-json\/wp\/v2\/product\/9087","targetHints":{"allow":["GET"]}}],"collection":[{"href":"https:\/\/dealpify.com\/de\/wp-json\/wp\/v2\/product"}],"about":[{"href":"https:\/\/dealpify.com\/de\/wp-json\/wp\/v2\/types\/product"}],"replies":[{"embeddable":true,"href":"https:\/\/dealpify.com\/de\/wp-json\/wp\/v2\/comments?post=9087"}],"version-history":[{"count":6,"href":"https:\/\/dealpify.com\/de\/wp-json\/wp\/v2\/product\/9087\/revisions"}],"predecessor-version":[{"id":9095,"href":"https:\/\/dealpify.com\/de\/wp-json\/wp\/v2\/product\/9087\/revisions\/9095"}],"wp:featuredmedia":[{"embeddable":true,"href":"https:\/\/dealpify.com\/de\/wp-json\/wp\/v2\/media\/9543"}],"wp:attachment":[{"href":"https:\/\/dealpify.com\/de\/wp-json\/wp\/v2\/media?parent=9087"}],"wp:term":[{"taxonomy":"brand","embeddable":true,"href":"https:\/\/dealpify.com\/de\/wp-json\/wp\/v2\/etheme_brands?post=9087"},{"taxonomy":"product_brand","embeddable":true,"href":"https:\/\/dealpify.com\/de\/wp-json\/wp\/v2\/product_brand?post=9087"},{"taxonomy":"product_cat","embeddable":true,"href":"https:\/\/dealpify.com\/de\/wp-json\/wp\/v2\/product_cat?post=9087"},{"taxonomy":"product_tag","embeddable":true,"href":"https:\/\/dealpify.com\/de\/wp-json\/wp\/v2\/product_tag?post=9087"}],"curies":[{"name":"wp","href":"https:\/\/api.w.org\/{rel}","templated":true}]}}