{"id":9073,"date":"2024-03-29T13:34:38","date_gmt":"2024-03-29T05:34:38","guid":{"rendered":"https:\/\/dealpify.com\/?post_type=product&#038;p=9073"},"modified":"2025-06-18T16:59:03","modified_gmt":"2025-06-18T08:59:03","slug":"videos-mit-fitness-tricks-fur-veganer","status":"publish","type":"product","link":"https:\/\/dealpify.com\/de\/product\/videos-mit-fitness-tricks-fur-veganer\/","title":{"rendered":"Vegan Warrior PRO: 5 vegane Mahlzeiten-Hacks + 8 Fitness-Videos"},"content":{"rendered":"<h4><\/h4>\n<h4><span style=\"font-family: helvetica, arial, sans-serif;\"><strong><br \/>\n\ud83c\udf31 Willkommen bei Vegan Warrior PRO: 5 vegane Essens-Hacks + 8 Fitnessvideos \u2013 Deine ultimative pflanzenbasierte Fitnessrevolution! \ud83c\udf31<\/strong><\/span><\/h4>\n<p><span style=\"font-family: helvetica, arial, sans-serif;\">Hey, zuk\u00fcnftiger pflanzenbasierter Krieger! \ud83d\udc4b Genervt von widerspr\u00fcchlichen Ratschl\u00e4gen zum Thema vegane Fitness? Frustriert vom Klischee \u201cvegan = schwach\u201d? Lass uns die Regeln neu schreiben.\u00a0<strong>Vegan Warrior PRO<\/strong>\u00a0ist nicht einfach nur eine weitere Videoserie \u2013 es ist deine\u00a0<strong>8-stufiger Plan<\/strong> Muskeln aufbauen, Fett verbrennen und sich pflanzlich ern\u00e4hren\u2026 ohne dabei auf Geschmack, Energie oder ethische Grunds\u00e4tze zu verzichten.<\/span><\/p>\n<p><span style=\"font-family: helvetica, arial, sans-serif;\">Wir alle kennen die Mythen:\u00a0<em>\u201cMit pflanzlicher Nahrung kann man nicht gen\u00fcgend Protein aufnehmen.\u201d <\/em><em>\u201cVeganer sind immer m\u00fcde.\u201d \ud83d\ude44\u00a0 <\/em>Lass uns diesen L\u00e4rm mit Wissenschaft, Schwei\u00df und richtig leckerem Essen ausblenden. Egal, ob du ein Fitnessstudio-Neuling oder ein erfahrener Athlet bist, dieses Programm ist dein direkter Weg zur st\u00e4rksten und ges\u00fcndesten Version von dir selbst.\u00a0<em>selbst<\/em>.<\/span><\/p>\n<h4><span style=\"font-family: helvetica, arial, sans-serif;\"><strong><br \/>\n<span style=\"font-size: 11pt;\">Warum Vegan Warrior PRO Ihre Fitnessreise ver\u00e4ndern wird (Kein Bullshit!)<\/span><\/strong><\/span><\/h4>\n<p><span style=\"font-family: helvetica, arial, sans-serif;\">Dies ist kein allgemeiner Ratgeber nach dem Motto \u201cIss Gem\u00fcse und bete\u201d. Wir servieren\u2026\u00a0<strong>8 Videos, die man unbedingt gesehen haben muss<\/strong>\u00a0vollgepackt mit praktischen Strategien, unterst\u00fctzt von Ern\u00e4hrungswissenschaftlern, Profisportlern und\u00a0<em>echte Menschen<\/em>\u00a0Diejenigen, die es selbst erlebt haben. Hier erfahren Sie, warum es funktioniert:<\/span><\/p>\n<p><span style=\"font-family: helvetica, arial, sans-serif;\">1\ufe0f\u20e3\u00a0<strong>Wissenschaftlich fundiert, nicht werblich<\/strong>Jeder Tipp, jeder Ern\u00e4hrungsplan und jedes Trainingsprogramm basiert auf wissenschaftlich gepr\u00fcften Studien. Keine dubiosen Nahrungserg\u00e4nzungsmittel oder \u00fcberteuerten Superfoods \u2013 nur praktische und budgetfreundliche Ratschl\u00e4ge.<\/span><br \/>\n<span style=\"font-family: helvetica, arial, sans-serif;\">2\ufe0f\u20e3\u00a0<strong>F\u00fcr alle Leistungsstufen<\/strong>Egal ob Hanteln oder Windeln (ein Gru\u00df an alle vielbesch\u00e4ftigten Eltern!), wir haben f\u00fcr jedes Fitnesslevel die passende Variante.<\/span><br \/>\n<span style=\"font-family: helvetica, arial, sans-serif;\">3\ufe0f\u20e3\u00a0<strong>Kein Fitnessstudio? Kein Problem!<\/strong>50% der Workouts k\u00f6nnen zu Hause durchgef\u00fchrt werden mit\u00a0<em>Null Ausr\u00fcstung<\/em>. (Ja, Ihre Couch kann auch als Bank dienen!)<\/span><\/p>\n<h4><span style=\"font-family: helvetica, arial, sans-serif;\"><strong><br \/>\n<span style=\"font-size: 11pt;\">Hier ist der Deal: Veganismus + Fitness = Unaufhaltsam<\/span><\/strong><\/span><\/h4>\n<p><span style=\"font-family: helvetica, arial, sans-serif;\">Die Fitnessbranche propagiert gerne fleischlastige Ern\u00e4hrung, aber wir wollen das \u00e4ndern. Wussten Sie, dass Studien zeigen, dass sich Sportler, die sich pflanzlich ern\u00e4hren, besser erholen? <em>Schneller<\/em>\u00a0und haben\u00a0<em>geringere Entz\u00fcndung<\/em>? \ud83c\udf1f In\u00a0<strong>Vegan Warrior PRO<\/strong>, Sie werden feststellen:<\/span><\/p>\n<ul>\n<li><span style=\"font-family: helvetica, arial, sans-serif;\">\ud83e\uddea\u00a0<strong>Die 3 Protein-Hacks, die jeder vegane Sportler nutzt<\/strong>\u00a0(Spoiler: Linsen &gt; Pulver!)<\/span><br \/>\n<span style=\"font-family: helvetica, arial, sans-serif;\">Lerne, wie du deinen t\u00e4glichen Proteinbedarf mit allt\u00e4glichen Lebensmitteln decken kannst \u2013 ganz ohne mehlige Shakes. Wir zeigen dir sogar, wie du im Handumdrehen einen leckeren Proteinshake zubereitest.\u00a0<strong>20-Gramm-Protein-Smoothie<\/strong>\u00a0in 3 Minuten.<\/span><\/li>\n<li><span style=\"font-family: helvetica, arial, sans-serif;\">\ud83c\udfcb\ufe0f\u00a0<strong>Schwerer heben, schneller laufen, schneller erholen<\/strong>:<\/span><br \/>\n<span style=\"font-family: helvetica, arial, sans-serif;\">Pflanzen sind nicht nur gut f\u00fcr Ausdauer \u2013 sie sind auch gut f\u00fcr den Muskelaufbau. Entdecke die Aminos\u00e4urekombination, die das Muskelwachstum f\u00f6rdert (Tipp: Sie steckt in Reis und Bohnen!).<\/span><\/li>\n<li><span style=\"font-family: helvetica, arial, sans-serif;\">\ud83e\udd51\u00a0<strong>Das \u201cGoldene Verh\u00e4ltnis\u201d f\u00fcr vegane Makron\u00e4hrstoffe<\/strong>:<\/span><br \/>\n<span style=\"font-family: helvetica, arial, sans-serif;\">Kohlenhydrate sind nicht der Feind! Wir zeigen dir, wie du Fette, Kohlenhydrate und Proteine optimal ausbalancierst, um deine Workouts zum Erfolg zu f\u00fchren.\u00a0<em>und<\/em>\u00a0Gel\u00fcste stillen. (S\u00fc\u00dfkartoffelpommes, jemand?)<\/span><\/li>\n<\/ul>\n<h4><span style=\"font-family: helvetica, arial, sans-serif;\"><strong><br \/>\n<span style=\"font-size: 11pt;\">Echte Menschen, echte Ergebnisse (Ohne Filter!)<\/span><\/strong><\/span><\/h4>\n<p><span style=\"font-family: helvetica, arial, sans-serif;\">Glauben Sie uns nicht einfach so. Lernen Sie Menschen kennen, die ihr Leben ver\u00e4ndert haben mit\u00a0<strong>Vegan Warrior PRO<\/strong>:<\/span><\/p>\n<ul>\n<li><span style=\"font-family: helvetica, arial, sans-serif;\"><strong>Sarah, 34 (Vielbesch\u00e4ftigte Mutter &amp; Kreuzheben-K\u00f6nigin)<\/strong>:\u00a0<em>\u201cIch dachte, Veganismus bedeutet Muskelverlust. Pustekuchen! Nach 8 Wochen konnte ich 113 kg heben \u2013 mehr als meine fleischessenden Freunde. Sogar meine Kinder lieben die proteinreichen Pfannkuchen!\u201d <\/em>\ud83e\udd5e\ud83d\udcaa<\/span><\/li>\n<li><span style=\"font-family: helvetica, arial, sans-serif;\"><strong>Jake, 28 (ehemals Meathead)<\/strong>:\u00a0<em>\u201cIch hatte geschworen, niemals auf Steak zu verzichten. Aber seit ich mich pflanzlich ern\u00e4hre, hat sich meine Energie verdoppelt. Ich habe meine Marathonzeit um 10 Minuten verbessert \u2013 und meine Akne ist verschwunden!\u201d <\/em>\ud83c\udfc3\u200d\u2642\ufe0f\ud83c\udf3f<\/span><\/li>\n<li><span style=\"font-family: helvetica, arial, sans-serif;\"><strong>Priya, 41 (Yogalehrerin)<\/strong>:\u00a0<em>\u201cIch hatte jahrelang mit Bl\u00e4hungen zu k\u00e4mpfen. Die Ern\u00e4hrungspl\u00e4ne hier? Sie haben mein Leben ver\u00e4ndert. Ich bin st\u00e4rker, schlanker und liebe endlich meinen K\u00f6rper.\u201d <\/em>\ud83e\uddd8\u2640\ufe0f\u2728<\/span><\/li>\n<\/ul>\n<h4><span style=\"font-family: helvetica, arial, sans-serif;\"><strong><br \/>\n<span style=\"font-size: 11pt;\">Ihr 8-Wochen-Transformationsplan (Was erwartet Sie?)<\/span><\/strong><\/span><\/h4>\n<p><span style=\"font-family: helvetica, arial, sans-serif;\">Lasst uns das aufschl\u00fcsseln\u00a0<strong>8 bahnbrechende Videos<\/strong>\u00a0warten auf Sie:<\/span><\/p>\n<p><span style=\"font-family: helvetica, arial, sans-serif;\">1\ufe0f\u20e3\u00a0<strong>Video 1: Vegane Fitness 101<\/strong><\/span><br \/>\n<span style=\"font-family: helvetica, arial, sans-serif;\"><em>Vermeide Anf\u00e4ngerfehler!\u00a0 <\/em>Erfahren Sie, warum \u201cnur Salate essen\u201d nicht ausreicht und wie Sie die typische Falle der veganen #1-Di\u00e4t vermeiden (Tipp: Es geht nicht um Protein).<\/span><\/p>\n<p><span style=\"font-family: helvetica, arial, sans-serif;\">2\ufe0f\u20e3\u00a0<strong>Video 2: Magische Essensvorbereitung<\/strong><\/span><br \/>\n<span style=\"font-family: helvetica, arial, sans-serif;\"><em>5 g\u00fcnstige 10-Minuten-Rezepte<\/em>\u00a0Selbst Ihr nicht-veganer Partner wird Sie darum bitten. Enth\u00e4lt\u00a0<strong>7-Tage-Ern\u00e4hrungsplan<\/strong> mit Einkaufsliste \u2013 Gr\u00fcnkohl wird nicht ben\u00f6tigt!<\/span><\/p>\n<p><span style=\"font-family: helvetica, arial, sans-serif;\">3\ufe0f\u20e3\u00a0<strong>Video 3: Heimtrainings, die funktionieren<\/strong><\/span><br \/>\n<span style=\"font-family: helvetica, arial, sans-serif;\">Verwandle dein Wohnzimmer in ein Fitnessstudio! Meistere \u00dcbungen mit dem eigenen K\u00f6rpergewicht, die Muskeln aufbauen (Spoiler: Kniebeugen + Bohnen aus der Dose = selbstgemachte Gewichte).<\/span><\/p>\n<p><span style=\"font-family: helvetica, arial, sans-serif;\">4\ufe0f\u20e3\u00a0<strong>Video 4: Fitness-Hacks f\u00fcr Veganer<\/strong><\/span><br \/>\n<span style=\"font-family: helvetica, arial, sans-serif;\">Bewege dich im Fitnessstudio wie ein Profi. Lerne, mit arroganten Kommentaren umzugehen und die Ger\u00e4te f\u00fcr maximalen Muskelaufbau mit pflanzlicher Energie zu nutzen.<\/span><\/p>\n<p><span style=\"font-family: helvetica, arial, sans-serif;\">5\ufe0f\u20e3\u00a0<strong>Video 5: Die Erholungsrevolution<\/strong><\/span><br \/>\n<span style=\"font-family: helvetica, arial, sans-serif;\">Muskelkater? Kein Problem! Entdecke Post-Workout-Smoothies und Yoga-Flows, die die Faszienrolle in den Schatten stellen.<\/span><\/p>\n<p><span style=\"font-family: helvetica, arial, sans-serif;\">6\ufe0f\u20e3\u00a0<strong>Video 6: Vegane Ern\u00e4hrung im Detail<\/strong><\/span><br \/>\n<span style=\"font-family: helvetica, arial, sans-serif;\">Eisen, Vitamin B12, Omega-3-Fetts\u00e4uren \u2013 wir werden uns damit befassen.\u00a0<em>alle<\/em>\u00a0Die Frage \u201cAber wo bekommt man das her\u2026?\u201d mit einfachen und erschwinglichen L\u00f6sungen.<\/span><\/p>\n<p><span style=\"font-family: helvetica, arial, sans-serif;\">7\ufe0f\u20e3\u00a0<strong>Video 7: Mentale St\u00e4rke &amp; Motivation<\/strong><\/span><br \/>\n<span style=\"font-family: helvetica, arial, sans-serif;\">Wie man trotz Pizzagel\u00fcsten durchh\u00e4lt. Au\u00dferdem: Achtsamkeitstechniken, um Plateaus zu \u00fcberwinden.<\/span><\/p>\n<p><span style=\"font-family: helvetica, arial, sans-serif;\">8\ufe0f\u20e3\u00a0<strong>Video 8: Lebenslange Gewohnheiten<\/strong><\/span><br \/>\n<span style=\"font-family: helvetica, arial, sans-serif;\">Vegane Fitness nachhaltig gestalten. Lerne clevere Einkaufstricks, Reisetipps und wie du ausw\u00e4rts essen gehen kannst, ohne deine Fortschritte zu gef\u00e4hrden.<\/span><\/p>\n<h4><span style=\"font-family: helvetica, arial, sans-serif;\"><strong><br \/>\n<span style=\"font-size: 11pt;\">Noch unentschlossen? Lassen Sie uns Ihre Zweifel ausr\u00e4umen!<\/span><\/strong><\/span><\/h4>\n<ul>\n<li><span style=\"font-family: helvetica, arial, sans-serif;\">\u274c\u00a0<em>\u201cAber ich liebe K\u00e4se!\u201d<\/em><\/span><br \/>\n<span style=\"font-family: helvetica, arial, sans-serif;\">\u2192 Unser\u00a0<strong>\u201cLeitfaden zur \u201dMilch-Entgiftung\u201c<\/strong>\u00a0beinhaltet\u00a0<em>Cashew-K\u00e4se<\/em>, vegane Pizza-Rezepte und warum milchfrei nicht gleichbedeutend mit geschmacklos ist.<\/span><\/li>\n<li><span style=\"font-family: helvetica, arial, sans-serif;\">\u274c\u00a0<em>\u201cIch kann mir Bio nicht leisten!\u201d<\/em><\/span><br \/>\n<span style=\"font-family: helvetica, arial, sans-serif;\">\u2192\u00a0<strong>Spartipps f\u00fcr den Lebensmitteleinkauf<\/strong>: Ern\u00e4hren Sie sich $50\/Woche mit unserer Dosenbohnen-\/Tiefk\u00fchlgem\u00fcse-Magie.<\/span><\/li>\n<li><span style=\"font-family: helvetica, arial, sans-serif;\">\u274c\u00a0<em>\u201cWas, wenn ich scheitere?\u201d<\/em><\/span><br \/>\n<span style=\"font-family: helvetica, arial, sans-serif;\">\u2192 Treten Sie unserem Netzwerk bei\u00a0<strong>Facebook-Community, die rund um die Uhr erreichbar ist<\/strong>\u00a0Von \u00fcber 10.000 veganen K\u00e4mpfern. Teile deine Erfolge, tausche Rezepte aus und erhalte Live-Coaching!<\/span><\/li>\n<\/ul>\n<h4><span style=\"font-family: helvetica, arial, sans-serif;\"><strong><br \/>\n<span style=\"font-size: 11pt;\">Bereit, dich der Revolution anzuschlie\u00dfen?<\/span><\/strong><\/span><\/h4>\n<p><span style=\"font-family: helvetica, arial, sans-serif;\">Das ist nicht nur ein Programm \u2013 es ist eine Bewegung. F\u00fcr jeden Kauf spenden wir Mahlzeiten an vegane Obdachlosenunterk\u00fcnfte. So ver\u00e4nderst du nicht nur deine Ern\u00e4hrung.\u00a0<em>dein<\/em>\u00a0K\u00f6rper\u2026 du hilfst Tieren und dem Planeten. \ud83c\udf0d\ud83d\udc9a<\/span><\/p>\n<p><span style=\"font-family: helvetica, arial, sans-serif;\"><strong>Gef\u00e4llt Ihnen unser Produkt? Dann behalten Sie es nicht f\u00fcr sich \u2013 teilen Sie es mit Freunden und Familie!\u00a0 <\/strong>Teilt es weiter und lasst uns gemeinsam noch mehr Herzen inspirieren. Klickt auf den Social-Media-Button unten und\u00a0<strong>\u2018&#039;AKTIE&#039;\u2019<\/strong>\u00a0Um etwas zu bewirken! #SpreadTheLove #MakeAnImpact<\/span><\/p>\n<p>&nbsp;<\/p>","protected":false},"excerpt":{"rendered":"<p><span style=\"font-family: helvetica, arial, sans-serif;\">\ud83c\udf1f\u00a0<strong>Vegan Warrior PRO: Ihr 8-Schritte-Plan f\u00fcr pflanzenbasierte Fitness-Erfolge!<\/strong>\u00a0\ud83c\udf31\ud83d\udcaa<\/span><\/p>\n<p><span style=\"font-family: helvetica, arial, sans-serif;\">Haben Sie genug von den Mythen \u201cvegan = schwach\u201d? <strong>Schalte 8 explosive Videos frei<\/strong>\u00a0Diese Serie zeigt dir, wie du schlanke Muskeln aufbaust, deine Fitnessziele erreichst und dich pflanzlich ern\u00e4hrst! \ud83e\udd51\ud83d\udd25 Sie ist sowohl f\u00fcr Anf\u00e4nger als auch f\u00fcr Fitnessprofis geeignet und passt perfekt zu \u2026\u00a0<em>E-Book \u201eVegan Warrior\u201c. <\/em>Erhalten Sie wissenschaftlich fundierte Ern\u00e4hrungstipps,\u00a0<strong>5X-Trainingspl\u00e4ne<\/strong>, Und\u00a0<strong>Geheimnisse veganer Sportler aus dem echten Leben<\/strong>\u00a0\u2014 und das alles in einem Format, das man unbedingt gesehen haben muss!<\/span><\/p>\n<p><span style=\"font-family: helvetica, arial, sans-serif;\">\u2705\u00a0<strong>8 BEW\u00c4HRTE Videos<\/strong>\u00a0Muskeln aufbauen, Fett verbrennen und sich pflanzlich ern\u00e4hren.<\/span><br \/>\n<span style=\"font-family: helvetica, arial, sans-serif;\">\u2705\u00a0<strong>Veganismus-Mythen entlarven<\/strong>\u00a0(Nie wieder Bezeichnungen wie \u201cschwach\u201d oder \u201ceiwei\u00dfmangelhaft\u201d!).<\/span><br \/>\n<span style=\"font-family: helvetica, arial, sans-serif;\">\u2705\u00a0<strong>Schritt-f\u00fcr-Schritt-Ern\u00e4hrungspl\u00e4ne<\/strong>\u00a0+\u00a0<strong>5-fache Kraftsteigerungs-Workouts<\/strong>\u00a0(Kein Fitnessstudio n\u00f6tig!).<\/span><br \/>\n<span style=\"font-family: helvetica, arial, sans-serif;\">\u2705\u00a0<strong>Echte Erfolgsgeschichten<\/strong>\u00a0von durchtrainierten veganen Athleten (Spoiler: Sie sind unglaublich erfolgreich).<\/span><br \/>\n<span style=\"font-family: helvetica, arial, sans-serif;\">\u2705\u00a0<strong>Sofortiger Zugriff<\/strong>\u00a0\u2014 Beginnen Sie Ihre Reise noch HEUTE, ganz ohne R\u00e4tselraten!<\/span><\/p>","protected":false},"featured_media":9533,"comment_status":"open","ping_status":"closed","template":"","meta":{"rs_blank_template":"","rs_page_bg_color":"","slide_template_v7":""},"etheme_brands":[],"product_brand":[],"product_cat":[79,86,267,85,131,130,45,94,72,47],"product_tag":[126,129,125,127,128],"class_list":{"0":"post-9073","1":"product","2":"type-product","3":"status-publish","4":"has-post-thumbnail","6":"product_cat-audio-music","7":"product_cat-banner","8":"product_cat-buy-1-get-1","9":"product_cat-graphics-designs","10":"product_cat-infographics","11":"product_cat-stock-videos","12":"product_cat-template","13":"product_cat-templates-themes-websites","14":"product_cat-tutorials-courses","15":"product_cat-video","16":"product_tag-plant-based-workouts","17":"product_tag-vegan-athlete-training","18":"product_tag-vegan-fitness-program","19":"product_tag-vegan-muscle-building","20":"product_tag-vegan-nutrition-guide","21":"product_shipping_class-free-shipping","23":"first","24":"instock","25":"sale","26":"downloadable","27":"purchasable","28":"product-type-simple"},"bundled_by":[],"bundle_stock_status":"instock","bundle_stock_quantity":null,"bundle_virtual":false,"bundle_layout":"","bundle_add_to_cart_form_location":"","bundle_editable_in_cart":false,"bundle_sold_individually_context":"","bundle_item_grouping":"","bundle_min_size":"","bundle_max_size":"","bundle_price":[],"bundled_items":[],"bundle_sell_ids":[],"group_of_quantity":0,"min_quantity":1,"max_quantity":"","exclude_order_quantity_value_rules":"no","exclude_category_quantity_rules":"no","combine_variations":"no","exclude_global_add_ons":[],"addons":[],"_links":{"self":[{"href":"https:\/\/dealpify.com\/de\/wp-json\/wp\/v2\/product\/9073","targetHints":{"allow":["GET"]}}],"collection":[{"href":"https:\/\/dealpify.com\/de\/wp-json\/wp\/v2\/product"}],"about":[{"href":"https:\/\/dealpify.com\/de\/wp-json\/wp\/v2\/types\/product"}],"replies":[{"embeddable":true,"href":"https:\/\/dealpify.com\/de\/wp-json\/wp\/v2\/comments?post=9073"}],"version-history":[{"count":10,"href":"https:\/\/dealpify.com\/de\/wp-json\/wp\/v2\/product\/9073\/revisions"}],"predecessor-version":[{"id":9080,"href":"https:\/\/dealpify.com\/de\/wp-json\/wp\/v2\/product\/9073\/revisions\/9080"}],"wp:featuredmedia":[{"embeddable":true,"href":"https:\/\/dealpify.com\/de\/wp-json\/wp\/v2\/media\/9533"}],"wp:attachment":[{"href":"https:\/\/dealpify.com\/de\/wp-json\/wp\/v2\/media?parent=9073"}],"wp:term":[{"taxonomy":"brand","embeddable":true,"href":"https:\/\/dealpify.com\/de\/wp-json\/wp\/v2\/etheme_brands?post=9073"},{"taxonomy":"product_brand","embeddable":true,"href":"https:\/\/dealpify.com\/de\/wp-json\/wp\/v2\/product_brand?post=9073"},{"taxonomy":"product_cat","embeddable":true,"href":"https:\/\/dealpify.com\/de\/wp-json\/wp\/v2\/product_cat?post=9073"},{"taxonomy":"product_tag","embeddable":true,"href":"https:\/\/dealpify.com\/de\/wp-json\/wp\/v2\/product_tag?post=9073"}],"curies":[{"name":"wp","href":"https:\/\/api.w.org\/{rel}","templated":true}]}}