{"id":9046,"date":"2024-01-09T20:54:10","date_gmt":"2024-01-09T12:54:10","guid":{"rendered":"https:\/\/dealpify.com\/?post_type=product&#038;p=9046"},"modified":"2025-06-18T17:43:52","modified_gmt":"2025-06-18T09:43:52","slug":"ein-leitfaden-fur-anfanger-zu-teleseminaren","status":"publish","type":"product","link":"https:\/\/dealpify.com\/de\/product\/ein-leitfaden-fur-anfanger-zu-teleseminaren\/","title":{"rendered":"Der Leitfaden f\u00fcr Einsteiger in Teleseminare: 4-teiliges Training zur Verzehnfachung Ihres Umsatzes"},"content":{"rendered":"<h4><span style=\"font-family: helvetica, arial, sans-serif;\"><strong><span style=\"font-size: 14pt;\"><br \/>\nDer Leitfaden f\u00fcr Einsteiger in Teleseminare: 4-teiliges Training zur Verzehnfachung Ihres Umsatzes<\/span><\/strong><\/span><\/h4>\n<p><span style=\"font-family: helvetica, arial, sans-serif;\"><em>Neu im Bereich Teleseminare? Dieser Leitfaden f\u00fcr Einsteiger bietet ein vierteiliges Audio-Training, mit dem Sie profitable Veranstaltungen organisieren, ein internationales Publikum erreichen und Ihren Umsatz verzehnfachen k\u00f6nnen \u2013 auch ohne Vorkenntnisse. Starten Sie noch heute!<\/em><\/span><\/p>\n<p><span style=\"font-family: helvetica, arial, sans-serif;\">Hallo! \ud83d\udc4b Falls du dich jemals festgefahren gef\u00fchlt hast, weil du nicht weiterkommst, dein Unternehmen auszubauen, Kunden zu gewinnen oder dein Fachwissen zu teilen, bist du nicht allein. Seien wir ehrlich: Etwas Neues zu beginnen, kann \u00fcberw\u00e4ltigend sein. Vielleicht hast du schon gedacht:,\u00a0<em>\u201cTeleseminare klingen toll, aber wo fange ich \u00fcberhaupt an?\u201d<\/em>\u00a0oder\u00a0<em>\u201cWas, wenn ich vor allen einen Fehler mache?\u201d<\/em>\u00a0Glaub mir, ich kenne das nur zu gut. Die meisten Anf\u00e4nger denken, dass man f\u00fcr die Durchf\u00fchrung eines Teleseminars ein schickes Studio, eine riesige E-Mail-Liste oder jahrelange Erfahrung braucht \u2013<strong>Das ist aber ein Mythos.<\/strong>.<\/span><\/p>\n<p><span style=\"font-family: helvetica, arial, sans-serif;\">Die Wahrheit ist: Teleseminare geh\u00f6ren zu den\u00a0<em>am schnellsten<\/em>\u00a0M\u00f6glichkeiten, Vertrauen aufzubauen, Ihre F\u00e4higkeiten unter Beweis zu stellen und Zuh\u00f6rer in treue Kunden zu verwandeln \u2013<strong>selbst wenn Sie bei Null anfangen<\/strong>. Stellen Sie sich vor, Sie k\u00f6nnten ein 60-min\u00fctiges Telefonat f\u00fchren und dabei 140.000 US-Dollar verdienen, w\u00e4hrend Sie gem\u00fctlich zu Hause Kaffee trinken. Klingt unglaublich? Genau das hat Sarah, eine Life-Coachin aus Texas, mit den Strategien aus diesem Ratgeber geschafft. Fr\u00fcher f\u00fchlte sie sich \u201czu introvertiert\u201d, um Live-Veranstaltungen zu organisieren, heute lockt sie \u00fcber 500 Teilnehmer in ihre Teleseminare.<strong>alles innerhalb von 3 Monaten<\/strong>.<\/span><\/p>\n<h4><span style=\"font-family: helvetica, arial, sans-serif;\"><strong><br \/>\nWarum dieser Leitfaden f\u00fcr Anf\u00e4nger funktioniert (Kein Schnickschnack, nur Ergebnisse!)<\/strong><\/span><\/h4>\n<p><span style=\"font-family: helvetica, arial, sans-serif;\">Dies ist kein weiteres unklares E-Book, das einen am Ende nur noch verwirrter zur\u00fcckl\u00e4sst. Es ist ein\u00a0<strong>4-teilige Audio-Trainingsreihe<\/strong>\u00a0entworfen f\u00fcr\u00a0<em>echte Menschen<\/em>\u00a0die noch nie ein Teleseminar veranstaltet haben. Stellen Sie sich das wie einen freundlichen Mentor vor, der Sie bei jedem Schritt begleitet: von der Themenauswahl \u00fcber das Schreiben von Skripten und die Bewerbung Ihrer Veranstaltung bis hin zum Verkaufsabschluss.<strong>selbst wenn Sie sch\u00fcchtern sind, technische Schwierigkeiten haben oder davon \u00fcberzeugt sind, dass Sie \u201ckein geborener Redner\u201d sind.\u201d<\/strong><\/span><\/p>\n<p><span style=\"font-family: helvetica, arial, sans-serif;\">Hier ist das Geheimnis: Bei Teleseminaren geht es nicht um Perfektion, sondern um Verbindung. Und mit dem richtigen Plan\u2026,\u00a0<em>irgendjemand<\/em>\u00a0kann lernen, einen zu veranstalten.<\/span><\/p>\n<h4><span style=\"font-family: helvetica, arial, sans-serif;\"><strong><br \/>\nWas beinhaltet das Training? (Spoiler: Es ver\u00e4ndert Ihr Leben)<\/strong><\/span><\/h4>\n<h4><span style=\"font-family: helvetica, arial, sans-serif;\"><strong>1\ufe0f\u20e3 Teleseminare 101: Grundlagen ohne Schnickschnack<\/strong><\/span><\/h4>\n<p><span style=\"font-family: helvetica, arial, sans-serif;\">Lasst uns gleich zu Beginn die \u00c4ngste vor dem Gedanken \u201cIch bin noch nicht bereit\u201d ausr\u00e4umen. Ihr werdet lernen:<\/span><\/p>\n<ul>\n<li><span style=\"font-family: helvetica, arial, sans-serif;\"><strong>Wie man ein Thema ausw\u00e4hlt,\u00a0<em>verkauft<\/em><\/strong>\u00a0(Kleiner Tipp: Es ist nicht das, was Sie denken).<\/span>\n<ul>\n<li><span style=\"font-family: helvetica, arial, sans-serif;\"><em>Beispiel<\/em>Eine Yogalehrerin nutzte unsere \u201cProblem-zuerst-Formel\u201d, um ein Teleseminar mit dem Titel \u201e\u2026\u201c zu veranstalten.\u00a0<em>\u201c5-Minuten-Stressabbau f\u00fcr vielbesch\u00e4ftigte M\u00fctter\u201d<\/em>\u2014und verkaufte ihr $297 Coaching-Programm innerhalb von 48 Stunden aus.<\/span><\/li>\n<\/ul>\n<\/li>\n<li><span style=\"font-family: helvetica, arial, sans-serif;\"><strong>Das $10-Mikrofon mit professionellem Klang<\/strong>\u00a0(Ja, es ist bei Amazon erh\u00e4ltlich, und nein, Sie brauchen kein Studio).<\/span><\/li>\n<li><span style=\"font-family: helvetica, arial, sans-serif;\"><strong>3 kostenlose Tools zur Durchf\u00fchrung von Teleseminaren<\/strong>\u00a0(Wir zeigen Ihnen sogar, wie Sie sie in 10 Minuten einrichten k\u00f6nnen.).<\/span><\/li>\n<li><span style=\"font-family: helvetica, arial, sans-serif;\"><strong>Das \u201cMagic 3\u201d-Framework<\/strong>\u00a0So strukturieren Sie Ihr erstes Teleseminar, ohne abzuschweifen.<\/span><\/li>\n<\/ul>\n<h4><span style=\"font-family: helvetica, arial, sans-serif;\"><strong>2\ufe0f\u20e3 F\u00fcllen Sie Ihren virtuellen Raum: Gewinnen Sie Tausende von Zuh\u00f6rern<\/strong><\/span><\/h4>\n<p><span style=\"font-family: helvetica, arial, sans-serif;\">Kein Publikum? Kein Problem. Sie werden entdecken:<\/span><\/p>\n<ul>\n<li><span style=\"font-family: helvetica, arial, sans-serif;\"><strong>Partnerschaften mit Influencern<\/strong>\u00a0(ohne ihnen einen Cent zu zahlen).<\/span>\n<ul>\n<li><span style=\"font-family: helvetica, arial, sans-serif;\"><em>Fallstudie<\/em>Eine Ern\u00e4hrungswissenschaftlerin tat sich mit einer Fitness-YouTuberin f\u00fcr ein gemeinsames Teleseminar zusammen \u2013 und verdreifachte so \u00fcber Nacht ihre E-Mail-Liste.<\/span><\/li>\n<\/ul>\n<\/li>\n<li><span style=\"font-family: helvetica, arial, sans-serif;\"><strong>Social-Media-Vorlagen, die viral gehen<\/strong>\u00a0(Beitr\u00e4ge zum Kopieren und Einf\u00fcgen f\u00fcr Instagram, LinkedIn und Facebook).<\/span><\/li>\n<li><span style=\"font-family: helvetica, arial, sans-serif;\"><strong>Warum \u201ckostenlose\u201d Teleseminare oft\u00a0<em>mehr<\/em>\u00a0Geld als bezahlte<\/strong>\u00a0(und wie man sie m\u00fchelos zu Geld machen kann).<\/span><\/li>\n<li><span style=\"font-family: helvetica, arial, sans-serif;\"><strong>Die Methode des \u201cPublikumshijackings\u201d<\/strong>\u00a0sich die Follower anderer Leute ausleihen (nat\u00fcrlich auf ethisch vertretbare Weise!).<\/span><\/li>\n<\/ul>\n<h4><span style=\"font-family: helvetica, arial, sans-serif;\"><strong>3\ufe0f\u20e3 Agieren Sie wie ein Profi (auch wenn Sie nerv\u00f6s sind)<\/strong><\/span><\/h4>\n<p><span style=\"font-family: helvetica, arial, sans-serif;\">Nerv\u00f6s? Wir helfen dir. Erfahre mehr:<\/span><\/p>\n<ul>\n<li><span style=\"font-family: helvetica, arial, sans-serif;\"><strong>Skripte f\u00fcr einen starken Start<\/strong>\u00a0(Was Sie genau in den ersten 5 Minuten sagen sollten, um die Zuh\u00f6rer zu fesseln).<\/span><\/li>\n<li><span style=\"font-family: helvetica, arial, sans-serif;\"><strong>Wie man mit schwierigen Fragen umgeht<\/strong>\u00a0ohne in Panik zu geraten (plus die\u00a0<em>eine Phrase<\/em>\u00a0das Kritiker in Fans verwandelt).<\/span><\/li>\n<li><span style=\"font-family: helvetica, arial, sans-serif;\"><strong>Die \u201c30-60-10-Regel\u201d<\/strong>\u00a0um das Publikum zu fesseln (Tipp: Es kommt auf das Erz\u00e4hltempo an).<\/span><\/li>\n<li><span style=\"font-family: helvetica, arial, sans-serif;\"><strong>Tricks f\u00fcrs Stimmtraining<\/strong>\u00a0Selbstsicher klingen (auch wenn man von Notizen abliest!).<\/span><\/li>\n<\/ul>\n<h4><span style=\"font-family: helvetica, arial, sans-serif;\"><strong>4\ufe0f\u20e3 H\u00f6rer in K\u00e4ufer verwandeln<\/strong><\/span><\/h4>\n<p><span style=\"font-family: helvetica, arial, sans-serif;\">Hier geschieht die Magie. Du wirst Folgendes meistern:<\/span><\/p>\n<ul>\n<li><span style=\"font-family: helvetica, arial, sans-serif;\"><strong>Die 5-Minuten-E-Mail, die den Umsatz verdoppelt<\/strong>\u00a0(Sarah nutzte genau diese Vorlage, um nach dem Teleseminar $8.000 zu verdienen).<\/span><\/li>\n<li><span style=\"font-family: helvetica, arial, sans-serif;\"><strong>Upselling-Strategien, die sich nat\u00fcrlich anf\u00fchlen<\/strong>\u00a0(nicht aufdringlich).<\/span>\n<ul>\n<li><span style=\"font-family: helvetica, arial, sans-serif;\"><em>Beispiel<\/em>: Bieten Sie w\u00e4hrend der Fragerunde einen $47 PDF-Leitfaden an \u2013 60% der Teilnehmer kauften ihn sofort!<\/span><\/li>\n<\/ul>\n<\/li>\n<li><span style=\"font-family: helvetica, arial, sans-serif;\"><strong>Fallstudien von Anf\u00e4ngern, die $3k+\/Monat verdienen<\/strong>\u00a0(darunter eine Tarot-Leserin, die ihre Nische zu Geld gemacht hat).<\/span><\/li>\n<\/ul>\n<h4><span style=\"font-family: helvetica, arial, sans-serif;\"><strong><br \/>\nEchte Probleme gel\u00f6st (weil wir sie verstehen!)<\/strong><\/span><\/h4>\n<ul>\n<li><span style=\"font-family: helvetica, arial, sans-serif;\"><strong>\u201cIch habe kein Publikum!\u201d<\/strong>\u00a0\u2192 Nutzen Sie unsere\u00a0<strong>\u201cMethode der \u201dPublikumskaperung\u201c<\/strong>\u00a0um bestehende Gemeinschaften zu erschlie\u00dfen.<\/span><\/li>\n<li><span style=\"font-family: helvetica, arial, sans-serif;\"><strong>\u201cIch bin nicht technikaffin!\u201d<\/strong>\u00a0\u2192 Unser\u00a0<strong>Plug-and-Play-Einrichtungsanleitung<\/strong>\u00a0Beinhaltet Screenshots und Video-Anleitungen.<\/span><\/li>\n<li><span style=\"font-family: helvetica, arial, sans-serif;\"><strong>\u201cWas, wenn ich eine Bombe platzen lasse?\u201d<\/strong>\u00a0\u2192\u00a0<strong>Vorgefertigte Skripte und Backup-Pl\u00e4ne<\/strong>\u00a0Sorgen Sie daf\u00fcr, dass Ihnen nie die Worte fehlen.<\/span><\/li>\n<li><span style=\"font-family: helvetica, arial, sans-serif;\"><strong>\u201cIch wei\u00df nicht, wor\u00fcber ich reden soll!\u201d<\/strong>\u00a0\u2192 Die\u00a0<strong>\u201cThemengenerator-Tool\u201d<\/strong>\u00a0liefert Ihnen sofort \u00fcber 50 bew\u00e4hrte Ideen.<\/span><\/li>\n<\/ul>\n<h4><span style=\"font-family: helvetica, arial, sans-serif;\"><strong><br \/>\nWarum warten? (Die Kosten der Unt\u00e4tigkeit sind real)<\/strong><\/span><\/h4>\n<p><span style=\"font-family: helvetica, arial, sans-serif;\">Mit jedem Tag, den Sie z\u00f6gern, entgehen Ihnen zahlungsbereite Kunden. Denken Sie dar\u00fcber nach:<\/span><\/p>\n<ul>\n<li><span style=\"font-family: helvetica, arial, sans-serif;\"><strong>Der durchschnittliche Teilnehmer eines Teleseminars verbringt\u00a0<span class=\"katex\"><span class=\"katex-mathml\">97\u2013<\/span><span class=\"katex-html\" aria-hidden=\"true\"><span class=\"base\"><span class=\"mord\">97\u2013<\/span><\/span><\/span><\/span>497<\/strong>\u00a0bei \u00e4hnlichen Angeboten.<\/span><\/li>\n<li><span style=\"font-family: helvetica, arial, sans-serif;\"><strong>72% von Marketingexperten geben an, dass Webinare\/Teleseminare bessere Konversionsraten erzielen als E-Mails oder Blogbeitr\u00e4ge.<\/strong>\u00a0(Quelle: Content Marketing Institute).<\/span><\/li>\n<li><span style=\"font-family: helvetica, arial, sans-serif;\"><strong>Sie k\u00f6nnten im Schlaf Geld verdienen.<\/strong>\u2014Aufgezeichnete Teleseminare k\u00f6nnen zu Kursen, Podcasts oder YouTube-Inhalten umfunktioniert werden.<\/span><\/li>\n<\/ul>\n<p><span style=\"font-family: helvetica, arial, sans-serif;\">Dieses Training funktioniert f\u00fcr\u00a0<strong>Coaches, Berater, Autoren, Freiberufler und alle, die ihr Fachwissen teilen m\u00f6chten.<\/strong>. Ob Stricken oder Keto-Di\u00e4ten \u2013 die Prinzipien sind die gleichen.<\/span><\/p>\n<h4><span style=\"font-family: helvetica, arial, sans-serif;\"><strong><br \/>\nSind Sie bereit, der Experte schlechthin in Ihrer Nische zu werden?<\/strong><\/span><\/h4>\n<p><span style=\"font-family: helvetica, arial, sans-serif;\">Glauben Sie uns nicht einfach so. Hier ist, was andere sagen:<\/span><\/p>\n<blockquote><p><span style=\"font-family: helvetica, arial, sans-serif;\"><em>\u201cIch habe letzte Woche mein erstes Teleseminar veranstaltet \u2013 und dabei 3 neue Kunden gewonnen! Dank der Skripte war es kinderleicht.\u201d<\/em><\/span><br \/>\n<span style=\"font-family: helvetica, arial, sans-serif;\"><strong>\u2014 Jamie, Karrierecoach<\/strong><\/span><\/p>\n<p><span style=\"font-family: helvetica, arial, sans-serif;\"><em>\u201cDer \u2018Audience Hijacking\u2019-Trick hat mir geholfen, 800 Menschen zu erreichen, ohne einen Cent auszugeben. Wahnsinn!\u201d<\/em><\/span><br \/>\n<span style=\"font-family: helvetica, arial, sans-serif;\"><strong>\u2014 Carlos, Finanzberater<\/strong><\/span><\/p><\/blockquote>\n<p><span style=\"font-family: helvetica, arial, sans-serif;\"><strong><br \/>\nGef\u00e4llt Ihnen unser Produkt? Dann behalten Sie es nicht f\u00fcr sich \u2013 teilen Sie es mit Freunden und Familie!\u00a0 <\/strong>Teilt es weiter und lasst uns gemeinsam noch mehr Herzen inspirieren. Klickt auf den Social-Media-Button unten und\u00a0<strong>\u2018&#039;AKTIE&#039;\u2019<\/strong>\u00a0Um etwas zu bewirken! \ud83d\udc8c<\/span><\/p>\n<p><span style=\"font-family: helvetica, arial, sans-serif;\"><strong>#SpreadTheLove #MakeAnImpact #TeleseminarSuccess #BeginnerFriendly #PassiveIncomeJourney #ClientAttraction #ExpertiseToIncome #BusinessGrowthHacks #AuthorityBuilding #GlobalAudience<\/strong><\/span><\/p>\n<p>&nbsp;<\/p>","protected":false},"excerpt":{"rendered":"<h4><span style=\"font-family: helvetica, arial, sans-serif;\"><strong>\ud83c\udf1f Ihr direkter Weg zum Erfolg im Teleseminar! \ud83c\udf1f<\/strong><\/span><\/h4>\n<p><span style=\"font-family: helvetica, arial, sans-serif;\">Haben Sie Schwierigkeiten, Kunden zu gewinnen oder Ihre Expertise zu verkaufen? <strong>4-teilige Audio-Trainingsreihe<\/strong>\u00a0ist Ihr ultimativer, anf\u00e4ngerfreundlicher Leitfaden f\u00fcr die Durchf\u00fchrung von Teleseminaren,\u00a0<em>Genau genommen<\/em>\u00a0Bringen Sie Ihr Unternehmen aus. Erfahren Sie, wie:<\/span><\/p>\n<p><span style=\"font-family: helvetica, arial, sans-serif;\">\ud83d\udd39\u00a0<strong>Veranstalten Sie Ihr erstes Teleseminar in 7 Tagen<\/strong>\u00a0(Keine technischen Probleme!).<\/span><br \/>\n<span style=\"font-family: helvetica, arial, sans-serif;\">\ud83d\udd39\u00a0<strong>Verwandeln Sie Zuh\u00f6rer in zahlende Kunden<\/strong>\u00a0mit einfachen Skripten.<\/span><br \/>\n<span style=\"font-family: helvetica, arial, sans-serif;\">\ud83d\udd39\u00a0<strong>Vermeiden Sie kostspielige Fehler<\/strong>\u00a0Die meisten Anf\u00e4nger machen das.<\/span><br \/>\n<span style=\"font-family: helvetica, arial, sans-serif;\">\ud83d\udd39\u00a0<strong>Erreichen Sie ein globales Publikum<\/strong>\u00a0ohne ausgefallene Hilfsmittel.<\/span><\/p>\n<p><span style=\"font-family: helvetica, arial, sans-serif;\"><em><br \/>\n<strong>\ud83d\ude80 Starten Sie in 7 Tagen mit der Durchf\u00fchrung profitabler Teleseminare (auch wenn Sie ein absoluter Anf\u00e4nger sind!)<br \/>\n<\/strong><br \/>\n\u2705\u00a0<strong>Keine Vorkenntnisse erforderlich<\/strong>\u00a0\u2013 Perfekt f\u00fcr Gastgeber, die zum ersten Mal Gastgeber sind!<br \/>\n\u2705\u00a0<strong>Erreichen Sie Tausende weltweit<\/strong>\u00a0\u2013 Verwandeln Sie Ihr Fachwissen in ein Einkommen von zu Hause aus.<br \/>\n\u2705\u00a0<strong>Autorit\u00e4t schnell aufbauen<\/strong>\u00a0\u2013 Kunden gewinnen und m\u00fchelos Verk\u00e4ufe abschlie\u00dfen.<br \/>\n\u2705\u00a0<strong>Bew\u00e4hrter Bauplan<\/strong>\u00a0\u2013 Schluss mit dem R\u00e4tselraten \u2013 mit schrittweisem Audiotraining.<\/em><\/span><\/p>\n<p><span style=\"font-family: helvetica, arial, sans-serif;\">Verschwenden Sie keine Zeit mehr \u2013 fangen Sie an zu skalieren!<\/span><\/p>","protected":false},"featured_media":9547,"comment_status":"open","ping_status":"closed","template":"","meta":{"rs_blank_template":"","rs_page_bg_color":"","slide_template_v7":""},"etheme_brands":[],"product_brand":[],"product_cat":[79,290],"product_tag":[115,114,116,117,113],"class_list":{"0":"post-9046","1":"product","2":"type-product","3":"status-publish","4":"has-post-thumbnail","6":"product_cat-audio-music","7":"product_cat-50-off","8":"product_tag-audio-course-for-entrepreneurs","9":"product_tag-beginners-business-growth","10":"product_tag-client-attraction-strategies","11":"product_tag-passive-income-for-beginners","12":"product_tag-teleseminar-training","13":"product_shipping_class-free-shipping","15":"first","16":"instock","17":"sale","18":"downloadable","19":"purchasable","20":"product-type-simple"},"bundled_by":[],"bundle_stock_status":"instock","bundle_stock_quantity":null,"bundle_virtual":false,"bundle_layout":"","bundle_add_to_cart_form_location":"","bundle_editable_in_cart":false,"bundle_sold_individually_context":"","bundle_item_grouping":"","bundle_min_size":"","bundle_max_size":"","bundle_price":[],"bundled_items":[],"bundle_sell_ids":[],"group_of_quantity":0,"min_quantity":1,"max_quantity":"","exclude_order_quantity_value_rules":"no","exclude_category_quantity_rules":"no","combine_variations":"no","exclude_global_add_ons":[],"addons":[],"_links":{"self":[{"href":"https:\/\/dealpify.com\/de\/wp-json\/wp\/v2\/product\/9046","targetHints":{"allow":["GET"]}}],"collection":[{"href":"https:\/\/dealpify.com\/de\/wp-json\/wp\/v2\/product"}],"about":[{"href":"https:\/\/dealpify.com\/de\/wp-json\/wp\/v2\/types\/product"}],"replies":[{"embeddable":true,"href":"https:\/\/dealpify.com\/de\/wp-json\/wp\/v2\/comments?post=9046"}],"version-history":[{"count":17,"href":"https:\/\/dealpify.com\/de\/wp-json\/wp\/v2\/product\/9046\/revisions"}],"predecessor-version":[{"id":9051,"href":"https:\/\/dealpify.com\/de\/wp-json\/wp\/v2\/product\/9046\/revisions\/9051"}],"wp:featuredmedia":[{"embeddable":true,"href":"https:\/\/dealpify.com\/de\/wp-json\/wp\/v2\/media\/9547"}],"wp:attachment":[{"href":"https:\/\/dealpify.com\/de\/wp-json\/wp\/v2\/media?parent=9046"}],"wp:term":[{"taxonomy":"brand","embeddable":true,"href":"https:\/\/dealpify.com\/de\/wp-json\/wp\/v2\/etheme_brands?post=9046"},{"taxonomy":"product_brand","embeddable":true,"href":"https:\/\/dealpify.com\/de\/wp-json\/wp\/v2\/product_brand?post=9046"},{"taxonomy":"product_cat","embeddable":true,"href":"https:\/\/dealpify.com\/de\/wp-json\/wp\/v2\/product_cat?post=9046"},{"taxonomy":"product_tag","embeddable":true,"href":"https:\/\/dealpify.com\/de\/wp-json\/wp\/v2\/product_tag?post=9046"}],"curies":[{"name":"wp","href":"https:\/\/api.w.org\/{rel}","templated":true}]}}