{"id":8961,"date":"2024-01-05T18:22:02","date_gmt":"2024-01-05T10:22:02","guid":{"rendered":"https:\/\/dealpify.com\/?post_type=product&#038;p=8961"},"modified":"2025-06-18T19:59:56","modified_gmt":"2025-06-18T11:59:56","slug":"monetarisierung-und-nutzung-ihrer-website","status":"publish","type":"product","link":"https:\/\/dealpify.com\/de\/product\/monetarisierung-und-nutzung-ihrer-website\/","title":{"rendered":"Monetarisierung und Verwertung Ihrer Website: 5 einfache Schritte, um noch heute Geld zu verdienen"},"content":{"rendered":"<h3><span style=\"font-family: helvetica, arial, sans-serif;\"><strong><br \/>\n<span style=\"font-size: 12pt;\">Monetarisierung und Nutzung Ihrer Website: 5 einfache Schritte, um noch heute Geld zu verdienen!<\/span><\/strong><\/span><\/h3>\n<p><span style=\"font-family: helvetica, arial, sans-serif;\">Sind Sie es leid, mitanzusehen, wie Ihre Website brachliegt, w\u00e4hrend andere damit Gewinne erzielen? Tr\u00e4umen Sie davon, Ihre Online-Pr\u00e4senz in eine stetige Einnahmequelle zu verwandeln, wissen aber nicht, wo Sie anfangen sollen? Damit sind Sie nicht allein. Millionen von Website-Betreibern haben Schwierigkeiten, ihre Plattformen effektiv zu monetarisieren. Aber es gibt gute Nachrichten:\u00a0<strong>Monetarisierung und Nutzung Ihrer Website<\/strong>\u00a0ist hier, um das Spiel f\u00fcr Sie zu ver\u00e4ndern.<\/span><\/p>\n<p><span style=\"font-family: helvetica, arial, sans-serif;\">Dieser umfassende Leitfaden ist Ihr ultimativer Fahrplan, um Ihre Website in eine wahre Geldmaschine zu verwandeln. Egal, ob Sie Blogger, Unternehmer oder einfach nur jemand sind, der online Geld verdienen m\u00f6chte \u2013 dieses E-Book steckt voller praktischer Strategien, bew\u00e4hrter Techniken und Expertenwissen, mit denen Sie das volle Potenzial Ihrer Website aussch\u00f6pfen k\u00f6nnen.<\/span><\/p>\n<h3><span style=\"font-size: 12pt; font-family: helvetica, arial, sans-serif;\"><strong>Warum die Monetarisierung Ihrer Website alles ver\u00e4ndern kann<\/strong><\/span><\/h3>\n<p><span style=\"font-family: helvetica, arial, sans-serif;\">Seien wir ehrlich \u2013 eine Website allein reicht heutzutage nicht mehr aus. Im digitalen Zeitalter muss Ihre Website f\u00fcr Sie arbeiten. Sie ist nicht nur eine Plattform, um Ihre Ideen oder Produkte zu pr\u00e4sentieren, sondern ein leistungsstarkes Werkzeug, mit dem Sie passives Einkommen generieren, Ihre Marke st\u00e4rken und Ihr Unternehmen ausbauen k\u00f6nnen.<\/span><\/p>\n<p><span style=\"font-family: helvetica, arial, sans-serif;\">Wussten Sie, dass\u00a0<strong>\u00dcber 501.000 Billionen Internetnutzer weltweit t\u00e4tigen Online-Eink\u00e4ufe.<\/strong>Oder dass\u00a0<strong>Es wird prognostiziert, dass der Umsatz im E-Commerce j\u00e4hrlich Billionen von Dollar erreichen wird.<\/strong>Die M\u00f6glichkeiten sind endlos, aber nur, wenn man wei\u00df, wie man sie nutzt.<\/span><\/p>\n<p><span style=\"font-family: helvetica, arial, sans-serif;\">Diese Anleitung zeigt Ihnen, wie das geht.\u00a0<strong>Monetarisieren Sie Ihre Website effektiv<\/strong>\u00a0und\u00a0<strong>Nutzen Sie es optimal aus<\/strong>. Von den Grundlagen von Google AdSense bis hin zum erfolgreichen Affiliate-Marketing \u2013 hier lernen Sie alles, was Sie wissen m\u00fcssen, um noch heute mit dem Geldverdienen zu beginnen.<\/span><\/p>\n<h3><span style=\"font-size: 12pt; font-family: helvetica, arial, sans-serif;\"><strong>Was Sie in diesem Leitfaden lernen werden<\/strong><\/span><\/h3>\n<p><span style=\"font-family: helvetica, arial, sans-serif;\">Dieses E-Book ist mehr als nur ein Ratgeber \u2013 es ist eine Schritt-f\u00fcr-Schritt-Anleitung f\u00fcr Ihren Online-Erfolg. Hier ist eine kleine Vorschau auf das, was Sie entdecken werden:<\/span><\/p>\n<h3><span style=\"font-size: 10pt; font-family: helvetica, arial, sans-serif;\"><strong>1. Google AdSense meistern<\/strong><\/span><\/h3>\n<p><span style=\"font-family: helvetica, arial, sans-serif;\">Google AdSense ist eine der beliebtesten M\u00f6glichkeiten, mit einer Website Geld zu verdienen, doch viele tun sich schwer damit, es effektiv einzusetzen. Dieser Leitfaden f\u00fchrt Sie durch den gesamten Prozess \u2013 von der Einrichtung Ihres Kontos bis zur Optimierung Ihrer Anzeigen f\u00fcr maximale Einnahmen. Sie erfahren:<\/span><\/p>\n<ul>\n<li><span style=\"font-family: helvetica, arial, sans-serif;\">Wie Sie die richtigen Anzeigenformate und -platzierungen ausw\u00e4hlen.<\/span><\/li>\n<li><span style=\"font-family: helvetica, arial, sans-serif;\">Tipps zur Steigerung Ihrer Klickrate (CTR).<\/span><\/li>\n<li><span style=\"font-family: helvetica, arial, sans-serif;\">H\u00e4ufige Fehler, die Sie bei der Nutzung von Google AdSense vermeiden sollten.<\/span><\/li>\n<\/ul>\n<h3><span style=\"font-size: 10pt; font-family: helvetica, arial, sans-serif;\"><strong>2. Geheimnisse des Affiliate-Marketings<\/strong><\/span><\/h3>\n<p><span style=\"font-family: helvetica, arial, sans-serif;\">Affiliate-Marketing ist eine effektive Methode, um passives Einkommen durch die Bewerbung von Produkten anderer Anbieter zu generieren. Dieser Leitfaden zeigt Ihnen, wie das geht:<\/span><\/p>\n<ul>\n<li><span style=\"font-family: helvetica, arial, sans-serif;\">Finde lukrative Affiliate-Programme wie Clickbank.<\/span><\/li>\n<li><span style=\"font-family: helvetica, arial, sans-serif;\">Erstellen Sie \u00fcberzeugende Inhalte, die den Umsatz steigern.<\/span><\/li>\n<li><span style=\"font-family: helvetica, arial, sans-serif;\">Verfolgen Sie Ihre Performance und optimieren Sie Ihre Kampagnen.<\/span><\/li>\n<\/ul>\n<h3><span style=\"font-size: 10pt; font-family: helvetica, arial, sans-serif;\"><strong>3. Social-Media-Strategien<\/strong><\/span><\/h3>\n<p><span style=\"font-family: helvetica, arial, sans-serif;\">Soziale Medien sind eine Goldgrube, um Besucher auf Ihre Website zu lenken. Doch es geht nicht nur ums Posten \u2013 es geht darum, Ihre Zielgruppe einzubinden und sie in Kunden zu verwandeln. Sie lernen:<\/span><\/p>\n<ul>\n<li><span style=\"font-family: helvetica, arial, sans-serif;\">Wie man Plattformen wie Facebook, Instagram und Twitter optimal nutzt.<\/span><\/li>\n<li><span style=\"font-family: helvetica, arial, sans-serif;\">Tipps zur Erstellung viraler Inhalte, die Ihre Reichweite erh\u00f6hen.<\/span><\/li>\n<li><span style=\"font-family: helvetica, arial, sans-serif;\">Strategien zur Umwandlung von Followern in zahlende Kunden.<\/span><\/li>\n<\/ul>\n<h3><span style=\"font-size: 10pt; font-family: helvetica, arial, sans-serif;\"><strong>4. Tipps zum Artikelmarketing<\/strong><\/span><\/h3>\n<p><span style=\"font-family: helvetica, arial, sans-serif;\">Content ist K\u00f6nig \u2013 aber nur, wenn er gut gemacht ist. Dieser Leitfaden zeigt Ihnen, wie Sie Artikel schreiben, die Leser fesseln und zu treuen Kunden machen. Sie erfahren:<\/span><\/p>\n<ul>\n<li><span style=\"font-family: helvetica, arial, sans-serif;\">Die Geheimnisse f\u00fcr fesselnde \u00dcberschriften.<\/span><\/li>\n<li><span style=\"font-family: helvetica, arial, sans-serif;\">Wie Sie Ihre Inhalte f\u00fcr maximale Wirkung strukturieren.<\/span><\/li>\n<li><span style=\"font-family: helvetica, arial, sans-serif;\">Tipps zur Suchmaschinenoptimierung Ihrer Artikel.<\/span><\/li>\n<\/ul>\n<h3><span style=\"font-size: 10pt; font-family: helvetica, arial, sans-serif;\"><strong>5. Erkenntnisse zum Multi-Level-Marketing<\/strong><\/span><\/h3>\n<p><span style=\"font-family: helvetica, arial, sans-serif;\">Wenn Sie Ihre Einkommensquellen diversifizieren m\u00f6chten, kann Multi-Level-Marketing (MLM) eine hervorragende Option sein. Dieser Leitfaden zeigt Ihnen, wie es geht.<\/span><\/p>\n<ul>\n<li><span style=\"font-family: helvetica, arial, sans-serif;\">W\u00e4hlen Sie die passenden MLM-Programme f\u00fcr Ihre Nische.<\/span><\/li>\n<li><span style=\"font-family: helvetica, arial, sans-serif;\">Bauen Sie ein starkes Partnernetzwerk auf.<\/span><\/li>\n<li><span style=\"font-family: helvetica, arial, sans-serif;\">Vermeiden Sie typische Fehler im MLM-Bereich.<\/span><\/li>\n<\/ul>\n<h3><span style=\"font-size: 12pt; font-family: helvetica, arial, sans-serif;\"><strong>Warum dieser Leitfaden heraussticht<\/strong><\/span><\/h3>\n<p><span style=\"font-family: helvetica, arial, sans-serif;\">Was macht\u00a0<strong>Monetarisierung und Nutzung Ihrer Website<\/strong>\u00a0Anders als andere Ressourcen? Hier erfahren Sie, warum dieser Leitfaden ein Muss f\u00fcr jeden ist, der online erfolgreich sein will:<\/span><\/p>\n<h3><span style=\"font-size: 10pt; font-family: helvetica, arial, sans-serif;\"><strong>1. Anf\u00e4ngerfreundlich<\/strong><\/span><\/h3>\n<p><span style=\"font-family: helvetica, arial, sans-serif;\">Keine Vorkenntnisse? Kein Problem! Dieser Leitfaden ist so gestaltet, dass er auch f\u00fcr Anf\u00e4nger leicht verst\u00e4ndlich ist. Er erkl\u00e4rt komplexe Konzepte in einfachen, praktischen Schritten, die jeder befolgen kann.<\/span><\/p>\n<h3><span style=\"font-size: 10pt; font-family: helvetica, arial, sans-serif;\"><strong>2. Praktische Tipps<\/strong><\/span><\/h3>\n<p><span style=\"font-family: helvetica, arial, sans-serif;\">Das ist nicht nur Theorie \u2013 es ist ein praktischer Leitfaden voller Tipps und Strategien, die Sie sofort anwenden k\u00f6nnen. Egal, ob Sie Google AdSense einrichten oder Ihren ersten Affiliate-Artikel schreiben, Sie finden hier Schritt-f\u00fcr-Schritt-Anleitungen.<\/span><\/p>\n<h3><span style=\"font-size: 10pt; font-family: helvetica, arial, sans-serif;\"><strong>3. Bew\u00e4hrte Strategien<\/strong><\/span><\/h3>\n<p><span style=\"font-family: helvetica, arial, sans-serif;\">Die in diesem Leitfaden beschriebenen Techniken wurden von Experten getestet und bew\u00e4hrt, die ihre Websites erfolgreich monetarisiert haben. Sie erhalten nicht nur Ratschl\u00e4ge, sondern auch konkrete Ergebnisse.<\/span><\/p>\n<h3><span style=\"font-size: 10pt; font-family: helvetica, arial, sans-serif;\"><strong>4. Umfassende Abdeckung<\/strong><\/span><\/h3>\n<p><span style=\"font-family: helvetica, arial, sans-serif;\">Mit \u00fcber 1000 W\u00f6rtern ausf\u00fchrlicher Anleitung bietet Ihnen dieser Leitfaden alles Wissenswerte zur Monetarisierung und Nutzung Ihrer Website. Von den Grundlagen f\u00fcr Anf\u00e4nger bis hin zu fortgeschrittenen Strategien \u2013 hier finden Sie alles.<\/span><\/p>\n<h3><span style=\"font-size: 12pt; font-family: helvetica, arial, sans-serif;\"><strong>F\u00fcr wen ist dieser Leitfaden gedacht?<\/strong><\/span><\/h3>\n<p><span style=\"font-family: helvetica, arial, sans-serif;\">Dieser Leitfaden ist perfekt geeignet f\u00fcr:<\/span><\/p>\n<ul>\n<li><span style=\"font-family: helvetica, arial, sans-serif;\"><strong>Blogger<\/strong>Verwandeln Sie Ihren Blog mit bew\u00e4hrten Monetarisierungsstrategien in eine profitable Plattform.<\/span><\/li>\n<li><span style=\"font-family: helvetica, arial, sans-serif;\"><strong>Unternehmer<\/strong>: Bauen Sie Ihr Online-Gesch\u00e4ft aus und steigern Sie Ihren Umsatz mit Expertentipps.<\/span><\/li>\n<li><span style=\"font-family: helvetica, arial, sans-serif;\"><strong>Anf\u00e4nger<\/strong>Keine Vorkenntnisse? Kein Problem! Dieser Leitfaden hilft Ihnen beim Einstieg.<\/span><\/li>\n<li><span style=\"font-family: helvetica, arial, sans-serif;\"><strong>Erfahrene Website-Betreiber<\/strong>Bringen Sie Ihre Website mit fortschrittlichen Strategien und Erkenntnissen auf die n\u00e4chste Stufe.<\/span><\/li>\n<\/ul>\n<h3><span style=\"font-size: 12pt; font-family: helvetica, arial, sans-serif;\"><strong>Verdienen Sie noch heute Geld mit Ihrer Website!<\/strong><\/span><\/h3>\n<p><span style=\"font-family: helvetica, arial, sans-serif;\">Das Internet bietet unz\u00e4hlige M\u00f6glichkeiten, doch nur wer handelt, wird Erfolg haben. Lassen Sie das Potenzial Ihrer Website nicht ungenutzt.\u00a0<strong>Monetarisierung und Nutzung Ihrer Website<\/strong>, Sie erhalten alle Werkzeuge und das Wissen, die Sie ben\u00f6tigen, um online Geld zu verdienen.<\/span><\/p>\n<p><span style=\"font-family: helvetica, arial, sans-serif;\">Egal ob Sie passives Einkommen generieren, Ihr Online-Gesch\u00e4ft ausbauen oder einfach das Beste aus Ihrer Website herausholen m\u00f6chten, dieser Leitfaden ist Ihr Schl\u00fcssel zum Erfolg.<\/span><\/p>\n<p><span style=\"font-family: helvetica, arial, sans-serif;\"><strong><span style=\"font-size: 12pt;\">Begeistert von unserem Produkt? Dann teile es mit Freunden und Familie! Erz\u00e4hle es weiter und lass uns gemeinsam noch mehr Menschen inspirieren. Klicke unten auf den Social-Media-Button und TEILEN, um etwas zu bewirken! #SpreadTheLove #MakeAnImpact #MonetizeYourWebsite #OnlineIncomeStrategies #PassiveIncomeIdeas #AffiliateMarketingTips #GoogleAdsenseGuide #WebsiteMonetization #EarnMoneyOnline #DigitalMarketingSecrets #SocialMediaMarketing #OnlineBusinessGrowth<\/span><\/strong><\/span><\/p>\n<p>&nbsp;<\/p>","protected":false},"excerpt":{"rendered":"<p><span style=\"font-family: helvetica, arial, sans-serif;\"><strong>Monetarisierung und Nutzung Ihrer Website: Ihr ultimativer Leitfaden f\u00fcr Online-Einkommen<br \/>\n<\/strong><\/span><br \/>\n<span style=\"font-family: helvetica, arial, sans-serif;\">Sie m\u00f6chten Ihre Website erfolgreich vermarkten? Dieses umfassende E-Book ist Ihre wichtigste Ressource, um das volle Potenzial Ihrer Online-Pr\u00e4senz auszusch\u00f6pfen. Vollgepackt mit praktischen Strategien lernen Sie, wie Sie Ihre Website \u00fcber Google AdSense, Affiliate-Marketing, Social Media und mehr monetarisieren. Egal, ob Sie Anf\u00e4nger oder erfahrener Website-Betreiber sind \u2013 dieser Leitfaden hilft Ihnen, Ihre Einnahmen zu maximieren und Ihr Online-Business auszubauen.<\/span><\/p>\n<p><span style=\"font-family: helvetica, arial, sans-serif;\"><strong>Entdecken Sie die Geheimnisse, wie Sie Ihre Website in eine Geldmaschine verwandeln!<\/strong><\/span><\/p>\n<ul>\n<li><span style=\"font-family: helvetica, arial, sans-serif;\">Entdecken Sie bew\u00e4hrte Strategien, um Ihre Website m\u00fchelos zu monetarisieren.<\/span><\/li>\n<li><span style=\"font-family: helvetica, arial, sans-serif;\">Lerne, wie du das volle Potenzial deiner Website aussch\u00f6pfen und passives Einkommen generieren kannst.<\/span><\/li>\n<li><span style=\"font-family: helvetica, arial, sans-serif;\">Sparen Sie Zeit und Geld mit Expertentipps zu Affiliate-Marketing, Google AdSense und Social-Media-Strategien.<\/span><\/li>\n<li><span style=\"font-family: helvetica, arial, sans-serif;\">Perfekt f\u00fcr Blogger, Unternehmer und alle, die online Geld verdienen m\u00f6chten.<\/span><\/li>\n<li><span style=\"font-family: helvetica, arial, sans-serif;\">Verdienen Sie noch heute Geld mit dieser Schritt-f\u00fcr-Schritt-Anleitung!<\/span><\/li>\n<\/ul>","protected":false},"featured_media":9539,"comment_status":"open","ping_status":"closed","template":"","meta":{"rs_blank_template":"","rs_page_bg_color":"","slide_template_v7":""},"etheme_brands":[],"product_brand":[],"product_cat":[45,43,64,94],"product_tag":[80,96,97,91,95],"class_list":{"0":"post-8961","1":"product","2":"type-product","3":"status-publish","4":"has-post-thumbnail","6":"product_cat-template","7":"product_cat-publication","8":"product_cat-reports","9":"product_cat-templates-themes-websites","10":"product_tag-affiliate-marketing","11":"product_tag-google-adsense-tips","12":"product_tag-online-income-strategies","13":"product_tag-social-media-marketing","14":"product_tag-website-monetization","15":"product_shipping_class-free-shipping","17":"first","18":"instock","19":"sale","20":"downloadable","21":"purchasable","22":"product-type-simple"},"bundled_by":[],"bundle_stock_status":"instock","bundle_stock_quantity":null,"bundle_virtual":false,"bundle_layout":"","bundle_add_to_cart_form_location":"","bundle_editable_in_cart":false,"bundle_sold_individually_context":"","bundle_item_grouping":"","bundle_min_size":"","bundle_max_size":"","bundle_price":[],"bundled_items":[],"bundle_sell_ids":[],"group_of_quantity":0,"min_quantity":1,"max_quantity":"","exclude_order_quantity_value_rules":"no","exclude_category_quantity_rules":"no","combine_variations":"no","exclude_global_add_ons":[],"addons":[],"_links":{"self":[{"href":"https:\/\/dealpify.com\/de\/wp-json\/wp\/v2\/product\/8961","targetHints":{"allow":["GET"]}}],"collection":[{"href":"https:\/\/dealpify.com\/de\/wp-json\/wp\/v2\/product"}],"about":[{"href":"https:\/\/dealpify.com\/de\/wp-json\/wp\/v2\/types\/product"}],"replies":[{"embeddable":true,"href":"https:\/\/dealpify.com\/de\/wp-json\/wp\/v2\/comments?post=8961"}],"version-history":[{"count":12,"href":"https:\/\/dealpify.com\/de\/wp-json\/wp\/v2\/product\/8961\/revisions"}],"predecessor-version":[{"id":8966,"href":"https:\/\/dealpify.com\/de\/wp-json\/wp\/v2\/product\/8961\/revisions\/8966"}],"wp:featuredmedia":[{"embeddable":true,"href":"https:\/\/dealpify.com\/de\/wp-json\/wp\/v2\/media\/9539"}],"wp:attachment":[{"href":"https:\/\/dealpify.com\/de\/wp-json\/wp\/v2\/media?parent=8961"}],"wp:term":[{"taxonomy":"brand","embeddable":true,"href":"https:\/\/dealpify.com\/de\/wp-json\/wp\/v2\/etheme_brands?post=8961"},{"taxonomy":"product_brand","embeddable":true,"href":"https:\/\/dealpify.com\/de\/wp-json\/wp\/v2\/product_brand?post=8961"},{"taxonomy":"product_cat","embeddable":true,"href":"https:\/\/dealpify.com\/de\/wp-json\/wp\/v2\/product_cat?post=8961"},{"taxonomy":"product_tag","embeddable":true,"href":"https:\/\/dealpify.com\/de\/wp-json\/wp\/v2\/product_tag?post=8961"}],"curies":[{"name":"wp","href":"https:\/\/api.w.org\/{rel}","templated":true}]}}