{"id":8920,"date":"2024-02-19T12:05:30","date_gmt":"2024-02-19T04:05:30","guid":{"rendered":"https:\/\/dealpify.com\/?post_type=product&#038;p=8920"},"modified":"2025-06-18T17:15:55","modified_gmt":"2025-06-18T09:15:55","slug":"facebook-banneranzeigen-meistern","status":"publish","type":"product","link":"https:\/\/dealpify.com\/de\/product\/facebook-banneranzeigen-meistern\/","title":{"rendered":"Facebook-Bannerwerbung meistern: 5 Geheimnisse f\u00fcr explosionsartige Umsatzsteigerungen"},"content":{"rendered":"<h4><span style=\"font-family: helvetica, arial, sans-serif;\"><strong><br \/>\nFacebook-Bannerwerbung meistern: 5 Geheimnisse f\u00fcr explosionsartige Umsatzsteigerungen<\/strong><\/span><\/h4>\n<p><span style=\"font-family: helvetica, arial, sans-serif;\">Sind Sie es leid, Geld f\u00fcr Facebook-Anzeigen auszugeben, die keine Ergebnisse bringen? F\u00fchlen Sie sich von der Komplexit\u00e4t der Facebook-Werbeplattform \u00fcberfordert? Damit sind Sie nicht allein. Viele Unternehmen tun sich schwer damit, effektive Facebook-Banneranzeigen zu erstellen, die tats\u00e4chlich zu Conversions f\u00fchren. Aber was w\u00e4re, wenn ich Ihnen sagen w\u00fcrde, dass es ein bew\u00e4hrtes System gibt, mit dem Sie Facebook-Werbung meistern und echte Ergebnisse erzielen k\u00f6nnen?<\/span><\/p>\n<p><span style=\"font-family: helvetica, arial, sans-serif;\">Wir stellen vor\u00a0<strong>Facebook-Bannerwerbung meistern<\/strong>, Dieser umfassende 5-teilige Videokurs hilft Ihnen dabei, leistungsstarke Facebook-Banneranzeigen zu erstellen, die Traffic generieren, Leads gewinnen und Ihren Umsatz steigern. Egal, ob Sie Einsteiger oder erfahrener Marketer sind \u2013 dieser Kurs bietet Ihnen die n\u00f6tigen Werkzeuge und Strategien f\u00fcr Ihren Erfolg.<\/span><\/p>\n<h4><span style=\"font-family: helvetica, arial, sans-serif;\"><strong>Warum Facebook-Banneranzeigen wichtig sind<\/strong><\/span><\/h4>\n<p><span style=\"font-family: helvetica, arial, sans-serif;\">Facebook ist eine der weltweit m\u00e4chtigsten Werbeplattformen mit \u00fcber\u00a0<strong>2,9 Milliarden aktive Nutzer<\/strong>. Das ist ein riesiges Publikum, das darauf wartet, Ihre Produkte oder Dienstleistungen zu entdecken. Doch bei so vielen Unternehmen, die um Aufmerksamkeit buhlen, ist es entscheidend, sich von der Masse abzuheben.<\/span><\/p>\n<p><span style=\"font-family: helvetica, arial, sans-serif;\">Facebook-Banneranzeigen sind ein \u00e4u\u00dferst effektives Mittel, um Aufmerksamkeit zu erregen und zum Handeln zu animieren. Sie sind optisch ansprechend, einfach zu erstellen und k\u00f6nnen gezielt auf bestimmte Zielgruppen ausgerichtet werden. Um jedoch Anzeigen zu erstellen, die tats\u00e4chlich zu Conversions f\u00fchren, braucht es mehr als nur sch\u00f6ne Grafiken. Sie ben\u00f6tigen eine solide Strategie \u2013 und genau da setzt sie an.\u00a0<strong>Facebook-Bannerwerbung meistern<\/strong>\u00a0kommt herein.<\/span><\/p>\n<h4><span style=\"font-family: helvetica, arial, sans-serif;\"><strong>Was Sie in diesem Kurs lernen werden<\/strong><\/span><\/h4>\n<p><span style=\"font-family: helvetica, arial, sans-serif;\">Dieser Kurs bietet Ihnen jede Menge praktische Tipps und Schritt-f\u00fcr-Schritt-Anleitungen, mit denen Sie alle Aspekte der Facebook-Bannerwerbung meistern. Hier ein kleiner Vorgeschmack auf die Kursinhalte:<\/span><\/p>\n<ol start=\"1\">\n<li><span style=\"font-family: helvetica, arial, sans-serif;\"><strong>Vermeidung von Kontosperrungen<\/strong>Die Werberichtlinien von Facebook k\u00f6nnen kompliziert sein, und ein einziger Fehler kann zur Sperrung Ihres Kontos f\u00fchren. Wir zeigen Ihnen, wie Sie die Richtlinien einhalten und h\u00e4ufige Fehler vermeiden.<\/span><\/li>\n<li><span style=\"font-family: helvetica, arial, sans-serif;\"><strong>Marktforschung meistern<\/strong>Lernen Sie, wie Sie Ihre Zielgruppe identifizieren, deren Bed\u00fcrfnisse verstehen und Anzeigen erstellen, die bei ihr Anklang finden.<\/span><\/li>\n<li><span style=\"font-family: helvetica, arial, sans-serif;\"><strong>Auff\u00e4llige Werbeanzeigen erstellen<\/strong>Entdecken Sie kostenlose Tools und Techniken, um professionell aussehende Facebook-Banneranzeigen zu gestalten, die Aufmerksamkeit erregen.<\/span><\/li>\n<li><span style=\"font-family: helvetica, arial, sans-serif;\"><strong>Erfolgreiche Kampagnen aufsetzen<\/strong>Von der Budgetplanung bis zur Zielgruppenansprache begleiten wir Sie durch den gesamten Prozess der Erstellung erfolgreicher Kampagnen.<\/span><\/li>\n<li><span style=\"font-family: helvetica, arial, sans-serif;\"><strong>Optimierung f\u00fcr ROI<\/strong>Lernen Sie, wie Sie die Leistung Ihrer Anzeigen analysieren und datengest\u00fctzte Entscheidungen treffen, um Ihren Return on Investment zu maximieren.<\/span><\/li>\n<\/ol>\n<h4><span style=\"font-family: helvetica, arial, sans-serif;\"><strong>F\u00fcr wen ist dieser Kurs geeignet?<\/strong><\/span><\/h4>\n<ul>\n<li><span style=\"font-family: helvetica, arial, sans-serif;\"><strong>Anf\u00e4nger<\/strong>Wenn Sie noch keine Erfahrung mit Facebook-Werbung haben, f\u00fchrt Sie dieser Kurs durch alles, was Sie f\u00fcr den Einstieg wissen m\u00fcssen.<\/span><\/li>\n<li><span style=\"font-family: helvetica, arial, sans-serif;\"><strong>Erfahrene Marketingfachleute<\/strong>Wenn Sie bereits Facebook-Anzeigen schalten, aber nicht die gew\u00fcnschten Ergebnisse erzielen, hilft Ihnen dieser Kurs dabei, Ihre Strategie zu verfeinern und Ihren ROI zu steigern.<\/span><\/li>\n<li><span style=\"font-family: helvetica, arial, sans-serif;\"><strong>Kleinunternehmer<\/strong>Lerne, wie du mit einem kleinen Budget effektive Anzeigen erstellst und dein Unternehmen mit Facebook-Werbung ausbaust.<\/span><\/li>\n<li><span style=\"font-family: helvetica, arial, sans-serif;\"><strong>Unternehmer<\/strong>Egal ob Sie Produkte oder Dienstleistungen verkaufen, dieser Kurs hilft Ihnen dabei, Ihre idealen Kunden zu erreichen und den Umsatz zu steigern.<\/span><\/li>\n<\/ul>\n<h4><span style=\"font-family: helvetica, arial, sans-serif;\"><strong>Echte Ergebnisse, echter Erfolg<\/strong><\/span><\/h4>\n<p><span style=\"font-family: helvetica, arial, sans-serif;\">Glauben Sie uns nicht einfach so \u2013 hier ist, was einige unserer Studenten zu sagen haben:<\/span><\/p>\n<p><span style=\"font-family: helvetica, arial, sans-serif;\"><em>\u201cIch hatte Schwierigkeiten, mit meinen Facebook-Anzeigen Ergebnisse zu erzielen, aber dieser Kurs hat alles ver\u00e4ndert. Dank der Schritt-f\u00fcr-Schritt-Anleitungen war es kinderleicht, Anzeigen zu erstellen, die tats\u00e4chlich konvertieren. Absolut empfehlenswert!\u201d<\/em>\u00a0\u2013 Sarah T.<\/span><\/p>\n<p><span style=\"font-family: helvetica, arial, sans-serif;\"><em>\u201cDer Abschnitt \u00fcber die Vermeidung von Kontosperrungen war f\u00fcr mich ein Wendepunkt. Ich habe durch die Tipps in diesem Kurs so viel Zeit und Geld gespart.\u201d<\/em>\u00a0\u2013 John D.<\/span><\/p>\n<h4><span style=\"font-family: helvetica, arial, sans-serif;\"><strong>Legen Sie noch heute los!<\/strong><\/span><\/h4>\n<p><span style=\"font-family: helvetica, arial, sans-serif;\">Bereit, Ihre Facebook-Werbung auf die n\u00e4chste Stufe zu heben? Warten Sie nicht \u2013 jeder Tag des Z\u00f6gerns ist eine verpasste Chance, Ihr Unternehmen auszubauen.\u00a0<strong>Facebook-Bannerwerbung meistern<\/strong>, Sie erhalten alles, was Sie ben\u00f6tigen, um Anzeigen mit hoher Konversionsrate zu erstellen und echte Ergebnisse zu erzielen.<\/span><\/p>\n<h4><span style=\"font-family: helvetica, arial, sans-serif;\"><strong>Gef\u00e4llt Ihnen unser Produkt? Teilen Sie Ihre Begeisterung!<\/strong><\/span><\/h4>\n<p><span style=\"font-family: helvetica, arial, sans-serif;\"><strong>Begeistert von unserem Produkt? Dann teile es mit Freunden und Familie! Erz\u00e4hle es weiter und lass uns gemeinsam noch mehr Menschen inspirieren. Klicke unten auf den Social-Media-Button und TEILEN, um etwas zu bewirken!<\/strong><\/span><\/p>\n<p><span style=\"font-family: helvetica, arial, sans-serif;\"><strong>\u00a0<\/strong><\/span><\/p>","protected":false},"excerpt":{"rendered":"<p><span style=\"font-family: helvetica, arial, sans-serif;\"><strong>Ver\u00e4ndern Sie Ihre Facebook-Werbestrategie in nur 5 Schritten!<\/strong><\/span><\/p>\n<p><span style=\"font-family: helvetica, arial, sans-serif;\">Sie erzielen mit Ihren Facebook-Banneranzeigen keine zufriedenstellenden Ergebnisse? Damit sind Sie nicht allein. Viele Unternehmen verschwenden Zeit und Geld f\u00fcr Anzeigen, die keine Konversionen bringen. Aber es gibt auch gute Nachrichten:\u00a0<strong>Facebook-Bannerwerbung meistern<\/strong>\u00a0ist Ihre Schritt-f\u00fcr-Schritt-L\u00f6sung zur Erstellung leistungsstarker Anzeigen, die tats\u00e4chlich funktionieren.<\/span><\/p>\n<p><span style=\"font-family: helvetica, arial, sans-serif;\">Das\u00a0<strong>5-teiliger Videokurs<\/strong>\u00a0Dieser Kurs richtet sich sowohl an Anf\u00e4nger als auch an Profis. Egal, ob Sie Kontosperrungen vermeiden, Marktforschung beherrschen oder aufmerksamkeitsstarke Anzeigen erstellen m\u00f6chten \u2013 dieser Kurs bietet Ihnen alles, was Sie brauchen.<\/span><\/p>\n<p><span style=\"font-size: 12pt; font-family: helvetica, arial, sans-serif;\"><strong>Facebook-Banneranzeigen in 5 einfachen Schritten meistern \u2013 Steigern Sie noch heute Ihren ROI!<\/strong><\/span><\/p>\n<ul>\n<li><span style=\"font-family: helvetica, arial, sans-serif;\">\ud83d\ude80\u00a0<strong>Steigern Sie Ihren Umsatz!<\/strong>Erfahren Sie, wie Sie Facebook-Banneranzeigen mit hoher Konversionsrate erstellen, die echte Ergebnisse liefern.<\/span><\/li>\n<li><span style=\"font-family: helvetica, arial, sans-serif;\">\ud83d\udca1\u00a0<strong>Vermeiden Sie kostspielige Fehler<\/strong>Entdecken Sie bew\u00e4hrte Strategien, um Ihr Facebook-Werbekonto sicher und gesetzeskonform zu halten.<\/span><\/li>\n<li><span style=\"font-family: helvetica, arial, sans-serif;\">\ud83c\udfaf\u00a0<strong>Die richtige Zielgruppe ansprechen<\/strong>: Nutzen Sie fortschrittliche Targeting-Techniken, um Ihre idealen Kunden zu erreichen.<\/span><\/li>\n<li><span style=\"font-family: helvetica, arial, sans-serif;\">\ud83d\udee0\ufe0f\u00a0<strong>Kostenlose Tools, gro\u00dfe Ergebnisse<\/strong>Erstellen Sie beeindruckende Werbeanzeigen, ohne einen Cent f\u00fcr teure Software auszugeben.<\/span><\/li>\n<li><span style=\"font-family: helvetica, arial, sans-serif;\">\ud83d\udcc8\u00a0<strong>Maximieren Sie Ihr Werbebudget<\/strong>Optimieren Sie Ihre Kampagnen f\u00fcr den besten ROI und beobachten Sie, wie Ihre Gewinne wachsen.<\/span><\/li>\n<\/ul>","protected":false},"featured_media":8945,"comment_status":"open","ping_status":"closed","template":"","meta":{"rs_blank_template":"","rs_page_bg_color":"","slide_template_v7":""},"etheme_brands":[],"product_brand":[],"product_cat":[85,86,267,72,47],"product_tag":[90,89,88,92,91],"class_list":{"0":"post-8920","1":"product","2":"type-product","3":"status-publish","4":"has-post-thumbnail","6":"product_cat-graphics-designs","7":"product_cat-banner","8":"product_cat-buy-1-get-1","9":"product_cat-tutorials-courses","10":"product_cat-video","11":"product_tag-ad-campaign-optimization","12":"product_tag-facebook-advertising","13":"product_tag-facebook-banner-ads","14":"product_tag-roi-boosting-strategies","15":"product_tag-social-media-marketing","16":"product_shipping_class-free-shipping","18":"first","19":"instock","20":"sale","21":"downloadable","22":"purchasable","23":"product-type-simple"},"bundled_by":[],"bundle_stock_status":"instock","bundle_stock_quantity":null,"bundle_virtual":false,"bundle_layout":"","bundle_add_to_cart_form_location":"","bundle_editable_in_cart":false,"bundle_sold_individually_context":"","bundle_item_grouping":"","bundle_min_size":"","bundle_max_size":"","bundle_price":[],"bundled_items":[],"bundle_sell_ids":[],"group_of_quantity":0,"min_quantity":1,"max_quantity":"","exclude_order_quantity_value_rules":"no","exclude_category_quantity_rules":"no","combine_variations":"no","exclude_global_add_ons":[],"addons":[],"_links":{"self":[{"href":"https:\/\/dealpify.com\/de\/wp-json\/wp\/v2\/product\/8920","targetHints":{"allow":["GET"]}}],"collection":[{"href":"https:\/\/dealpify.com\/de\/wp-json\/wp\/v2\/product"}],"about":[{"href":"https:\/\/dealpify.com\/de\/wp-json\/wp\/v2\/types\/product"}],"replies":[{"embeddable":true,"href":"https:\/\/dealpify.com\/de\/wp-json\/wp\/v2\/comments?post=8920"}],"version-history":[{"count":12,"href":"https:\/\/dealpify.com\/de\/wp-json\/wp\/v2\/product\/8920\/revisions"}],"predecessor-version":[{"id":8924,"href":"https:\/\/dealpify.com\/de\/wp-json\/wp\/v2\/product\/8920\/revisions\/8924"}],"wp:featuredmedia":[{"embeddable":true,"href":"https:\/\/dealpify.com\/de\/wp-json\/wp\/v2\/media\/8945"}],"wp:attachment":[{"href":"https:\/\/dealpify.com\/de\/wp-json\/wp\/v2\/media?parent=8920"}],"wp:term":[{"taxonomy":"brand","embeddable":true,"href":"https:\/\/dealpify.com\/de\/wp-json\/wp\/v2\/etheme_brands?post=8920"},{"taxonomy":"product_brand","embeddable":true,"href":"https:\/\/dealpify.com\/de\/wp-json\/wp\/v2\/product_brand?post=8920"},{"taxonomy":"product_cat","embeddable":true,"href":"https:\/\/dealpify.com\/de\/wp-json\/wp\/v2\/product_cat?post=8920"},{"taxonomy":"product_tag","embeddable":true,"href":"https:\/\/dealpify.com\/de\/wp-json\/wp\/v2\/product_tag?post=8920"}],"curies":[{"name":"wp","href":"https:\/\/api.w.org\/{rel}","templated":true}]}}