{"id":8881,"date":"2023-02-09T22:49:24","date_gmt":"2023-02-09T14:49:24","guid":{"rendered":"https:\/\/dealpify.com\/?post_type=product&#038;p=8881"},"modified":"2025-06-18T20:47:08","modified_gmt":"2025-06-18T12:47:08","slug":"geheimnisse-der-affiliate-rekrutierung","status":"publish","type":"product","link":"https:\/\/dealpify.com\/de\/product\/geheimnisse-der-affiliate-rekrutierung\/","title":{"rendered":"Affiliate Recruiting Secrets: 4 bew\u00e4hrte Strategien zur Steigerung Ihres Marketingerfolgs"},"content":{"rendered":"<h4><span style=\"font-family: helvetica, arial, sans-serif;\"><strong><br \/>\nEntdecken Sie die Geheimnisse des Affiliate-Recruitings: 4 bew\u00e4hrte Strategien f\u00fcr mehr Marketingerfolg<\/strong><\/span><\/h4>\n<p><span style=\"font-family: helvetica, arial, sans-serif;\">Haben Sie Schwierigkeiten, ein starkes Affiliate-Netzwerk aufzubauen, das kontinuierliche Ums\u00e4tze generiert? Haben Sie das Gef\u00fchl, das volle Potenzial des Affiliate-Marketings nicht auszusch\u00f6pfen? Damit sind Sie nicht allein. Viele Unternehmen stehen vor der Herausforderung, Top-Performer zu gewinnen und langfristig zu binden. Aber was w\u00e4re, wenn ich Ihnen sagen w\u00fcrde, dass es einen bew\u00e4hrten Weg gibt, dies zu \u00e4ndern?<\/span><\/p>\n<p><span style=\"font-family: helvetica, arial, sans-serif;\">Wir stellen vor\u00a0<strong>\u201cGeheimnisse der Affiliate-Rekrutierung: 4 bew\u00e4hrte Strategien zur Steigerung Ihres Marketingerfolgs\u201d<\/strong>Ihr ultimativer Leitfaden, um die Kunst des Recruitings zu meistern. Dieses umfassende Audio-Training hilft Ihnen, das wahre Potenzial des Affiliate-Marketings zu erschlie\u00dfen \u2013 egal, ob Sie Anf\u00e4nger oder erfahrener Marketer sind.<\/span><\/p>\n<h4><span style=\"font-size: 12pt; font-family: helvetica, arial, sans-serif;\"><strong>Warum Affiliate-Marketing alles ver\u00e4ndert<\/strong><\/span><\/h4>\n<p><span style=\"font-family: helvetica, arial, sans-serif;\">Affiliate-Marketing ist eine der kosteng\u00fcnstigsten Methoden, um Ihr Unternehmen auszubauen. Es erm\u00f6glicht Ihnen, die Reichweite und den Einfluss anderer zu nutzen, um Ihre Produkte oder Dienstleistungen zu bewerben. Aber hier ist der Haken:\u00a0<strong>Ihr Erfolg h\u00e4ngt von Ihrer F\u00e4higkeit ab, die richtigen Partner zu gewinnen und zu halten.<\/strong><\/span><\/p>\n<p><span style=\"font-family: helvetica, arial, sans-serif;\">Ohne eine solide Strategie riskieren Sie, Zeit und Geld an diejenigen zu verschwenden, die keine Ergebnisse liefern. Genau da setzt das Problem an. <strong>\u201cGeheimnisse der Affiliate-Rekrutierung\u201d<\/strong> Dieses Training vermittelt Ihnen die Werkzeuge, Techniken und Erkenntnisse, die Sie ben\u00f6tigen, um ein leistungsstarkes Netzwerk aufzubauen, das echte Ergebnisse liefert.<\/span><\/p>\n<h4><span style=\"font-size: 12pt; font-family: helvetica, arial, sans-serif;\"><strong>Was Sie in dieser Schulung lernen werden<\/strong><\/span><\/h4>\n<ol start=\"1\">\n<li><span style=\"font-family: helvetica, arial, sans-serif;\"><strong>Wie man die richtigen Partner findet<\/strong>Entdecken Sie die besten Plattformen und Methoden, um mit denjenigen in Kontakt zu treten, die zu Ihrer Marke und Ihren Zielen passen.<\/span><\/li>\n<li><span style=\"font-family: helvetica, arial, sans-serif;\"><strong>Effektive Strategien zur Kontaktaufnahme<\/strong>Lerne, wie du potenzielle Kunden so ansprichst, dass sie sich f\u00fcr dein Programm begeistern.<\/span><\/li>\n<li><span style=\"font-family: helvetica, arial, sans-serif;\"><strong>Aufbau langfristiger Beziehungen<\/strong>Erfahren Sie, wie Sie f\u00fcr beide Seiten vorteilhafte Partnerschaften aufbauen, die sich \u00fcber lange Zeit bew\u00e4hren.<\/span><\/li>\n<li><span style=\"font-family: helvetica, arial, sans-serif;\"><strong>Partner motivieren<\/strong>Entdecken Sie bew\u00e4hrte Techniken, die Sie bei der Vermarktung Ihrer Produkte engagieren und motivieren.<\/span><\/li>\n<li><span style=\"font-family: helvetica, arial, sans-serif;\"><strong>Unverzichtbare Werkzeuge f\u00fcr den Erfolg<\/strong>Erhalten Sie Empfehlungen f\u00fcr Tools, die die Verwaltung Ihres Marketingprogramms zum Kinderspiel machen.<\/span><\/li>\n<li><span style=\"font-family: helvetica, arial, sans-serif;\"><strong>H\u00e4ufige Fehler vermeiden<\/strong>: Lernen Sie aus realen Beispielen, was man bei der Personalsuche nicht tun sollte.<\/span><\/li>\n<li><span style=\"font-family: helvetica, arial, sans-serif;\"><strong>Skalierung Ihres Programms<\/strong>: Fortgeschrittene Strategien, um Ihre Marketingaktivit\u00e4ten auf die n\u00e4chste Stufe zu heben.<\/span><\/li>\n<\/ol>\n<h4><span style=\"font-size: 12pt; font-family: helvetica, arial, sans-serif;\"><strong>Warum dieses Training anders ist<\/strong><\/span><\/h4>\n<p><span style=\"font-family: helvetica, arial, sans-serif;\">Im Gegensatz zu anderen Marketingleitf\u00e4den, die sich auf allgemeine Ratschl\u00e4ge konzentrieren, <strong>\u201cGeheimnisse der Affiliate-Rekrutierung\u201d<\/strong> Dieses Buch beleuchtet detailliert die Rekrutierung und Bindung von Top-Marketingfachkr\u00e4ften. Es bietet zahlreiche praktische Tipps, Beispiele aus der Praxis und Schritt-f\u00fcr-Schritt-Strategien, die Sie sofort umsetzen k\u00f6nnen.<\/span><\/p>\n<p><span style=\"font-family: helvetica, arial, sans-serif;\">Egal, ob Sie gerade erst anfangen oder Ihr bestehendes Programm ausbauen m\u00f6chten \u2013 diese Schulung bietet f\u00fcr jeden etwas. Sie ist so konzipiert, dass sie leicht verst\u00e4ndlich ist, damit Sie schnell erste Ergebnisse sehen k\u00f6nnen.<\/span><\/p>\n<h4><span style=\"font-size: 12pt; font-family: helvetica, arial, sans-serif;\"><strong>F\u00fcr wen ist das gedacht?<\/strong><\/span><\/h4>\n<ul>\n<li><span style=\"font-family: helvetica, arial, sans-serif;\"><strong>Anf\u00e4nger<\/strong>Wenn Sie neu im Affiliate-Marketing sind, bietet Ihnen dieses Training eine solide Grundlage, auf der Sie aufbauen k\u00f6nnen.<\/span><\/li>\n<li><span style=\"font-family: helvetica, arial, sans-serif;\"><strong>Erfahrene Marketingfachleute<\/strong>Wenn Sie bereits ein Marketingprogramm betreiben, es aber auf die n\u00e4chste Stufe heben m\u00f6chten, bietet Ihnen dieses Training fortgeschrittene Strategien zur Skalierung Ihrer Bem\u00fchungen.<\/span><\/li>\n<li><span style=\"font-family: helvetica, arial, sans-serif;\"><strong>Gesch\u00e4ftsinhaber<\/strong>Wenn Sie nach einer kosteng\u00fcnstigen M\u00f6glichkeit suchen, Ihr Unternehmen auszubauen, ist Affiliate-Marketing die Antwort \u2013 und dieses Training zeigt Ihnen, wie es richtig geht.<\/span><\/li>\n<\/ul>\n<h4><span style=\"font-size: 12pt; font-family: helvetica, arial, sans-serif;\"><strong>Was Sie erhalten<\/strong><\/span><\/h4>\n<p><span style=\"font-family: helvetica, arial, sans-serif;\">Wenn Sie kaufen\u00a0<strong>\u201cGeheimnisse der Affiliate-Rekrutierung\u201d<\/strong>\u00a0Sie erhalten sofortigen Zugriff auf:<\/span><\/p>\n<ul>\n<li><span style=\"font-family: helvetica, arial, sans-serif;\">Ein umfassendes Audio-Training, das Sie jederzeit und \u00fcberall anh\u00f6ren k\u00f6nnen.<\/span><\/li>\n<li><span style=\"font-family: helvetica, arial, sans-serif;\">Herunterladbare Ressourcen, darunter Checklisten und Vorlagen, die Ihnen bei der Umsetzung des Gelernten helfen.<\/span><\/li>\n<li><span style=\"font-family: helvetica, arial, sans-serif;\">Lebenslanger Zugriff auf zuk\u00fcnftige Updates und zus\u00e4tzliche Inhalte.<\/span><\/li>\n<\/ul>\n<h4><span style=\"font-size: 12pt; font-family: helvetica, arial, sans-serif;\"><strong>Lassen Sie sich diese Gelegenheit nicht entgehen!<\/strong><\/span><\/h4>\n<p><span style=\"font-family: helvetica, arial, sans-serif;\">Affiliate-Marketing hat das Potenzial, Ihr Unternehmen zu ver\u00e4ndern \u2013 aber nur, wenn Sie es richtig angehen.\u00a0<strong>\u201cGeheimnisse der Affiliate-Rekrutierung\u201d<\/strong>, Sie erhalten alles, was Sie ben\u00f6tigen, um ein leistungsstarkes Netzwerk aufzubauen, das den Umsatz steigert und Ihr Unternehmen wachsen l\u00e4sst.<\/span><\/p>\n<p><span style=\"font-family: helvetica, arial, sans-serif;\">Worauf warten Sie also noch? Machen Sie noch heute den ersten Schritt zum Marketingerfolg.<\/span><\/p>\n<p><span style=\"font-family: helvetica, arial, sans-serif;\"><strong>Begeistert von unserem Produkt? Dann teile es mit Freunden und Familie! Erz\u00e4hle es weiter und lass uns gemeinsam noch mehr Menschen inspirieren. Klicke unten auf den Social-Media-Button und TEILEN, um etwas zu bewirken! #SpreadTheLove #MakeAnImpact #MarketingSecrets #GrowYourBusiness #DigitalMarketing #OnlineBusinessGrowth #MarketingMastery\u00a0<\/strong><\/span><\/p>\n<p>&nbsp;<\/p>","protected":false},"excerpt":{"rendered":"<h4><span style=\"font-family: helvetica, arial, sans-serif;\"><strong><br \/>\nSchluss mit dem Kampf im Affiliate-Marketing \u2013 Entdecken Sie die 4 Geheimnisse, um schnell Top-Performer zu gewinnen!<\/strong><\/span><\/h4>\n<ul>\n<li><span style=\"font-family: helvetica, arial, sans-serif;\">\ud83d\ude80\u00a0<strong>Entfesseln Sie das Potenzial von Hochleistungsmarketing<\/strong>Lernen Sie, wie Sie ein leistungsstarkes Netzwerk aufbauen, das den Umsatz steigert und Ihr Unternehmen wachsen l\u00e4sst.<\/span><\/li>\n<li><span style=\"font-family: helvetica, arial, sans-serif;\">\ud83d\udca1\u00a0<strong>Bew\u00e4hrte Strategien<\/strong>Erhalten Sie praktische Tipps, um Top-Affiliates m\u00fchelos zu gewinnen, einzubinden und langfristig zu binden.<\/span><\/li>\n<li><span style=\"font-family: helvetica, arial, sans-serif;\">\ud83d\udcbc\u00a0<strong>Steigern Sie Ihren Umsatz<\/strong>: Verwandeln Sie Ihre Partner mit bew\u00e4hrten Beziehungsaufbautechniken in Ihre st\u00e4rkste Vertriebsmannschaft.<\/span><\/li>\n<li><span style=\"font-family: helvetica, arial, sans-serif;\">\ud83c\udfaf\u00a0<strong>Zeit und M\u00fche sparen<\/strong>Vermeiden Sie h\u00e4ufige Fehler und konzentrieren Sie sich mit dieser Schritt-f\u00fcr-Schritt-Anleitung auf das, was funktioniert.<\/span><\/li>\n<li><span style=\"font-family: helvetica, arial, sans-serif;\">\ud83c\udf1f\u00a0<strong>Perfekt f\u00fcr Anf\u00e4nger und Experten<\/strong>Egal, ob Sie neu im Marketing sind oder ein erfahrener Profi \u2013 diese Geheimnisse werden Ihre Ergebnisse ver\u00e4ndern.<\/span><\/li>\n<\/ul>","protected":false},"featured_media":9549,"comment_status":"open","ping_status":"closed","template":"","meta":{"rs_blank_template":"","rs_page_bg_color":"","slide_template_v7":""},"etheme_brands":[],"product_brand":[],"product_cat":[79],"product_tag":[80,81,84,82,83],"class_list":{"0":"post-8881","1":"product","2":"type-product","3":"status-publish","4":"has-post-thumbnail","6":"product_cat-audio-music","7":"product_tag-affiliate-marketing","8":"product_tag-affiliate-recruitment","9":"product_tag-digital-marketing-tools","10":"product_tag-marketing-strategies","11":"product_tag-online-business-growth","12":"product_shipping_class-free-shipping","14":"first","15":"instock","16":"sale","17":"downloadable","18":"purchasable","19":"product-type-simple"},"bundled_by":[],"bundle_stock_status":"instock","bundle_stock_quantity":null,"bundle_virtual":false,"bundle_layout":"","bundle_add_to_cart_form_location":"","bundle_editable_in_cart":false,"bundle_sold_individually_context":"","bundle_item_grouping":"","bundle_min_size":"","bundle_max_size":"","bundle_price":[],"bundled_items":[],"bundle_sell_ids":[],"group_of_quantity":0,"min_quantity":1,"max_quantity":"","exclude_order_quantity_value_rules":"no","exclude_category_quantity_rules":"no","combine_variations":"no","exclude_global_add_ons":[],"addons":[],"_links":{"self":[{"href":"https:\/\/dealpify.com\/de\/wp-json\/wp\/v2\/product\/8881","targetHints":{"allow":["GET"]}}],"collection":[{"href":"https:\/\/dealpify.com\/de\/wp-json\/wp\/v2\/product"}],"about":[{"href":"https:\/\/dealpify.com\/de\/wp-json\/wp\/v2\/types\/product"}],"replies":[{"embeddable":true,"href":"https:\/\/dealpify.com\/de\/wp-json\/wp\/v2\/comments?post=8881"}],"version-history":[{"count":17,"href":"https:\/\/dealpify.com\/de\/wp-json\/wp\/v2\/product\/8881\/revisions"}],"predecessor-version":[{"id":8886,"href":"https:\/\/dealpify.com\/de\/wp-json\/wp\/v2\/product\/8881\/revisions\/8886"}],"wp:featuredmedia":[{"embeddable":true,"href":"https:\/\/dealpify.com\/de\/wp-json\/wp\/v2\/media\/9549"}],"wp:attachment":[{"href":"https:\/\/dealpify.com\/de\/wp-json\/wp\/v2\/media?parent=8881"}],"wp:term":[{"taxonomy":"brand","embeddable":true,"href":"https:\/\/dealpify.com\/de\/wp-json\/wp\/v2\/etheme_brands?post=8881"},{"taxonomy":"product_brand","embeddable":true,"href":"https:\/\/dealpify.com\/de\/wp-json\/wp\/v2\/product_brand?post=8881"},{"taxonomy":"product_cat","embeddable":true,"href":"https:\/\/dealpify.com\/de\/wp-json\/wp\/v2\/product_cat?post=8881"},{"taxonomy":"product_tag","embeddable":true,"href":"https:\/\/dealpify.com\/de\/wp-json\/wp\/v2\/product_tag?post=8881"}],"curies":[{"name":"wp","href":"https:\/\/api.w.org\/{rel}","templated":true}]}}