{"id":8857,"date":"2024-09-04T16:18:35","date_gmt":"2024-09-04T08:18:35","guid":{"rendered":"https:\/\/dealpify.com\/?post_type=product&#038;p=8857"},"modified":"2025-06-18T16:33:27","modified_gmt":"2025-06-18T08:33:27","slug":"vereinfachter-mobiler-e-commerce","status":"publish","type":"product","link":"https:\/\/dealpify.com\/de\/product\/vereinfachter-mobiler-e-commerce\/","title":{"rendered":"Mobiler E-Commerce leicht gemacht: Erstellen Sie benutzerfreundliche Online-Shops in 24 Stunden"},"content":{"rendered":"<h4><span style=\"font-size: 14pt; font-family: helvetica, arial, sans-serif;\"><strong><br \/>\nMobiler E-Commerce leicht gemacht: Erstellen Sie benutzerfreundliche Online-Shops in 24 Stunden<\/strong><\/span><\/h4>\n<p><span style=\"font-family: helvetica, arial, sans-serif;\">In der heutigen schnelllebigen digitalen Welt ist mobiles Shopping nicht nur ein Trend, sondern eine Notwendigkeit. Wussten Sie, dass \u00fcber\u00a0<strong>70% von Online-Shoppern<\/strong>\u00a0Sie kaufen lieber mobil ein? Wenn Ihr Onlineshop nicht f\u00fcr Mobilger\u00e4te optimiert ist, entgeht Ihnen Umsatz. Genau hier setzt unser Service an.\u00a0<strong>\u201cMobiler E-Commerce leicht gemacht\u201d<\/strong>\u00a0Der Kurs beginnt.<\/span><\/p>\n<p><span style=\"font-family: helvetica, arial, sans-serif;\">Dieser umfassende Videokurs hilft Ihnen dabei, innerhalb von nur 24 Stunden einen mobiloptimierten Onlineshop zu erstellen. Egal, ob Sie bereits Erfahrung im Onlinehandel haben oder gerade erst anfangen \u2013 dieser Kurs vermittelt Ihnen die n\u00f6tigen Werkzeuge und das Wissen, um im mobilen Markt erfolgreich zu sein.<\/span><\/p>\n<h4><span style=\"font-size: 12pt; font-family: helvetica, arial, sans-serif;\"><strong>Warum mobiler E-Commerce wichtig ist<\/strong><\/span><\/h4>\n<p><span style=\"font-family: helvetica, arial, sans-serif;\">Der Aufstieg der Smartphones hat das Einkaufsverhalten der Menschen grundlegend ver\u00e4ndert. Vom St\u00f6bern nach Produkten bis zum Kaufabschluss sind mobile Ger\u00e4te zum unverzichtbaren Werkzeug f\u00fcr Verbraucher geworden. Deshalb k\u00f6nnen Sie es sich nicht leisten, den mobilen E-Commerce zu ignorieren:<\/span><\/p>\n<ol start=\"1\">\n<li><span style=\"font-family: helvetica, arial, sans-serif;\"><strong>Explosives Wachstum<\/strong>Die Ums\u00e4tze im mobilen E-Commerce werden voraussichtlich erreichen\u00a0<strong>$728 Milliarden bis 2025<\/strong>.<\/span><\/li>\n<li><span style=\"font-family: helvetica, arial, sans-serif;\"><strong>Bequemlichkeit<\/strong>Kunden lieben die M\u00f6glichkeit, jederzeit und \u00fcberall zu st\u00f6bern und einzukaufen.<\/span><\/li>\n<li><span style=\"font-family: helvetica, arial, sans-serif;\"><strong>H\u00f6heres Engagement<\/strong>Mobile Nutzer verbringen mehr Zeit auf Apps und Websites als Desktop-Nutzer.<\/span><\/li>\n<li><span style=\"font-family: helvetica, arial, sans-serif;\"><strong>Social Commerce<\/strong>Plattformen wie Instagram und TikTok kurbeln die mobilen Verk\u00e4ufe wie nie zuvor an.<\/span><\/li>\n<\/ol>\n<p><span style=\"font-family: helvetica, arial, sans-serif;\">Wenn Ihr Shop nicht f\u00fcr mobile Endger\u00e4te optimiert ist, entgehen Ihnen nicht nur Ums\u00e4tze, sondern Sie riskieren auch Ihren Ruf. Langsame Ladezeiten, umst\u00e4ndliches Design und eine schlechte Benutzererfahrung k\u00f6nnen Kunden direkt zur Konkurrenz treiben.<\/span><\/p>\n<h4><span style=\"font-size: 12pt; font-family: helvetica, arial, sans-serif;\"><strong>Was Sie in diesem Kurs lernen werden<\/strong><\/span><\/h4>\n<h4><span style=\"font-family: helvetica, arial, sans-serif;\"><strong><br \/>\n<\/strong><span style=\"font-size: 10pt;\"><strong>1. Mobile Shopping-Trends verstehen<\/strong><\/span><\/span><\/h4>\n<ul>\n<li><span style=\"font-family: helvetica, arial, sans-serif;\"><strong>Der Aufstieg der mobilen K\u00e4ufer<\/strong>Erfahren Sie, warum mobiles Shopping den E-Commerce-Markt dominiert und wie Sie Ihr Unternehmen an diese Anforderungen anpassen k\u00f6nnen.<\/span><\/li>\n<li><span style=\"font-family: helvetica, arial, sans-serif;\"><strong>Konsumentenverhalten<\/strong>Erfahren Sie, wie mobile Nutzer mit Online-Shops interagieren und was ihre Kaufentscheidungen beeinflusst.<\/span><\/li>\n<li><span style=\"font-family: helvetica, arial, sans-serif;\"><strong>Globale Trends<\/strong>Erfahren Sie, wie sich der mobile E-Commerce in verschiedenen Regionen und Branchen entwickelt.<\/span><\/li>\n<\/ul>\n<h4><span style=\"font-size: 10pt; font-family: helvetica, arial, sans-serif;\"><strong>2. Die richtige mobile E-Commerce-Plattform ausw\u00e4hlen<\/strong><\/span><\/h4>\n<ul>\n<li><span style=\"font-family: helvetica, arial, sans-serif;\"><strong>Plattformvergleich<\/strong>Wir werden die Vor- und Nachteile beliebter Plattformen wie Shopify, WooCommerce und BigCommerce genauer beleuchten.<\/span><\/li>\n<li><span style=\"font-family: helvetica, arial, sans-serif;\"><strong>KI-gest\u00fctzte L\u00f6sungen<\/strong>Erfahren Sie, wie Plattformen wie Shopify Plus k\u00fcnstliche Intelligenz nutzen, um das mobile Einkaufserlebnis zu verbessern.<\/span><\/li>\n<li><span style=\"font-family: helvetica, arial, sans-serif;\"><strong>Skalierbarkeit<\/strong>Erfahren Sie, wie Sie eine Plattform ausw\u00e4hlen, die mit Ihrem Unternehmen mitw\u00e4chst.<\/span><\/li>\n<\/ul>\n<h4><span style=\"font-size: 10pt; font-family: helvetica, arial, sans-serif;\"><strong>3. Optimierung des Designs Ihres Shops f\u00fcr mobile Nutzer<\/strong><\/span><\/h4>\n<ul>\n<li><span style=\"font-family: helvetica, arial, sans-serif;\"><strong>Responsives Design<\/strong>: Erstellen Sie einen Shop, der auf jedem Ger\u00e4t, von Smartphones bis Tablets, fantastisch aussieht.<\/span><\/li>\n<li><span style=\"font-family: helvetica, arial, sans-serif;\"><strong>Benutzerfreundliche Navigation<\/strong>Vereinfachen Sie Men\u00fcs und Kategorien, um das St\u00f6bern zu erleichtern.<\/span><\/li>\n<li><span style=\"font-family: helvetica, arial, sans-serif;\"><strong>Visuelle Attraktivit\u00e4t<\/strong>Nutzen Sie hochwertige Bilder, Videos und Animationen, um Ihr Publikum zu fesseln.<\/span><\/li>\n<\/ul>\n<h4><span style=\"font-size: 10pt; font-family: helvetica, arial, sans-serif;\"><strong>4. Implementierung mobilfreundlicher Zahlungsoptionen<\/strong><\/span><\/h4>\n<ul>\n<li><span style=\"font-family: helvetica, arial, sans-serif;\"><strong>Sichere Zahlungen<\/strong>Integrieren Sie vertrauensw\u00fcrdige Zahlungsanbieter wie PayPal, Stripe und Apple Pay.<\/span><\/li>\n<li><span style=\"font-family: helvetica, arial, sans-serif;\"><strong>Ein-Klick-Kauf<\/strong>Reduzieren Sie Warenkorbabbr\u00fcche durch schnelle und reibungslose Bezahlvorg\u00e4nge.<\/span><\/li>\n<li><span style=\"font-family: helvetica, arial, sans-serif;\"><strong>Lokalisierte Zahlungen<\/strong>Bieten Sie Zahlungsmethoden an, die den Vorlieben Ihrer Zielgruppe entsprechen.<\/span><\/li>\n<\/ul>\n<h4><span style=\"font-size: 10pt; font-family: helvetica, arial, sans-serif;\"><strong>5. Verbesserung der mobilen Nutzererfahrung<\/strong><\/span><\/h4>\n<ul>\n<li><span style=\"font-family: helvetica, arial, sans-serif;\"><strong>Geschwindigkeitsoptimierung<\/strong>Erfahren Sie, wie Sie Ladezeiten verk\u00fcrzen und mobile Nutzer bei der Stange halten k\u00f6nnen.<\/span><\/li>\n<li><span style=\"font-family: helvetica, arial, sans-serif;\"><strong>Personalisierung<\/strong>: KI-Tools nutzen, um Produkte basierend auf dem Nutzerverhalten zu empfehlen.<\/span><\/li>\n<li><span style=\"font-family: helvetica, arial, sans-serif;\"><strong>Zug\u00e4nglichkeit<\/strong>Stellen Sie sicher, dass Ihr Gesch\u00e4ft f\u00fcr alle Kunden, einschlie\u00dflich Menschen mit Behinderungen, einfach zu bedienen ist.<\/span><\/li>\n<\/ul>\n<h4><span style=\"font-size: 10pt; font-family: helvetica, arial, sans-serif;\"><strong>6. Marketingstrategien f\u00fcr mobile K\u00e4ufer<\/strong><\/span><\/h4>\n<ul>\n<li><span style=\"font-family: helvetica, arial, sans-serif;\"><strong>Social-Media-Anzeigen<\/strong>: F\u00fchren Sie gezielte Kampagnen auf Plattformen wie Facebook, Instagram und TikTok durch.<\/span><\/li>\n<li><span style=\"font-family: helvetica, arial, sans-serif;\"><strong>Push-Benachrichtigungen<\/strong>: Versenden Sie zeitnahe Benachrichtigungen, um den Traffic zu steigern und den Umsatz zu erh\u00f6hen.<\/span><\/li>\n<li><span style=\"font-family: helvetica, arial, sans-serif;\"><strong>SMS-Marketing<\/strong>Erreichen Sie Ihre Kunden direkt mit personalisierten Angeboten und Neuigkeiten.<\/span><\/li>\n<\/ul>\n<h4><span style=\"font-size: 10pt; font-family: helvetica, arial, sans-serif;\"><strong>7. KI im mobilen E-Commerce<\/strong><\/span><\/h4>\n<ul>\n<li><span style=\"font-family: helvetica, arial, sans-serif;\"><strong>Automatisierter Kundensupport<\/strong>: Nutzen Sie KI-Chatbots, um rund um die Uhr Fragen zu beantworten und Probleme zu l\u00f6sen.<\/span><\/li>\n<li><span style=\"font-family: helvetica, arial, sans-serif;\"><strong>Bestandsverwaltung<\/strong>: Optimieren Sie die Bestandsverfolgung und reduzieren Sie \u00dcberverk\u00e4ufe mithilfe von KI-Tools.<\/span><\/li>\n<li><span style=\"font-family: helvetica, arial, sans-serif;\"><strong>Pr\u00e4diktive Analysen<\/strong>Trends prognostizieren und datengest\u00fctzte Entscheidungen treffen, um der Konkurrenz einen Schritt voraus zu sein.<\/span><\/li>\n<\/ul>\n<h4><span style=\"font-size: 12pt; font-family: helvetica, arial, sans-serif;\"><strong>Warum dieser Kurs heraussticht<\/strong><\/span><\/h4>\n<p><span style=\"font-family: helvetica, arial, sans-serif;\">Im Gegensatz zu anderen E-Commerce-Kursen,\u00a0<strong>\u201cMobiler E-Commerce leicht gemacht\u201d<\/strong>\u00a0Der Fokus liegt speziell auf dem mobilen Einkaufserlebnis. Wir verstehen, dass mobile Nutzer besondere Bed\u00fcrfnisse haben, und haben diesen Kurs genau darauf zugeschnitten.<\/span><\/p>\n<ul>\n<li><span style=\"font-family: helvetica, arial, sans-serif;\"><strong>Umsetzbare Erkenntnisse<\/strong>Jede Lektion ist darauf ausgelegt, sofortige Ergebnisse zu liefern.<\/span><\/li>\n<li><span style=\"font-family: helvetica, arial, sans-serif;\"><strong>Beispiele aus der Praxis<\/strong>Lernen Sie aus Fallstudien erfolgreicher mobiler E-Commerce-Shops.<\/span><\/li>\n<li><span style=\"font-family: helvetica, arial, sans-serif;\"><strong>Fachkundige Beratung<\/strong>Holen Sie sich Tipps und Tricks von Branchenprofis mit jahrelanger Erfahrung.<\/span><\/li>\n<\/ul>\n<h4><span style=\"font-size: 12pt; font-family: helvetica, arial, sans-serif;\"><strong>F\u00fcr wen ist dieser Kurs geeignet?<\/strong><\/span><\/h4>\n<ul>\n<li><span style=\"font-family: helvetica, arial, sans-serif;\"><strong>Online-Shop-Betreiber<\/strong>Bringen Sie Ihren bestehenden Shop mit mobiler Optimierung auf die n\u00e4chste Stufe.<\/span><\/li>\n<li><span style=\"font-family: helvetica, arial, sans-serif;\"><strong>Angehende Unternehmer<\/strong>Starten Sie Ihre E-Commerce-Reise mit einem Mobile-First-Ansatz.<\/span><\/li>\n<li><span style=\"font-family: helvetica, arial, sans-serif;\"><strong>Vermarkter<\/strong>Erfahren Sie, wie Sie mobile K\u00e4ufer effektiv ansprechen und zu K\u00e4ufern machen.<\/span><\/li>\n<li><span style=\"font-family: helvetica, arial, sans-serif;\"><strong>Technikbegeisterte<\/strong>: Erforschen Sie die Rolle der KI bei der Revolutionierung des mobilen E-Commerce.<\/span><\/li>\n<\/ul>\n<h4><span style=\"font-size: 12pt; font-family: helvetica, arial, sans-serif;\"><strong>Erfolgsgeschichten<\/strong><\/span><\/h4>\n<p><span style=\"font-family: helvetica, arial, sans-serif;\">Hier einige Stimmen unserer Studierenden:<\/span><\/p>\n<ul>\n<li><span style=\"font-family: helvetica, arial, sans-serif;\"><strong>Sarah T.<\/strong>:\u00a0<em>\u201cIch habe meine Mobilfunkverk\u00e4ufe innerhalb von nur zwei Wochen nach dem Kurs verdoppelt. Die Tipps zu KI-Tools waren ein echter Wendepunkt!\u201d<\/em><\/span><\/li>\n<li><span style=\"font-family: helvetica, arial, sans-serif;\"><strong>James L.<\/strong>:\u00a0<em>\u201cDank der Schritt-f\u00fcr-Schritt-Anleitungen war es kinderleicht, meinen Shop zu optimieren. Ich w\u00fcnschte, ich h\u00e4tte diesen Kurs fr\u00fcher gefunden!\u201d<\/em><\/span><\/li>\n<li><span style=\"font-family: helvetica, arial, sans-serif;\"><strong>Emily R.<\/strong>:\u00a0<em><em>\u201cDer Abschnitt \u00fcber Marketingstrategien hat mir geholfen, so viele neue Kunden zu gewinnen. Sehr empfehlenswert!\u201d<\/em><\/em><\/span><\/li>\n<\/ul>\n<h4><span style=\"font-size: 12pt; font-family: helvetica, arial, sans-serif;\"><strong>Nicht verpassen!<\/strong><\/span><\/h4>\n<p><span style=\"font-family: helvetica, arial, sans-serif;\">Der Markt f\u00fcr mobile E-Commerce w\u00e4chst schneller denn je. Lassen Sie Ihr Unternehmen nicht zur\u00fcckfallen. Mit\u00a0<strong>\u201cMobiler E-Commerce leicht gemacht\u201d<\/strong>\u00a0Sie erhalten alles, was Sie ben\u00f6tigen, um einen mobilfreundlichen Shop zu erstellen, der K\u00e4ufer anzieht, einbindet und zum Kauf animiert.<\/span><\/p>\n<p><span style=\"font-family: helvetica, arial, sans-serif;\"><strong>Begeistert von unserem Produkt? Dann teile es mit Freunden und Familie! Erz\u00e4hle es weiter und lass uns gemeinsam noch mehr Menschen inspirieren. Klicke unten auf den Social-Media-Button und TEILEN, um etwas zu bewirken! #SpreadTheLove #MakeAnImpact #MobileCommerce #eCommerceSuccess #OnlineStoreTips #MobileShopping #AInEcommerce #DigitalMarketing #ShopifyTips #MobileFirst #eCommerceGrowth #SellOnline<\/strong><\/span><\/p>","protected":false},"excerpt":{"rendered":"<p><span style=\"font-size: 14pt; font-family: helvetica, arial, sans-serif;\"><strong>\ud83d\ude80 Entdecke JETZT die M\u00f6glichkeiten des mobilen E-Commerce!<\/strong><\/span><\/p>\n<ul>\n<li><span style=\"font-family: helvetica, arial, sans-serif;\"><strong>Steigern Sie Ihren Umsatz sofort<\/strong>Erschlie\u00dfen Sie sich den boomenden Markt f\u00fcr mobiles Shopping und beobachten Sie, wie Ihre Ums\u00e4tze steigen.<\/span><\/li>\n<li><span style=\"font-family: helvetica, arial, sans-serif;\"><strong>Zeit und M\u00fche sparen<\/strong>Lerne, wie du in weniger als einem Tag einen mobilfreundlichen Shop erstellst \u2013 technische Vorkenntnisse sind nicht erforderlich!<\/span><\/li>\n<li><span style=\"font-family: helvetica, arial, sans-serif;\"><strong>Bleiben Sie Ihren Mitbewerbern einen Schritt voraus.<\/strong>Optimieren Sie Ihren Shop f\u00fcr mobile Nutzer und lassen Sie Ihre Konkurrenz hinter sich.<\/span><\/li>\n<li><span style=\"font-family: helvetica, arial, sans-serif;\"><strong>Bew\u00e4hrte Strategien<\/strong>Erhalten Sie praktische Tipps und Tricks, um mobile K\u00e4ufer zu gewinnen und zu binden.<\/span><\/li>\n<li><span style=\"font-family: helvetica, arial, sans-serif;\"><strong>Machen Sie Ihr Unternehmen zukunftssicher<\/strong>: Bleiben Sie relevant in der sich schnell entwickelnden Welt des E-Commerce.<\/span><\/li>\n<\/ul>","protected":false},"featured_media":9532,"comment_status":"open","ping_status":"closed","template":"","meta":{"rs_blank_template":"","rs_page_bg_color":"","slide_template_v7":""},"etheme_brands":[],"product_brand":[],"product_cat":[78,72,47],"product_tag":[75,77,73,76,74],"class_list":{"0":"post-8857","1":"product","2":"type-product","3":"status-publish","4":"has-post-thumbnail","6":"product_cat-e-commerce","7":"product_cat-tutorials-courses","8":"product_cat-video","9":"product_tag-ai-in-ecommerce","10":"product_tag-ecommerce-marketing","11":"product_tag-mobile-ecommerce","12":"product_tag-mobile-shopping-trends","13":"product_tag-online-store-optimization","14":"product_shipping_class-free-shipping","16":"first","17":"instock","18":"sale","19":"downloadable","20":"purchasable","21":"product-type-simple"},"bundled_by":["10753"],"bundle_stock_status":"instock","bundle_stock_quantity":null,"bundle_virtual":false,"bundle_layout":"","bundle_add_to_cart_form_location":"","bundle_editable_in_cart":false,"bundle_sold_individually_context":"","bundle_item_grouping":"","bundle_min_size":"","bundle_max_size":"","bundle_price":[],"bundled_items":[],"bundle_sell_ids":[],"group_of_quantity":0,"min_quantity":1,"max_quantity":"","exclude_order_quantity_value_rules":"no","exclude_category_quantity_rules":"no","combine_variations":"no","exclude_global_add_ons":[],"addons":[],"_links":{"self":[{"href":"https:\/\/dealpify.com\/de\/wp-json\/wp\/v2\/product\/8857","targetHints":{"allow":["GET"]}}],"collection":[{"href":"https:\/\/dealpify.com\/de\/wp-json\/wp\/v2\/product"}],"about":[{"href":"https:\/\/dealpify.com\/de\/wp-json\/wp\/v2\/types\/product"}],"replies":[{"embeddable":true,"href":"https:\/\/dealpify.com\/de\/wp-json\/wp\/v2\/comments?post=8857"}],"version-history":[{"count":21,"href":"https:\/\/dealpify.com\/de\/wp-json\/wp\/v2\/product\/8857\/revisions"}],"predecessor-version":[{"id":8861,"href":"https:\/\/dealpify.com\/de\/wp-json\/wp\/v2\/product\/8857\/revisions\/8861"}],"wp:featuredmedia":[{"embeddable":true,"href":"https:\/\/dealpify.com\/de\/wp-json\/wp\/v2\/media\/9532"}],"wp:attachment":[{"href":"https:\/\/dealpify.com\/de\/wp-json\/wp\/v2\/media?parent=8857"}],"wp:term":[{"taxonomy":"brand","embeddable":true,"href":"https:\/\/dealpify.com\/de\/wp-json\/wp\/v2\/etheme_brands?post=8857"},{"taxonomy":"product_brand","embeddable":true,"href":"https:\/\/dealpify.com\/de\/wp-json\/wp\/v2\/product_brand?post=8857"},{"taxonomy":"product_cat","embeddable":true,"href":"https:\/\/dealpify.com\/de\/wp-json\/wp\/v2\/product_cat?post=8857"},{"taxonomy":"product_tag","embeddable":true,"href":"https:\/\/dealpify.com\/de\/wp-json\/wp\/v2\/product_tag?post=8857"}],"curies":[{"name":"wp","href":"https:\/\/api.w.org\/{rel}","templated":true}]}}