{"id":8824,"date":"2023-03-03T22:32:13","date_gmt":"2023-03-03T14:32:13","guid":{"rendered":"https:\/\/dealpify.com\/?post_type=product&#038;p=8824"},"modified":"2025-06-18T20:21:29","modified_gmt":"2025-06-18T12:21:29","slug":"kunstliche-intelligenz-im-digitalen-marketing","status":"publish","type":"product","link":"https:\/\/dealpify.com\/de\/product\/kunstliche-intelligenz-im-digitalen-marketing\/","title":{"rendered":"K\u00fcnstliche Intelligenz im digitalen Marketing: 5 spielver\u00e4ndernde Taktiken f\u00fcr digitalen Erfolg"},"content":{"rendered":"<h4><span style=\"font-family: helvetica, arial, sans-serif;\"><strong><br \/>\nEinf\u00fchrung in k\u00fcnstliche Intelligenz im digitalen Marketing<\/strong><\/span><\/h4>\n<p><span style=\"font-family: helvetica, arial, sans-serif;\">K\u00fcnstliche Intelligenz (KI) ist kein futuristisches Konzept mehr - sie ist da und ver\u00e4ndert die Art und Weise, wie Unternehmen digitales Marketing angehen. Von der Automatisierung sich wiederholender Aufgaben bis hin zur Bereitstellung hyper-personalisierter Kundenerlebnisse - KI revolutioniert jeden Aspekt der Branche. Dieses E-Book, <em>K\u00fcnstliche Intelligenz im digitalen Marketing: 5 spielver\u00e4ndernde Taktiken f\u00fcr digitalen Erfolg<\/em>, soll Ihnen helfen, die Macht der KI zu verstehen und zu nutzen, um im digitalen Wettbewerb die Nase vorn zu haben.<\/span><\/p>\n<p><span style=\"font-size: 12pt; font-family: helvetica, arial, sans-serif;\"><strong>Warum k\u00fcnstliche Intelligenz im digitalen Marketing wichtig ist<\/strong><\/span><br \/>\n<span style=\"font-family: helvetica, arial, sans-serif;\">KI ist nicht nur ein Werkzeug, sondern ein strategischer Vorteil. Hier ist der Grund daf\u00fcr:<\/span><\/p>\n<ol start=\"1\">\n<li><span style=\"font-family: helvetica, arial, sans-serif;\"><strong>Wirkungsgrad<\/strong>: KI automatisiert zeitaufw\u00e4ndige Aufgaben wie Datenanalyse, Anzeigenschaltung und Content-Planung, sodass Sie mehr Zeit f\u00fcr Ihre Strategie haben.<\/span><\/li>\n<li><span style=\"font-family: helvetica, arial, sans-serif;\"><strong>Personalisierung<\/strong>: KI erm\u00f6glicht es Ihnen, ma\u00dfgeschneiderte Inhalte und Anzeigen f\u00fcr Ihr Publikum bereitzustellen und so das Engagement und die Konversionsraten zu erh\u00f6hen.<\/span><\/li>\n<li><span style=\"font-family: helvetica, arial, sans-serif;\"><strong>Einblicke<\/strong>: Mit KI k\u00f6nnen Sie riesige Datenmengen analysieren, um Trends zu erkennen, das Kundenverhalten vorherzusagen und datengesteuerte Entscheidungen zu treffen.<\/span><\/li>\n<li><span style=\"font-family: helvetica, arial, sans-serif;\"><strong>Wettbewerbsvorteil<\/strong>: Unternehmen, die KI fr\u00fchzeitig einsetzen, haben einen erheblichen Vorteil gegen\u00fcber Konkurrenten, die sich langsamer anpassen.<\/span><\/li>\n<\/ol>\n<p><span style=\"font-size: 12pt; font-family: helvetica, arial, sans-serif;\"><strong>Wie k\u00fcnstliche Intelligenz die Suchmaschinenoptimierung ver\u00e4ndert<\/strong><\/span><br \/>\n<span style=\"font-family: helvetica, arial, sans-serif;\">Die Suchmaschinenoptimierung (SEO) ist einer der wichtigsten Aspekte des digitalen Marketings, und KI ver\u00e4ndert das Spiel. Und so geht's:<\/span><\/p>\n<ul>\n<li><span style=\"font-family: helvetica, arial, sans-serif;\"><strong>Ranking-Algorithmen<\/strong>: Suchmaschinen wie Google nutzen KI, um Websites nach Relevanz, Benutzerfreundlichkeit und Qualit\u00e4t der Inhalte zu bewerten.<\/span><\/li>\n<li><span style=\"font-family: helvetica, arial, sans-serif;\"><strong>Optimierung der Inhalte<\/strong>: KI-Tools k\u00f6nnen Ihre Inhalte analysieren und Verbesserungen vorschlagen, um Ihr Suchranking zu verbessern.<\/span><\/li>\n<li><span style=\"font-family: helvetica, arial, sans-serif;\"><strong>Sprachsuche<\/strong>: Mit dem Aufkommen von Sprachassistenten wie Siri und Alexa ist die Optimierung f\u00fcr die Sprachsuche unerl\u00e4sslich, und KI kann Sie dabei unterst\u00fctzen.<\/span><\/li>\n<\/ul>\n<p><span style=\"font-size: 12pt; font-family: helvetica, arial, sans-serif;\"><strong>Mit k\u00fcnstlicher Intelligenz unterst\u00fctzte Marketing-Tools<\/strong><\/span><br \/>\n<span style=\"font-family: helvetica, arial, sans-serif;\">Es gibt eine Vielzahl von KI-Tools, die Ihnen helfen, Ihre Marketingaktivit\u00e4ten zu optimieren. Einige der beliebtesten sind:<\/span><\/p>\n<ul>\n<li><span style=\"font-family: helvetica, arial, sans-serif;\"><strong>Chatbots<\/strong>: Automatisieren Sie Ihren Kundenservice und verbessern Sie die Kundenbindung mit KI-gesteuerten Chatbots.<\/span><\/li>\n<li><span style=\"font-family: helvetica, arial, sans-serif;\"><strong>Inhaltsgeneratoren<\/strong>: Erstellen Sie mit KI-gesteuerten Schreibwerkzeugen in wenigen Minuten hochwertige Inhalte.<\/span><\/li>\n<li><span style=\"font-family: helvetica, arial, sans-serif;\"><strong>Werbeplattformen<\/strong>: Plattformen wie Google Ads und Facebook Ads nutzen KI zur Optimierung von Anzeigenplatzierungen und Zielgruppenansprache.<\/span><\/li>\n<li><span style=\"font-family: helvetica, arial, sans-serif;\"><strong>Analyse-Tools<\/strong>: KI-gesteuerte Analysetools bieten tiefere Einblicke in Ihre Kampagnen und Ihr Kundenverhalten.<\/span><\/li>\n<\/ul>\n<p><span style=\"font-size: 12pt; font-family: helvetica, arial, sans-serif;\"><strong>Inhaltserstellung leicht gemacht<\/strong><\/span><br \/>\n<span style=\"font-family: helvetica, arial, sans-serif;\">Die Erstellung hochwertiger Inhalte ist zeitaufw\u00e4ndig, aber KI kann helfen. So geht's:<\/span><\/p>\n<ul>\n<li><span style=\"font-family: helvetica, arial, sans-serif;\"><strong>Ideenfindung<\/strong>: KI-Tools k\u00f6nnen Inhaltsideen auf der Grundlage aktueller Themen und Schl\u00fcsselw\u00f6rter generieren.<\/span><\/li>\n<li><span style=\"font-family: helvetica, arial, sans-serif;\"><strong>Schreiben<\/strong>: KI-gesteuerte Schreibassistenten helfen Ihnen bei der Erstellung von Blogbeitr\u00e4gen, Updates f\u00fcr soziale Medien und mehr.<\/span><\/li>\n<li><span style=\"font-family: helvetica, arial, sans-serif;\"><strong>Bearbeitung von<\/strong>: AI kann Ihre Inhalte Korrektur lesen und bearbeiten, um sicherzustellen, dass sie fehlerfrei und f\u00fcr SEO optimiert sind.<\/span><\/li>\n<\/ul>\n<p><span style=\"font-size: 12pt; font-family: helvetica, arial, sans-serif;\"><strong>Semantische Suche und Big Data<\/strong><\/span><br \/>\n<span style=\"font-family: helvetica, arial, sans-serif;\">Semantische Suche und Big Data sind zwei der wichtigsten Trends im digitalen Marketing, und KI ist das Herzst\u00fcck von beiden. Hier ist, was Sie wissen m\u00fcssen:<\/span><\/p>\n<ul>\n<li><span style=\"font-family: helvetica, arial, sans-serif;\"><strong>Semantische Suche<\/strong>: Diese Technologie erm\u00f6glicht es den Suchmaschinen, die Absicht hinter einer Suchanfrage zu verstehen und genauere Ergebnisse zu liefern.<\/span><\/li>\n<li><span style=\"font-family: helvetica, arial, sans-serif;\"><strong>Gro\u00dfe Daten<\/strong>: KI kann riesige Datens\u00e4tze analysieren, um Erkenntnisse zu gewinnen, die manuell unm\u00f6glich zu finden w\u00e4ren.<\/span><\/li>\n<\/ul>\n<p><span style=\"font-size: 12pt; font-family: helvetica, arial, sans-serif;\"><strong>Chatbots &amp; Kundenbindung<\/strong><\/span><br \/>\n<span style=\"font-family: helvetica, arial, sans-serif;\">Chatbots sind eine der spannendsten Anwendungen von KI im digitalen Marketing. Hier ist der Grund daf\u00fcr:<\/span><\/p>\n<ul>\n<li><span style=\"font-family: helvetica, arial, sans-serif;\"><strong>24\/7 Verf\u00fcgbarkeit<\/strong>: Chatbots k\u00f6nnen Kunden sofortige Unterst\u00fctzung bieten, auch au\u00dferhalb der Gesch\u00e4ftszeiten.<\/span><\/li>\n<li><span style=\"font-family: helvetica, arial, sans-serif;\"><strong>Personalisierung<\/strong>: KI-gesteuerte Chatbots k\u00f6nnen auf der Grundlage von Kundendaten personalisierte Antworten liefern.<\/span><\/li>\n<li><span style=\"font-family: helvetica, arial, sans-serif;\"><strong>Kosteng\u00fcnstig<\/strong>: Chatbots verringern den Bedarf an menschlichen Kundendienstmitarbeitern und sparen Ihnen so Geld.<\/span><\/li>\n<\/ul>\n<p><span style=\"font-size: 12pt; font-family: helvetica, arial, sans-serif;\"><strong>K\u00fcnstliche Intelligenz in der Werbung<\/strong><\/span><br \/>\n<span style=\"font-family: helvetica, arial, sans-serif;\">KI ver\u00e4ndert die Art und Weise, wie Unternehmen Werbung betreiben. Und so geht's:<\/span><\/p>\n<ul>\n<li><span style=\"font-family: helvetica, arial, sans-serif;\"><strong>Zielsetzung<\/strong>: KI kann Kundendaten analysieren, um sehr zielgerichtete Werbung zu schalten.<\/span><\/li>\n<li><span style=\"font-family: helvetica, arial, sans-serif;\"><strong>Optimierung<\/strong>: KI kann Anzeigenplatzierungen in Echtzeit optimieren, um den ROI zu maximieren.<\/span><\/li>\n<li><span style=\"font-family: helvetica, arial, sans-serif;\"><strong>Kreativ<\/strong>: KI-Tools k\u00f6nnen Werbematerialien erstellen, die bei Ihrer Zielgruppe Anklang finden.<\/span><\/li>\n<\/ul>\n<p><span style=\"font-size: 12pt; font-family: helvetica, arial, sans-serif;\"><strong>Unverzichtbare F\u00e4higkeiten im Bereich der k\u00fcnstlichen Intelligenz f\u00fcr Marketingfachleute<\/strong><\/span><br \/>\n<span style=\"font-family: helvetica, arial, sans-serif;\">Um in einer KI-gesteuerten Welt erfolgreich zu sein, m\u00fcssen Sie bestimmte F\u00e4higkeiten entwickeln. Dieses E-Book behandelt:<\/span><\/p>\n<ul>\n<li><span style=\"font-family: helvetica, arial, sans-serif;\"><strong>SQL<\/strong>: Lernen Sie, wie man mit SQL Daten abfragt und analysiert.<\/span><\/li>\n<li><span style=\"font-family: helvetica, arial, sans-serif;\"><strong>Datenanalyse<\/strong>: Verstehen Sie, wie man Daten interpretiert und datengest\u00fctzte Entscheidungen trifft.<\/span><\/li>\n<li><span style=\"font-family: helvetica, arial, sans-serif;\"><strong>AI-Tools<\/strong>: Sammeln Sie praktische Erfahrungen mit g\u00e4ngigen KI-Tools und Plattformen.<\/span><\/li>\n<\/ul>\n<p><span style=\"font-size: 12pt; font-family: helvetica, arial, sans-serif;\"><strong>Abschluss<\/strong><\/span><br \/>\n<span style=\"font-family: helvetica, arial, sans-serif;\">K\u00fcnstliche Intelligenz ver\u00e4ndert die digitale Marketinglandschaft, und Unternehmen, die sich nicht anpassen, riskieren den Anschluss zu verlieren. Dieses E-Book, <em>K\u00fcnstliche Intelligenz im digitalen Marketing: 5 spielver\u00e4ndernde Taktiken f\u00fcr digitalen Erfolg<\/em>, bietet Ihnen das Wissen und die Werkzeuge, die Sie brauchen, um der Zeit voraus zu sein. Ganz gleich, ob Sie ein digitaler Vermarkter, ein Gesch\u00e4ftsinhaber oder ein Inhaltsersteller sind, diese Ressource wird Ihnen helfen, die Macht der KI zu nutzen, um Ihre Ziele zu erreichen.<\/span><\/p>\n<p><span style=\"font-family: helvetica, arial, sans-serif;\"><strong>Begeistert von unserem Produkt? Dann teile es mit Freunden und Familie! Erz\u00e4hle es weiter und lass uns gemeinsam noch mehr Menschen inspirieren. Klicke unten auf den Social-Media-Button und TEILEN, um etwas zu bewirken! #SpreadTheLove #MakeAnImpact<\/strong><\/span><\/p>\n<p>&nbsp;<\/p>","protected":false},"excerpt":{"rendered":"<h4><span style=\"font-family: helvetica, arial, sans-serif;\"><strong>Warum dieses E-Book w\u00e4hlen? Erschlie\u00dfen Sie die Zukunft des digitalen Marketings noch heute!<\/strong><\/span><\/h4>\n<ul>\n<li><span style=\"font-family: helvetica, arial, sans-serif;\"><strong>Der Kurve voraus sein<\/strong>: Erfahren Sie, wie KI die Bereiche SEO, Werbung und Content-Erstellung ver\u00e4ndert.<\/span><\/li>\n<li><span style=\"font-family: helvetica, arial, sans-serif;\"><strong>Master AI Tools<\/strong>: Entdecken Sie praktische M\u00f6glichkeiten zur Nutzung von KI f\u00fcr intelligentere Marketingentscheidungen.<\/span><\/li>\n<li><span style=\"font-family: helvetica, arial, sans-serif;\"><strong>Machen Sie Ihr Unternehmen zukunftssicher<\/strong>: Bereiten Sie sich auf semantische Suche, Big Data und Computer Vision Trends vor.<\/span><\/li>\n<li><span style=\"font-family: helvetica, arial, sans-serif;\"><strong>Zeit und M\u00fche sparen<\/strong>: Automatisieren Sie sich wiederholende Aufgaben mit Chatbots und KI-gesteuerten Tools.<\/span><\/li>\n<li><span style=\"font-family: helvetica, arial, sans-serif;\"><strong>Steigern Sie Ihre F\u00e4higkeiten<\/strong>: Erwerben Sie grundlegende KI-Kenntnisse, einschlie\u00dflich SQL und Grundlagen des maschinellen Lernens.<\/span><\/li>\n<\/ul>","protected":false},"featured_media":9541,"comment_status":"open","ping_status":"closed","template":"","meta":{"rs_blank_template":"","rs_page_bg_color":"","slide_template_v7":""},"etheme_brands":[],"product_brand":[],"product_cat":[43,70,267,85,64],"product_tag":[124,121,123,122],"class_list":{"0":"post-8824","1":"product","2":"type-product","3":"status-publish","4":"has-post-thumbnail","6":"product_cat-publication","7":"product_cat-ai","8":"product_cat-buy-1-get-1","9":"product_cat-graphics-designs","10":"product_cat-reports","11":"product_tag-ai-digital-e-book","12":"product_tag-ai-marketing-guide","13":"product_tag-ai-seo-strategies","14":"product_tag-future-proof-marketing","15":"product_shipping_class-free-shipping","17":"first","18":"instock","19":"sale","20":"downloadable","21":"purchasable","22":"product-type-simple"},"bundled_by":["10935"],"bundle_stock_status":"instock","bundle_stock_quantity":null,"bundle_virtual":false,"bundle_layout":"","bundle_add_to_cart_form_location":"","bundle_editable_in_cart":false,"bundle_sold_individually_context":"","bundle_item_grouping":"","bundle_min_size":"","bundle_max_size":"","bundle_price":[],"bundled_items":[],"bundle_sell_ids":[],"group_of_quantity":0,"min_quantity":1,"max_quantity":"","exclude_order_quantity_value_rules":"no","exclude_category_quantity_rules":"no","combine_variations":"no","exclude_global_add_ons":[],"addons":[],"_links":{"self":[{"href":"https:\/\/dealpify.com\/de\/wp-json\/wp\/v2\/product\/8824","targetHints":{"allow":["GET"]}}],"collection":[{"href":"https:\/\/dealpify.com\/de\/wp-json\/wp\/v2\/product"}],"about":[{"href":"https:\/\/dealpify.com\/de\/wp-json\/wp\/v2\/types\/product"}],"replies":[{"embeddable":true,"href":"https:\/\/dealpify.com\/de\/wp-json\/wp\/v2\/comments?post=8824"}],"version-history":[{"count":11,"href":"https:\/\/dealpify.com\/de\/wp-json\/wp\/v2\/product\/8824\/revisions"}],"predecessor-version":[{"id":8826,"href":"https:\/\/dealpify.com\/de\/wp-json\/wp\/v2\/product\/8824\/revisions\/8826"}],"wp:featuredmedia":[{"embeddable":true,"href":"https:\/\/dealpify.com\/de\/wp-json\/wp\/v2\/media\/9541"}],"wp:attachment":[{"href":"https:\/\/dealpify.com\/de\/wp-json\/wp\/v2\/media?parent=8824"}],"wp:term":[{"taxonomy":"brand","embeddable":true,"href":"https:\/\/dealpify.com\/de\/wp-json\/wp\/v2\/etheme_brands?post=8824"},{"taxonomy":"product_brand","embeddable":true,"href":"https:\/\/dealpify.com\/de\/wp-json\/wp\/v2\/product_brand?post=8824"},{"taxonomy":"product_cat","embeddable":true,"href":"https:\/\/dealpify.com\/de\/wp-json\/wp\/v2\/product_cat?post=8824"},{"taxonomy":"product_tag","embeddable":true,"href":"https:\/\/dealpify.com\/de\/wp-json\/wp\/v2\/product_tag?post=8824"}],"curies":[{"name":"wp","href":"https:\/\/api.w.org\/{rel}","templated":true}]}}