{"id":7012,"date":"2024-10-01T16:19:44","date_gmt":"2024-10-01T08:19:44","guid":{"rendered":"https:\/\/dealpify.com\/?post_type=product&#038;p=7012"},"modified":"2025-06-18T16:29:59","modified_gmt":"2025-06-18T08:29:59","slug":"publikation-fur-kinder-unglaubliche-geschichten","status":"publish","type":"product","link":"https:\/\/dealpify.com\/de\/product\/publikation-fur-kinder-unglaubliche-geschichten\/","title":{"rendered":"Unglaublich, atemberaubend: 10 skurrile und wundervolle Geschichten f\u00fcr neugierige Kinder \u2013 ein E-Book."},"content":{"rendered":"<h4><span style=\"font-family: helvetica, arial, sans-serif;\"><strong><br \/>\n<span style=\"font-size: 13pt;\">\ud83d\ude80 Unglaublich faszinierend: 10 seltsame und wundervolle Geschichten f\u00fcr neugierige Kinder ist nicht einfach nur ein weiteres E-Book \u2013<\/span><\/strong><span style=\"font-size: 14pt;\">Es ist eine Erziehungsrevolution, die als Bildschirmzeit getarnt ist.<\/span><strong><span style=\"font-size: 14pt;\">. \ud83d\ude80<\/span><br \/>\n<\/strong><\/span><\/h4>\n<p><span style=\"font-family: helvetica, arial, sans-serif;\"><br \/>\nKommen wir gleich zur Sache: Millionen Kinder verbringen t\u00e4glich Stunden damit, sich sinnlose Videos anzusehen, w\u00e4hrend Eltern mit Schuldgef\u00fchlen k\u00e4mpfen. Doch was w\u00e4re, wenn ihr Tablet zu einem \u2026 werden k\u00f6nnte?\u00a0<strong>geheimes Klassenzimmer<\/strong>Ein Ort, an dem Geschichten Mut, Neugier und Freundlichkeit lehren \u2013<em>ohne<\/em>\u00a0Ihr Kind merkt \u00fcberhaupt, dass es lernt? Das ist der Zauber dieses E-Books.<\/span><\/p>\n<p><span style=\"font-family: helvetica, arial, sans-serif;\">Stellen Sie sich Folgendes vor: Ihr 4-j\u00e4hriges Kind ist wie gebannt vor dem Bildschirm, aber anstatt passiv zu scrollen, \u2026\u00a0<strong>Gewitterwolken anzapfen, um Regen zu erzeugen<\/strong>,\u00a0<strong>Einem scheuen Fuchs helfen, ein Regenbogenr\u00e4tsel zu l\u00f6sen<\/strong>, oder\u00a0<strong>Seifenblasen z\u00e4hlen mit Benny dem Tapferen<\/strong>\u00a0Zahlen lernen. Das ist keine Fantasie \u2013 das passiert, wenn man YouTube gegen etwas anderes tauscht.\u00a0<strong>10 skurrile, wundervolle Geschichten, entwickelt von P\u00e4dagogen<\/strong>\u00a0<em>und<\/em>\u00a0Von echten Kindern getestet.<\/span><\/p>\n<h4><span style=\"font-family: helvetica, arial, sans-serif;\"><strong><br \/>\nDarum sind Eltern besessen (und warum Sie es auch sein werden):<\/strong><\/span><\/h4>\n<p><span style=\"font-family: helvetica, arial, sans-serif; font-size: 11.80pt;\"><strong>\ud83d\udc49 Problem gel\u00f6st: Bildschirmzeit-Zombies \u2192 Aktives Lernen<\/strong><\/span><br \/>\n<span style=\"font-family: helvetica, arial, sans-serif;\">Seien wir ehrlich \u2013 die meisten Apps verwandeln Kinder in apathische Zombies. Doch dieses E-Book ist anders. Jede Geschichte ist ein\u00a0<strong>Mini-Abenteuer<\/strong>\u00a0wo Kinder\u00a0<em>interagieren<\/em>\u00a0mit Zeichen:<\/span><\/p>\n<ul>\n<li><span style=\"font-family: helvetica, arial, sans-serif;\"><strong>Klopfen<\/strong>\u00a0eine m\u00fcrrische Wolke, die ihr Lachen h\u00f6rt.<\/span><\/li>\n<li><span style=\"font-family: helvetica, arial, sans-serif;\"><strong>Wischen<\/strong>\u00a0um Luna, der Eule, bei der Navigation durch ein mondbeschienenes Labyrinth zu helfen.<\/span><\/li>\n<li><span style=\"font-family: helvetica, arial, sans-serif;\"><strong>Shake<\/strong>\u00a0den Bildschirm, um einen verschlafenen Dinosaurier aufzuwecken.<\/span><\/li>\n<\/ul>\n<p><span style=\"font-family: helvetica, arial, sans-serif;\">Es ist, als w\u00fcrde man ihr Tablet in ein\u00a0<strong>interaktiver Spielplatz<\/strong>\u00a0Wo Neugier belohnt wird. Und das Beste daran? Sie werden morgen schon wieder darum betteln, \u201clesen\u201d zu d\u00fcrfen.<\/span><\/p>\n<p><span style=\"font-family: helvetica, arial, sans-serif; font-size: 11.80pt;\"><strong>\ud83d\udc49 Lern-Ninja-Tricks: Heimliches Lernen, das nachhaltig wirkt<\/strong><\/span><br \/>\n<span style=\"font-family: helvetica, arial, sans-serif;\">Lehrer nennen es \u201cheimliches Lernen\u201d. Wir nennen es\u00a0<strong>Erziehungsgenie<\/strong>. Jede Geschichte birgt wertvolle Lektionen zur Kompetenzentwicklung:<\/span><\/p>\n<ul>\n<li><span style=\"font-family: helvetica, arial, sans-serif;\"><strong>Milo der Fuchs&#039; Regenbogen-Abenteuer<\/strong>Kinder lernen Farben\u00a0<em>und<\/em>\u00a0Teamwork bei der L\u00f6sung eines Waldgeheimnisses.<\/span><\/li>\n<li><span style=\"font-family: helvetica, arial, sans-serif;\"><strong>Lunas n\u00e4chtliches Abenteuer, die Eule<\/strong>Sie lehrt Probleml\u00f6sungskompetenz (und grundlegende Astronomie!), w\u00e4hrend sie einen verlorenen Mondstrahl nach Hause geleitet.<\/span><\/li>\n<li><span style=\"font-family: helvetica, arial, sans-serif;\"><strong>Benny die mutige Blase<\/strong>: F\u00f6rdert die Z\u00e4hlf\u00e4higkeiten und den Mut, w\u00e4hrend Benny an \u201cunheimlichen\u201d Schatten vorbeischwebt.<\/span><\/li>\n<\/ul>\n<p><span style=\"font-family: helvetica, arial, sans-serif;\">Keine Vorlesungen. Keine Karteikarten. Nur\u00a0<strong>Purer, fesselnder Spa\u00df<\/strong>\u00a0das ihr Gehirn heimlich auf kritisches Denken ausrichtet.<\/span><\/p>\n<p><span style=\"font-family: helvetica, arial, sans-serif; font-size: 11.80pt;\"><strong>\ud83d\udc49 F\u00fcr vielbesch\u00e4ftigte Eltern: \u201cZeit f\u00fcr mich\u201d, w\u00e4hrend die Kinder lernen<\/strong><\/span><br \/>\n<span style=\"font-family: helvetica, arial, sans-serif;\">Wir verstehen das \u2013 zwischen Arbeit, W\u00e4sche und dem zehnten Snackwunsch pro Stunde scheint Vorlesen unm\u00f6glich. Deshalb enth\u00e4lt dieses E-Book Folgendes:<\/span><\/p>\n<ul>\n<li><span style=\"font-family: helvetica, arial, sans-serif;\"><strong>Automatischer Lesemodus<\/strong>Ein verspielter Erz\u00e4hler mit skurrilen Stimmen (denken Sie an \u2026)\u00a0<em>Moana<\/em>\u00a0trifft\u00a0<em>Pixar<\/em>) das Kinder fesselt.<\/span><\/li>\n<li><span style=\"font-family: helvetica, arial, sans-serif;\"><strong>Hervorgehobener Text<\/strong>Die W\u00f6rter leuchten beim Lesen auf und helfen so jungen Lesern, Laute mit Buchstaben zu verkn\u00fcpfen.<\/span><\/li>\n<li><span style=\"font-family: helvetica, arial, sans-serif;\"><strong>Pausenfreies Design<\/strong>Keine Werbung, keine Pop-ups \u2013 einfach ungest\u00f6rte Magie, w\u00e4hrend Sie sich einen Kaffee g\u00f6nnen (oder ein Nickerchen machen).<\/span><\/li>\n<\/ul>\n<h4><span style=\"font-family: helvetica, arial, sans-serif;\"><strong><br \/>\nAber Moment mal \u2013 da ist noch mehr! (Denn wir sind \u00dcberflieger)<\/strong><\/span><\/h4>\n<p><span style=\"font-family: helvetica, arial, sans-serif; font-size: 11.80pt;\"><strong>\ud83d\udd25 Kunstwerke in Pixar-Qualit\u00e4t, die \u201cWow!\u201d-Momente ausl\u00f6sen<\/strong><\/span><br \/>\n<span style=\"font-family: helvetica, arial, sans-serif;\">Jede Seite ist ein Augenschmaus. Nehmen wir zum Beispiel \u201cDer Tag, an dem der Ozean tanzte\u201d: Kinder begegnen Quallen, die\u00a0<em>gl\u00fchen<\/em>\u00a0Beim Antippen erscheinen Wellen, die sich bei einer Wischbewegung kr\u00e4useln, und eine Krabbe, die Witze mit Surfer-Attit\u00fcde erz\u00e4hlt. Es ist, als w\u00fcrde man sein Kind in ein...\u00a0<strong>Animationsfilm, den sie kontrollieren<\/strong>\u2014kein Hollywood-Budget erforderlich.<\/span><\/p>\n<p><span style=\"font-family: helvetica, arial, sans-serif; font-size: 11.80pt;\"><strong>\ud83d\udd25 Offline-Zugriff: Bildschirme, die Ihre Nerven schonen<\/strong><\/span><br \/>\n<span style=\"font-family: helvetica, arial, sans-serif;\">Im Stau? Im Wartezimmer beim Zahnarzt? Laden Sie das E-Book einmal herunter, und es funktioniert.\u00a0<strong>\u00fcberall und jederzeit<\/strong>\u2014Kein WLAN erforderlich. Perfekt f\u00fcr:<\/span><\/p>\n<ul>\n<li><span style=\"font-family: helvetica, arial, sans-serif;\">Lange Autofahrten (\u201cSind wir bald da?\u201d \u2192 \u201cLasst uns Milo helfen, den Regenbogen zu finden!\u201d).<\/span><\/li>\n<li><span style=\"font-family: helvetica, arial, sans-serif;\">Zusammenbr\u00fcche im Supermarkt (lenken Sie sie mit einem Gewitter ab, dann k\u00f6nnen sie\u00a0<em>erstellen<\/em>).<\/span><\/li>\n<li><span style=\"font-family: helvetica, arial, sans-serif;\">Entspannen Sie sich vor dem Schlafengehen (tauschen Sie \u00fcberreizende Zeichentrickfilme gegen beruhigende, interaktive Geschichten).<\/span><\/li>\n<\/ul>\n<p><span style=\"font-family: helvetica, arial, sans-serif; font-size: 11.80pt;\"><strong>\ud83d\udd25 Teile die Magie (und werde zum \u201ccoolen\u201d Elternteil)<\/strong><\/span><br \/>\n<span style=\"font-family: helvetica, arial, sans-serif;\">Dank integrierter Social-Media-Buttons k\u00f6nnen Kinder mit einem Fingertipp Geschichten an Oma, Cousins oder Freunde senden. Stellt euch ihren Stolz vor, wenn sie Tante Lisa eine Geschichte \u201cvorlesen\u201d \u00fcber\u00a0<strong>ein Dinosaurier, der Brokkoli liebt<\/strong>\u2014<em>und<\/em>\u00a0Du sammelst Pluspunkte, weil du der Held deiner Familie bist.<\/span><\/p>\n<h4><span style=\"font-family: helvetica, arial, sans-serif;\"><strong><br \/>\nEchte Elternbewertungen (Ungefiltert, die Wahrheit schonungslos):<\/strong><\/span><\/h4>\n<p><span style=\"font-family: helvetica, arial, sans-serif;\"><em>\u201cMeine Vierj\u00e4hrige bettelt darum, dieses E-Book zu \u2018lesen\u2019 \u2013 ich habe sie noch nie so begeistert vom Lernen gesehen! Gestern erkl\u00e4rte sie mir, was \u2018Empathie\u2019 bedeutet, weil Luna, die Eule, es ihr beigebracht hat. Unglaublich!\u201d<\/em>\u00a0\u2013\u00a0<strong>Sarah, Texas<\/strong><\/span><\/p>\n<p><span style=\"font-family: helvetica, arial, sans-serif;\"><em>\u201cEndlich ein E-Book, bei dem ich nicht zusammenzucken muss! Die Geschichten sind herzerw\u00e4rmend und lustig, und die Animationen sind einfach genial. Sogar mein 8-J\u00e4hriger spielt heimlich mit!\u201d<\/em>\u00a0\u2013\u00a0<strong>Mike, Kalifornien<\/strong><\/span><\/p>\n<p><span style=\"font-family: helvetica, arial, sans-serif;\"><em>\u201cIch bin Kinderg\u00e4rtnerin und setze das in meinem Unterricht ein. Die Kinder merken gar nicht, dass sie lernen \u2013 sie haben einfach nur Spa\u00df. 10\/10!\u201d<\/em>\u00a0\u2013\u00a0<strong>Frau Rivera, Florida<\/strong><\/span><\/p>\n<h4><span style=\"font-family: helvetica, arial, sans-serif;\"><strong><br \/>\nDie Wissenschaft hinter der Magie (Weil Nerdkram wichtig ist):<\/strong><\/span><\/h4>\n<p><span style=\"font-family: helvetica, arial, sans-serif;\">Studien zeigen, dass Kinder behalten\u00a0<strong>65% weitere Informationen<\/strong>\u00a0beim spielerischen Lernen. Deshalb haben wir dieses E-Book vollgepackt mit:<\/span><\/p>\n<ul>\n<li><span style=\"font-family: helvetica, arial, sans-serif;\"><strong>Mehr als 15 interaktive Hotspots pro Geschichte<\/strong>Durch Tippen, Wischen und Sch\u00fctteln lassen sich \u00dcberraschungen freischalten (z. B. ein fl\u00fcsternder Baum, der Freundlichkeit lehrt).<\/span><\/li>\n<li><span style=\"font-family: helvetica, arial, sans-serif;\"><strong>4 Quizze, getarnt als \u201cAbenteuer\u201d<\/strong>: \u201cHilf Benny, seine Seifenblasen zu z\u00e4hlen!\u201d \u2192 testet heimlich die mathematischen F\u00e4higkeiten.<\/span><\/li>\n<li><span style=\"font-family: helvetica, arial, sans-serif;\"><strong>Mehr als 100 Animationssequenzen<\/strong>: Belohnt Neugier mit Konfettiregen, Kichern oder einer tanzenden Karotte (warum auch nicht?).<\/span><\/li>\n<\/ul>\n<p><span style=\"font-family: helvetica, arial, sans-serif;\">Es ist nicht nur ein E-Book \u2013 es ist ein\u00a0<strong>kognitives Training<\/strong>\u00a0als Spiel getarnt.<\/span><\/p>\n<h4><span style=\"font-family: helvetica, arial, sans-serif;\"><strong><br \/>\nNoch unentschlossen? Lassen Sie uns die Zahlen betrachten:<\/strong><\/span><\/h4>\n<p><span style=\"font-family: helvetica, arial, sans-serif;\">F\u00fcr weniger als den Preis einer Pizza ($14,99) erhalten Sie:<\/span><br \/>\n<span style=\"font-family: helvetica, arial, sans-serif;\">\u2705\u00a0<strong>10 zeitlose Geschichten<\/strong>: L\u00e4uft nie ab, wird nie alt.<\/span><br \/>\n<span style=\"font-family: helvetica, arial, sans-serif;\">\u2705\u00a0<strong>Kostenlose Updates auf Lebenszeit<\/strong>Wir f\u00fcgen jedes Jahr neue Funktionen hinzu.\u00a0<\/span><\/p>\n<p><span style=\"font-family: helvetica, arial, sans-serif;\"><strong><br \/>\nPS: Welche Reue empfinden Eltern bei #1? <\/strong>Zu lange warten, um etwas Neues auszuprobieren? Lass dein Kind keinen weiteren Tag spielerischen Lernens verpassen! Hol dir jetzt das E-Book \u2013 dein Kind wird es dir sp\u00e4ter danken. \ud83d\ude80<\/span><\/p>\n<p><span style=\"font-family: helvetica, arial, sans-serif; font-size: 12.80pt;\"><strong>Gef\u00e4llt dir unser Produkt? Empfehle es weiter!<\/strong>!<\/span><\/p>\n<p><span style=\"font-family: helvetica, arial, sans-serif;\">Behalte diese Magie nicht f\u00fcr dich!<strong>Teilt es! <\/strong>Klicken Sie unten auf den Social-Media-Button, um die Geschichte an andere Eltern weiterzuleiten. Denn jedes Kind hat es verdient zu lachen, zu lernen und sich zu wundern \u2026 und jede Mutter und jeder Vater verdient \u2026\u00a0<strong>schuldfreies Durchatmen<\/strong>.<\/span><\/p>\n<p><span style=\"font-family: helvetica, arial, sans-serif;\"><strong>#SpreadTheLove #MakeAnImpact #KidsEbookMagic<\/strong><\/span><\/p>\n<p>&nbsp;<\/p>","protected":false},"excerpt":{"rendered":"<h4><span style=\"font-family: helvetica, arial, sans-serif;\"><strong><br \/>\n\ud83d\udd25 Warum die Bildschirmzeit Ihres Kindes VERSCHWENDET ist (und wie Sie sie in geniales Lernen verwandeln k\u00f6nnen!) \ud83d\udd25<\/strong><\/span><\/h4>\n<p><span style=\"font-family: helvetica, arial, sans-serif;\"><br \/>\nSeien wir ehrlich: Wenn die Tablet-Zeit Ihres Kindes nicht Mut und Kreativit\u00e4t f\u00f6rdert, <strong>oder<\/strong>\u00a0Probleml\u00f6sung, Ihnen fehlt ein\u00a0<em>massiv<\/em>\u00a0Gelegenheit.<\/span><\/p>\n<p><span style=\"font-family: helvetica, arial, sans-serif;\"><strong>Unglaublich und atemberaubend: 10 seltsame und wundervolle Geschichten f\u00fcr neugierige Kinder<\/strong>\u00a0ist nicht nur ein E-Book \u2013 es ist ein\u00a0<strong>Erziehungs-Cheat-Code<\/strong>\u00a0Zu:<\/span><\/p>\n<ul>\n<li><span style=\"font-family: helvetica, arial, sans-serif;\">\ud83e\udde0\u00a0<strong>Spark Supercharged Learning<\/strong>: Integrieren Sie auf subtile Weise Vokabeln, Empathie und kritisches Denken\u00a0<em>ohne<\/em> das Augenrollen.<\/span><\/li>\n<li><span style=\"font-family: helvetica, arial, sans-serif;\">\ud83c\udfa8\u00a0<strong>Magie auf Pixar-Niveau<\/strong>\u00dcber 100 Animationen und Ger\u00e4usche, die Kinder dazu bringen, \u201cSCHON WIEDER!\u201d zu schreien (Nie wieder m\u00fcssen Sie sie zum Lesen \u00fcberreden!).<\/span><\/li>\n<li><span style=\"font-family: helvetica, arial, sans-serif;\">\ud83d\udcb8\u00a0<strong>Bildschirmzeit ohne schlechtes Gewissen<\/strong>: Verwandle \u201cZombie-Scrollen\u201d in\u00a0<strong>Heimliche Bildung<\/strong> (Sie werden sich wie ein genialer Elternteil f\u00fchlen).<\/span><\/li>\n<li><span style=\"font-family: helvetica, arial, sans-serif;\">\ud83d\ude80\u00a0<strong>Sofortige Bindung<\/strong>Download in 60 Sekunden \u2013 Geschichten funktionieren\u00a0<strong>OFFLINE<\/strong>\u00a0f\u00fcr Autos, Flugzeuge und Kernschmelzen.<\/span><\/li>\n<\/ul>\n<p><span style=\"font-family: helvetica, arial, sans-serif;\">\ud83d\udca1\u00a0<strong>Echte Ergebnisse in 24 Stunden<\/strong>:<\/span><br \/>\n<span style=\"font-family: helvetica, arial, sans-serif;\"><em>\u201cMein 5-J\u00e4hriger hat von einer sprechenden Eule Empathie gelernt! Jetzt hilft er seiner Schwester, ohne dass ich ihn darum bitten muss. Ein WUNDER-E-Book!\u2018<\/em>\u00a0- Jenna, Mutter von 3 Kindern<\/span><\/p>\n<p><span style=\"font-family: helvetica, arial, sans-serif;\"><strong>\ud83d\udc49 Lassen Sie die Bildschirmzeit Ihrer Kinder nicht ungenutzt verstreichen \u2013 schnappen Sie sich dieses E-Book und erleben Sie, wie sie darum betteln, etwas zu lernen!<\/strong><\/span><\/p>","protected":false},"featured_media":10033,"comment_status":"open","ping_status":"closed","template":"","meta":{"rs_blank_template":"","rs_page_bg_color":"","slide_template_v7":""},"etheme_brands":[{"term_id":50,"name":"Dealpify","slug":"dealpify","term_group":0,"term_taxonomy_id":50,"taxonomy":"brand","description":"","parent":0,"count":1,"filter":"raw"}],"product_brand":[],"product_cat":[55,290,44,43],"product_tag":[239,240,238,237,236],"class_list":{"0":"post-7012","1":"product","2":"type-product","3":"status-publish","4":"has-post-thumbnail","6":"brand-dealpify","7":"product_cat-3-to-6-years-old","8":"product_cat-50-off","9":"product_cat-comics-publication","10":"product_cat-publication","11":"product_tag-animated-storybook-for-kids","12":"product_tag-curiosity-building-e-book","13":"product_tag-digital-learning-for-children","14":"product_tag-educational-bedtime-stories","15":"product_tag-interactive-kids-e-book","16":"product_shipping_class-free-shipping","18":"first","19":"instock","20":"sale","21":"downloadable","22":"purchasable","23":"product-type-simple"},"bundled_by":["10724"],"bundle_stock_status":"instock","bundle_stock_quantity":null,"bundle_virtual":false,"bundle_layout":"","bundle_add_to_cart_form_location":"","bundle_editable_in_cart":false,"bundle_sold_individually_context":"","bundle_item_grouping":"","bundle_min_size":"","bundle_max_size":"","bundle_price":[],"bundled_items":[],"bundle_sell_ids":[],"group_of_quantity":0,"min_quantity":1,"max_quantity":"","exclude_order_quantity_value_rules":"no","exclude_category_quantity_rules":"no","combine_variations":"no","exclude_global_add_ons":[],"addons":[],"_links":{"self":[{"href":"https:\/\/dealpify.com\/de\/wp-json\/wp\/v2\/product\/7012","targetHints":{"allow":["GET"]}}],"collection":[{"href":"https:\/\/dealpify.com\/de\/wp-json\/wp\/v2\/product"}],"about":[{"href":"https:\/\/dealpify.com\/de\/wp-json\/wp\/v2\/types\/product"}],"replies":[{"embeddable":true,"href":"https:\/\/dealpify.com\/de\/wp-json\/wp\/v2\/comments?post=7012"}],"version-history":[{"count":44,"href":"https:\/\/dealpify.com\/de\/wp-json\/wp\/v2\/product\/7012\/revisions"}],"predecessor-version":[{"id":7015,"href":"https:\/\/dealpify.com\/de\/wp-json\/wp\/v2\/product\/7012\/revisions\/7015"}],"wp:featuredmedia":[{"embeddable":true,"href":"https:\/\/dealpify.com\/de\/wp-json\/wp\/v2\/media\/10033"}],"wp:attachment":[{"href":"https:\/\/dealpify.com\/de\/wp-json\/wp\/v2\/media?parent=7012"}],"wp:term":[{"taxonomy":"brand","embeddable":true,"href":"https:\/\/dealpify.com\/de\/wp-json\/wp\/v2\/etheme_brands?post=7012"},{"taxonomy":"product_brand","embeddable":true,"href":"https:\/\/dealpify.com\/de\/wp-json\/wp\/v2\/product_brand?post=7012"},{"taxonomy":"product_cat","embeddable":true,"href":"https:\/\/dealpify.com\/de\/wp-json\/wp\/v2\/product_cat?post=7012"},{"taxonomy":"product_tag","embeddable":true,"href":"https:\/\/dealpify.com\/de\/wp-json\/wp\/v2\/product_tag?post=7012"}],"curies":[{"name":"wp","href":"https:\/\/api.w.org\/{rel}","templated":true}]}}