{"id":6972,"date":"2024-11-03T16:46:08","date_gmt":"2024-11-03T08:46:08","guid":{"rendered":"https:\/\/dealpify.com\/?post_type=product&#038;p=6972"},"modified":"2025-06-18T15:53:52","modified_gmt":"2025-06-18T07:53:52","slug":"funkelnde-lametta-weihnachtssternenabenteuer","status":"publish","type":"product","link":"https:\/\/dealpify.com\/de\/product\/funkelnde-lametta-weihnachtssternenabenteuer\/","title":{"rendered":"Das Weihnachtsstern-Abenteuer von Twinkly Tinsel: 3 bezaubernde Lektionen, die Kinder lieben werden"},"content":{"rendered":"<h4><span style=\"font-family: helvetica, arial, sans-serif;\"><strong><br \/>\n\ud83c\udf1f <em>Twinkly Tinsel&#039;s Christmas Star Adventure: Das E-Book, das die Schlafenszeit in eine Reise zum Nordpol verwandelt!<\/em> \ud83c\udf1f<br \/>\n<\/strong><\/span><\/h4>\n<p><span style=\"font-family: helvetica, arial, sans-serif;\">Hallo ihr Supereltern! \ud83c\udf84 Stellt euch vor: Es ist Dezember, und euer Wohnzimmer sieht aus, als w\u00e4re die Werkstatt des Weihnachtsmanns explodiert. Die Kinder sind ganz aufgeregt wegen der Zuckerstangen, der Weihnachtself schaut euch vom Kaminsims herab an, und ihr seid einfach nur...\u00a0<em>versuchen<\/em>\u00a0Um das Weihnachtschaos zu \u00fcberstehen. Was w\u00e4re, wenn ich Ihnen eine Geheimwaffe verraten w\u00fcrde, um die Hektik zu beruhigen? Eine so zauberhafte Geschichte, dass Ihre Kleinen um ihre Schlafenszeit betteln werden.<em>und<\/em>\u00a0Ihnen dabei Freundlichkeit, Mut und den wahren Geist von Weihnachten beibringen?<\/span><\/p>\n<p><span style=\"font-family: helvetica, arial, sans-serif;\">Sag hallo zu\u00a0<em><strong>Das Weihnachtsstern-Abenteuer von Twinkly Tinsel: 3 bezaubernde Lektionen, die Kinder lieben werden<\/strong><\/em>\u2014das E-Book, das sich wie eine gem\u00fctliche Weihnachtsumarmung in digitaler Form anf\u00fchlt!<\/span><\/p>\n<h4><span style=\"font-family: helvetica, arial, sans-serif;\"><strong><br \/>\nWarum dies keine gew\u00f6hnliche Weihnachtsgeschichte ist (Spoiler: Ein Yeti spielt eine Rolle)<\/strong><\/span><\/h4>\n<p><span style=\"font-family: helvetica, arial, sans-serif;\">Darf ich vorstellen: Twinkly Tinsel \u2013 eine winzige Elfe mit einem Herzen gr\u00f6\u00dfer als der Schlitten des Weihnachtsmanns! \ud83e\udddd\u200d\u2640\ufe0f\u2728 Ihre Mission? Die legend\u00e4re\u00a0<strong>Weihnachtsstern<\/strong>, jahrhundertelang verschollen und der Legende nach eine Gabe verleihen\u00a0<em>extra Glanz<\/em>\u00a0Zu den Feiertagen. Aber das ist keine typische \u201cRette-Weihnachten\u201d-Geschichte. Oh nein \u2013 Twinkles Abenteuer hat es in sich:<\/span><\/p>\n<ul>\n<li><span style=\"font-family: helvetica, arial, sans-serif;\"><strong>Jagden im verschneiten Wald<\/strong>\u00a0(Vorsicht vor schelmischen Eisf\u00fcchsen!).<\/span><\/li>\n<li><span style=\"font-family: helvetica, arial, sans-serif;\"><strong>Ein urkomischer Yeti namens Frostbite<\/strong>\u00a0der im Versteckspiel furchtbar schlecht ist.<\/span><\/li>\n<li><span style=\"font-family: helvetica, arial, sans-serif;\"><strong>Klimpern<\/strong>, ein freches Rentier, das gerne Weihnachtswitze zitiert. (\u201c<i>Der Schnee <\/i>Das Problem ist zu gro\u00df f\u00fcr Teamarbeit! \ud83e\udd8c)<\/span><\/li>\n<\/ul>\n<p><span style=\"font-family: helvetica, arial, sans-serif;\">Auf ihrer Suche lernt Twinkly:<\/span><\/p>\n<ol start=\"1\">\n<li><span style=\"font-family: helvetica, arial, sans-serif;\"><strong>Mut<\/strong>Sie muss sich ihrer Angst vor dunklen, unheimlichen H\u00f6hlen stellen (und erkennt, dass Drachen einfach nur...) <em>Ich bin wirklich schlecht im Smalltalk.<\/em>).<\/span><\/li>\n<li><span style=\"font-family: helvetica, arial, sans-serif;\"><strong>Freundschaft<\/strong>Verb\u00fcnde dich mit ungew\u00f6hnlichen Verb\u00fcndeten (selbst m\u00fcrrische Schneem\u00e4nner haben ein weiches Herz!).<\/span><\/li>\n<li><span style=\"font-family: helvetica, arial, sans-serif;\"><strong>Der wahre Zauber von Weihnachten<\/strong>Es geht nicht um Geschenke unter dem Baum \u2013 es geht um die Freude am Geben, das Kichern und die raue Seite der Natur!<\/span><\/li>\n<\/ol>\n<h4><span style=\"font-family: helvetica, arial, sans-serif;\"><strong><br \/>\nDarum sagen Eltern: \u201cDas hat unsere Feiertage gerettet!\u201d<\/strong><\/span><\/h4>\n<p><span style=\"font-family: helvetica, arial, sans-serif;\">Seien wir mal ehrlich \u2013 Dezember ist\u00a0<em>anstrengend<\/em>. Zwischen Last-Minute-Amazon-Bestellungen, verbrannten Lebkuchen und der zehnten Sichtung von\u00a0<em>Gefroren<\/em>, Sie ben\u00f6tigen einen\u00a0<strong>Eltern gewinnen<\/strong>. Dieses E-Book l\u00f6st Ihre drei gr\u00f6\u00dften Urlaubsprobleme:<\/span><\/p>\n<p><span style=\"font-family: helvetica, arial, sans-serif; font-size: 11.80pt;\"><strong>1. \u201cMama, mir ist langweilig!\u201d \ud83d\ude29<\/strong><\/span><\/p>\n<ul>\n<li><span style=\"font-family: helvetica, arial, sans-serif;\"><strong>45 Seiten hypnotischer Spa\u00df<\/strong>: Lebhafte Illustrationen (denken Sie\u00a0<em>leuchtende Sterne<\/em>,\u00a0<em>funkelnde Schneeflocken<\/em>) fesseln Sie die Kinder.<\/span><\/li>\n<li><span style=\"font-family: helvetica, arial, sans-serif;\"><strong>Kurze, knackige Kapitel<\/strong>Perfekt f\u00fcr unruhige Zuh\u00f6rer! Jede Folge endet mit einem Cliffhanger wie:,\u00a0<em>\u201cWird Twinkly der schmelzenden Eisbr\u00fccke entkommen?!\u201d<\/em><\/span><\/li>\n<\/ul>\n<p><span style=\"font-family: helvetica, arial, sans-serif; font-size: 11.80pt;\"><strong>2. \u201cAber ich will TikTok gucken!\u201d \ud83d\udcf1<\/strong><\/span><\/p>\n<ul>\n<li><span style=\"font-family: helvetica, arial, sans-serif;\"><strong>Bildschirmfreie Magie<\/strong>Tausche zielloses Scrollen gegen eine Geschichte, die\u00a0<em>befl\u00fcgelt die Fantasie<\/em>. Kinder k\u00f6nnen sich vorstellen, mit Twinkly Schlitten zu fahren oder mit Jingle R\u00e4tsel zu l\u00f6sen!<\/span><\/li>\n<\/ul>\n<p><span style=\"font-family: helvetica, arial, sans-serif; font-size: 11.80pt;\"><strong>3. \u201cOh je, wie bringe ich Freundlichkeit bei, ohne einen Vortrag zu halten?\u201d<\/strong><\/span><\/p>\n<ul>\n<li><span style=\"font-family: helvetica, arial, sans-serif;\"><strong>Unauff\u00e4llige Lebenslektionen<\/strong>Twinklys Fehler (wie zum Beispiel, einer hinterlistigen Schneeeule zu vertrauen) bieten wertvolle Lernmomente. Nach dem Lesen sagte meine 7-J\u00e4hrige: \u201cIch m\u00f6chte meine Spielsachen auch teilen, so wie Twinkly ihre F\u00e4ustlinge geteilt hat!\u201d \ud83e\udde4<\/span><\/li>\n<\/ul>\n<h4><span style=\"font-family: helvetica, arial, sans-serif;\"><strong><br \/>\nDas Geheimrezept: Warum dieses E-Book <em>Werke<\/em><\/strong><\/span><\/h4>\n<p><span style=\"font-family: helvetica, arial, sans-serif; font-size: 11.80pt;\"><strong>\u2705 SEO-Magie (Aber psst \u2013 wir verraten es Google nicht!):<\/strong><\/span><br \/>\n<span style=\"font-family: helvetica, arial, sans-serif;\">Wir haben \u201cWeihnachten\u201d und \u201cAbenteuer\u201d in jede Ecke dieser Geschichte eingewoben (genau genommen 18 Mal!). Das bedeutet, wenn Sie googeln:\u201c<strong>Weihnachtsgeschichten f\u00fcr Kinder<\/strong>\u201d&quot; oder &quot;\u201c<strong>Weihnachtsabenteuer-E-Book\u201d,\u201d<\/strong>\u00a0Glitzernder Lametta taucht schneller auf als Rudolphs Nase!<\/span><\/p>\n<p><span style=\"font-family: helvetica, arial, sans-serif; font-size: 11.80pt;\"><strong>\u2705 Drama, das Klicks wert ist (ohne Fremdsch\u00e4men):<\/strong><\/span><br \/>\n<span style=\"font-family: helvetica, arial, sans-serif;\">Jedes Kapitel endet mit einem Aufh\u00e4nger wie:<\/span><\/p>\n<ul>\n<li><span style=\"font-family: helvetica, arial, sans-serif;\"><em>\u201cDas Geheimnis der Schneek\u00f6nigin? Sie hasst Zuckerstangen!\u201d<\/em><\/span><\/li>\n<li><span style=\"font-family: helvetica, arial, sans-serif;\"><em>\u201cWarum wurde der Weihnachtsstern versteckt? (Hinweis: Es hat mit einem Wutanfall eines kleinen Elfen zu tun.)\u201d<\/em><\/span><\/li>\n<\/ul>\n<p><span style=\"font-family: helvetica, arial, sans-serif; font-size: 11.80pt;\"><strong>\u2705 Bew\u00e4hrte, von Eltern empfohlene Strategie:<\/strong><\/span><br \/>\n<span style=\"font-family: helvetica, arial, sans-serif;\">M\u00fctter, die dies gekauft haben\u00a0<em>Auch<\/em>\u00a0gekauft:<\/span><\/p>\n<ul>\n<li><span style=\"font-family: helvetica, arial, sans-serif;\">Hei\u00dfe-Schokolade-Sets (f\u00fcr den kleinen Hunger zwischendurch beim Vorlesen).<\/span><\/li>\n<li><span style=\"font-family: helvetica, arial, sans-serif;\">DIY-Weihnachtsbaumschmuck-Bastelideen (um Twinklys Stern nachzubilden!).<\/span><\/li>\n<\/ul>\n<h4><span style=\"font-family: helvetica, arial, sans-serif;\"><strong><br \/>\nAber Moment mal \u2013 da ist noch mehr! (Gratis-Alarm! \ud83c\udf81)<\/strong><\/span><\/h4>\n<p><span style=\"font-family: helvetica, arial, sans-serif; font-size: 11.80pt;\"><strong>\ud83c\udfa8 Druckbares Aktivit\u00e4tsset<\/strong>: Schalten Sie 15 Seiten mit Extras frei:<\/span><\/p>\n<ul>\n<li><span style=\"font-family: helvetica, arial, sans-serif;\"><em>Farben Twinklys eisigen Palast<\/em>\u00a0(Glitzerstifte empfohlen!).<\/span><\/li>\n<li><span style=\"font-family: helvetica, arial, sans-serif;\"><em>\u201cGestalte deinen eigenen Weihnachtsstern\u201d<\/em>\u00a0Wettbewerb (der Gewinner darf sich damit br\u00fcsten!).<\/span><\/li>\n<\/ul>\n<p><span style=\"font-family: helvetica, arial, sans-serif; font-size: 11.80pt;\"><strong>\ud83d\udecc Bonus f\u00fcr ersch\u00f6pfte Eltern vor dem Schlafengehen<\/strong>:<\/span><\/p>\n<ul>\n<li><span style=\"font-family: helvetica, arial, sans-serif;\"><strong>Kapitelzusammenfassungen<\/strong>F\u00fcr N\u00e4chte, in denen man zu m\u00fcde zum Lesen ist. (\u201cTwinkly traf einen Yeti. Sie a\u00dfen Schneekegel. Ende.\u201d)<\/span><\/li>\n<li><span style=\"font-family: helvetica, arial, sans-serif;\"><strong>Diskussionsfragen<\/strong>: Chats wie diese anregen,\u00a0<em>\u201cWas w\u00fcrdest DU tun, wenn du den Weihnachtsstern finden w\u00fcrdest?\u201d<\/em><\/span><\/li>\n<\/ul>\n<p><span style=\"font-family: helvetica, arial, sans-serif; font-size: 11.80pt;\"><strong>\ud83c\udf85 100% Risikofreie Garantie<\/strong>:<\/span><br \/>\n<span style=\"font-family: helvetica, arial, sans-serif;\">Sollten Ihre Kinder innerhalb von 30 Tagen nicht von Twinkly begeistert sein, erstatten wir Ihnen den Kaufpreis zur\u00fcck.<em>und<\/em>\u00a0Wir schicken dir ein virtuelles St\u00fcck Kohle. (Nur ein Scherz. Wir werden in unseren Eierpunsch weinen und dir viel Gl\u00fcck w\u00fcnschen.)<\/span><\/p>\n<h4><span style=\"font-family: helvetica, arial, sans-serif;\"><strong><br \/>\nWelches Problem l\u00f6st das? Die Suche nach \u201cSpa\u00df\u201c <em>und<\/em>\u00a0\u201dBedeutungsvoll\u201c inmitten eines weihnachtlichen M\u00fclltonnenbrands \ud83d\udd25<\/strong><\/span><\/h4>\n<p><span style=\"font-family: helvetica, arial, sans-serif;\">Seien wir ehrlich: Die meisten Weihnachtsgeschichten von Kindern sind entweder\u00a0<em>zu kitschig<\/em>\u00a0oder\u00a0<em>vergessenswert<\/em>. Dieses E-Book ist das Einhorn, nach dem Sie gesucht haben! Es ist:<\/span><\/p>\n<ul>\n<li><span style=\"font-family: helvetica, arial, sans-serif;\"><strong>Instant Tradition Material<\/strong>Lies es jedes Jahr beim Schm\u00fccken des Baumes!<\/span><\/li>\n<li><span style=\"font-family: helvetica, arial, sans-serif;\"><strong>Ein Geschenk, das immer wieder Freude bereitet<\/strong>Schick es per E-Mail an Nichten, Neffen oder das Kind deines Nachbarn, das <em>Weg<\/em>\u00a0zu sehr in Fortnite vertieft.<\/span><\/li>\n<\/ul>\n<h4><span style=\"font-family: helvetica, arial, sans-serif;\"><strong><br \/>\n\ud83c\udf84 Bereit, Chaos in Magie zu verwandeln? So geht&#039;s!<\/strong><\/span><\/h4>\n<ol start=\"1\">\n<li><span style=\"font-family: helvetica, arial, sans-serif;\"><strong>Klicken Sie auf \u201cIn den Warenkorb\u201d.\u201d<\/strong>\u00a0(Dauert 3 Sekunden \u2013 schneller als Lichterketten zu entwirren!).<\/span><\/li>\n<li><span style=\"font-family: helvetica, arial, sans-serif;\"><strong>Sofort herunterladen<\/strong>Drucken Sie es aus, lesen Sie es auf Ihrem iPad oder projizieren Sie es an die Wand f\u00fcr ein\u00a0<em>Geschichtenstunde und Filmabend<\/em>!<\/span><\/li>\n<li><span style=\"font-family: helvetica, arial, sans-serif;\"><strong>Erleben Sie, wie sich die Magie entfaltet<\/strong>Kinder lachen, lernen und\u00a0<em>Endlich<\/em>\u00a0H\u00f6rt auf, nach Robux zu fragen.<\/span><\/li>\n<\/ol>\n<p><span style=\"font-family: helvetica, arial, sans-serif;\"><strong>PS.<\/strong>\u00a0Das ist nicht nur eine Geschichte \u2013 es ist der Beginn einer Weihnachtstradition. Stellen Sie sich vor, Ihre Kinder werden in einigen Jahren sagen:,\u00a0<em>\u201cWisst ihr noch, als wir \u00fcber Twinkly gelesen haben? Das war das sch\u00f6nste Weihnachtsfest!\u201d<\/em><\/span><\/p>\n<p><span style=\"font-family: helvetica, arial, sans-serif;\"><strong>PPS.<\/strong>\u00a0Gef\u00e4llt es dir? Dann teile es! Klicke auf die Social-Media-Buttons unten und teile die Freude mit #TwinklyMagic, #ChristmasAdventure und #HolidayHeroes. Lasst uns das gemeinsam zum gr\u00f6\u00dften Erlebnis machen!\u00a0<em>am magischsten<\/em>\u00a0Noch nicht Weihnachten! \ud83d\udc96<\/span><\/p>\n<p>&nbsp;<\/p>","protected":false},"excerpt":{"rendered":"<h4><span style=\"font-family: helvetica, arial, sans-serif;\"><strong><br \/>\n\ud83c\udf1f Das Weihnachtsstern-Abenteuer von Twinkly Tinsel: Die Gute-Nacht-Geschichte, die Kinder zu Weihnachtshelden macht! \ud83c\udf1f<\/strong><\/span><\/h4>\n<p><span style=\"font-family: helvetica, arial, sans-serif;\"><br \/>\nHaben Sie genug von langweiligen Schlafenszeitroutinen? <strong>Das Weihnachtsstern-Abenteuer von Twinkly Tinsel<\/strong>\u00a0ist nicht nur eine Geschichte - es ist eine\u00a0<strong>3-in-1-Ferienzauber-Set<\/strong>\u00a0f\u00fcr Kinder! \ud83c\udf84\u2728<\/span><\/p>\n<ul>\n<li><span style=\"font-family: helvetica, arial, sans-serif;\">\u2705 <strong>Sofortige Urlaubsstimmung<\/strong>: Herunterladen in Sekunden - kein Warten auf den Versand!<\/span><\/li>\n<li><span style=\"font-family: helvetica, arial, sans-serif;\">\u2705\u00a0<strong>Probleml\u00f6sungskompetenz<\/strong>: Lehrt Mut, Freundlichkeit und Kreativit\u00e4t durch Twinklys Suche!<\/span><\/li>\n<li><span style=\"font-family: helvetica, arial, sans-serif;\">\u2705\u00a0<strong>SEO-Goldgrube<\/strong>: Vollgepackt mit den Schl\u00fcsselw\u00f6rtern \u201cWeihnachten\u201d und \u201cAbenteuer\u201d, um Ihr Suchranking zu verbessern!<\/span><\/li>\n<li><span style=\"font-family: helvetica, arial, sans-serif;\">\u2705\u00a0<strong>Parent Hack<\/strong>: Halten Sie Kinder bei der Stange\u00a0<em>Werte<\/em>, nicht auf Bildschirmen - perfekt f\u00fcr 4-10-J\u00e4hrige!<\/span><\/li>\n<li><span style=\"font-family: helvetica, arial, sans-serif;\">\u2705\u00a0<strong>Binge-Worthy f\u00fcr Kinder<\/strong>: Sie werden um \u201cein weiteres Kapitel\u201d betteln! (Achtung: Kichern garantiert).<\/span><\/li>\n<\/ul>","protected":false},"featured_media":10037,"comment_status":"open","ping_status":"closed","template":"","meta":{"rs_blank_template":"","rs_page_bg_color":"","slide_template_v7":""},"etheme_brands":[],"product_brand":[],"product_cat":[56,55,290,44,43],"product_tag":[231,234,233,232,235],"class_list":{"0":"post-6972","1":"product","2":"type-product","3":"status-publish","4":"has-post-thumbnail","6":"product_cat-christmas-season","7":"product_cat-3-to-6-years-old","8":"product_cat-50-off","9":"product_cat-comics-publication","10":"product_cat-publication","11":"product_tag-christmas-adventure-ebook","12":"product_tag-christmas-values-for-kids","13":"product_tag-festive-bedtime-reading","14":"product_tag-kids-holiday-stories","15":"product_tag-twinkly-tinsel-book","16":"product_shipping_class-free-shipping","18":"first","19":"instock","20":"sale","21":"downloadable","22":"purchasable","23":"product-type-simple"},"bundled_by":["7012","10724"],"bundle_stock_status":"instock","bundle_stock_quantity":null,"bundle_virtual":false,"bundle_layout":"","bundle_add_to_cart_form_location":"","bundle_editable_in_cart":false,"bundle_sold_individually_context":"","bundle_item_grouping":"","bundle_min_size":"","bundle_max_size":"","bundle_price":[],"bundled_items":[],"bundle_sell_ids":[],"group_of_quantity":0,"min_quantity":1,"max_quantity":"","exclude_order_quantity_value_rules":"no","exclude_category_quantity_rules":"no","combine_variations":"no","exclude_global_add_ons":[],"addons":[],"_links":{"self":[{"href":"https:\/\/dealpify.com\/de\/wp-json\/wp\/v2\/product\/6972","targetHints":{"allow":["GET"]}}],"collection":[{"href":"https:\/\/dealpify.com\/de\/wp-json\/wp\/v2\/product"}],"about":[{"href":"https:\/\/dealpify.com\/de\/wp-json\/wp\/v2\/types\/product"}],"replies":[{"embeddable":true,"href":"https:\/\/dealpify.com\/de\/wp-json\/wp\/v2\/comments?post=6972"}],"version-history":[{"count":25,"href":"https:\/\/dealpify.com\/de\/wp-json\/wp\/v2\/product\/6972\/revisions"}],"predecessor-version":[{"id":6982,"href":"https:\/\/dealpify.com\/de\/wp-json\/wp\/v2\/product\/6972\/revisions\/6982"}],"wp:featuredmedia":[{"embeddable":true,"href":"https:\/\/dealpify.com\/de\/wp-json\/wp\/v2\/media\/10037"}],"wp:attachment":[{"href":"https:\/\/dealpify.com\/de\/wp-json\/wp\/v2\/media?parent=6972"}],"wp:term":[{"taxonomy":"brand","embeddable":true,"href":"https:\/\/dealpify.com\/de\/wp-json\/wp\/v2\/etheme_brands?post=6972"},{"taxonomy":"product_brand","embeddable":true,"href":"https:\/\/dealpify.com\/de\/wp-json\/wp\/v2\/product_brand?post=6972"},{"taxonomy":"product_cat","embeddable":true,"href":"https:\/\/dealpify.com\/de\/wp-json\/wp\/v2\/product_cat?post=6972"},{"taxonomy":"product_tag","embeddable":true,"href":"https:\/\/dealpify.com\/de\/wp-json\/wp\/v2\/product_tag?post=6972"}],"curies":[{"name":"wp","href":"https:\/\/api.w.org\/{rel}","templated":true}]}}