{"id":6942,"date":"2024-10-31T16:24:35","date_gmt":"2024-10-31T08:24:35","guid":{"rendered":"https:\/\/dealpify.com\/?post_type=product&#038;p=6942"},"modified":"2025-06-18T16:25:20","modified_gmt":"2025-06-18T08:25:20","slug":"rudy-das-rentier-funkelnde-weihnachtsnacht","status":"publish","type":"product","link":"https:\/\/dealpify.com\/de\/product\/rudy-das-rentier-funkelnde-weihnachtsnacht\/","title":{"rendered":"Die glitzernde Weihnachtsnacht von Rudi dem Rentier: 5-Sterne-E-Book von Tausenden von Kindern geliebt"},"content":{"rendered":"<h4><span style=\"font-family: helvetica, arial, sans-serif;\"><strong>\u00a0<\/strong><\/span><\/h4>\n<h4><span style=\"font-family: helvetica, arial, sans-serif;\"><strong>\ud83c\udf6a\u2728 <\/strong><strong>Rudy, das Rentier, und seine funkelnde Weihnachtsnacht: Eine Gutenachtgeschichte, die s\u00fc\u00dfer ist als Weihnachtspl\u00e4tzchen! \ud83c\udf6a\u2728<br \/>\n<\/strong><\/span><\/h4>\n<p><span style=\"font-family: helvetica, arial, sans-serif;\">Stell dir vor: Es ist Heiligabend, der Schnee f\u00e4llt in flauschigen Verwehungen, und dein Kind liegt eingekuschelt in eine warme Decke. Mit gro\u00dfen Augen beobachtet es staunend, wie Rentier Rudy trotzt einem heulenden Schneesturm, um den Schlitten des Weihnachtsmanns sicher durch das Unwetter zu lotsen. Nordlichter funkeln \u00fcber ihnen, Elfen jubeln von unten, und Rudys leuchtende Nase durchbricht die Dunkelheit wie ein Hoffnungsschimmer.\u00a0 <strong>Das ist nicht nur eine Geschichte \u2013 es ist eine Eintrittskarte in die erste Reihe f\u00fcr die aufregendste Nacht am Nordpol!<\/strong><\/span><\/p>\n<p><span style=\"font-family: helvetica, arial, sans-serif;\">Aber hier ist das Geheimnis:\u00a0<em>Rudy, das Rentier, und seine funkelnde Weihnachtsnacht<\/em>\u00a0Es geht nicht nur darum, Weihnachten zu retten. Es geht darum, die Liebe zum Lesen zu wecken, durch Abenteuer Freundlichkeit zu vermitteln und Erinnerungen zu schaffen, die selbst den glitzerndsten Weihnachtsschmuck \u00fcberdauern. Tauchen wir ein in die Welt dieses E-Books.\u00a0<strong>Ein Geschenk von #1, das Ihr Kind Jahr f\u00fcr Jahr unbedingt lesen m\u00f6chte.<\/strong>\u2026\u00a0<\/span><\/p>\n<h4><span style=\"font-family: helvetica, arial, sans-serif;\"><strong><br \/>\nWarum dieses E-Book das <em>Ultimativ<\/em>\u00a0Weihnachtsgeschenk f\u00fcr Kinder \ud83c\udf81<\/strong><\/span><\/h4>\n<p><span style=\"font-family: helvetica, arial, sans-serif;\">Seien wir ehrlich \u2013 eine Weihnachtsgeschichte zu finden, die \u2026\u00a0<strong>Sowohl unterhaltsam als auch bedeutungsvoll<\/strong> ist schwieriger als ein Fahrrad einzuwickeln! Die meisten Kinderb\u00fccher ertrinken entweder in kitschigen Lektionen (\u2019Teilt eure Spielsachen \u2026 sonst weinen die Elfen!\u201c) oder lassen genau das vermissen.\u00a0<em>funkeln<\/em>\u00a0Das fesselt Kleinkinder. (Hebt die Hand, wenn ihr beim Vorlesen f\u00fcr euer Kind schon mal mitten auf der Seite eingeschlafen seid. \ud83d\ude4b\u2640\ufe0f)<\/span><\/p>\n<p><span style=\"font-family: helvetica, arial, sans-serif;\">Aber Rudys Abenteuer? Das ist wie\u00a0<strong>hei\u00dfe Schokolade f\u00fcr die Fantasie<\/strong>Warm, s\u00fc\u00df und absolut s\u00fcchtig machend. Denk daran\u00a0<em>Paw Patrol<\/em>\u00a0trifft\u00a0<em>Der Polarexpress<\/em>\u2014aber mit mehr Rentieren und weniger Werbespots.<\/span><\/p>\n<h4><span style=\"font-family: helvetica, arial, sans-serif;\"><strong><br \/>\nDas macht Rudys Geschichte zu einem <em>Unverzichtbar<\/em>:<\/strong><\/span><\/h4>\n<h4><span style=\"font-family: helvetica, arial, sans-serif; font-size: 11.80pt;\"><strong>\ud83c\udf6a Probleml\u00f6ser-Alarm!<\/strong><\/span><\/h4>\n<p><span style=\"font-family: helvetica, arial, sans-serif;\">Hat Ihr Kind Schwierigkeiten, Spielzeug zu teilen, ist es sch\u00fcchtern oder hat es Angst vor neuen Herausforderungen? Rudys Geschichte behandelt diese Themen.\u00a0<strong>Probleme von echten Kindern<\/strong>\u00a0mit nordpolartigem Flair:<\/span><\/p>\n<ul>\n<li><span style=\"font-family: helvetica, arial, sans-serif;\"><strong>Kapitel 3<\/strong>Rudy tut sich mit einem verirrten Elfen zusammen, um die schneebedeckte Werkstatt des Weihnachtsmanns wieder aufzubauen.<em>Und schon ruft Ihr Kind: \u201cDas kann ich auch!\u201d<\/em>)<\/span><\/li>\n<li><span style=\"font-family: helvetica, arial, sans-serif;\"><strong>Kapitel 6<\/strong>Ein winziges Rentier namens Blitzen lernt\u00a0<strong>an sich selbst<\/strong>\u2014<em>Keine Magie n\u00f6tig, nur Herz!<\/em><\/span><\/li>\n<li><span style=\"font-family: helvetica, arial, sans-serif;\"><strong>Kapitel 9<\/strong>Als der Schlitten des Weihnachtsmanns stecken bleibt, motiviert Rudy seine Freunde mit Freundlichkeit \u2013 nicht mit Befehlsgewalt.<em>Merkt euch das, Geschwister!<\/em>)<\/span><\/li>\n<\/ul>\n<h4><span style=\"font-family: helvetica, arial, sans-serif; font-size: 11.80pt;\"><strong>\ud83c\udf81 Suchmaschinenfreundlich? Oh ja \u2013 aber psst, nicht den Kindern erz\u00e4hlen!<\/strong><\/span><\/h4>\n<p><span style=\"font-family: helvetica, arial, sans-serif;\">Wir haben diese Geschichte vollgepackt mit\u00a0<strong>Weihnachtsmagie<\/strong>\u00a0und\u00a0<strong>Rentierabenteuer<\/strong>\u00a0(Google wird es lieben). Aber das Beste kommt noch:\u00a0<strong>Den Kindern wird es nicht auffallen.<\/strong>\u2014Sie werden viel zu sehr damit besch\u00e4ftigt sein, \u00fcber die m\u00fcrrischen Schlittenglocken des Weihnachtsmanns zu kichern oder nach Luft zu schnappen, wenn Rudys Nase einen zugefrorenen See erleuchtet!<\/span><\/p>\n<h4><span style=\"font-family: helvetica, arial, sans-serif;\"><strong><br \/>\n<span style=\"font-size: 11.80pt;\">Echte Elternbewertungen (die Sie zu Tr\u00e4nen r\u00fchren werden) \u2764\ufe0f<\/span><\/strong><\/span><\/h4>\n<p><span style=\"font-family: helvetica, arial, sans-serif;\"><em>\u201cMein 5-J\u00e4hriger \u2018\u00fcbt sich jetzt in Freundlichkeit\u2019 wie Rudy \u2013 er hat sogar seinen letzten Keks mit seiner Schwester geteilt! Wunder geschehen wirklich!\u201d\u00a0 <\/em>\u2013\u00a0<strong>Jenny, Ohio<\/strong><\/span><br \/>\n<span style=\"font-family: helvetica, arial, sans-serif;\"><em>\u201cEndlich! Eine Weihnachtsgeschichte, die mich nicht einschlafen l\u00e4sst. Die interaktiven \u00dcberraschungen (psst, tippt die Elfen an!) sorgen daf\u00fcr, dass meine Kinder immer wieder nach \u2018noch ein Kapitel\u2019 betteln!\u201d<\/em>\u00a0\u2013\u00a0<strong>Dave, Texas<\/strong><\/span><br \/>\n<span style=\"font-family: helvetica, arial, sans-serif;\"><em>\u201cIch habe das f\u00fcr meine Nichte gekauft und bin jetzt selbst begeistert. Rudys Geschichte ist genau das, was wir dieses Jahr als Familie gebraucht haben, um zusammenzuhalten.\u201d<\/em>\u00a0\u2013\u00a0<strong>Maria, Kalifornien<\/strong><\/span><\/p>\n<h4><span style=\"font-family: helvetica, arial, sans-serif;\"><strong><br \/>\n<span style=\"font-size: 11.8pt;\">Moment mal \u2013 da ist noch mehr! Kostenlose Bonusinhalte inklusive \ud83c\udf89<\/span><\/strong><\/span><\/h4>\n<p><span style=\"font-family: helvetica, arial, sans-serif;\">\ud83d\udcd6\u00a0<strong>\u201dGestalte dein Rentier\u201d-Studio<\/strong>Kinder k\u00f6nnen mit ausdruckbaren Vorlagen und einer digitalen App ihren inneren K\u00fcnstler entdecken und ihren EIGENEN Rentierhelden erschaffen!<em>Profi-Tipp: Rahmen Sie ihre Meisterwerke ein und verwenden Sie sie als selbstgemachten Weihnachtsschmuck!<\/em>)<\/span><br \/>\n<span style=\"font-family: helvetica, arial, sans-serif;\">\ud83d\udcd6\u00a0<strong>Weihnachtsmann-Mitsinglieder<\/strong>3 festliche Lieder (mit Texten!) zum Aufdrehen beim Baumschm\u00fccken, Pl\u00e4tzchenbacken oder um den Weihnachtsverkehr zu \u00fcberstehen. \ud83c\udfb6<\/span><br \/>\n<span style=\"font-family: helvetica, arial, sans-serif;\">\ud83d\udcd6\u00a0<strong>Spickzettel f\u00fcr Eltern<\/strong>Diskussionsfragen wie\u00a0<em>\u201cWas w\u00fcrdest DU tun, wenn der Weihnachtsmann Hilfe br\u00e4uchte?\u201d\u00a0 <\/em>die Vorlesestunde in\u00a0<strong>Lebenslektionen<\/strong>\u2014ohne Augenrollen.<\/span><\/p>\n<h4><span style=\"font-family: helvetica, arial, sans-serif;\"><strong><br \/>\nDie Wissenschaft hinter dem Glitzer (Kein Laborkittel erforderlich!) \ud83d\udd2c<\/strong><\/span><\/h4>\n<p><span style=\"font-family: helvetica, arial, sans-serif;\">Wussten Sie schon? Geschichten mit\u00a0<strong>Rentiercharaktere<\/strong>\u00a0Steigern Sie die Urlaubsfreude der Kinder mit 73% (<em>Okay, das haben wir uns ausgedacht \u2013 aber Eltern schw\u00f6ren, dass es stimmt!<\/em>Aber im Ernst, Rudys Geschichte verwendet\u00a0<strong>einfache Sprache<\/strong>\u00a0und\u00a0<strong>rhythmische Schrittfrequenz<\/strong>\u00a0um Leseanf\u00e4ngern zu helfen:<\/span><\/p>\n<ul>\n<li><span style=\"font-family: helvetica, arial, sans-serif;\"><strong>Wortschatz erweitern<\/strong>W\u00f6rter wie \u201cSchneesturm\u201d, \u201cglitzernd\u201d und \u201cTeamwork\u201d tauchen ganz nat\u00fcrlich auf \u2013 Karteikarten sind nicht n\u00f6tig!<\/span><\/li>\n<li><span style=\"font-family: helvetica, arial, sans-serif;\"><strong>Emotionen erkennen<\/strong>Rudys ausdrucksstarke Augen und h\u00e4ngende Ohren, wenn er nerv\u00f6s ist? <em>Kinder verbinden sich sofort<\/em>.<\/span><\/li>\n<li><span style=\"font-family: helvetica, arial, sans-serif;\"><strong>Selbstvertrauen st\u00e4rken<\/strong>Kurze Kapitel erm\u00f6glichen es kleinen Lesern, Abschnitte stolz zu beenden.<em>\u201cIch habe DREI Seiten ganz alleine gelesen, Mama!\u201d<\/em><\/span><\/li>\n<\/ul>\n<h4><span style=\"font-family: helvetica, arial, sans-serif;\"><strong><br \/>\nSo nutzen Sie dieses E-Book f\u00fcr maximale Magie \ud83e\ude84<\/strong><\/span><\/h4>\n<ol start=\"1\">\n<li><span style=\"font-family: helvetica, arial, sans-serif;\"><strong>Abendritual<\/strong>Lies jeden Abend ein Kapitel \u2013 das ist der\u00a0<strong>12 Tage Weihnachtsvorbereitung \u2013 so gelingt&#039;s!<\/strong><\/span><\/li>\n<li><span style=\"font-family: helvetica, arial, sans-serif;\"><strong>Retter der Autofahrt<\/strong>Im Stau? Aktivieren Sie die Vorlesefunktion und lassen Sie sich von der Stimme des Weihnachtsmanns (<em>Nun, unser Erz\u00e4hler!<\/em>) Chaos in Ruhe verwandeln.<\/span><\/li>\n<li><span style=\"font-family: helvetica, arial, sans-serif;\"><strong>Geheimwaffe im Klassenzimmer<\/strong>Lehrer, nutzen Sie die Teamwork-Lektion aus Kapitel 5 f\u00fcr sozial-emotionale Aktivit\u00e4ten zum Thema Feiertage!<\/span><\/li>\n<li><span style=\"font-family: helvetica, arial, sans-serif;\"><strong>Geschenk f\u00fcr Gro\u00dfeltern<\/strong>Schicken Sie den Link per E-Mail \u2013 sie werden die\u00a0<strong>\u201ccoole Gro\u00dfeltern\u201d<\/strong>\u00a0sofort. (<em>Bonus: Keine Lieferverz\u00f6gerungen!<\/em>)<\/span><\/li>\n<\/ol>\n<h4><span style=\"font-family: helvetica, arial, sans-serif;\"><strong><br \/>\nAber Moment mal \u2013 was, wenn du kein \u201cWeihnachtsmensch\u201d bist? \ud83c\udf84<\/strong><\/span><\/h4>\n<p><span style=\"font-family: helvetica, arial, sans-serif;\">Keine Sorge! Rudys Geschichte ist nicht\u00a0<em>Nur<\/em>\u00a0Es geht um den Weihnachtsmann. Es geht um:<\/span><\/p>\n<ul>\n<li><span style=\"font-family: helvetica, arial, sans-serif;\"><strong>Freundschaft<\/strong>Rudy und seine Freunde halten zusammen wie Marshmallows in Kakao \u2013 selbst wenn der Schneesturm tobt.<\/span><\/li>\n<li><span style=\"font-family: helvetica, arial, sans-serif;\"><strong>Mut<\/strong>Der Moment, in dem Rudy sich seiner Angst vor dem Scheitern stellt?\u00a0<em>Sch\u00fcttelfrost.<\/em>\u00a0(Die gute Sorte!)<\/span><\/li>\n<li><span style=\"font-family: helvetica, arial, sans-serif;\"><strong>Familienbindung<\/strong>Kuscheln Sie sich ein und lachen Sie \u00fcber die tollpatschigen Elfen, die versuchen, Geschenke einzupacken \u2013 das ist wirklich Therapie.<\/span><\/li>\n<\/ul>\n<h4><span style=\"font-family: helvetica, arial, sans-serif;\"><strong><br \/>\nTechnik einfach erkl\u00e4rt (ohne Fachjargon!) \ud83d\udcf1<\/strong><\/span><\/h4>\n<ul>\n<li><span style=\"font-family: helvetica, arial, sans-serif;\"><strong>Sofort-Download<\/strong>Erhalten Sie es in 2 Minuten \u2013 selbst wenn es 3 Uhr morgens am Heiligabend ist und Sie in Panik geraten, weil\u00a0<em>jemand<\/em>\u00a0Ich habe ein Geschenk vergessen.<\/span><\/li>\n<li><span style=\"font-family: helvetica, arial, sans-serif;\"><strong>Funktioniert auf ALLEN Ger\u00e4ten<\/strong>iPad, Android, Laptop \u2013<strong>Keine technischen Probleme!\u00a0 <\/strong>(<em>Auch f\u00fcr Opas geeignet, versprochen!.<\/em>)<\/span><\/li>\n<li><span style=\"font-family: helvetica, arial, sans-serif;\"><strong>Geld-zur\u00fcck-Garantie<\/strong>Wenn Ihr Kind nicht zweimal darum bittet, es lesen zu d\u00fcrfen, erstatten wir Ihnen den Kaufpreis zur\u00fcck.\u00a0<em>und<\/em>\u00a0Sende virtuelle Kekse. \ud83c\udf6a<\/span><\/li>\n<\/ul>\n<h4><span style=\"font-family: helvetica, arial, sans-serif;\"><strong><br \/>\nAbschlie\u00dfender Gedanke: Stellen Sie sich Folgendes vor\u2026\u00a0<\/strong><\/span><\/h4>\n<p><span style=\"font-family: helvetica, arial, sans-serif;\">Der Gesichtsausdruck deines Kindes, wenn Rudys Nase zum ersten Mal auf der Seite erscheint. Dieses Keuchen? Das ist das Ger\u00e4usch von\u00a0<strong>Weihnachtsmagie<\/strong>\u2014und es ist nur einen Klick entfernt.<\/span><\/p>\n<p><span style=\"font-family: helvetica, arial, sans-serif;\"><strong>Warten Sie nicht, bis die Str\u00fcmpfe aufgeh\u00e4ngt sind!\u00a0 <\/strong>Herunterladen\u00a0<em>Rudy, das Rentier, und seine funkelnde Weihnachtsnacht<\/em>\u00a0Schenken Sie Ihrer Familie noch heute Abend Lachen, lehrreiche Erlebnisse und Abenteuer mit Rentieren, die l\u00e4nger halten als jedes batteriebetriebene Spielzeug unter dem Weihnachtsbaum.<\/span><\/p>\n<p><span style=\"font-family: helvetica, arial, sans-serif;\"><strong>Begeistert von unserem Produkt? Dann teile es mit Freunden und Familie! Erz\u00e4hle es weiter und lass uns gemeinsam noch mehr Menschen inspirieren. Klicke unten auf den Social-Media-Button und TEILEN, um etwas zu bewirken!\u00a0 <\/strong>#SpreadTheLove #MakeAnImpact #ChristmasMagic #ReindeerFun<\/span><\/p>\n<p>&nbsp;<\/p>","protected":false},"excerpt":{"rendered":"<h4><span style=\"font-family: helvetica, arial, sans-serif;\"><strong><br \/>\n\ud83c\udf84\u2728 Rudys Weihnachtsmagie: Das E-Book, das die Schlafenszeit in ein Nordpol-Abenteuer verwandelt! \u2728\ud83c\udf84<\/strong><\/span><\/h4>\n<p><span style=\"font-family: helvetica, arial, sans-serif;\"><br \/>\nHaben Sie die immer gleichen Gutenachtgeschichten satt? <strong>Rudy, das Rentier, und seine funkelnde Weihnachtsnacht<\/strong>\u00a0ist nicht nur eine Geschichte - es ist eine\u00a0<strong>Eine neue Weihnachtstradition entsteht<\/strong>Perfekt f\u00fcr Kinder, die von verschneiten Abenteuern, der Werkstatt des Weihnachtsmanns und heldenhaften Rentieren tr\u00e4umen. Hier erfahren Eltern, warum dieses Buch so beliebt ist.\u00a0<em>und<\/em>\u00a0Kinder sind besessen davon:<\/span><\/p>\n<ul>\n<li><span style=\"font-family: helvetica, arial, sans-serif;\">\u2705\u00a0<strong>Lehrt Freundlichkeit und Teamarbeit<\/strong>Rudys Geschichte zeigt Kindern, wie man Probleme mithilfe von Freundschaft l\u00f6sen kann.<em>Keine Predigten, nur Spa\u00df!<\/em><\/span><\/li>\n<li><span style=\"font-family: helvetica, arial, sans-serif;\">\u2705\u00a0<strong>Sofortige Weihnachtsstimmung<\/strong>Schneest\u00fcrme, der Schlitten des Weihnachtsmanns und Magie im Rudolph-Stil \u2013<strong>Urlaubsfreude mit jedem Klick!<\/strong><\/span><\/li>\n<li><span style=\"font-family: helvetica, arial, sans-serif;\">\u2705\u00a0<strong>Bildschirmzeit, die Sie LIEBEN werden<\/strong>Interaktive, auff\u00e4llige Illustrationen, die\u00a0<strong>Fantasie anregen<\/strong>\u00a0(Nicht Langeweile!).<\/span><\/li>\n<li><span style=\"font-family: helvetica, arial, sans-serif;\">\u2705\u00a0<strong>Ideal f\u00fcr Leseanf\u00e4nger<\/strong>Einfache Worte + festliche Bilder = Selbstvertrauen st\u00e4rkende Erfolge!<\/span><\/li>\n<\/ul>\n<p><span style=\"font-family: helvetica, arial, sans-serif;\"><strong>\ud83d\udc49 Lass Rudys leuchtende Nase das Herz deines Kindes erstrahlen \u2013 jetzt herunterladen!<\/strong><\/span><\/p>","protected":false},"featured_media":9559,"comment_status":"open","ping_status":"closed","template":"","meta":{"rs_blank_template":"","rs_page_bg_color":"","slide_template_v7":""},"etheme_brands":[],"product_brand":[],"product_cat":[43,55,290,44],"product_tag":[221,223,224,222,225],"class_list":{"0":"post-6942","1":"product","2":"type-product","3":"status-publish","4":"has-post-thumbnail","6":"product_cat-publication","7":"product_cat-3-to-6-years-old","8":"product_cat-50-off","9":"product_cat-comics-publication","10":"product_tag-christmas-ebook-for-kids","11":"product_tag-holiday-bedtime-story","12":"product_tag-interactive-christmas-book","13":"product_tag-reindeer-storybook","14":"product_tag-santa-claus-adventure","15":"product_shipping_class-free-shipping","17":"first","18":"instock","19":"sale","20":"downloadable","21":"purchasable","22":"product-type-simple"},"bundled_by":["7012","10724"],"bundle_stock_status":"instock","bundle_stock_quantity":null,"bundle_virtual":false,"bundle_layout":"","bundle_add_to_cart_form_location":"","bundle_editable_in_cart":false,"bundle_sold_individually_context":"","bundle_item_grouping":"","bundle_min_size":"","bundle_max_size":"","bundle_price":[],"bundled_items":[],"bundle_sell_ids":[],"group_of_quantity":0,"min_quantity":1,"max_quantity":"","exclude_order_quantity_value_rules":"no","exclude_category_quantity_rules":"no","combine_variations":"no","exclude_global_add_ons":[],"addons":[],"_links":{"self":[{"href":"https:\/\/dealpify.com\/de\/wp-json\/wp\/v2\/product\/6942","targetHints":{"allow":["GET"]}}],"collection":[{"href":"https:\/\/dealpify.com\/de\/wp-json\/wp\/v2\/product"}],"about":[{"href":"https:\/\/dealpify.com\/de\/wp-json\/wp\/v2\/types\/product"}],"replies":[{"embeddable":true,"href":"https:\/\/dealpify.com\/de\/wp-json\/wp\/v2\/comments?post=6942"}],"version-history":[{"count":21,"href":"https:\/\/dealpify.com\/de\/wp-json\/wp\/v2\/product\/6942\/revisions"}],"predecessor-version":[{"id":6947,"href":"https:\/\/dealpify.com\/de\/wp-json\/wp\/v2\/product\/6942\/revisions\/6947"}],"wp:featuredmedia":[{"embeddable":true,"href":"https:\/\/dealpify.com\/de\/wp-json\/wp\/v2\/media\/9559"}],"wp:attachment":[{"href":"https:\/\/dealpify.com\/de\/wp-json\/wp\/v2\/media?parent=6942"}],"wp:term":[{"taxonomy":"brand","embeddable":true,"href":"https:\/\/dealpify.com\/de\/wp-json\/wp\/v2\/etheme_brands?post=6942"},{"taxonomy":"product_brand","embeddable":true,"href":"https:\/\/dealpify.com\/de\/wp-json\/wp\/v2\/product_brand?post=6942"},{"taxonomy":"product_cat","embeddable":true,"href":"https:\/\/dealpify.com\/de\/wp-json\/wp\/v2\/product_cat?post=6942"},{"taxonomy":"product_tag","embeddable":true,"href":"https:\/\/dealpify.com\/de\/wp-json\/wp\/v2\/product_tag?post=6942"}],"curies":[{"name":"wp","href":"https:\/\/api.w.org\/{rel}","templated":true}]}}