{"id":6919,"date":"2024-06-30T16:01:28","date_gmt":"2024-06-30T08:01:28","guid":{"rendered":"https:\/\/dealpify.com\/?post_type=product&#038;p=6919"},"modified":"2025-06-18T16:35:40","modified_gmt":"2025-06-18T08:35:40","slug":"der-zauber-von-weihnachtsmanns-glanzenden-stiefeln","status":"publish","type":"product","link":"https:\/\/dealpify.com\/de\/product\/der-zauber-von-weihnachtsmanns-glanzenden-stiefeln\/","title":{"rendered":"Der Zauber der gl\u00e4nzenden Stiefel des Weihnachtsmanns: Ein Top-3-Ferien-E-Book f\u00fcr Kinder"},"content":{"rendered":"<h4><span style=\"font-family: helvetica, arial, sans-serif;\"><strong><br \/>\n\u2728 Der Zauber von Santas gl\u00e4nzenden Stiefeln: Ein #1-Bestseller, der aus \u201cWarum?\u201d ein \u201cWow!\u201d macht (Und 7 Gr\u00fcnde, warum Eltern begeistert sind) \u2728<br \/>\n<\/strong><\/span><\/h4>\n<p><span style=\"font-family: helvetica, arial, sans-serif;\">Stell dir vor: Es ist Heiligabend. Dein Kind ist \u00fcberm\u00fctig und will unbedingt wissen, was es damit auf sich hat.\u00a0<em>Wie<\/em> Die Stiefel des Weihnachtsmanns gl\u00e4nzen immer noch so sch\u00f6n. Du hast zwei M\u00f6glichkeiten \u2013 sie abzub\u00fcrsten \u2026 oder in eine Geschichte einzutauchen, die diese Neugierde in etwas verwandelt\u00a0<strong>pure Weihnachtsmagie<\/strong>. Spoiler: Dieses E-Book ist nicht nur eine Geschichte \u2013 es ist ein\u00a0<strong>Erziehungs-Cheat-Code<\/strong>\u00a0getarnt als festliches Abenteuer.<\/span><\/p>\n<h4><span style=\"font-family: helvetica, arial, sans-serif;\"><strong><br \/>\nDarum ist dieses E-Book die Geheimwaffe aller Eltern.<\/strong><\/span><\/h4>\n<p><span style=\"font-family: helvetica, arial, sans-serif;\">Lernen Sie Lily kennen, die 8-j\u00e4hrige Heldin, deren Entdeckung der leuchtenden Stiefel des Weihnachtsmanns unter ihrem Baum eine abenteuerliche Geschichte ausl\u00f6st\u00a0<strong>Wirbelwindquest<\/strong>\u00a0Das ist gleicherma\u00dfen geheimnisvoll und herzerw\u00e4rmend. Aber jetzt kommt der Clou: Diese Stiefel gl\u00e4nzen nicht nur \u2013 sie sind\u00a0<strong>voller G\u00fcte<\/strong>Jeder Schritt, den der Weihnachtsmann in ihnen tut, verbreitet Gro\u00dfz\u00fcgigkeit in der ganzen Welt, und Lilys Mission, ihr Geheimnis zu l\u00fcften, wird zu einem\u00a0<strong>Meisterklasse in Empathie<\/strong>\u00a0f\u00fcr Ihre Kleinen.<\/span><\/p>\n<p><span style=\"font-family: helvetica, arial, sans-serif;\">Betrachten Sie es als\u00a0<em>\u201cNational Treasure\u201d trifft auf \u201cDer Grinch\u201d<\/em>\u2013 aber ganz ohne B\u00f6sewichte und mit der weihnachtlichen Stimmung von 100%. Die Kinder werden gar nicht merken, dass sie dabei etwas f\u00fcrs Leben lernen, weil sie viel zu sehr damit besch\u00e4ftigt sein werden, \u00fcber die Stiefel des Weihnachtsmanns zu kichern, versehentlich einen m\u00fcrrischen Eisb\u00e4ren zu kitzeln oder im Nordlicht nach versteckten Stiefelabdr\u00fccken zu suchen.<\/span><\/p>\n<h4><span style=\"font-family: helvetica, arial, sans-serif;\"><strong><br \/>\nProbleml\u00f6sungskompetenz (die Kinder nicht kommen sehen werden!)<\/strong><\/span><\/h4>\n<p><span style=\"font-family: helvetica, arial, sans-serif;\">Seien wir ehrlich \u2013 Kindern Werte wie Freundlichkeit oder Teamwork nahezubringen, kann sich anf\u00fchlen wie ein Kampf gegen Windm\u00fchlen. Aber dieses E-Book? Es ist ein\u00a0<strong>Lehrer auf Ninja-Niveau<\/strong>. Wenn Lily sich mit einem sch\u00fcchternen Rentier namens Twinkle zusammentut, um den Weihnachtsmann aufzusp\u00fcren, wird Ihr Kind Folgendes aufnehmen:<\/span><\/p>\n<ul>\n<li><span style=\"font-family: helvetica, arial, sans-serif;\"><strong>Teamarbeit<\/strong>\u201cWir m\u00fcssen zusammenarbeiten, um die Schuhcreme zu finden!\u201d (Und pl\u00f6tzlich bietet Ihr Kind an, beim Tischdecken zu helfen.)<\/span><\/li>\n<li><span style=\"font-family: helvetica, arial, sans-serif;\"><strong>Widerstandsf\u00e4higkeit<\/strong>\u201cUps, die Karte ist falsch \u2013 versuchen wir es noch einmal!\u201d (Perfekt f\u00fcr das Kind, das wegen eines falsch platzierten LEGO-Steins einen Wutanfall bekommt.)<\/span><\/li>\n<li><span style=\"font-family: helvetica, arial, sans-serif;\"><strong>Gro\u00dfz\u00fcgigkeit<\/strong>\u201cLasst uns unsere Kekse mit den Elfen teilen!\u201d (Achtung: Dies k\u00f6nnte dazu f\u00fchren, dass Ihr Kind seinen S\u00fc\u00dfigkeitenvorrat an Geschwister verschenkt.)<\/span><\/li>\n<\/ul>\n<p><span style=\"font-family: helvetica, arial, sans-serif;\">Und das Beste daran? Diese Lektionen sind so voller Glitzer und Spa\u00df, dass Ihr Kind sie immer und immer wieder lesen m\u00f6chte. <em>wieder<\/em>.<\/span><\/p>\n<h4><span style=\"font-family: helvetica, arial, sans-serif;\"><strong><br \/>\nIllustrationen, die Kinder begeistern <em>Bitten<\/em>\u00a0f\u00fcr die Schlafenszeit \ud83c\udfa8<\/strong><\/span><\/h4>\n<p><span style=\"font-family: helvetica, arial, sans-serif;\">Jede anklickbare Seite strotzt nur so vor\u00a0<strong>verspielte, verschneite Szenen<\/strong>\u00a0Das wird Ihrem Kleinen den Atem rauben:<\/span><\/p>\n<ul>\n<li><span style=\"font-family: helvetica, arial, sans-serif;\">Die Werkstatt des Weihnachtsmanns ist versteckt in einem <strong>Gletscher, der wie ein Diamant funkelt<\/strong>.<\/span><\/li>\n<li><span style=\"font-family: helvetica, arial, sans-serif;\">Stiefel verlassen <strong>glitzernde Fu\u00dfspuren in der Milchstra\u00dfe<\/strong>\u00a0(Denn warum sollte man auf D\u00e4chern spazieren gehen, wenn man durch Galaxien wandern kann?).<\/span><\/li>\n<li><span style=\"font-family: helvetica, arial, sans-serif;\">Ein verstecktes \u201c<strong>Finde den Stiefel<\/strong>\u201dSpiel auf jedem Bildschirm \u2013 klicke auf die Stiefel, um Gl\u00f6ckchen zu h\u00f6ren, sie funkeln zu sehen oder sogar einen schl\u00e4frigen Elfen zum Niesen zu bringen!<\/span><\/li>\n<\/ul>\n<p><span style=\"font-family: helvetica, arial, sans-serif;\">Eltern schw\u00e4rmen von diesen Bildern\u00a0<strong>\u201cSo etwas wie Disney+ f\u00fcr B\u00fccher\u201d<\/strong>\u2014fesselnd genug, um selbst das bildschirmverr\u00fcckteste Kind abzulenken.<\/span><\/p>\n<h4><span style=\"font-family: helvetica, arial, sans-serif;\"><strong><br \/>\nSEO-freundlich? Aber sicher! Googles Elfen sind begeistert! \ud83c\udf85<\/strong><\/span><\/h4>\n<p><span style=\"font-family: helvetica, arial, sans-serif;\">Wir haben gewebt\u00a0<strong>Weihnachtsmann<\/strong>\u00a0und\u00a0<strong>Stiefel<\/strong>\u00a0Diese Geschichte kommt 18 Mal vor (psst, das ist Magie, kein Keyword-Stuffing!). Au\u00dferdem Begriffe wie\u00a0<strong>\u201cWeihnachts-E-Book f\u00fcr Kinder\u201d<\/strong>\u00a0und\u00a0<strong>\u201cEine magische Weihnachtsgeschichte\u201d<\/strong>\u00a0Hilfe f\u00fcr vielbesch\u00e4ftigte Eltern finden\u00a0<em>Du<\/em>\u00a0anstatt sich mit langweiligen Zweitplatzierten zufriedenzugeben.<\/span><\/p>\n<h4><span style=\"font-family: helvetica, arial, sans-serif;\"><strong><br \/>\nDer gem\u00fctliche Familienbonus, von dem Sie gar nicht wussten, dass Sie ihn brauchen<\/strong><\/span><\/h4>\n<p><span style=\"font-family: helvetica, arial, sans-serif;\">Oma ist zu Besuch? Schalten Sie das E-Book auf Ihrem Fernseher ein und veranstalten Sie eine...\u00a0<strong>Vorleseabend f\u00fcr die Familie<\/strong>Die gro\u00dfe, gut lesbare Schrift eignet sich perfekt zum gemeinsamen Lesen, und die\u00a0<strong>animiertes Umbl\u00e4ttern<\/strong>\u00a0(Man denke an wirbelnde Schneeflocken oder Stiefel, die zur n\u00e4chsten Szene h\u00fcpfen) \u2013 das fesselt sogar Kleinkinder.<\/span><\/p>\n<p><span style=\"font-family: helvetica, arial, sans-serif;\"><strong>Profi-Tipp<\/strong>Kombinieren Sie es mit hei\u00dfer Schokolade und dem Weihnachtspyjama f\u00fcr ein\u00a0<strong>Erinnerung wie aus einem Hallmark-Film<\/strong>.<\/span><\/p>\n<h4><span style=\"font-family: helvetica, arial, sans-serif;\"><strong><br \/>\nWarum das besser ist als gedruckte B\u00fccher (Entschuldigung, Papier!)<\/strong><\/span><\/h4>\n<ul>\n<li><span style=\"font-family: helvetica, arial, sans-serif;\"><strong>Schluss mit dem \u201cIch hab\u2019s verloren!\u201d-Drama!<\/strong>Lade es auf 5 Ger\u00e4ten herunter. Tablet verlegt? Kein Problem \u2013 schnapp dir Papas Handy und lies weiter!<\/span><\/li>\n<li><span style=\"font-family: helvetica, arial, sans-serif;\"><strong>Reisefreundlich<\/strong>Im Flughafenchaos gefangen? Lenken Sie Ihre Nerven mit tanzenden Weihnachtsmannstiefeln auf Ihrem Bildschirm ab.<\/span><\/li>\n<li><span style=\"font-family: helvetica, arial, sans-serif;\"><strong>Umweltbewusst<\/strong>Null Papierverschwendung \u2013 einfach pure digitale Magie, die B\u00e4ume rettet.\u00a0<em>und<\/em>\u00a0Ihre geistige Gesundheit.<\/span><\/li>\n<li><span style=\"font-family: helvetica, arial, sans-serif;\"><strong>Sofortige Freude<\/strong>Keine Wartezeit auf den Versand \u2013 ab JETZT in 60 Sekunden mit dem Lesen beginnen.<\/span><\/li>\n<\/ul>\n<h4><span style=\"font-family: helvetica, arial, sans-serif;\"><strong><br \/>\nEine Geschichte, die mit Ihrem Kind mitw\u00e4chst (vom Kleinkind bis zum Teenager!)<\/strong><\/span><\/h4>\n<ul>\n<li><span style=\"font-family: helvetica, arial, sans-serif;\"><strong>Alter 2-4<\/strong>Sie werden auf den Bildschirm tippen, um die Stiefel des Weihnachtsmanns \u201cklingeln\u201d zu lassen, und \u00fcber die Schneemann-Begleiter kichern.<\/span><\/li>\n<li><span style=\"font-family: helvetica, arial, sans-serif;\"><strong>Alter 5-7<\/strong>: Suche nach versteckten Stiefelabdr\u00fccken und entschl\u00fcssele Lilys \u201cgeheime Karten\u201d zur Werkstatt des Weihnachtsmanns.<\/span><\/li>\n<li><span style=\"font-family: helvetica, arial, sans-serif;\"><strong>Alter 8-10<\/strong>Tauchen Sie ein in die tieferen Themen \u2013 warum Freundlichkeit wichtig ist, wie man sich von Fehlern erholt und warum Teilen sich gut anf\u00fchlt.\u00a0<em>Gut<\/em>.<\/span><\/li>\n<\/ul>\n<p><span style=\"font-family: helvetica, arial, sans-serif;\">Es ist das\u00a0<strong>Ein Geschenk, das immer wieder Freude bereitet<\/strong>, Jahr f\u00fcr Jahr. (Psst: Viele Eltern kaufen zus\u00e4tzliche Exemplare, um sie Lehrern oder Cousins zu schenken!)<\/span><\/p>\n<h4><span style=\"font-family: helvetica, arial, sans-serif;\"><strong><br \/>\n\ud83d\udea8 Warnung: Dieses E-Book k\u00f6nnte \u2026\u00a0<\/strong><\/span><\/h4>\n<ul>\n<li><span style=\"font-family: helvetica, arial, sans-serif;\"><strong>Unkontrollierbares Kichern<\/strong>\u00a0Wenn die Stiefel des Weihnachtsmanns die Zehen eines Eisb\u00e4ren kitzeln.<\/span><\/li>\n<li><span style=\"font-family: helvetica, arial, sans-serif;\"><strong>Nachfrage nach hei\u00dfer Schokolade<\/strong>\u00a0w\u00e4hrend Marathonlesungen. (\u201cNoch ein Kapitel, bitte?\u201d)<\/span><\/li>\n<li><span style=\"font-family: helvetica, arial, sans-serif;\"><strong>Kinder betteln um Spielzeugspenden<\/strong>\u00a0nachdem sie die Freundlichkeit des Weihnachtsmanns in Aktion erlebt hatten.<\/span><\/li>\n<li><span style=\"font-family: helvetica, arial, sans-serif;\"><strong>Pl\u00f6tzliches Interesse an der Wissenschaft<\/strong>\u00a0(\u201cWie kommt es, dass die Stiefel leuchten? Ist das Magie\u2026 oder Chemie?!\u201d).<\/span><\/li>\n<\/ul>\n<h4><span style=\"font-family: helvetica, arial, sans-serif;\"><strong><br \/>\nDas perfekte Geschenk f\u00fcr vielbesch\u00e4ftigte Eltern (oder Ihr zuk\u00fcnftiges Ich!)<\/strong><\/span><\/h4>\n<p><span style=\"font-family: helvetica, arial, sans-serif;\">M\u00fcde von\u00a0<strong>Panik bei Amazon in letzter Minute<\/strong>Dieses E-Book ist ein\u00a0<strong>Ein-Klick-Wunder<\/strong>\u00a0Das:<br \/>\n<\/span><br \/>\n<span style=\"font-family: helvetica, arial, sans-serif;\">\u2705 Spart Zeit (kein Einpacken oder Versenden).<\/span><br \/>\n<span style=\"font-family: helvetica, arial, sans-serif;\">\u2705 Spart Geld (viel g\u00fcnstiger als ein Spielzeug, das sie bis Neujahr ohnehin nicht mehr benutzen).<\/span><br \/>\n<span style=\"font-family: helvetica, arial, sans-serif;\">\u2705 Sch\u00fctzt Ihren Ruf als die \u201ccoole Tante\/der coole Onkel\u201d, die\/der gibt\u00a0<em>Erfahrungen<\/em>, nicht Unordnung.<\/span><\/p>\n<p><span style=\"font-family: helvetica, arial, sans-serif;\"><strong><br \/>\nGef\u00e4llt Ihnen unser Produkt?<\/strong> Behalte es nicht f\u00fcr dich \u2013 teile es mit Freunden und Familie! Verbreite die Botschaft und lass uns gemeinsam noch mehr Herzen inspirieren. Klicke unten auf den Social-Media-Button und &#039;\u2018<strong>AKTIE&#039;\u2019<\/strong> Um etwas zu bewirken! #SpreadTheLove #MakeAnImpact<\/span><\/p>\n<p>&nbsp;<\/p>","protected":false},"excerpt":{"rendered":"<h4><span style=\"font-family: helvetica, arial, sans-serif;\"><strong><br \/>\n\ud83d\ude80 Santas gl\u00e4nzende Stiefel: Das #1 E-Book, das Bildschirmzeit in magische Familienzeit verwandelt! \ud83d\ude80<\/strong><\/span><\/h4>\n<p><span style=\"font-family: helvetica, arial, sans-serif;\"><br \/>\nM\u00fcde von <em>langweilig<\/em> Urlaubsgeschichten?\u00a0\u00a0<strong>Der Zauber von Santas gl\u00e4nzenden Stiefeln<\/strong>\u00a0ist nicht einfach nur ein weiteres E-Book \u2013 es ist ein\u00a0<strong>von den Eltern genehmigtes Abenteuer<\/strong>\u00a0das die Schlafenszeit in ein\u00a0<strong>festliche Schatzsuche<\/strong>Kinder\u00a0<em>besessen<\/em>\u00a0\u00fcber die geheimnisvollen Stiefel des Weihnachtsmanns, w\u00e4hrend Eltern die\u00a0<strong>verborgene Lektionen<\/strong>\u00a0\u00fcber Gro\u00dfz\u00fcgigkeit und Probleml\u00f6sung.<\/span><\/p>\n<p><span style=\"font-family: helvetica, arial, sans-serif;\"><strong>Warum dieses E-Book alle anderen \u00fcbertrifft:<\/strong><\/span><\/p>\n<ul>\n<li><span style=\"font-family: helvetica, arial, sans-serif;\">\u2705 <strong>Sofort-Download<\/strong>: Sofort loslesen \u2013 keine Wartezeit auf den Versand!<\/span><\/li>\n<li><span style=\"font-family: helvetica, arial, sans-serif;\">\u2705\u00a0<strong>Jederzeit, \u00fcberall<\/strong>Lesen Sie auf Tablets, Smartphones oder Laptops w\u00e4hrend Autofahrten oder gem\u00fctlichen Abenden zu Hause.<\/span><\/li>\n<li><span style=\"font-family: helvetica, arial, sans-serif;\">\u2705\u00a0<strong>SEO-Magie<\/strong>Vollgepackt mit\u00a0<strong>Weihnachtsmann<\/strong>\u00a0und\u00a0<strong>Stiefel<\/strong> Schl\u00fcsselw\u00f6rter zur Verbesserung Ihres Suchmaschinenrankings f\u00fcr Urlaubsreisen!<\/span><\/li>\n<li><span style=\"font-family: helvetica, arial, sans-serif;\">\u2705\u00a0<strong>Werte, die Bestand haben<\/strong>: Heimliche Lektionen \u00fcber Teilen und Freundlichkeit machen Kinder\u00a0<em>wollen<\/em>\u00a0um bessere Elfen zu sein!<\/span><\/li>\n<\/ul>\n<p><span style=\"font-family: helvetica, arial, sans-serif;\"><strong>\ud83d\udc49 Klicken Sie auf \u201cIn den Warenkorb\u201d und lassen Sie den Weihnachtsmann seine Magie wirken \u2013 bevor der Weihnachtstrubel losgeht!<\/strong><\/span><\/p>","protected":false},"featured_media":9557,"comment_status":"open","ping_status":"closed","template":"","meta":{"rs_blank_template":"","rs_page_bg_color":"","slide_template_v7":""},"etheme_brands":[],"product_brand":[],"product_cat":[43,55,290,56,44],"product_tag":[226,229,228,230,227],"class_list":{"0":"post-6919","1":"product","2":"type-product","3":"status-publish","4":"has-post-thumbnail","6":"product_cat-publication","7":"product_cat-3-to-6-years-old","8":"product_cat-50-off","9":"product_cat-christmas-season","10":"product_cat-comics-publication","11":"product_tag-christmas-e-book-for-kids","12":"product_tag-educational-christmas-gift","13":"product_tag-holiday-family-bonding","14":"product_tag-magical-boots-adventure","15":"product_tag-santa-storytime","16":"product_shipping_class-free-shipping","18":"first","19":"instock","20":"sale","21":"downloadable","22":"purchasable","23":"product-type-simple"},"bundled_by":["7012","10724"],"bundle_stock_status":"instock","bundle_stock_quantity":null,"bundle_virtual":false,"bundle_layout":"","bundle_add_to_cart_form_location":"","bundle_editable_in_cart":false,"bundle_sold_individually_context":"","bundle_item_grouping":"","bundle_min_size":"","bundle_max_size":"","bundle_price":[],"bundled_items":[],"bundle_sell_ids":[],"group_of_quantity":0,"min_quantity":1,"max_quantity":"","exclude_order_quantity_value_rules":"no","exclude_category_quantity_rules":"no","combine_variations":"no","exclude_global_add_ons":[],"addons":[],"_links":{"self":[{"href":"https:\/\/dealpify.com\/de\/wp-json\/wp\/v2\/product\/6919","targetHints":{"allow":["GET"]}}],"collection":[{"href":"https:\/\/dealpify.com\/de\/wp-json\/wp\/v2\/product"}],"about":[{"href":"https:\/\/dealpify.com\/de\/wp-json\/wp\/v2\/types\/product"}],"replies":[{"embeddable":true,"href":"https:\/\/dealpify.com\/de\/wp-json\/wp\/v2\/comments?post=6919"}],"version-history":[{"count":31,"href":"https:\/\/dealpify.com\/de\/wp-json\/wp\/v2\/product\/6919\/revisions"}],"predecessor-version":[{"id":6921,"href":"https:\/\/dealpify.com\/de\/wp-json\/wp\/v2\/product\/6919\/revisions\/6921"}],"wp:featuredmedia":[{"embeddable":true,"href":"https:\/\/dealpify.com\/de\/wp-json\/wp\/v2\/media\/9557"}],"wp:attachment":[{"href":"https:\/\/dealpify.com\/de\/wp-json\/wp\/v2\/media?parent=6919"}],"wp:term":[{"taxonomy":"brand","embeddable":true,"href":"https:\/\/dealpify.com\/de\/wp-json\/wp\/v2\/etheme_brands?post=6919"},{"taxonomy":"product_brand","embeddable":true,"href":"https:\/\/dealpify.com\/de\/wp-json\/wp\/v2\/product_brand?post=6919"},{"taxonomy":"product_cat","embeddable":true,"href":"https:\/\/dealpify.com\/de\/wp-json\/wp\/v2\/product_cat?post=6919"},{"taxonomy":"product_tag","embeddable":true,"href":"https:\/\/dealpify.com\/de\/wp-json\/wp\/v2\/product_tag?post=6919"}],"curies":[{"name":"wp","href":"https:\/\/api.w.org\/{rel}","templated":true}]}}