{"id":10935,"date":"2025-04-01T22:24:26","date_gmt":"2025-04-01T14:24:26","guid":{"rendered":"https:\/\/dealpify.com\/?post_type=product&#038;p=10935"},"modified":"2025-05-15T22:42:32","modified_gmt":"2025-05-15T14:42:32","slug":"das-ai-video-geldmaschine-bundelangebot","status":"publish","type":"product","link":"https:\/\/dealpify.com\/de\/product\/das-ai-video-geldmaschine-bundelangebot\/","title":{"rendered":"Die AI Video Money Machine Bundle Deal: Get 1M Ansichten mit diesen 4 geheimen Tools"},"content":{"rendered":"<h4><span style=\"font-family: helvetica, arial, sans-serif;\"><strong><br \/>\n<\/strong><strong>\ud83c\udfa5 Warum dieses KI-Videob\u00fcndel ein Game-Changer ist? <\/strong><strong>\ud83d\ude80<\/strong><\/span><\/h4>\n<p><span style=\"font-family: helvetica, arial, sans-serif;\">Seien wir ehrlich.<strong>Video ist KING<\/strong>. YouTube bekommt\u00a0<strong>5 Milliarden t\u00e4gliche Aufrufe<\/strong>, und der Algorithmus von TikTok\u00a0<strong>belohnt intelligente Sch\u00f6pfer<\/strong>. Aber hier ist das Problem:\u00a0<strong>Die meisten Menschen verschwenden Zeit mit \u00fcberholten Strategien<\/strong>\u00a0die nicht mehr funktionieren.<\/span><\/p>\n<p class=\"ds-markdown-paragraph\"><span style=\"font-family: helvetica, arial, sans-serif;\">Das ist der Punkt, an dem die\u00a0<strong>AI Video Geldmaschine Bundle<\/strong>\u00a0hereinkommt. Diese\u00a0<strong>exklusives B\u00fcndelangebot<\/strong>\u00a0kombiniert\u00a0<strong>vier leistungsstarke Werkzeuge<\/strong>\u00a0um Ihnen zu helfen:<br \/>\n<\/span><br \/>\n<span style=\"font-family: helvetica, arial, sans-serif;\">\u2714\u00a0<strong>Erstellen Sie in wenigen Minuten beeindruckende AI-Videos<\/strong>\u00a0(keine Filmaufnahmen erforderlich!)<\/span><br \/>\n<span style=\"font-family: helvetica, arial, sans-serif;\">\u2714\u00a0<strong>Rang #1 auf YouTube &amp; TikTok<\/strong>\u00a0mit\u00a0<strong>bew\u00e4hrte SEO-Hacks<\/strong><\/span><br \/>\n<span style=\"font-family: helvetica, arial, sans-serif;\">\u2714\u00a0<strong>Ansichten zu Geld machen<\/strong>\u00a0mit\u00a0<strong>automatische Monetarisierung<\/strong><\/span><br \/>\n<span style=\"font-family: helvetica, arial, sans-serif;\">\u2714\u00a0<strong>10+ Stunden pro Woche sparen<\/strong>\u00a0mit\u00a0<strong>KI-gesteuerte Abk\u00fcrzungen<\/strong><\/span><\/p>\n<p class=\"ds-markdown-paragraph\"><span style=\"font-family: helvetica, arial, sans-serif;\"><strong>\ud83d\udc49 Stellen Sie sich das vor:<\/strong><\/span><\/p>\n<ul>\n<li>\n<p class=\"ds-markdown-paragraph\"><span style=\"font-family: helvetica, arial, sans-serif;\">Deine Videos\u00a0<strong>sich verbreiten<\/strong>\u00a0ohne um Likes zu betteln.<\/span><\/p>\n<\/li>\n<li>\n<p class=\"ds-markdown-paragraph\"><span style=\"font-family: helvetica, arial, sans-serif;\">Sie wachen auf und\u00a0<strong>1.000+ neue Abonnenten<\/strong>\u00a0\u00fcber Nacht.<\/span><\/p>\n<\/li>\n<li>\n<p class=\"ds-markdown-paragraph\"><span style=\"font-family: helvetica, arial, sans-serif;\">Ihr\u00a0<strong>passives Einkommen w\u00e4chst<\/strong>\u00a0w\u00e4hrend Sie schlafen.<\/span><\/p>\n<\/li>\n<\/ul>\n<p class=\"ds-markdown-paragraph\"><span style=\"font-family: helvetica, arial, sans-serif;\"><strong>Das ist die St\u00e4rke von KI-Videomarketing - und dieses Paket macht es EINFACH.<\/strong><\/span><\/p>\n<h4><span style=\"font-family: helvetica, arial, sans-serif;\"><strong><br \/>\n\ud83d\udd0d Was beinhaltet das AI Video Bundle?<\/strong><\/span><\/h4>\n<p class=\"ds-markdown-paragraph\"><span style=\"font-family: helvetica, arial, sans-serif;\"><strong>1\ufe0f\u20e3 Geld verdienen mit Video Marketing AI (vollst\u00e4ndiger Kurs)<\/strong><\/span><br \/>\n<span style=\"font-family: helvetica, arial, sans-serif;\">Dies ist nicht nur ein weiterer Leitfaden. Es ist ein\u00a0<strong>wissenschaftliche Blaupause<\/strong>\u00a0f\u00fcr\u00a0<strong>virale Videos<\/strong>\u00a0die konvertieren. Sie werden es lernen:<\/span><\/p>\n<ul>\n<li>\n<p class=\"ds-markdown-paragraph\"><span style=\"font-family: helvetica, arial, sans-serif;\"><strong>AI-Tools<\/strong>\u00a0dass\u00a0<strong>Reduzierung der Bearbeitungszeit um 80%<\/strong><\/span><\/p>\n<\/li>\n<li>\n<p class=\"ds-markdown-paragraph\"><span style=\"font-family: helvetica, arial, sans-serif;\"><strong>Psychologie-Tricks<\/strong>\u00a0Zu\u00a0<strong>Zuschauer in 3 Sekunden fesseln<\/strong><\/span><\/p>\n<\/li>\n<li>\n<p class=\"ds-markdown-paragraph\"><span style=\"font-family: helvetica, arial, sans-serif;\"><strong>Monetarisierungsstrategien<\/strong>\u00a0dass\u00a0<strong>Top-YouTuber<\/strong>\u00a0verwenden.<\/span><\/p>\n<\/li>\n<\/ul>\n<p class=\"ds-markdown-paragraph\"><span style=\"font-family: helvetica, arial, sans-serif;\"><strong>2\ufe0f\u20e3 YouTube Video Mastery (Keine Filmaufnahmen erforderlich!)<\/strong><\/span><br \/>\n<span style=\"font-family: helvetica, arial, sans-serif;\">Sie hassen es, vor der Kamera zu stehen? Kein Problem! Dieser Kurs zeigt\u00a0<strong>wie man gesichtslose YouTube-Videos erstellt<\/strong>\u00a0dass\u00a0<strong>immer noch Millionen von Aufrufen erhalten<\/strong>. Enth\u00e4lt:<\/span><\/p>\n<ul>\n<li>\n<p class=\"ds-markdown-paragraph\"><span style=\"font-family: helvetica, arial, sans-serif;\"><strong>Kostenlose Tools<\/strong>\u00a0f\u00fcr\u00a0<strong>hochwertige Inhalte<\/strong><\/span><\/p>\n<\/li>\n<li>\n<p class=\"ds-markdown-paragraph\"><span style=\"font-family: helvetica, arial, sans-serif;\"><strong>Schl\u00fcsselwort-Hacks<\/strong>\u00a0Zu\u00a0<strong>Rang #1 schneller<\/strong><\/span><\/p>\n<\/li>\n<li>\n<p class=\"ds-markdown-paragraph\"><span style=\"font-family: helvetica, arial, sans-serif;\"><strong>Automatisierte Wachstumsstrategien<\/strong><\/span><\/p>\n<\/li>\n<\/ul>\n<p class=\"ds-markdown-paragraph\"><span style=\"font-family: helvetica, arial, sans-serif;\"><strong>3\ufe0f\u20e3 YT Rank Analyzer (SEO Domination Tool)<\/strong><\/span><br \/>\n<span style=\"font-family: helvetica, arial, sans-serif;\">YouTube ist die\u00a0<strong>Zweitgr\u00f6\u00dfte Suchmaschine<\/strong>-aber die meisten Sch\u00f6pfer\u00a0<strong>SEO ignorieren<\/strong>. Dieses Werkzeug\u00a0<strong>automatisiert die Keyword-Recherche, verfolgt Konkurrenten und verbessert die Rankings<\/strong>\u00a0so dass Sie\u00a0<strong>zuerst gefunden werden<\/strong>.<\/span><\/p>\n<p class=\"ds-markdown-paragraph\"><span style=\"font-family: helvetica, arial, sans-serif;\"><strong>4\ufe0f\u20e3 KI im digitalen Marketing (Zukunftssicherer Leitfaden)<\/strong><\/span><br \/>\n<span style=\"font-family: helvetica, arial, sans-serif;\">Die KI ver\u00e4ndert das Spiel.<strong>Bleiben Sie nicht zur\u00fcck!<\/strong>\u00a0Dieses ebook lehrt:<\/span><\/p>\n<ul>\n<li>\n<p class=\"ds-markdown-paragraph\"><span style=\"font-family: helvetica, arial, sans-serif;\"><strong>Wie AI das Videomarketing beeinflusst<\/strong><\/span><\/p>\n<\/li>\n<li>\n<p class=\"ds-markdown-paragraph\"><span style=\"font-family: helvetica, arial, sans-serif;\"><strong>Chatbots, Automatisierung und Big Data<\/strong><\/span><\/p>\n<\/li>\n<li>\n<p class=\"ds-markdown-paragraph\"><span style=\"font-family: helvetica, arial, sans-serif;\"><strong>Den Algorithmus\u00e4nderungen immer einen Schritt voraus<\/strong><\/span><\/p>\n<\/li>\n<\/ul>\n<h4><span style=\"font-family: helvetica, arial, sans-serif;\"><strong><br \/>\n\ud83c\udfaf Wer braucht dieses AI-Video-Paket?<\/strong><\/span><\/h4>\n<p class=\"ds-markdown-paragraph\"><span style=\"font-family: helvetica, arial, sans-serif;\">\u2714\u00a0<strong>Anf\u00e4nger<\/strong>\u00a0die wollen\u00a0<strong>schnelle Ergebnisse<\/strong>\u00a0ohne Versuch und Irrtum<\/span><br \/>\n<span style=\"font-family: helvetica, arial, sans-serif;\">\u2714\u00a0<strong>Ersteller von Inhalten<\/strong>\u00a0festgehalten an\u00a0<strong>1.000 Abonnements<\/strong>\u00a0und bereit f\u00fcr\u00a0<strong>durchbrechen<\/strong><\/span><br \/>\n<span style=\"font-family: helvetica, arial, sans-serif;\">\u2714\u00a0<strong>Gesch\u00e4ftsinhaber<\/strong>\u00a0die wollen\u00a0<strong>mehr Leads &amp; Verk\u00e4ufe<\/strong>\u00a0aus Video<\/span><br \/>\n<span style=\"font-family: helvetica, arial, sans-serif;\">\u2714\u00a0<strong>Nebenjobber<\/strong>\u00a0auf der Suche nach\u00a0<strong>passive Einkommensstr\u00f6me<\/strong><\/span><\/p>\n<p class=\"ds-markdown-paragraph\"><span style=\"font-family: helvetica, arial, sans-serif;\"><strong>\ud83d\udc49 Wenn Sie ernsthaft mit Video wachsen wollen, ist dieses Paket Ihre Abk\u00fcrzung.<\/strong><\/span><\/p>\n<h4><span style=\"font-family: helvetica, arial, sans-serif;\"><strong><br \/>\n\ud83d\ude80 Warum dieser Bundle-Deal besser ist als der Einzelkauf von Kursen<\/strong><\/span><\/h4>\n<p><span style=\"font-family: helvetica, arial, sans-serif;\">Kaufen Sie diese\u00a0<strong>vier Werkzeuge einzeln<\/strong>\u00a0w\u00fcrde kosten\u00a0<strong>\u00fcber $1.000<\/strong>. Aber mit diesem\u00a0<strong>zeitlich begrenzter AI Video Bundle Deal<\/strong>, erhalten Sie:<\/span><\/p>\n<ul>\n<li><span style=\"font-family: helvetica, arial, sans-serif;\">\u2705 <strong>Alle vier Ressourcen mit einem massiven Rabatt<\/strong><\/span><\/li>\n<li><span style=\"font-family: helvetica, arial, sans-serif;\">\u2705\u00a0<strong>Schritt-f\u00fcr-Schritt-Ausbildung<\/strong> (keine Verwechslung)<\/span><\/li>\n<li><span style=\"font-family: helvetica, arial, sans-serif;\">\u2705\u00a0<strong>Lebenslange Updates<\/strong> (immer einen Schritt voraus sein)<\/span><\/li>\n<li><span style=\"font-family: helvetica, arial, sans-serif;\">\u2705\u00a0<strong>24\/7 Unterst\u00fctzung<\/strong>\u00a0(Wir halten Ihnen den R\u00fccken frei)<\/span><\/li>\n<\/ul>\n<p class=\"ds-markdown-paragraph\"><span style=\"font-family: helvetica, arial, sans-serif;\"><strong>\ud83d\udca1 Betrachten Sie es als einen All-Access-Pass zum KI-Videoerfolg.<\/strong><\/span><\/p>\n<h4><span style=\"font-family: helvetica, arial, sans-serif;\"><strong><br \/>\n\ud83d\udce2 Letzter Aufruf zum Handeln (Nicht verpassen!)<\/strong><\/span><\/h4>\n<p class=\"ds-markdown-paragraph\"><span style=\"font-family: helvetica, arial, sans-serif;\">Der\u00a0<strong>AI Video Geldmaschine Bundle<\/strong>\u00a0wird nicht ewig so billig sein.\u00a0<strong>Mit jedem Tag, den Sie warten, verlieren Sie Aufrufe, Abonnenten und Einnahmen.<\/strong><\/span><\/p>\n<p class=\"ds-markdown-paragraph\"><span style=\"font-family: helvetica, arial, sans-serif;\">\ud83d\udd25\u00a0<strong>Klicken Sie JETZT auf \u201cIn den Warenkorb\u201d.<\/strong>\u00a0und beginnen Sie Ihre Reise nach\u00a0<strong>Mehr als 1 Million Aufrufe, viraler Ruhm und finanzielle Freiheit!<\/strong><\/span><\/p>\n<p class=\"ds-markdown-paragraph\"><span style=\"font-family: helvetica, arial, sans-serif;\"><strong><br \/>\nGef\u00e4llt Ihnen unser Produkt? <\/strong>Behalten Sie es nicht f\u00fcr sich - teilen Sie es mit Freunden und Familie! Verbreiten Sie die Nachricht, und lassen Sie uns gemeinsam noch mehr Herzen inspirieren. Klicken Sie auf die soziale Schaltfl\u00e4che unten und<strong> \u2018TEILEN\u2019, um etwas zu bewirken!<\/strong><\/span><\/p>\n<p class=\"ds-markdown-paragraph\"><span style=\"font-family: helvetica, arial, sans-serif;\">#AIVideo #BundleDeal #YouTubeGrowth #TikTokMarketing #PassiveIncome #VideoMarketing #AITools #ViralVideos #ContentCreation #DigitalMarketing #MMakeMoneyOnline #SEOHacks #SocialMediaGrowth #AIRevolution #VideoEditing<\/span><\/p>\n<p>&nbsp;<\/p>\n<p>&nbsp;<\/p>","protected":false},"excerpt":{"rendered":"<h4><span style=\"font-family: helvetica, arial, sans-serif;\"><strong><br \/>\n\ud83d\ude80 Der AI Video Bundle Deal, der darum bettelt, dass du viral gehst!!! \ud83d\ude80<\/strong><\/span><\/h4>\n<p><span style=\"font-family: helvetica, arial, sans-serif;\"><strong><br \/>\n<\/strong>Hallo zusammen!\u00a0<strong>M\u00fcde vom Schleifen f\u00fcr Ansichten<\/strong>\u00a0w\u00e4hrend andere Sch\u00f6pfer \u00fcber Nacht in die H\u00f6he schie\u00dfen? Diese\u00a0<strong>Ultimatives 4-in-1-AI-Video-Bundle-Angebot<\/strong>\u00a0\u00fcbergibt Ihnen die\u00a0<strong>genaue Instrumente<\/strong>\u00a0die Profis verwenden:<\/span><\/p>\n<ul>\n<li><span style=\"font-family: helvetica, arial, sans-serif;\">\ud83c\udfac\u00a0<strong>AI-Videoerstellung auf Steroiden<\/strong>: Abpumpen\u00a0<strong>hochwertige, ansprechende Videos in wenigen Minuten<\/strong>-kein Filmen, keine Schnittkenntnisse und keine ausgefallene Ausr\u00fcstung erforderlich!<\/span><\/li>\n<li><span style=\"font-family: helvetica, arial, sans-serif;\">\ud83d\udcc8\u00a0<strong>YouTube &amp; TikTok Vorherrschaft<\/strong>: Knacken Sie den Algorithmus mit\u00a0<strong>bew\u00e4hrte SEO-Hacks, virale Aufh\u00e4nger und Abk\u00fcrzungen f\u00fcr Wachstum<\/strong>\u00a0(auch wenn Sie bei Null anfangen).<\/span><\/li>\n<li><span style=\"font-family: helvetica, arial, sans-serif;\">\ud83d\udcb0\u00a0<strong>Monetarisierung bl\u00f6d einfach gemacht<\/strong>: Verwandeln Sie Ansichten in\u00a0<strong>passives Einkommen<\/strong>\u00a0mit\u00a0<strong>Partnerschaften, Werbeeinnahmen und Sponsoring<\/strong>-kein Betteln um Markendeals!<\/span><\/li>\n<li><span style=\"font-family: helvetica, arial, sans-serif;\">\u26a1\u00a0<strong>Zeitsparende AI-Tools<\/strong>: Verk\u00fcrzen Sie die Bearbeitungszeit mit\u00a0<strong>automatische Untertitelung, intelligente Schnitte und KI-gest\u00fctzte Miniaturansichten<\/strong>\u00a0dass\u00a0<em>Kraft<\/em>\u00a0Klicks.<\/span><\/li>\n<\/ul>\n<p><span style=\"font-family: helvetica, arial, sans-serif;\"><strong>\ud83d\udc49 <\/strong><strong>Dies ist nicht nur ein \u201cPaketangebot\u201d - es ist Ihr Cheat-Code f\u00fcr mehr als 1 Million Aufrufe.<\/strong>\u00a0\ud83d\udcb8<\/span><\/p>\n<p class=\"ds-markdown-paragraph\"><span style=\"font-family: helvetica, arial, sans-serif;\"><strong>\ud83d\udd25 Greifen Sie jetzt zu, bevor der Preis springt!<\/strong>\u00a0(Ihr zuk\u00fcnftiges Ich wird es Ihnen danken.)<\/span><\/p>","protected":false},"featured_media":10923,"comment_status":"open","ping_status":"closed","template":"","meta":{"rs_blank_template":"","rs_page_bg_color":"","slide_template_v7":""},"etheme_brands":[],"product_brand":[],"product_cat":[70,315,78,132,130,45,72,47],"product_tag":[311,213,313,314,312],"class_list":{"0":"post-10935","1":"product","2":"type-product","3":"status-publish","4":"has-post-thumbnail","6":"product_cat-ai","7":"product_cat-bundle-deals","8":"product_cat-e-commerce","9":"product_cat-software-scripts","10":"product_cat-stock-videos","11":"product_cat-template","12":"product_cat-tutorials-courses","13":"product_cat-video","14":"product_tag-ai-video-bundle","15":"product_tag-passive-income-tools","16":"product_tag-tiktok-growth","17":"product_tag-video-marketing-course","18":"product_tag-youtube-automation","19":"product_shipping_class-free-shipping","21":"first","22":"instock","23":"sale","24":"downloadable","25":"purchasable","26":"product-type-bundle"},"bundled_by":[],"bundle_stock_status":"instock","bundle_stock_quantity":"","bundle_virtual":false,"bundle_layout":"tabular","bundle_add_to_cart_form_location":"after_summary","bundle_editable_in_cart":false,"bundle_sold_individually_context":"product","bundle_item_grouping":"parent","bundle_min_size":3,"bundle_max_size":10,"bundle_price":{"price":{"min":{"incl_tax":"18.69","excl_tax":"18.69"},"max":{"incl_tax":"91.7","excl_tax":"91.7"}},"regular_price":{"min":{"incl_tax":"67.7","excl_tax":"67.7"},"max":{"incl_tax":"200","excl_tax":"200"}}},"bundled_items":[{"bundled_item_id":13,"product_id":10881,"menu_order":0,"quantity_min":1,"quantity_max":10,"quantity_default":1,"priced_individually":true,"shipped_individually":true,"override_title":false,"title":"Geld verdienen mit Video Marketing AI: 3-Schritte-System, um Clips zu Geld zu machen","override_description":false,"description":"","optional":false,"hide_thumbnail":false,"discount":"30","override_variations":false,"allowed_variations":[],"override_default_variation_attributes":false,"default_variation_attributes":[],"single_product_visibility":"visible","cart_visibility":"visible","order_visibility":"visible","single_product_price_visibility":"visible","cart_price_visibility":"visible","order_price_visibility":"visible","stock_status":"in_stock"},{"bundled_item_id":14,"product_id":9511,"menu_order":1,"quantity_min":1,"quantity_max":10,"quantity_default":1,"priced_individually":true,"shipped_individually":true,"override_title":true,"title":"YouTube Video Mastery: 10 AI-Tools zur Beherrschung von Video-SEO","override_description":false,"description":"","optional":false,"hide_thumbnail":false,"discount":"30","override_variations":false,"allowed_variations":[],"override_default_variation_attributes":false,"default_variation_attributes":[],"single_product_visibility":"visible","cart_visibility":"visible","order_visibility":"visible","single_product_price_visibility":"visible","cart_price_visibility":"visible","order_price_visibility":"visible","stock_status":"in_stock"},{"bundled_item_id":15,"product_id":9446,"menu_order":2,"quantity_min":1,"quantity_max":10,"quantity_default":1,"priced_individually":true,"shipped_individually":true,"override_title":false,"title":"YT-Rang-Analysator: 5 geheime Tools f\u00fcr 10X YouTube Traffic","override_description":false,"description":"","optional":false,"hide_thumbnail":false,"discount":"30","override_variations":false,"allowed_variations":[],"override_default_variation_attributes":false,"default_variation_attributes":[],"single_product_visibility":"visible","cart_visibility":"visible","order_visibility":"visible","single_product_price_visibility":"visible","cart_price_visibility":"visible","order_price_visibility":"visible","stock_status":"in_stock"},{"bundled_item_id":16,"product_id":8824,"menu_order":3,"quantity_min":1,"quantity_max":10,"quantity_default":1,"priced_individually":true,"shipped_individually":true,"override_title":false,"title":"K\u00fcnstliche Intelligenz im digitalen Marketing: 5 spielver\u00e4ndernde Taktiken f\u00fcr digitalen Erfolg","override_description":false,"description":"","optional":true,"hide_thumbnail":false,"discount":"30","override_variations":false,"allowed_variations":[],"override_default_variation_attributes":false,"default_variation_attributes":[],"single_product_visibility":"visible","cart_visibility":"visible","order_visibility":"visible","single_product_price_visibility":"visible","cart_price_visibility":"visible","order_price_visibility":"visible","stock_status":"in_stock"}],"bundle_sell_ids":[],"group_of_quantity":0,"min_quantity":1,"max_quantity":"","exclude_order_quantity_value_rules":"no","exclude_category_quantity_rules":"no","combine_variations":"no","exclude_global_add_ons":[],"addons":[],"_links":{"self":[{"href":"https:\/\/dealpify.com\/de\/wp-json\/wp\/v2\/product\/10935","targetHints":{"allow":["GET"]}}],"collection":[{"href":"https:\/\/dealpify.com\/de\/wp-json\/wp\/v2\/product"}],"about":[{"href":"https:\/\/dealpify.com\/de\/wp-json\/wp\/v2\/types\/product"}],"replies":[{"embeddable":true,"href":"https:\/\/dealpify.com\/de\/wp-json\/wp\/v2\/comments?post=10935"}],"version-history":[{"count":6,"href":"https:\/\/dealpify.com\/de\/wp-json\/wp\/v2\/product\/10935\/revisions"}],"predecessor-version":[{"id":10942,"href":"https:\/\/dealpify.com\/de\/wp-json\/wp\/v2\/product\/10935\/revisions\/10942"}],"wp:featuredmedia":[{"embeddable":true,"href":"https:\/\/dealpify.com\/de\/wp-json\/wp\/v2\/media\/10923"}],"wp:attachment":[{"href":"https:\/\/dealpify.com\/de\/wp-json\/wp\/v2\/media?parent=10935"}],"wp:term":[{"taxonomy":"brand","embeddable":true,"href":"https:\/\/dealpify.com\/de\/wp-json\/wp\/v2\/etheme_brands?post=10935"},{"taxonomy":"product_brand","embeddable":true,"href":"https:\/\/dealpify.com\/de\/wp-json\/wp\/v2\/product_brand?post=10935"},{"taxonomy":"product_cat","embeddable":true,"href":"https:\/\/dealpify.com\/de\/wp-json\/wp\/v2\/product_cat?post=10935"},{"taxonomy":"product_tag","embeddable":true,"href":"https:\/\/dealpify.com\/de\/wp-json\/wp\/v2\/product_tag?post=10935"}],"curies":[{"name":"wp","href":"https:\/\/api.w.org\/{rel}","templated":true}]}}