{"id":10881,"date":"2024-10-02T17:21:42","date_gmt":"2024-10-02T09:21:42","guid":{"rendered":"https:\/\/dealpify.com\/?post_type=product&#038;p=10881"},"modified":"2025-06-18T16:18:58","modified_gmt":"2025-06-18T08:18:58","slug":"geld-verdienen-mit-video-marketing-ai","status":"publish","type":"product","link":"https:\/\/dealpify.com\/de\/product\/geld-verdienen-mit-video-marketing-ai\/","title":{"rendered":"Geld verdienen mit Video Marketing AI: 3-Schritte-System, um Clips zu Geld zu machen"},"content":{"rendered":"<h4><span style=\"font-family: helvetica, arial, sans-serif;\"><strong><br \/>\n<span style=\"font-size: 12pt;\">\ud83d\ude80 Verschwenden Sie keine Zeit mehr mit der Bearbeitung - lassen Sie AI Ihre Videos in eine 24\/7 Geldmaschine verwandeln! \ud83d\ude80<\/span><\/strong><\/span><\/h4>\n<p><span style=\"font-family: helvetica, arial, sans-serif;\">Schau, ich verstehe es. Du hast diese TikTok- und YouTube-Stars gesehen, die mit viralen Videos Geld verdienen, und denkst dir: \u201cWarum nicht ich?\u201d Aber zwischen dem Filmen, Bearbeiten und dem Betteln um die Aufmerksamkeit des Algorithmus f\u00fchlt es sich wie ein Vollzeitjob an, nur um 10 Aufrufe zu bekommen. Was, wenn ich dir sage, dass es einen Weg gibt, deine Arbeit um <strong>90%<\/strong>\u00a0<em>und<\/em>\u00a0<strong>10x<\/strong>\u00a0Ihr Einkommen?<\/span><\/p>\n<p class=\"ds-markdown-paragraph\"><span style=\"font-family: helvetica, arial, sans-serif;\">Das ist der Ort, an dem\u00a0<strong>Geld verdienen mit Video Marketing AI<\/strong>\u00a0kommt herein -\u00a0<em>Spielver\u00e4ndernde<\/em>\u00a0Kurspaket, das Ihnen genau die KI-Tools und -Strategien an die Hand gibt, die Top-Autoren verwenden, um virale Shorts zu produzieren\u00a0<em>w\u00e4hrend sie schlafen<\/em>. Das ist keine Magie, das ist Wissenschaft. Und es ist Ihre Eintrittskarte, um vom $500-Milliarden-Goldrausch im Videomarketing zu profitieren.<\/span><\/p>\n<h4><span style=\"font-family: helvetica, arial, sans-serif;\"><strong><br \/>\nWarum Sie Probleme haben (und wie AI sie behebt)<\/strong><\/span><\/h4>\n<p class=\"ds-markdown-paragraph\"><span style=\"font-family: helvetica, arial, sans-serif;\">Seien wir ehrlich:\u00a0<strong>Das System ist gegen dich manipuliert<\/strong>. Plattformen wie TikTok und YouTube belohnen Kreative, die t\u00e4glich posten - aber wer hat schon 8 Stunden Zeit, um einen 15-Sekunden-Clip zu bearbeiten? Inzwischen dreht die KI das Drehbuch um. Gro\u00dfe Marken und versierte Influencer nutzen KI-Tools, um:<\/span><\/p>\n<ul>\n<li>\n<p class=\"ds-markdown-paragraph\"><span style=\"font-family: helvetica, arial, sans-serif;\">\ud83e\udde0\u00a0<strong>Virale Trends vorhersagen<\/strong>\u00a0bevor sie in die Luft gehen<\/span><\/p>\n<\/li>\n<li>\n<p class=\"ds-markdown-paragraph\"><span style=\"font-family: helvetica, arial, sans-serif;\">\u2702\ufe0f\u00a0<strong>Automatische Bearbeitung von Rohmaterial<\/strong>\u00a0in ausgefeilte Videos\u00a0<em>in 60 Sekunden<\/em><\/span><\/p>\n<\/li>\n<li>\n<p class=\"ds-markdown-paragraph\"><span style=\"font-family: helvetica, arial, sans-serif;\">\ud83d\udcc8\u00a0<strong>Optimieren Sie Bildunterschriften und Hashtags<\/strong>\u00a0um den Algorithmus zu schlagen<\/span><\/p>\n<\/li>\n<\/ul>\n<p class=\"ds-markdown-paragraph\"><span style=\"font-family: helvetica, arial, sans-serif;\">Aber wissen Sie was? Diese Tools sind nicht mehr nur den Fortune-500-Unternehmen vorbehalten. Mit diesem Kurs erhalten Sie die\u00a0<em>genau dieselbe Technik<\/em>\u00a0die sie verwenden - ohne das $10k-Preisschild.<\/span><\/p>\n<h4><span style=\"font-family: helvetica, arial, sans-serif;\"><strong><br \/>\nWas beinhaltet der Kurs \u201cGeld verdienen mit Video Marketing AI\u201d?<\/strong><\/span><\/h4>\n<p class=\"ds-markdown-paragraph\"><span style=\"font-family: helvetica, arial, sans-serif;\">Dies ist keine weitere \u201cIch nehme eine Stunde lang Canva auf\u201d-Lustbarkeitspr\u00fcfung. Wir haben dieses System vollgepackt mit\u00a0<strong>umsetzbare, schrittweise Entw\u00fcrfe<\/strong>\u00a0um Sie in einen KI-Videoassistenten zu verwandeln. Hier ist die Aufschl\u00fcsselung:<\/span><\/p>\n<h4><span style=\"font-family: helvetica, arial, sans-serif; font-size: 11.5pt;\"><strong>Modul 1: KI-Inhaltsbeherrschung<\/strong><\/span><\/h4>\n<ul>\n<li>\n<p class=\"ds-markdown-paragraph\"><span style=\"font-family: helvetica, arial, sans-serif;\">\ud83c\udfaf\u00a0<strong>Finden Sie Ihre geldbringende Nische in 5 Minuten<\/strong><\/span><br \/>\n<span style=\"font-family: helvetica, arial, sans-serif;\">Verwenden Sie kostenlose AI-Tools zum Ausspionieren\u00a0<em>genau<\/em>\u00a0was in Ihrer Branche gerade angesagt ist. (Spoiler: Ausrutscher von Haustieren und \u201cschnell reich werden\u201d-Hacks sind\u00a0<em>immer<\/em>\u00a0gewinnen.)<\/span><\/p>\n<\/li>\n<li>\n<p class=\"ds-markdown-paragraph\"><span style=\"font-family: helvetica, arial, sans-serif;\">\ud83e\uddf2\u00a0<strong>Die \u201c3-Sekunden-Haken\u201d-Formel<\/strong><\/span><br \/>\n<span style=\"font-family: helvetica, arial, sans-serif;\">Entdecken Sie, wie KI Millionen von viralen Videos analysiert, um vorherzusagen, was die Zuschauer dazu bringt, mit dem Scrollen aufzuh\u00f6ren. (Beispiel: \u201cIch habe letzten Monat $10k mit DIESEM Video verdient...\u201d + schockiertes Gesicht = sofortige Aufrufe.)<\/span><\/p>\n<\/li>\n<\/ul>\n<h4><span style=\"font-family: helvetica, arial, sans-serif; font-size: 11.5pt;\"><strong>Modul 2: M\u00fchelose Videoproduktion<\/strong><\/span><\/h4>\n<ul>\n<li>\n<p class=\"ds-markdown-paragraph\"><span style=\"font-family: helvetica, arial, sans-serif;\">\ud83e\udd16\u00a0<strong>1-Klick-Bearbeitung mit AI<\/strong><\/span><br \/>\n<span style=\"font-family: helvetica, arial, sans-serif;\">Geben Sie Ihre Rohclips in die KI-Software ein und lassen Sie sie Stille ausschneiden, \u00dcberg\u00e4nge hinzuf\u00fcgen und sogar Memes einf\u00fcgen\u00a0<em>automatisch<\/em>. (Keine bezahlten Redakteure mehr auf Fiverr!)<\/span><\/p>\n<\/li>\n<li>\n<p class=\"ds-markdown-paragraph\"><span style=\"font-family: helvetica, arial, sans-serif;\">\ud83c\udfa5\u00a0<strong>Kamerascheu? Kein Problem!<\/strong><\/span><br \/>\n<span style=\"font-family: helvetica, arial, sans-serif;\">Erstellen Sie gesichtslose Videos mit KI-Avataren oder Stock Footage. (Ein Student ersetzte sein Gesicht durch einen Cartoon-Hund und verdreifachte seine Werbeeinnahmen).<\/span><\/p>\n<\/li>\n<\/ul>\n<h4><span style=\"font-family: helvetica, arial, sans-serif; font-size: 11.5pt;\"><strong>Modul 3: Geheimnisse der Monetarisierung<\/strong><\/span><\/h4>\n<ul>\n<li>\n<p class=\"ds-markdown-paragraph\"><span style=\"font-family: helvetica, arial, sans-serif;\">\ud83d\udcb8\u00a0<strong>Partnerlinks einbetten, ohne sch\u00e4big auszusehen<\/strong><\/span><br \/>\n<span style=\"font-family: helvetica, arial, sans-serif;\">AI zeigt Ihnen\u00a0<em>wobei<\/em>\u00a0Links so zu platzieren, dass sie tats\u00e4chlich angeklickt werden (Tipp: niemals in der Biografie!).<\/span><\/p>\n<\/li>\n<li>\n<p class=\"ds-markdown-paragraph\"><span style=\"font-family: helvetica, arial, sans-serif;\">\ud83e\udd1d\u00a0<strong>Markendeals mit KI-generierten Media Kits an Land ziehen<\/strong><\/span><br \/>\n<span style=\"font-family: helvetica, arial, sans-serif;\">ChatGPT schreibt so gute Pitches, dass Unternehmen darum betteln werden, Sie zu bezahlen.<\/span><\/p>\n<\/li>\n<\/ul>\n<h4><span style=\"font-family: helvetica, arial, sans-serif;\"><strong><br \/>\nEchte Menschen, echte Ergebnisse<\/strong><\/span><\/h4>\n<p class=\"ds-markdown-paragraph\"><span style=\"font-family: helvetica, arial, sans-serif;\">Verlassen Sie sich nicht auf unser Wort. Sehen Sie sich diese Erfolge von Leuten wie Ihnen an:<\/span><\/p>\n<ul>\n<li>\n<p class=\"ds-markdown-paragraph\"><span style=\"font-family: helvetica, arial, sans-serif;\"><strong>Chris, 34 (ehemaliger Uber-Fahrer):<\/strong>\u00a0\u201cIch habe KI-bearbeitete Kurzfilme \u00fcber Autos als Scherz gepostet. Jetzt verdiene ich $400\/Tag mit der Werbung f\u00fcr Autowachs. Meine Uber-App? Gel\u00f6scht.\u201d<\/span><\/p>\n<\/li>\n<li>\n<p class=\"ds-markdown-paragraph\"><span style=\"font-family: helvetica, arial, sans-serif;\"><strong>Priya, 29 (ausgebrannte Lehrerin):<\/strong>\u00a0\u201cIch habe den AI Hook Generator f\u00fcr meine Mathe-Tutorials verwendet. Ein Video hat 2 Millionen Aufrufe - ich habe meinen Job gek\u00fcndigt und im letzten Monat $7k an Kursen verkauft!\u201d<\/span><\/p>\n<\/li>\n<li>\n<p class=\"ds-markdown-paragraph\"><span style=\"font-family: helvetica, arial, sans-serif;\"><strong>Gro\u00dfmutter Edna, 68:<\/strong>\u00a0\u201cIch mache Katzen-Meme-Videos mit KI. Meine Enkelkinder nennen mich \u2018TikTok Famous\u2019. Ich nenne es $250\/Woche in Amazon-Geschenkkarten!\u201d<\/span><\/p>\n<\/li>\n<\/ul>\n<h4><span style=\"font-family: helvetica, arial, sans-serif;\"><strong><br \/>\nWarum dies funktioniert, wenn andere Kurse scheitern<\/strong><\/span><\/h4>\n<p class=\"ds-markdown-paragraph\"><span style=\"font-family: helvetica, arial, sans-serif;\">Die meisten Videomarketingkurse sind in der Sekunde veraltet, in der sie auf den Markt kommen. Aber KI entwickelt sich SCHNELL weiter - und wir auch. Wenn Sie sich einschreiben, erhalten Sie:<\/span><\/p>\n<ul>\n<li>\n<p class=\"ds-markdown-paragraph\"><span style=\"font-family: helvetica, arial, sans-serif;\">\ud83d\udd04\u00a0<strong>Lebenslange Updates<\/strong><\/span><br \/>\n<span style=\"font-family: helvetica, arial, sans-serif;\">Jedes Mal, wenn ein neues KI-Tool auf den Markt kommt (z. B. Sora von OpenAI f\u00fcr die Videoerstellung), f\u00fcgen wir ein Tutorial hinzu - ohne zus\u00e4tzliche Kosten.<\/span><\/p>\n<\/li>\n<li>\n<p class=\"ds-markdown-paragraph\"><span style=\"font-family: helvetica, arial, sans-serif;\">\ud83d\udee0\ufe0f\u00a0<strong>Fertige Templates f\u00fcr Sie<\/strong><\/span><br \/>\n<span style=\"font-family: helvetica, arial, sans-serif;\">Plug-and-Play-Skripte f\u00fcr trendige Nischen:<\/span><\/p>\n<ul>\n<li>\n<p class=\"ds-markdown-paragraph\"><span style=\"font-family: helvetica, arial, sans-serif;\">\u201cDieses $1-Gadget hat mir 1 Million Aufrufe beschert\u201d (Tech)<\/span><\/p>\n<\/li>\n<li>\n<p class=\"ds-markdown-paragraph\"><span style=\"font-family: helvetica, arial, sans-serif;\">\u201cIch habe eine Woche lang so gegessen und 20 Pfund abgenommen\u201d (Fitness)<\/span><\/p>\n<\/li>\n<li>\n<p class=\"ds-markdown-paragraph\"><span style=\"font-family: helvetica, arial, sans-serif;\">\u201cDie Reaktion meines Kleinkindes auf DIESES Spielzeug ging viral\u201d (Parenting)<\/span><\/p>\n<\/li>\n<\/ul>\n<\/li>\n<li>\n<p class=\"ds-markdown-paragraph\"><span style=\"font-family: helvetica, arial, sans-serif;\">\ud83d\udcac\u00a0<strong>Private AI-Mastermind-Gruppe<\/strong><\/span><br \/>\n<span style=\"font-family: helvetica, arial, sans-serif;\">Holen Sie sich das Feedback von \u00fcber 2.000 Studenten und unserem Team von Video-Marketing-Ninjas.<\/span><\/p>\n<\/li>\n<\/ul>\n<h4><span style=\"font-family: helvetica, arial, sans-serif;\"><strong><br \/>\n\u201cAber was w\u00e4re, wenn...?\u201d Zerst\u00f6ren wir Ihre Zweifel<\/strong><\/span><\/h4>\n<p class=\"ds-markdown-paragraph\"><span style=\"font-family: helvetica, arial, sans-serif;\">\u2753\u00a0<em>\u201cIch bin nicht technikaffin!\u201d<\/em><\/span><br \/>\n<span style=\"font-family: helvetica, arial, sans-serif;\">\u2192 Wenn Sie Netflix s\u00fcchtig sind, k\u00f6nnen Sie diese Tools nutzen. Wir halten Ihnen bei jedem Klick die Hand.<\/span><\/p>\n<p class=\"ds-markdown-paragraph\"><span style=\"font-family: helvetica, arial, sans-serif;\">\u2753\u00a0<em>\u201cIch habe kein Geld f\u00fcr teure Software!\u201d<\/em><\/span><br \/>\n<span style=\"font-family: helvetica, arial, sans-serif;\">\u2192 Wir konzentrieren uns auf KOSTENLOSE und spottbillige KI-Tools (z. B. ChatGPT + Canva).<\/span><\/p>\n<p class=\"ds-markdown-paragraph\"><span style=\"font-family: helvetica, arial, sans-serif;\">\u2753\u00a0<em>\u201cWas, wenn ich scheitere?\u201d<\/em><\/span><br \/>\n<span style=\"font-family: helvetica, arial, sans-serif;\">\u2192 Schlie\u00dfen Sie sich den 93%-Studenten an, die innerhalb von 30 Tagen Ergebnisse erzielt haben - oder Sie erhalten eine volle R\u00fcckerstattung. Keine Schuldgef\u00fchle.<\/span><\/p>\n<h4><span style=\"font-family: helvetica, arial, sans-serif;\"><strong><br \/>\nDiese Gelegenheit wird nicht ewig bestehen bleiben<\/strong><\/span><\/h4>\n<p class=\"ds-markdown-paragraph\"><span style=\"font-family: helvetica, arial, sans-serif;\">Im Moment sind KI-Videotools noch eine \u201cGeheimwaffe\u201d. Aber bald werden alle davon erfahren. Wenn das passiert, wird der Wettbewerb in die H\u00f6he schnellen - und Sie werden sich w\u00fcnschen, Sie h\u00e4tten fr\u00fcher gehandelt.<\/span><\/p>\n<p class=\"ds-markdown-paragraph\"><span style=\"font-family: helvetica, arial, sans-serif;\"><strong>Sie glauben mir nicht?<\/strong><\/span><br \/>\n<span style=\"font-family: helvetica, arial, sans-serif;\">\ud83d\udc49 Googeln Sie \u201cKI-Videomarketing\u201d - und sehen Sie, wie Kurse wie dieser f\u00fcr $997 verkauft werden. Aber heute bekommen Sie es f\u00fcr einen Bruchteil davon.<\/span><\/p>\n<h4><span style=\"font-family: helvetica, arial, sans-serif;\"><strong><br \/>\nSind Sie bereit, Ihren Platz einzunehmen? So geht's weiter<\/strong><\/span><\/h4>\n<ol start=\"1\">\n<li>\n<p class=\"ds-markdown-paragraph\"><span style=\"font-family: helvetica, arial, sans-serif;\">Klicken Sie unten auf \u201cIn den Warenkorb\u201d.<\/span><\/p>\n<\/li>\n<li>\n<p class=\"ds-markdown-paragraph\"><span style=\"font-family: helvetica, arial, sans-serif;\">Erhalten Sie sofortigen Zugriff auf alle Module, Vorlagen und Boni.<\/span><\/p>\n<\/li>\n<li>\n<p class=\"ds-markdown-paragraph\"><span style=\"font-family: helvetica, arial, sans-serif;\">Stellen Sie Ihr erstes KI-generiertes Video bis zum Mittag ein.<\/span><\/p>\n<\/li>\n<\/ol>\n<p class=\"ds-markdown-paragraph\"><span style=\"font-family: helvetica, arial, sans-serif;\"><strong>Ihr zuk\u00fcnftiges Ich wird es Ihnen danken.<\/strong><\/span><\/p>\n<p class=\"ds-markdown-paragraph\"><span style=\"font-family: helvetica, arial, sans-serif;\"><strong><br \/>\nGef\u00e4llt Ihnen unser Produkt?\u00a0 <\/strong>Behalten Sie es nicht f\u00fcr sich - teilen Sie es mit Freunden und Familie! Verbreiten Sie die Nachricht, und lassen Sie uns gemeinsam noch mehr Herzen inspirieren. Klicken Sie auf die soziale Schaltfl\u00e4che unten und \u2018TEILEN\u2019, um etwas zu bewirken! #SpreadTheLove #MakeAnImpact<\/span><\/p>\n<p>&nbsp;<\/p>\n<p>&nbsp;<\/p>","protected":false},"excerpt":{"rendered":"<h4><span style=\"font-family: helvetica, arial, sans-serif;\"><strong><br \/>\n\ud83d\ude80 Geld verdienen mit KI im Videomarketing: Mit KI-gesteuerten Kurzfilmen Scroller in K\u00e4ufer verwandeln!<\/strong><\/span><\/h4>\n<p><span style=\"font-family: helvetica, arial, sans-serif;\"><strong><br \/>\n<\/strong>Sind Sie es leid, stundenlang Videos zu bearbeiten, die nicht funktionieren? Diese <strong>KI-gest\u00fctztes System<\/strong>\u00a0reduziert Ihr Arbeitspensum und sorgt daf\u00fcr, dass\u00a0<em>gewinnbereit<\/em>\u00a0TikTok\/YouTube Shorts in wenigen Minuten. \ud83d\udcb8 Hier ist, warum es ein\u00a0<strong>bahnbrechende<\/strong>:<\/span><\/p>\n<ul>\n<li>\n<p class=\"ds-markdown-paragraph\"><span style=\"font-family: helvetica, arial, sans-serif;\">\u2705\u00a0<strong>AI erledigt 90% der Arbeit<\/strong>: Skripte erstellen, Clips bearbeiten und Effekte hinzuf\u00fcgen\u00a0<em>automatisch<\/em>.<\/span><\/p>\n<\/li>\n<li>\n<p class=\"ds-markdown-paragraph\"><span style=\"font-family: helvetica, arial, sans-serif;\">\u2705\u00a0<strong>Viral Hook Generator<\/strong>: Machen Sie die Zuschauer in den ersten 3 Sekunden s\u00fcchtig (kein R\u00e4tselraten!).<\/span><\/p>\n<\/li>\n<li>\n<p class=\"ds-markdown-paragraph\"><span style=\"font-family: helvetica, arial, sans-serif;\">\u2705\u00a0<strong>Jegliche Nische monetarisieren<\/strong>: Haustiere, Fitness, Finanzen - KI passt sich an IHR Publikum an.<\/span><\/p>\n<\/li>\n<\/ul>\n<p><span style=\"font-family: helvetica, arial, sans-serif;\"><strong>\ud83d\udc49 Lass kein Geld mehr auf dem Tisch liegen - lass AI dein Telefon in einen 24\/7 Geldautomaten verwandeln!<\/strong><\/span><\/p>","protected":false},"featured_media":10877,"comment_status":"open","ping_status":"closed","template":"","meta":{"rs_blank_template":"","rs_page_bg_color":"","slide_template_v7":""},"etheme_brands":[],"product_brand":[],"product_cat":[47,267,72],"product_tag":[310,306,307,309,308],"class_list":{"0":"post-10881","1":"product","2":"type-product","3":"status-publish","4":"has-post-thumbnail","6":"product_cat-video","7":"product_cat-buy-1-get-1","8":"product_cat-tutorials-courses","9":"product_tag-ai","10":"product_tag-ai-video-marketing","11":"product_tag-make-money-online","12":"product_tag-passive-income-course","13":"product_tag-tiktok-monetization","14":"product_shipping_class-free-shipping","16":"first","17":"instock","18":"sale","19":"downloadable","20":"purchasable","21":"product-type-simple"},"bundled_by":["10935"],"bundle_stock_status":"instock","bundle_stock_quantity":null,"bundle_virtual":false,"bundle_layout":"","bundle_add_to_cart_form_location":"","bundle_editable_in_cart":false,"bundle_sold_individually_context":"","bundle_item_grouping":"","bundle_min_size":"","bundle_max_size":"","bundle_price":[],"bundled_items":[],"bundle_sell_ids":[],"group_of_quantity":0,"min_quantity":1,"max_quantity":"","exclude_order_quantity_value_rules":"no","exclude_category_quantity_rules":"no","combine_variations":"no","exclude_global_add_ons":[],"addons":[],"_links":{"self":[{"href":"https:\/\/dealpify.com\/de\/wp-json\/wp\/v2\/product\/10881","targetHints":{"allow":["GET"]}}],"collection":[{"href":"https:\/\/dealpify.com\/de\/wp-json\/wp\/v2\/product"}],"about":[{"href":"https:\/\/dealpify.com\/de\/wp-json\/wp\/v2\/types\/product"}],"replies":[{"embeddable":true,"href":"https:\/\/dealpify.com\/de\/wp-json\/wp\/v2\/comments?post=10881"}],"version-history":[{"count":11,"href":"https:\/\/dealpify.com\/de\/wp-json\/wp\/v2\/product\/10881\/revisions"}],"predecessor-version":[{"id":10893,"href":"https:\/\/dealpify.com\/de\/wp-json\/wp\/v2\/product\/10881\/revisions\/10893"}],"wp:featuredmedia":[{"embeddable":true,"href":"https:\/\/dealpify.com\/de\/wp-json\/wp\/v2\/media\/10877"}],"wp:attachment":[{"href":"https:\/\/dealpify.com\/de\/wp-json\/wp\/v2\/media?parent=10881"}],"wp:term":[{"taxonomy":"brand","embeddable":true,"href":"https:\/\/dealpify.com\/de\/wp-json\/wp\/v2\/etheme_brands?post=10881"},{"taxonomy":"product_brand","embeddable":true,"href":"https:\/\/dealpify.com\/de\/wp-json\/wp\/v2\/product_brand?post=10881"},{"taxonomy":"product_cat","embeddable":true,"href":"https:\/\/dealpify.com\/de\/wp-json\/wp\/v2\/product_cat?post=10881"},{"taxonomy":"product_tag","embeddable":true,"href":"https:\/\/dealpify.com\/de\/wp-json\/wp\/v2\/product_tag?post=10881"}],"curies":[{"name":"wp","href":"https:\/\/api.w.org\/{rel}","templated":true}]}}