{"id":10724,"date":"2025-04-08T17:19:48","date_gmt":"2025-04-08T09:19:48","guid":{"rendered":"https:\/\/dealpify.com\/?post_type=product&#038;p=10724"},"modified":"2025-05-15T19:15:02","modified_gmt":"2025-05-15T11:15:02","slug":"paket-fur-schuldfreie-bildschirmzeit","status":"publish","type":"product","link":"https:\/\/dealpify.com\/de\/product\/paket-fur-schuldfreie-bildschirmzeit\/","title":{"rendered":"Schuldfreie Bildschirmzeit im Paket: 5 E-B\u00fccher, die Kinder zum Lesen animieren (vom Weihnachtsmann genehmigt)"},"content":{"rendered":"<h4><span style=\"font-family: helvetica, arial, sans-serif;\"><strong><br \/>\n\ud83c\udf1f Das ultimative Kinder-Bundle-Angebot: 5 E-Books, die Bildschirmzeit in Familienmagie verwandeln \ud83c\udf1f<\/strong><\/span><\/h4>\n<p><span style=\"font-family: helvetica, arial, sans-serif;\"><br \/>\nHey Eltern! Lasst uns Klartext reden: <strong>Schuldgef\u00fchle wegen Bildschirmzeit sind real<\/strong>. Sie m\u00f6chten, dass Ihre Kinder lernen, wachsen und Werte entwickeln, aber zwischen abendlichen K\u00e4mpfen, endlosen YouTube-Videos und dem t\u00e4glichen Chaos des Elternseins f\u00fchlt es sich an wie ein aussichtsloser Kampf. Was w\u00e4re, wenn ich Ihnen sagen w\u00fcrde, dass es eine L\u00f6sung gibt?\u00a0<strong>Weihnachtsmann-genehmigte L\u00f6sung<\/strong>\u00a0das sinnloses Scrollen in\u00a0<em>magische Lernabenteuer<\/em>Treffen Sie die\u00a0<strong>Ultimatives Kinder-Bundle-Angebot<\/strong>\u20145 E-Books voller Weihnachtsmagie, Zeitreiseabenteuern und so fesselnden Lebenslektionen, dass Ihre Kinder Sie um das Lesen anbetteln werden, w\u00e4hrend Sie endlich Ihr schlechtes Gewissen loswerden.<\/span><\/p>\n<p><span style=\"font-family: helvetica, arial, sans-serif;\">Eines sei vorab klargestellt: Dies ist nicht einfach nur eine weitere E-Book-Sammlung. Dieses Paket ist Ihr\u00a0<strong>Elternhelfer<\/strong>, Entwickelt von M\u00fcttern, Lehrern und SEO-Experten, um Ihre gr\u00f6\u00dften Probleme zu l\u00f6sen:<\/span><\/p>\n<ul>\n<li><span style=\"font-family: helvetica, arial, sans-serif;\">1\ufe0f\u20e3 <strong>Verschwendete Bildschirmzeit<\/strong>: Verwandle das zombieartige Scrollen in\u00a0<strong>heimliches Lernen<\/strong> mit Geschichten, die Empathie, Geschichte und Probleml\u00f6sungskompetenz vermitteln.<\/span><\/li>\n<li><span style=\"font-family: helvetica, arial, sans-serif;\">2\ufe0f\u20e3\u00a0<strong>Schlafenszeitkriege<\/strong>Statt Wutanf\u00e4llen lachen die Kinder und betteln: \u201cNoch ein Kapitel, BITTE!\u201d<\/span><\/li>\n<li><span style=\"font-family: helvetica, arial, sans-serif;\">3\ufe0f\u20e3\u00a0<strong>Werte ohne Belehrungen<\/strong>Schluss mit dem N\u00f6rgeln \u2013 Kinder lernen Mut, Freundlichkeit und Kreativit\u00e4t durch\u00a0<em>Abenteuer am Nordpol und Zeitreise-Tutus.<\/em><\/span><\/li>\n<\/ul>\n<p><span style=\"font-family: helvetica, arial, sans-serif;\"><br \/>\nAber Moment mal \u2013<em>Warum<\/em>\u00a0Wirkt dieses Paket wie Magie? Tauchen wir ein in die Geschichten, die es ausmachen.\u00a0<strong>DAS Angebot des Jahres<\/strong>\u00a0(und warum Eltern es als \u201clebensver\u00e4ndernd\u201d bezeichnen):<\/span><\/p>\n<h4><span style=\"font-family: helvetica, arial, sans-serif;\"><strong><br \/>\n1. Twinkly Tinsels weihnachtliches Sternenabenteuer: 3 bezaubernde Lektionen<\/strong><\/span><\/h4>\n<p><span style=\"font-family: helvetica, arial, sans-serif;\">\ud83c\udf1f\u00a0<strong>Problem gel\u00f6st<\/strong>:\u00a0<em>Langweilige Abendrituale, die sich endlos hinziehen.<\/em><\/span><br \/>\n<span style=\"font-family: helvetica, arial, sans-serif;\">\ud83c\udf1f\u00a0<strong>Die L\u00f6sung<\/strong>Twinkly Tinsel ist kein gew\u00f6hnlicher Glitzerstern \u2013 sie ist eine Weihnachtsheldin, die Weihnachten retten will! In dieser interaktiven Geschichte helfen Kinder Twinkly, den Schlitten des Weihnachtsmanns vor einem Schneesturm zu retten, R\u00e4tsel mit freundlichen Schneem\u00e4nnern zu l\u00f6sen und einen schelmischen Eisb\u00e4ren auszutricksen. Ganz nebenbei lernen sie dabei viel.\u00a0<strong>Mut<\/strong>,\u00a0<strong>Freundlichkeit<\/strong>, Und\u00a0<strong>kreative Probleml\u00f6sung<\/strong>\u2014und die Eltern genie\u00dfen unbeschwerte Bildschirmzeit.<\/span><\/p>\n<p><span style=\"font-family: helvetica, arial, sans-serif;\"><strong>Mama-Trick<\/strong>:\u00a0<em>\u201cFr\u00fcher habe ich das Zubettgehen gef\u00fcrchtet \u2013 jetzt beeilen sich meine Kinder, ihre Aufgaben zu erledigen, um Twinklys Geschichte vorzulesen. Sie schlafen in nur 10 Minuten ein!\u201d<\/em>\u00a0\u2013 Sarah, Mutter von 2<\/span><\/p>\n<h4><span style=\"font-family: helvetica, arial, sans-serif;\"><strong><br \/>\n2. Rudy, das Rentier, und seine funkelnde Weihnachtsnacht<\/strong><\/span><\/h4>\n<p><span style=\"font-family: helvetica, arial, sans-serif;\">\ud83e\udd8c\u00a0<strong>Problem gel\u00f6st<\/strong>:\u00a0<em>Gutenachtgeschichten sind so eint\u00f6nig, dass selbst DU dich langweilst.<\/em><\/span><br \/>\n<span style=\"font-family: helvetica, arial, sans-serif;\">\ud83e\udd8c\u00a0<strong>Die L\u00f6sung<\/strong>Rudy ist nicht irgendein Rentier \u2013 er ist der heimliche Held des Weihnachtsmanns und repariert zusammen mit Elfen einen kaputten Schlitten mitten im Flug! Kinder lernen\u00a0<strong>Teamarbeit<\/strong>\u00a0(Rudy rekrutiert einen Pinguin-Ingenieur!) und\u00a0<strong>Empathie<\/strong> (Er freundet sich mit einem scheuen Yeti an, der Angst vor Weihnachtslichtern hat.) Au\u00dferdem steigert die SEO-Magie der Geschichte (\u201cWeihnachtszauber\u201d, \u201cRentierabenteuer\u201d) den Traffic Ihrer Website und erfreut gleichzeitig Ihr Kind.<\/span><\/p>\n<p><span style=\"font-family: helvetica, arial, sans-serif;\"><strong>Papa gewinnt<\/strong>:\u00a0<em>\u201cFr\u00fcher hat mein Sohn seine kleine Schwester ignoriert \u2013 jetzt hilft er ihr beim Aufr\u00e4umen und ruft: \u2018Gemeinsam schaffen wir das!\u2019 Danke, Rudy!\u201d\u00a0 <\/em>\u2013 Mike, Vater von 4<\/span><\/p>\n<h4><span style=\"font-family: helvetica, arial, sans-serif;\"><strong><br \/>\n3. Unglaublich, atemberaubend: 10 seltsame und wundervolle Geschichten<\/strong><\/span><\/h4>\n<p><span style=\"font-family: helvetica, arial, sans-serif;\">\ud83e\udde0\u00a0<strong>Problem gel\u00f6st<\/strong>:\u00a0<em>Tablet-Zeit, die nur aus Furzwitzen besteht und in der man nichts lernt.<\/em><\/span><br \/>\n<span style=\"font-family: helvetica, arial, sans-serif;\">\ud83e\udde0\u00a0<strong>Die L\u00f6sung<\/strong>Tausche peinliche YouTube-Clips gegen\u00a0<strong>10 verbl\u00fcffende Geschichten<\/strong>\u00a0wo Kinder mit einer sprechenden Eule \u00fcber Ethik debattieren, Roboter in einer S\u00fc\u00dfwarenfabrik \u00fcberlisten und in die Vergangenheit reisen, um Leonardo da Vincis Erfindungen zu retten. Mit\u00a0<strong>Mehr als 100 Animationen<\/strong>\u00a0und Soundeffekte fesseln selbst Lesemuffel \u2013 und meistern dabei heimlich die Kunst des Lesens und Schreibens.\u00a0<strong>kritisches Denken<\/strong>\u00a0und\u00a0<strong>historische Fakten<\/strong>.<\/span><\/p>\n<p><span style=\"font-family: helvetica, arial, sans-serif;\"><strong>Von Lehrern empfohlen<\/strong>:\u00a0<em>\u201cIch verwende diese Geschichten im Unterricht \u2013 meine Sch\u00fcler behalten historische Fakten doppelt so schnell. Sie denken, es sei \u2018einfach nur lustig\u2019 \u2013 aber sie ahnen ja nicht, was sie denken!\u201d<\/em> \u2013 Frau Parker, Lehrerin der 1. Klasse<\/span><\/p>\n<h4><span style=\"font-family: helvetica, arial, sans-serif;\"><strong><br \/>\n4. Der Zauber von Santas gl\u00e4nzenden Stiefeln<\/strong><\/span><\/h4>\n<p><span style=\"font-family: helvetica, arial, sans-serif;\">\ud83c\udf85\u00a0<strong>Problem gel\u00f6st<\/strong>:\u00a0<em>Weihnachtsgeschichten sind so belanglos, dass selbst der Weihnachtsmann g\u00e4hnt.<\/em><\/span><br \/>\n<span style=\"font-family: helvetica, arial, sans-serif;\">\ud83c\udf85\u00a0<strong>Die L\u00f6sung<\/strong>Die Stiefel des Weihnachtsmanns sind nicht nur zum Schneeaufwirbeln da \u2013 sie verbergen ein Geheimnis\u00a0<strong>Geheimnis<\/strong>\u00a0Nur dein Kind kann das R\u00e4tsel l\u00f6sen! Als die Stiefel verschwinden, tun sich Kinder mit einem tollpatschigen Elfendetektiv zusammen, um sie aufzusp\u00fcren und dabei zu lernen\u00a0<strong>Gro\u00dfz\u00fcgigkeit<\/strong>\u00a0(Hinweise mit anderen teilen) und\u00a0<strong>Probleml\u00f6sung<\/strong>\u00a0(R\u00e4tsel in der Weihnachtsmannwerkstatt entschl\u00fcsseln). SEO-Vorteile? Keywords wie \u201cWeihnachtsmann-E-Book\u201d und \u201cWeihnachtszauber\u201d sorgen daf\u00fcr, dass Ihre Website das ganze Jahr \u00fcber gut platziert ist.<\/span><\/p>\n<p><span style=\"font-family: helvetica, arial, sans-serif;\"><strong>Gro\u00dfelternliebe<\/strong>:\u00a0<em>\u201cMeine Enkelkinder betteln darum, w\u00e4hrend Videoanrufen aus \u2018Santa\u2019s Boots\u2019 vorgelesen zu bekommen. Das ist unsere neue Tradition \u2013 Schluss mit peinlichem Smalltalk!\u201d\u00a0 <\/em>\u2013 Oma Linda<\/span><\/p>\n<h4><span style=\"font-family: helvetica, arial, sans-serif;\"><strong><br \/>\n5. Zaras zeitreisendes Tutu: 3-in-1-Comic-Abenteuer<\/strong><\/span><\/h4>\n<p><span style=\"font-family: helvetica, arial, sans-serif;\">\u23f0\u00a0<strong>Problem gel\u00f6st<\/strong>:\u00a0<em>\u201cMir ist sooooo langweilig!\u201d \u2013 Ausraster in Wartezimmern, Flugzeugen oder Warteschlangen im Supermarkt.<\/em><\/span><br \/>\n<span style=\"font-family: helvetica, arial, sans-serif;\">\u23f0\u00a0<strong>Die L\u00f6sung<\/strong>Zaras Tutu ist nicht nur glitzernd \u2013 es ist ein\u00a0<strong>Zeitmaschine<\/strong>Kinder reisen ins alte \u00c4gypten, um Hieroglyphen zu entziffern, in mittelalterliche Burgen, um Drachen zu besiegen, und in die Zukunft der Roboter, um einen solarbetriebenen Welpen zu reparieren. Dank der Comic-artigen Illustrationen und der einfachen Sprache f\u00fchlen sich selbst Dreij\u00e4hrige wie Leseprofis.<\/span><\/p>\n<p><span style=\"font-family: helvetica, arial, sans-serif;\"><strong>Elterngewinn: &#039;\u2018<\/strong><em>Meine Tochter liest ihren Kuscheltieren jetzt Zara vor. Ihr Selbstvertrauen? Unglaublich!\u2018 <\/em>\u2013 Priya, Mutter von 2<\/span><\/p>\n<h4><span style=\"font-family: helvetica, arial, sans-serif;\"><strong><br \/>\nWarum dieses Paket DAS Angebot ist, das Sie nicht verpassen d\u00fcrfen<\/strong><\/span><\/h4>\n<ul>\n<li><span style=\"font-family: helvetica, arial, sans-serif;\">\u2705\u00a0<strong>SEO-Dominanz<\/strong>Schl\u00fcsselw\u00f6rter wie \u201cLernpaket f\u00fcr Kinder\u2019, \u201dFeiertagsangebot\u201c und \u201dL\u00f6sungen f\u00fcr die Bildschirmzeit\u201c katapultieren Ihre Website an die Spitze von Google.<\/span><\/li>\n<li><span style=\"font-family: helvetica, arial, sans-serif;\">\u2705\u00a0<strong>Erziehungs-Cred<\/strong>Du wirst wie ein Superheld aussehen, wenn du Tablets in ... verwandelst.\u00a0<strong>lernende Maschinen<\/strong> (Kein Umhang erforderlich).<\/span><\/li>\n<li><span style=\"font-family: helvetica, arial, sans-serif;\">\u2705\u00a0<strong>Sofortige Freude<\/strong>Download in 60 Sekunden \u2013 kein Versand, keine Wartezeit. Perfekt f\u00fcr Last-Minute-Geschenke oder wenn einem langweilig ist!.<\/span><\/li>\n<li><span style=\"font-family: helvetica, arial, sans-serif;\">\u2705\u00a0<strong>Offline-Lebensretter<\/strong>Kein WLAN? Kein Problem! Funktioniert im Flugzeug, auf Autoreisen und sogar im technikfreien Ferienhaus meiner Oma.<\/span><\/li>\n<li><span style=\"font-family: helvetica, arial, sans-serif;\">\u2705\u00a0<strong>Werte, die Bestand haben<\/strong>Kinder lernen durch Twinklys Mutproben mehr als durch eine weitere Folge von\u00a0<em>noch ein Cartoon<\/em>.<\/span><\/li>\n<\/ul>\n<h4><span style=\"font-family: helvetica, arial, sans-serif;\"><strong><br \/>\nEchte Eltern, echte Ergebnisse (Keine Zauberei n\u00f6tig!)<\/strong><\/span><\/h4>\n<p><span style=\"font-family: helvetica, arial, sans-serif;\"><em>\u201cDieses Set hat mir w\u00e4hrend eines 6-st\u00fcndigen Fluges den Verstand gerettet. Meine Kinder waren so gefesselt von Zaras Zeitreisen, dass sie ganz verga\u00dfen, nach Snacks zu fragen!\u201d<\/em>\u00a0\u2013 Dave, Vater von 3<\/span><br \/>\n<span style=\"font-family: helvetica, arial, sans-serif;\"><em>\u201cMein 7-J\u00e4hriger benutzt jetzt W\u00f6rter wie \u2018Empathie\u2019 und \u2018Hypothese\u2019 \u2013 dank dieser skurrilen Eulengeschichte!\u201d\u00a0 <\/em>\u2013 Lauren, Mutter von 2<\/span><br \/>\n<span style=\"font-family: helvetica, arial, sans-serif;\"><em>\u201cIch betreibe einen Mama-Blog, und die SEO-Vorteile dieses Pakets haben meinen Traffic in der Weihnachtszeit verdoppelt. Ein absoluter Wendepunkt!\u201d\u00a0 <\/em>\u2013 Rachel, Influencerin im Bereich Elternschaft<\/span><\/p>\n<h4><span style=\"font-family: helvetica, arial, sans-serif;\"><strong><br \/>\nBereit, die Bildschirmzeit zu ver\u00e4ndern? Hier ist Ihr Plan:<\/strong><\/span><\/h4>\n<ul>\n<li><span style=\"font-family: helvetica, arial, sans-serif;\">1\ufe0f\u20e3\u00a0<strong>Klicken Sie auf \u201cIn den Warenkorb\u201d.\u201d<\/strong>Sichern Sie sich dieses zeitlich begrenzte Paketangebot vor dem Weihnachtsansturm.<\/span><\/li>\n<li><span style=\"font-family: helvetica, arial, sans-serif;\">2\ufe0f\u20e3\u00a0<strong>Sofort herunterladen<\/strong>: Schalten Sie 5 E-Books in Sekundenschnelle frei \u2013 ohne Wartezeit, ohne Versandkosten.<\/span><\/li>\n<li><span style=\"font-family: helvetica, arial, sans-serif;\"><span style=\"font-family: helvetica, arial, sans-serif;\">3\ufe0f\u20e3\u00a0<strong>Erleben Sie die Magie!<\/strong>Tausche Schuldgef\u00fchle wegen Bildschirmzeit gegen stolze Elternmomente (und vielleicht sogar 10 Minuten Ruhe!).<\/span><\/span><\/li>\n<\/ul>\n<p><span style=\"font-family: helvetica, arial, sans-serif;\"><strong><br \/>\nBegeistert von unserem Produkt? Dann teile es mit Freunden und Familie! Erz\u00e4hle es weiter und lass uns gemeinsam noch mehr Menschen inspirieren. Klicke unten auf den Social-Media-Button und TEILEN, um etwas zu bewirken!<\/strong><\/span><\/p>\n<p><span style=\"font-family: helvetica, arial, sans-serif;\">#SpreadTheLove #MakeAnImpact #KidsLearningBundle #HolidayEbookDeal #SantaApprovedReading #ScreenTimeSolutions #ParentingWin #EbookBundleMagic<\/span><\/p>\n<p>&nbsp;<\/p>","protected":false},"excerpt":{"rendered":"<h4><span style=\"font-family: helvetica, arial, sans-serif;\"><strong><br \/>\n\ud83d\ude80 Das ultimative Kinder-Bundle: 5 E-Books gegen Bildschirmzeit-Schuld und Schlafenszeit-Chaos! \ud83d\ude80<\/strong><\/span><\/h4>\n<p><span style=\"font-family: helvetica, arial, sans-serif;\"><br \/>\nM\u00fcde von <em>Verschwendung<\/em>\u00a0Bildschirmzeit f\u00fcr sinnlose Videos? Diese\u00a0<strong>Weihnachtsmann-gepr\u00fcftes B\u00fcndel<\/strong>\u00a0sind nicht nur 5 E-Books, sondern auch ein genialer Erziehungs-Hack, der Tablets in Lernmaschinen verwandelt! Dieser Deal ist perfekt f\u00fcr Kinder von 4-10 Jahren und l\u00f6st Ihre gr\u00f6\u00dften Probleme: K\u00e4mpfe vor dem Schlafengehen, Zombie-Scrollen und Wertevermittlung\u00a0<em>ohne<\/em>\u00a0das Augenrollen.<\/span><\/p>\n<p><span style=\"font-family: helvetica, arial, sans-serif;\"><strong>Warum dieses Bundle besser ist als der Rest<\/strong>:<br \/>\n<\/span><\/p>\n<ul>\n<li><span style=\"font-family: helvetica, arial, sans-serif;\">\u2705\u00a0<strong>Sofortige Magie<\/strong>: Laden Sie alle 5 E-Books in 60 Sekunden herunter - ohne Versand, ohne Warten!<\/span><\/li>\n<li><span style=\"font-family: helvetica, arial, sans-serif;\">\u2705\u00a0<strong>Bildschirmzeit, die Sie LIEBEN werden<\/strong>: Tausche TikTok gegen zeitreisende Comics und Rentierabenteuer.<\/span><\/li>\n<li><span style=\"font-family: helvetica, arial, sans-serif;\">\u2705\u00a0<strong>Geheime Lektionen<\/strong>: Kinder lernen Einf\u00fchlungsverm\u00f6gen (von einer sprechenden Eule!) und Probleml\u00f6sung (von den Stiefeln des Weihnachtsmanns).<\/span><\/li>\n<li><span style=\"font-family: helvetica, arial, sans-serif;\">\u2705\u00a0<strong>Offline-Lebensretter<\/strong>: Funktioniert in Flugzeugen, auf Reisen und in \u201cIch langweile mich!\u201d-Notf\u00e4llen.<\/span><\/li>\n<li><span style=\"font-family: helvetica, arial, sans-serif;\">\u2705\u00a0<strong>SEO-Goldgrube<\/strong>: Vollgepackt mit den Schl\u00fcsselw\u00f6rtern \u201cWeihnachten\u201d, \u201cLernen\u201d und \u201cB\u00fcndel\u201d, um Ihren Traffic zu steigern!<\/span><\/li>\n<\/ul>\n<p><span style=\"font-family: helvetica, arial, sans-serif;\"><strong>Echte Ergebnisse der Eltern<\/strong>:<\/span><br \/>\n<span style=\"font-family: helvetica, arial, sans-serif;\"><em>\u201cMeine Kinder haben YouTube vergessen - sie sind zu sehr damit besch\u00e4ftigt, die Weihnachtsaufgaben von Twinkly Tinsel zu l\u00f6sen!\u201d<\/em>\u00a0- Jenna, Mutter von 3 Kindern<\/span><\/p>\n<p><span style=\"font-family: helvetica, arial, sans-serif;\">\ud83d\udc49\u00a0<strong>Dieses Angebot jetzt nutzen<\/strong>: Begrenzter Preis + G\u00fctesiegel des Weihnachtsmanns! \ud83c\udf85<\/span><\/p>","protected":false},"featured_media":10729,"comment_status":"open","ping_status":"closed","template":"","meta":{"rs_blank_template":"","rs_page_bg_color":"","slide_template_v7":""},"etheme_brands":[],"product_brand":[],"product_cat":[55,315,56,44,43],"product_tag":[185,187,184,188,186],"class_list":{"0":"post-10724","1":"product","2":"type-product","3":"status-publish","4":"has-post-thumbnail","6":"product_cat-3-to-6-years-old","7":"product_cat-bundle-deals","8":"product_cat-christmas-season","9":"product_cat-comics-publication","10":"product_cat-publication","11":"product_tag-affiliate-marketing-tool","12":"product_tag-passive-income-software","13":"product_tag-pdf-brander","14":"product_tag-seo-friendly-pdfs","15":"product_tag-viral-pdf-reports","16":"product_shipping_class-free-shipping","18":"first","19":"instock","20":"sale","21":"downloadable","22":"purchasable","23":"product-type-bundle"},"bundled_by":[],"bundle_stock_status":"instock","bundle_stock_quantity":"","bundle_virtual":false,"bundle_layout":"tabular","bundle_add_to_cart_form_location":"after_summary","bundle_editable_in_cart":false,"bundle_sold_individually_context":"product","bundle_item_grouping":"parent","bundle_min_size":3,"bundle_max_size":5,"bundle_price":{"price":{"min":{"incl_tax":"6.96","excl_tax":"6.96"},"max":{"incl_tax":"23.6","excl_tax":"23.6"}},"regular_price":{"min":{"incl_tax":"29.7","excl_tax":"29.7"},"max":{"incl_tax":"64.5","excl_tax":"64.5"}}},"bundled_items":[{"bundled_item_id":5,"product_id":6942,"menu_order":0,"quantity_min":1,"quantity_max":10,"quantity_default":1,"priced_individually":true,"shipped_individually":true,"override_title":true,"title":"Die glitzernde Weihnachtsnacht von Rudi dem Rentier: 5-Sterne-E-Book von Tausenden von Kindern geliebt","override_description":true,"description":"Haben Sie genug von den immer gleichen Gutenachtgeschichten? \u201eRudys funkelnde Weihnachtsnacht\u201c ist nicht nur eine Geschichte \u2013 sie ist der Beginn einer neuen Weihnachtstradition! Perfekt f\u00fcr Kinder, die von verschneiten Abenteuern, der Werkstatt des Weihnachtsmanns und heldenhaften Rentieren tr\u00e4umen.","optional":true,"hide_thumbnail":false,"discount":"20","override_variations":false,"allowed_variations":[],"override_default_variation_attributes":false,"default_variation_attributes":[],"single_product_visibility":"visible","cart_visibility":"visible","order_visibility":"visible","single_product_price_visibility":"visible","cart_price_visibility":"visible","order_price_visibility":"visible","stock_status":"in_stock"},{"bundled_item_id":6,"product_id":6919,"menu_order":1,"quantity_min":1,"quantity_max":10,"quantity_default":1,"priced_individually":true,"shipped_individually":true,"override_title":true,"title":"Der Zauber der gl\u00e4nzenden Stiefel des Weihnachtsmanns: Ein Top-3-Ferien-E-Book f\u00fcr Kinder","override_description":true,"description":"Haben Sie genug von langweiligen Weihnachtsgeschichten? \u201eDie Magie von Santas gl\u00e4nzenden Stiefeln\u201c ist nicht einfach nur ein weiteres E-Book \u2013 es ist ein von Eltern empfohlenes Abenteuer, das die Schlafenszeit in eine festliche Schatzsuche verwandelt! Kinder sind fasziniert von Santas geheimnisvollen Stiefeln, w\u00e4hrend Eltern die versteckten Lektionen \u00fcber Gro\u00dfz\u00fcgigkeit und Probleml\u00f6sung lieben.","optional":true,"hide_thumbnail":false,"discount":"20","override_variations":false,"allowed_variations":[],"override_default_variation_attributes":false,"default_variation_attributes":[],"single_product_visibility":"visible","cart_visibility":"visible","order_visibility":"visible","single_product_price_visibility":"visible","cart_price_visibility":"visible","order_price_visibility":"visible","stock_status":"in_stock"},{"bundled_item_id":7,"product_id":6972,"menu_order":2,"quantity_min":1,"quantity_max":10,"quantity_default":1,"priced_individually":true,"shipped_individually":true,"override_title":true,"title":"Das Weihnachtsstern-Abenteuer von Twinkly Tinsel: 3 bezaubernde Lektionen, die Kinder lieben werden","override_description":true,"description":"Keine Lust mehr auf langweilige Abendrituale? \u201eTwinkly Tinsel&#039;s Christmas Star Adventure\u201c ist nicht nur eine Geschichte \u2013 es ist ein magisches 3-in-1-Weihnachtsset f\u00fcr Kinder! \ud83c\udf84\u2728","optional":true,"hide_thumbnail":false,"discount":"20","override_variations":false,"allowed_variations":[],"override_default_variation_attributes":false,"default_variation_attributes":[],"single_product_visibility":"visible","cart_visibility":"visible","order_visibility":"visible","single_product_price_visibility":"visible","cart_price_visibility":"visible","order_price_visibility":"visible","stock_status":"in_stock"},{"bundled_item_id":8,"product_id":7012,"menu_order":3,"quantity_min":1,"quantity_max":10,"quantity_default":1,"priced_individually":true,"shipped_individually":true,"override_title":true,"title":"Unglaublich, atemberaubend: 10 skurrile und wundervolle Geschichten f\u00fcr neugierige Kinder \u2013 ein E-Book.","override_description":true,"description":"Let\u2019s get real: If your child\u2019s tablet time isn\u2019t teaching bravery, creativity, or problem-solving, you\u2019re missing a massive opportunity.\r\n\r\nUnbelievable Mind-Blowing: 10 Weird &amp; Wonderful Stories for Inquisitive Kids isn\u2019t just an E-Book\u2014it\u2019s a parenting cheat code.","optional":true,"hide_thumbnail":false,"discount":"20","override_variations":false,"allowed_variations":[],"override_default_variation_attributes":false,"default_variation_attributes":[],"single_product_visibility":"visible","cart_visibility":"visible","order_visibility":"visible","single_product_price_visibility":"visible","cart_price_visibility":"visible","order_price_visibility":"visible","stock_status":"in_stock"},{"bundled_item_id":9,"product_id":6824,"menu_order":4,"quantity_min":1,"quantity_max":10,"quantity_default":1,"priced_individually":true,"shipped_individually":true,"override_title":true,"title":"Zaras zeitreisendes Tutu: Ein 3-in-1-Zeitreise-Comic-E-Book","override_description":true,"description":"Mal ehrlich: Wenn Ihr Kind beim Vorlesen abschweift oder nach mehr Bildschirmzeit bettelt, verpassen Sie etwas Wichtiges. Zaras \u2019Zeitreise-Tutu\u201c ist nicht einfach nur ein Kinder-E-Book \u2013 es ist ein 3-in-1-Comic-Abenteuer, dessen Erfolg klinisch erwiesen ist.","optional":true,"hide_thumbnail":false,"discount":"20","override_variations":false,"allowed_variations":[],"override_default_variation_attributes":false,"default_variation_attributes":[],"single_product_visibility":"visible","cart_visibility":"visible","order_visibility":"visible","single_product_price_visibility":"visible","cart_price_visibility":"visible","order_price_visibility":"visible","stock_status":"in_stock"}],"bundle_sell_ids":[],"group_of_quantity":0,"min_quantity":1,"max_quantity":"","exclude_order_quantity_value_rules":"no","exclude_category_quantity_rules":"no","combine_variations":"no","exclude_global_add_ons":[],"addons":[],"_links":{"self":[{"href":"https:\/\/dealpify.com\/de\/wp-json\/wp\/v2\/product\/10724","targetHints":{"allow":["GET"]}}],"collection":[{"href":"https:\/\/dealpify.com\/de\/wp-json\/wp\/v2\/product"}],"about":[{"href":"https:\/\/dealpify.com\/de\/wp-json\/wp\/v2\/types\/product"}],"replies":[{"embeddable":true,"href":"https:\/\/dealpify.com\/de\/wp-json\/wp\/v2\/comments?post=10724"}],"version-history":[{"count":15,"href":"https:\/\/dealpify.com\/de\/wp-json\/wp\/v2\/product\/10724\/revisions"}],"predecessor-version":[{"id":10735,"href":"https:\/\/dealpify.com\/de\/wp-json\/wp\/v2\/product\/10724\/revisions\/10735"}],"wp:featuredmedia":[{"embeddable":true,"href":"https:\/\/dealpify.com\/de\/wp-json\/wp\/v2\/media\/10729"}],"wp:attachment":[{"href":"https:\/\/dealpify.com\/de\/wp-json\/wp\/v2\/media?parent=10724"}],"wp:term":[{"taxonomy":"brand","embeddable":true,"href":"https:\/\/dealpify.com\/de\/wp-json\/wp\/v2\/etheme_brands?post=10724"},{"taxonomy":"product_brand","embeddable":true,"href":"https:\/\/dealpify.com\/de\/wp-json\/wp\/v2\/product_brand?post=10724"},{"taxonomy":"product_cat","embeddable":true,"href":"https:\/\/dealpify.com\/de\/wp-json\/wp\/v2\/product_cat?post=10724"},{"taxonomy":"product_tag","embeddable":true,"href":"https:\/\/dealpify.com\/de\/wp-json\/wp\/v2\/product_tag?post=10724"}],"curies":[{"name":"wp","href":"https:\/\/api.w.org\/{rel}","templated":true}]}}