{"id":10234,"date":"2025-04-02T16:18:51","date_gmt":"2025-04-02T08:18:51","guid":{"rendered":"https:\/\/dealpify.com\/affiliate-reset-password\/"},"modified":"2025-04-10T16:14:14","modified_gmt":"2025-04-10T08:14:14","slug":"affiliate-passwort-zurucksetzen","status":"publish","type":"page","link":"https:\/\/dealpify.com\/de\/affiliate-passwort-zurucksetzen\/","title":{"rendered":"Partner Passwort zur\u00fccksetzen"},"content":{"rendered":"<div data-elementor-type=\"wp-page\" data-elementor-id=\"10234\" class=\"elementor elementor-10234\">\n\t\t\t\t<div data-particle_enable=\"false\" data-particle-mobile-disabled=\"false\" class=\"elementor-element elementor-element-9a59e93 e-flex e-con-boxed e-con e-parent\" data-id=\"9a59e93\" data-element_type=\"container\" data-e-type=\"container\">\n\t\t\t\t\t<div class=\"e-con-inner\">\n\t\t\t\t<div class=\"elementor-element elementor-element-8ae6017 exad-sticky-section-no exad-glass-effect-no elementor-widget elementor-widget-spacer\" data-id=\"8ae6017\" data-element_type=\"widget\" data-e-type=\"widget\" data-widget_type=\"spacer.default\">\n\t\t\t\t<div class=\"elementor-widget-container\">\n\t\t\t\t\t\t\t<div class=\"elementor-spacer\">\n\t\t\t<div class=\"elementor-spacer-inner\"><\/div>\n\t\t<\/div>\n\t\t\t\t\t\t<\/div>\n\t\t\t\t<\/div>\n\t\t\t\t\t<\/div>\n\t\t\t\t<\/div>\n\t\t<div data-particle_enable=\"false\" data-particle-mobile-disabled=\"false\" class=\"elementor-element elementor-element-7e4df052 e-flex e-con-boxed e-con e-parent\" data-id=\"7e4df052\" data-element_type=\"container\" data-e-type=\"container\">\n\t\t\t\t\t<div class=\"e-con-inner\">\n\t\t\t\t<div class=\"elementor-element elementor-element-394e938e exad-sticky-section-no exad-glass-effect-no elementor-widget elementor-widget-text-editor\" data-id=\"394e938e\" data-element_type=\"widget\" data-e-type=\"widget\" data-widget_type=\"text-editor.default\">\n\t\t\t\t<div class=\"elementor-widget-container\">\n\t\t\t\t\t\t\t\t\t<p style=\"text-align: left;\"><span style=\"font-family: helvetica, arial, sans-serif;\">Bitte geben Sie unten Ihren Benutzernamen oder Ihre E-Mail-Adresse ein. Sie erhalten dann einen Link zur Best\u00e4tigung der Anfrage per E-Mail. Sie erhalten ein neu generiertes Passwort, das Sie sp\u00e4ter \u00fcber das Partnerportal \u00e4ndern k\u00f6nnen.<\/span><\/p><p style=\"text-align: left;\"><span style=\"font-family: helvetica, arial, sans-serif;\"><br \/><div class=\"uap-pass-form-wrap uap-login-template-5\">\n\t\t<form method=\"post\" action=\"\" >\n\t\t<input type=\"hidden\" name=\"uap_reset_password_nonce\" value=\"af166e3b13\" \/>\n\t\t<input name=\"uapaction\" type=\"hidden\" value=\"reset_pass\">\n\n\t\t\t\t<div class=\"uap-form-line-fr\">\n\t\t\t\t\t<span class=\"uap-form-label-fr uap-form-label-username\">Username or Email Address<\/span>\n\t\t\t\t  <input type=\"text\" value=\"\" name=\"email_or_userlogin\" class=\"uap-email-field\" placeholder=\"\" \/>\n\t\t\t<\/div>\n\t\t\t<div class=\"uap-form-line-fr uap-form-submit\">\n\t\t\t\t<input type=\"submit\" value=\"Reset Password\" name=\"Submit\" class=\"uap-reset-password-button\" \/>\n\t\t\t<\/div>\n\t\t\n\t<input type=\"hidden\" name=\"trp-form-language\" value=\"de\"\/><\/form>\n\n<\/div>\n<\/span><\/p>\t\t\t\t\t\t\t\t<\/div>\n\t\t\t\t<\/div>\n\t\t\t\t\t<\/div>\n\t\t\t\t<\/div>\n\t\t<div data-particle_enable=\"false\" data-particle-mobile-disabled=\"false\" class=\"elementor-element elementor-element-b5d281f e-flex e-con-boxed e-con e-parent\" data-id=\"b5d281f\" data-element_type=\"container\" data-e-type=\"container\">\n\t\t\t\t\t<div class=\"e-con-inner\">\n\t\t\t\t<div class=\"elementor-element elementor-element-7fabb51 exad-sticky-section-no exad-glass-effect-no elementor-widget elementor-widget-spacer\" data-id=\"7fabb51\" data-element_type=\"widget\" data-e-type=\"widget\" data-widget_type=\"spacer.default\">\n\t\t\t\t<div class=\"elementor-widget-container\">\n\t\t\t\t\t\t\t<div class=\"elementor-spacer\">\n\t\t\t<div class=\"elementor-spacer-inner\"><\/div>\n\t\t<\/div>\n\t\t\t\t\t\t<\/div>\n\t\t\t\t<\/div>\n\t\t\t\t\t<\/div>\n\t\t\t\t<\/div>\n\t\t<div data-particle_enable=\"false\" data-particle-mobile-disabled=\"false\" class=\"elementor-element elementor-element-9918146 e-flex e-con-boxed e-con e-parent\" data-id=\"9918146\" data-element_type=\"container\" data-e-type=\"container\">\n\t\t\t\t\t<div class=\"e-con-inner\">\n\t\t\t\t<div class=\"elementor-element elementor-element-63398d1 exad-sticky-section-no exad-glass-effect-no elementor-widget elementor-widget-image\" data-id=\"63398d1\" data-element_type=\"widget\" data-e-type=\"widget\" data-widget_type=\"image.default\">\n\t\t\t\t<div class=\"elementor-widget-container\">\n\t\t\t\t\t\t\t\t\t\t\t\t\t\t\t<img fetchpriority=\"high\" decoding=\"async\" width=\"1024\" height=\"230\" src=\"https:\/\/dealpify.com\/wp-content\/uploads\/2024\/09\/Deal-Page-Design-17-1024x230.png\" class=\"attachment-large size-large wp-image-5376\" alt=\"\" srcset=\"https:\/\/dealpify.com\/wp-content\/uploads\/2024\/09\/Deal-Page-Design-17-1024x230.png 1024w, https:\/\/dealpify.com\/wp-content\/uploads\/2024\/09\/Deal-Page-Design-17-300x67.png 300w, https:\/\/dealpify.com\/wp-content\/uploads\/2024\/09\/Deal-Page-Design-17-768x172.png 768w, https:\/\/dealpify.com\/wp-content\/uploads\/2024\/09\/Deal-Page-Design-17-1536x345.png 1536w, https:\/\/dealpify.com\/wp-content\/uploads\/2024\/09\/Deal-Page-Design-17-600x135.png 600w, https:\/\/dealpify.com\/wp-content\/uploads\/2024\/09\/Deal-Page-Design-17-1x1.png 1w, https:\/\/dealpify.com\/wp-content\/uploads\/2024\/09\/Deal-Page-Design-17-10x2.png 10w, https:\/\/dealpify.com\/wp-content\/uploads\/2024\/09\/Deal-Page-Design-17.png 1920w\" sizes=\"(max-width: 1024px) 100vw, 1024px\" loading=\"eager\" title=\"\">\t\t\t\t\t\t\t\t\t\t\t\t\t\t\t<\/div>\n\t\t\t\t<\/div>\n\t\t\t\t\t<\/div>\n\t\t\t\t<\/div>\n\t\t\t\t<\/div>","protected":false},"excerpt":{"rendered":"<p>Please enter your username or email address below. You will receive a link to confirm the request via email. A newly generated password will be&#8230;<\/p>","protected":false},"author":1,"featured_media":0,"parent":0,"menu_order":9,"comment_status":"closed","ping_status":"closed","template":"","meta":{"rs_blank_template":"","rs_page_bg_color":"","slide_template_v7":"","footnotes":""},"class_list":["post-10234","page","type-page","status-publish","hentry"],"_links":{"self":[{"href":"https:\/\/dealpify.com\/de\/wp-json\/wp\/v2\/pages\/10234","targetHints":{"allow":["GET"]}}],"collection":[{"href":"https:\/\/dealpify.com\/de\/wp-json\/wp\/v2\/pages"}],"about":[{"href":"https:\/\/dealpify.com\/de\/wp-json\/wp\/v2\/types\/page"}],"author":[{"embeddable":true,"href":"https:\/\/dealpify.com\/de\/wp-json\/wp\/v2\/users\/1"}],"replies":[{"embeddable":true,"href":"https:\/\/dealpify.com\/de\/wp-json\/wp\/v2\/comments?post=10234"}],"version-history":[{"count":31,"href":"https:\/\/dealpify.com\/de\/wp-json\/wp\/v2\/pages\/10234\/revisions"}],"predecessor-version":[{"id":10833,"href":"https:\/\/dealpify.com\/de\/wp-json\/wp\/v2\/pages\/10234\/revisions\/10833"}],"wp:attachment":[{"href":"https:\/\/dealpify.com\/de\/wp-json\/wp\/v2\/media?parent=10234"}],"curies":[{"name":"wp","href":"https:\/\/api.w.org\/{rel}","templated":true}]}}